{"id":3845,"date":"2024-03-26T09:35:58","date_gmt":"2024-03-26T09:35:58","guid":{"rendered":"https:\/\/teknomet.pl\/sveisesertifikater\/"},"modified":"2024-12-19T17:45:39","modified_gmt":"2024-12-19T17:45:39","slug":"sveisesertifikater","status":"publish","type":"page","link":"https:\/\/teknomet.pl\/no\/sveisesertifikater\/","title":{"rendered":"Sertifikater"},"content":{"rendered":"<div class=\"page-header page-header__big\">\n\t<div class=\"cover\">\n\t\t<img decoding=\"async\" src=\"https:\/\/teknomet.pl\/wp-content\/uploads\/2022\/04\/Teknomet-produkcja-kooperacja-4-1920x900.jpg\" alt=\"Sertifikater\">\n\t<\/div>\n\t\t<div class=\"text-container\">\n\t\t<h1>Sertifikater<\/h1>\n\t\t<p>I det kontinuerlige arbeidet med \u00e5 forbedre produksjonsprosessen i v\u00e5r bedrift f\u00e5r vi hjelp av sertifiseringsorganene <strong>T\u00dcV NORD<\/strong> og <strong>T\u00dcV TH\u00dcRINGEN.<\/strong><\/p>\n\t\t\t\t\t<a href=\"#\" class=\"scroll-down\">\n\t\t\t\t<img decoding=\"async\" src=\"https:\/\/teknomet.pl\/wp-content\/themes\/teknomet\/assets\/svg\/scroll-down.svg\" alt=\"Scroll down\">\n\t\t\t\t<span>Se detaljer <\/span>\n\t\t\t<\/a>\n\t\t\t<\/div>\n\t<\/div>\n<div class=\"breadcrumbs\">\n\t<div id=\"crumbs\"><a href=\"https:\/\/teknomet.pl\/no\/\">Hjemmeside<\/a> <span class=\"spacer\">|<\/span> <span class=\"current\">Side<\/span><\/div><\/div>\n\n\n<div class=\"wp-block-group certificates is-layout-grid wp-container-core-group-is-layout-9649a0d9 wp-block-group-is-layout-grid\">\n<h2 class=\"wp-block-heading has-black-color has-text-color has-link-color wp-elements-b12a711bfec9e5769399c547fdd733ad\">Sertifikater<\/h2>\n\n\n\n<div class=\"wp-block-group\"><div class=\"wp-block-group__inner-container is-layout-constrained wp-block-group-is-layout-constrained\">\n<div class=\"wp-block-buttons is-layout-flex wp-block-buttons-is-layout-flex\">\n<div class=\"wp-block-button\"><a class=\"wp-block-button__link wp-element-button\" href=\"https:\/\/teknomet.pl\/no\/sveisesertifikater\/sertifikat-iso-9001\/\">ISO 9001<\/a><\/div>\n<\/div>\n\n\n\n<figure class=\"wp-block-image size-full\"><img loading=\"lazy\" decoding=\"async\" width=\"730\" height=\"727\" src=\"https:\/\/teknomet.pl\/wp-content\/uploads\/2024\/12\/Zrzut-ekranu-2024-12-16-o-13.56.47-1.png\" alt=\"\" class=\"wp-image-4168\" srcset=\"https:\/\/teknomet.pl\/wp-content\/uploads\/2024\/12\/Zrzut-ekranu-2024-12-16-o-13.56.47-1.png 730w, https:\/\/teknomet.pl\/wp-content\/uploads\/2024\/12\/Zrzut-ekranu-2024-12-16-o-13.56.47-1-300x299.png 300w, https:\/\/teknomet.pl\/wp-content\/uploads\/2024\/12\/Zrzut-ekranu-2024-12-16-o-13.56.47-1-150x150.png 150w\" sizes=\"auto, (max-width: 730px) 100vw, 730px\" \/><\/figure>\n\n\n\n<p>ISO 9001<\/p>\n<\/div><\/div>\n\n\n\n<div class=\"wp-block-group\"><div class=\"wp-block-group__inner-container is-layout-constrained wp-block-group-is-layout-constrained\">\n<div class=\"wp-block-buttons is-layout-flex wp-block-buttons-is-layout-flex\">\n<div class=\"wp-block-button\"><a class=\"wp-block-button__link wp-element-button\" href=\"https:\/\/teknomet.pl\/no\/sveisesertifikater\/sertifikat-iso-3834\/\">ISO 3834<\/a><\/div>\n<\/div>\n\n\n\n<figure class=\"wp-block-image size-large\"><img loading=\"lazy\" decoding=\"async\" width=\"1024\" height=\"298\" src=\"https:\/\/teknomet.pl\/wp-content\/uploads\/2024\/11\/Znaczek-ISO_3834-2-Ver1_1492-2-1024x298.png\" alt=\"\" class=\"wp-image-3995\" srcset=\"https:\/\/teknomet.pl\/wp-content\/uploads\/2024\/11\/Znaczek-ISO_3834-2-Ver1_1492-2-1024x298.png 1024w, https:\/\/teknomet.pl\/wp-content\/uploads\/2024\/11\/Znaczek-ISO_3834-2-Ver1_1492-2-300x87.png 300w, https:\/\/teknomet.pl\/wp-content\/uploads\/2024\/11\/Znaczek-ISO_3834-2-Ver1_1492-2-768x223.png 768w, https:\/\/teknomet.pl\/wp-content\/uploads\/2024\/11\/Znaczek-ISO_3834-2-Ver1_1492-2-1536x447.png 1536w, https:\/\/teknomet.pl\/wp-content\/uploads\/2024\/11\/Znaczek-ISO_3834-2-Ver1_1492-2.png 1630w\" sizes=\"auto, (max-width: 1024px) 100vw, 1024px\" \/><\/figure>\n\n\n\n<p>ISO 3834<\/p>\n<\/div><\/div>\n\n\n\n<div class=\"wp-block-group wp-container-content-69bc4bdf\"><div class=\"wp-block-group__inner-container is-layout-constrained wp-block-group-is-layout-constrained\">\n<div class=\"wp-block-buttons is-layout-flex wp-block-buttons-is-layout-flex\">\n<div class=\"wp-block-button\"><a class=\"wp-block-button__link wp-element-button\" href=\"https:\/\/teknomet.pl\/no\/sveisesertifikater\/sertifikat-en-1090-1\/\">EN 1090-1<\/a><\/div>\n<\/div>\n\n\n\n<figure class=\"wp-block-image size-large\"><img loading=\"lazy\" decoding=\"async\" width=\"1024\" height=\"298\" src=\"https:\/\/teknomet.pl\/wp-content\/uploads\/2024\/11\/Znaczek-EN_1090-Ver1_1492-1-1024x298.png\" alt=\"\" class=\"wp-image-3987\" srcset=\"https:\/\/teknomet.pl\/wp-content\/uploads\/2024\/11\/Znaczek-EN_1090-Ver1_1492-1-1024x298.png 1024w, https:\/\/teknomet.pl\/wp-content\/uploads\/2024\/11\/Znaczek-EN_1090-Ver1_1492-1-300x87.png 300w, https:\/\/teknomet.pl\/wp-content\/uploads\/2024\/11\/Znaczek-EN_1090-Ver1_1492-1-768x223.png 768w, https:\/\/teknomet.pl\/wp-content\/uploads\/2024\/11\/Znaczek-EN_1090-Ver1_1492-1-1536x447.png 1536w, https:\/\/teknomet.pl\/wp-content\/uploads\/2024\/11\/Znaczek-EN_1090-Ver1_1492-1.png 1630w\" sizes=\"auto, (max-width: 1024px) 100vw, 1024px\" \/><\/figure>\n\n\n\n<p>EN 1090-1<\/p>\n<\/div><\/div>\n<\/div>\n\n\n\n<p><\/p>\n","protected":false},"excerpt":{"rendered":"<p>Sertifikater ISO 9001 ISO 3834 EN 1090-1<\/p>\n","protected":false},"author":4,"featured_media":0,"parent":0,"menu_order":0,"comment_status":"closed","ping_status":"closed","template":"","meta":{"_acf_changed":false,"_monsterinsights_skip_tracking":false,"_monsterinsights_sitenote_active":false,"_monsterinsights_sitenote_note":"","_monsterinsights_sitenote_category":0,"footnotes":"","_links_to":"","_links_to_target":""},"class_list":["post-3845","page","type-page","status-publish","hentry"],"acf":[],"aioseo_notices":[],"_links":{"self":[{"href":"https:\/\/teknomet.pl\/no\/wp-json\/wp\/v2\/pages\/3845","targetHints":{"allow":["GET"]}}],"collection":[{"href":"https:\/\/teknomet.pl\/no\/wp-json\/wp\/v2\/pages"}],"about":[{"href":"https:\/\/teknomet.pl\/no\/wp-json\/wp\/v2\/types\/page"}],"author":[{"embeddable":true,"href":"https:\/\/teknomet.pl\/no\/wp-json\/wp\/v2\/users\/4"}],"replies":[{"embeddable":true,"href":"https:\/\/teknomet.pl\/no\/wp-json\/wp\/v2\/comments?post=3845"}],"version-history":[{"count":19,"href":"https:\/\/teknomet.pl\/no\/wp-json\/wp\/v2\/pages\/3845\/revisions"}],"predecessor-version":[{"id":4366,"href":"https:\/\/teknomet.pl\/no\/wp-json\/wp\/v2\/pages\/3845\/revisions\/4366"}],"wp:attachment":[{"href":"https:\/\/teknomet.pl\/no\/wp-json\/wp\/v2\/media?parent=3845"}],"curies":[{"name":"wp","href":"https:\/\/api.w.org\/{rel}","templated":true}]}}