{"id":2766,"date":"2021-12-01T10:41:17","date_gmt":"2021-12-01T10:41:17","guid":{"rendered":"https:\/\/teknomet.pl\/zlec-produkcje\/"},"modified":"2022-05-09T07:50:35","modified_gmt":"2022-05-09T07:50:35","slug":"zlec-produkcje","status":"publish","type":"page","link":"https:\/\/teknomet.pl\/no\/zlec-produkcje\/","title":{"rendered":"BESTILL PRODUKSJON\u00a0"},"content":{"rendered":"<div class=\"page-header page-header__big\">\n\t<div class=\"cover\">\n\t\t<img decoding=\"async\" src=\"https:\/\/teknomet.pl\/wp-content\/uploads\/2021\/12\/teknomet.jpg\" alt=\"BESTILL PRODUKSJON \">\n\t<\/div>\n\t\t<div class=\"text-container\">\n\t\t<h1>BESTILL PRODUKSJON <\/h1>\n\t\t<p class=\"p1\">Vi har 20 \u00e5rs erfaring i produksjon av produkter og konstruksjoner i st\u00e5l.<\/p>\n\t\t\t\t\t<a href=\"#\" class=\"scroll-down\">\n\t\t\t\t<img decoding=\"async\" src=\"https:\/\/teknomet.pl\/wp-content\/themes\/teknomet\/assets\/svg\/scroll-down.svg\" alt=\"Scroll down\">\n\t\t\t\t<span>Se detaljer <\/span>\n\t\t\t<\/a>\n\t\t\t<\/div>\n\t<\/div>\n<div class=\"breadcrumbs\">\n\t<div id=\"crumbs\"><a href=\"https:\/\/teknomet.pl\/no\/\">Hjemmeside<\/a> <span class=\"spacer\">|<\/span> <span class=\"current\">Side<\/span><\/div><\/div>\n\n<div class=\"container\">\n\n\n<h2 class=\"has-black-color has-text-color has-medium-font-size wp-block-heading\">Vi ansetter erfarne konstrukt\u00f8rer og produksjonsarbeidere. I produksjonen baserer vi p\u00e5 r\u00e5varer av h\u00f8y kvalitet og moderne teknologier. Vi har en velutstyrt maskinpark.&nbsp;<\/h2>\n\n\n\n<h2 class=\"has-text-align-center has-black-color has-text-color wp-block-heading\">Bestill hos oss en produksjon av produkter og konstruksjoner i st\u00e5l!&nbsp;<\/h2>\n\n\n\n<p class=\"has-text-align-center has-red-color has-text-color\"><strong>Kontakt oss for \u00e5 f\u00e5 mer informasjon eller verdsettelse av en bestilling:&nbsp;<\/strong><\/p>\n\n\n\n<div class=\"wpcf7 no-js\" id=\"wpcf7-f3335-o1\" lang=\"pl-PL\" dir=\"ltr\" data-wpcf7-id=\"3335\">\n<div class=\"screen-reader-response\"><p role=\"status\" aria-live=\"polite\" aria-atomic=\"true\"><\/p> <ul><\/ul><\/div>\n<form action=\"\/no\/wp-json\/wp\/v2\/pages\/2766#wpcf7-f3335-o1\" method=\"post\" class=\"wpcf7-form init\" aria-label=\"Formularz kontaktowy\" novalidate=\"novalidate\" data-status=\"init\">\n<fieldset class=\"hidden-fields-container\"><input type=\"hidden\" name=\"_wpcf7\" value=\"3335\" \/><input type=\"hidden\" name=\"_wpcf7_version\" value=\"6.1.1\" \/><input type=\"hidden\" name=\"_wpcf7_locale\" value=\"pl_PL\" \/><input type=\"hidden\" name=\"_wpcf7_unit_tag\" value=\"wpcf7-f3335-o1\" \/><input type=\"hidden\" name=\"_wpcf7_container_post\" value=\"0\" \/><input type=\"hidden\" name=\"_wpcf7_posted_data_hash\" value=\"\" \/><input type=\"hidden\" name=\"_wpcf7_recaptcha_response\" value=\"\" \/>\n<\/fieldset>\n<h2> Kontaktskjema\n<\/h2>\n<div class=\"half-container\">\n\t<div>\n\t\t<p><label>Fornavn <\/label><span class=\"wpcf7-form-control-wrap\" data-name=\"your-name\"><input size=\"40\" maxlength=\"400\" class=\"wpcf7-form-control wpcf7-text wpcf7-validates-as-required\" aria-required=\"true\" aria-invalid=\"false\" value=\"\" type=\"text\" name=\"your-name\" \/><\/span>\n\t\t<\/p>\n\t<\/div>\n\t<div>\n\t\t<p><label>Etternavn<\/label><span class=\"wpcf7-form-control-wrap\" data-name=\"your-lastname\"><input size=\"40\" maxlength=\"400\" class=\"wpcf7-form-control wpcf7-text wpcf7-validates-as-required\" aria-required=\"true\" aria-invalid=\"false\" value=\"\" type=\"text\" name=\"your-lastname\" \/><\/span>\n\t\t<\/p>\n\t<\/div>\n\t<div>\n\t\t<p><label>Telefon<\/label><span class=\"wpcf7-form-control-wrap\" data-name=\"your-phone\"><input size=\"40\" maxlength=\"400\" class=\"wpcf7-form-control wpcf7-text wpcf7-validates-as-required\" aria-required=\"true\" aria-invalid=\"false\" value=\"\" type=\"text\" name=\"your-phone\" \/><\/span>\n\t\t<\/p>\n\t<\/div>\n\t<div>\n\t\t<p><label> E-post<\/label><span class=\"wpcf7-form-control-wrap\" data-name=\"your-email\"><input size=\"40\" maxlength=\"400\" class=\"wpcf7-form-control wpcf7-email wpcf7-validates-as-required wpcf7-text wpcf7-validates-as-email\" aria-required=\"true\" aria-invalid=\"false\" value=\"\" type=\"email\" name=\"your-email\" \/><\/span>\n\t\t<\/p>\n\t<\/div>\n<\/div>\n<p><label>Hvilke produkter er du interessert i?<\/label><span class=\"wpcf7-form-control-wrap\" data-name=\"your-message\"><textarea cols=\"40\" rows=\"10\" maxlength=\"2000\" class=\"wpcf7-form-control wpcf7-textarea\" aria-invalid=\"false\" name=\"your-message\"><\/textarea><\/span><br \/>\n<span class=\"wpcf7-form-control-wrap\" data-name=\"files\"><input size=\"40\" class=\"wpcf7-form-control wpcf7-drag-n-drop-file d-none\" aria-invalid=\"false\" type=\"file\" multiple=\"multiple\" data-name=\"files\" data-type=\"jpg|doc|pdf|eps|tiss|jpeg|png\" data-min=\"1\" data-max=\"10\" data-id=\"3335\" data-version=\"free version 1.3.9.1\" accept=\".jpg, .doc, .pdf, .eps, .tiss, .jpeg, .png\" \/><\/span><br \/>\n<label class=\"acceptance-wrapper\"><span class=\"wpcf7-form-control-wrap\" data-name=\"acceptance\"><span class=\"wpcf7-form-control wpcf7-acceptance\"><span class=\"wpcf7-list-item\"><input type=\"checkbox\" name=\"acceptance\" value=\"1\" aria-invalid=\"false\" \/><\/span><\/span><\/span> Administratoren av personopplysningene dine er TEKNOMET Sp. z o.o. Zak\u0142adowa 6, 43-440 Golesz\u00f3w, Polen. Personopplysningene vil behandles av administratoren hovedsakelig for \u00e5 besvare en henvendelse om tjenester. Det rettslige grunnlaget for en slik databehandling er art. 6 lov 1 bokstav b av GDPR som tillater behandling av personopplysninger hvis det er n\u00f8dvendig for \u00e5 gjennomf\u00f8re kontrakten eller ta skritt for \u00e5 inng\u00e5 en kontrakt. Mer informasjon om behandling av personopplysninger av administratoren finner du i personvernerkl\u00e6ringen. <\/label>\n<\/p>\n<div class=\"required-info\">\n\t<p>* Alle feltene m\u00e5 fylles ut\n\t<\/p>\n<\/div>\n<p><input class=\"wpcf7-form-control wpcf7-submit has-spinner\" type=\"submit\" value=\"Send\" \/>\n<\/p><div class=\"wpcf7-response-output\" aria-hidden=\"true\"><\/div>\n<\/form>\n<\/div>\n\n\n\n<\/div>\n\n\n<script>\ndocument.addEventListener( 'wpcf7mailsent', function( event ) {\n  location = '\/no\/zlec-produkcje\/dziekujemy\/';\n}, false );\n<\/script>\n","protected":false},"excerpt":{"rendered":"<p>Vi ansetter erfarne konstrukt\u00f8rer og produksjonsarbeidere. I produksjonen baserer vi p\u00e5 r\u00e5varer av h\u00f8y kvalitet og moderne teknologier. Vi har en velutstyrt maskinpark.&nbsp; Bestill hos oss en produksjon av produkter og konstruksjoner i st\u00e5l!&nbsp; Kontakt oss for \u00e5 f\u00e5 mer informasjon eller verdsettelse av en bestilling:&nbsp;<\/p>\n","protected":false},"author":1,"featured_media":0,"parent":0,"menu_order":9,"comment_status":"closed","ping_status":"closed","template":"","meta":{"_acf_changed":false,"_monsterinsights_skip_tracking":false,"_monsterinsights_sitenote_active":false,"_monsterinsights_sitenote_note":"","_monsterinsights_sitenote_category":0,"footnotes":"","_links_to":"","_links_to_target":""},"class_list":["post-2766","page","type-page","status-publish","hentry"],"acf":[],"aioseo_notices":[],"_links":{"self":[{"href":"https:\/\/teknomet.pl\/no\/wp-json\/wp\/v2\/pages\/2766","targetHints":{"allow":["GET"]}}],"collection":[{"href":"https:\/\/teknomet.pl\/no\/wp-json\/wp\/v2\/pages"}],"about":[{"href":"https:\/\/teknomet.pl\/no\/wp-json\/wp\/v2\/types\/page"}],"author":[{"embeddable":true,"href":"https:\/\/teknomet.pl\/no\/wp-json\/wp\/v2\/users\/1"}],"replies":[{"embeddable":true,"href":"https:\/\/teknomet.pl\/no\/wp-json\/wp\/v2\/comments?post=2766"}],"version-history":[{"count":5,"href":"https:\/\/teknomet.pl\/no\/wp-json\/wp\/v2\/pages\/2766\/revisions"}],"predecessor-version":[{"id":3351,"href":"https:\/\/teknomet.pl\/no\/wp-json\/wp\/v2\/pages\/2766\/revisions\/3351"}],"wp:attachment":[{"href":"https:\/\/teknomet.pl\/no\/wp-json\/wp\/v2\/media?parent=2766"}],"curies":[{"name":"wp","href":"https:\/\/api.w.org\/{rel}","templated":true}]}}