{"id":2756,"date":"2021-12-11T08:29:08","date_gmt":"2021-12-11T08:29:08","guid":{"rendered":"https:\/\/teknomet.pl\/firma\/historia\/"},"modified":"2022-05-09T07:48:50","modified_gmt":"2022-05-09T07:48:50","slug":"historia","status":"publish","type":"page","link":"https:\/\/teknomet.pl\/no\/firma\/historia\/","title":{"rendered":"HISTORIE"},"content":{"rendered":"<div class=\"page-header page-header__big\">\n\t<div class=\"cover\">\n\t\t<img decoding=\"async\" src=\"https:\/\/teknomet.pl\/wp-content\/uploads\/2022\/03\/Teknomet-produkcja-kooperacja-2-1920x900.jpg\" alt=\"HISTORIE\">\n\t<\/div>\n\t\t<video>\n\t\t<source src=\"https:\/\/teknomet.pl\/wp-content\/uploads\/2022\/01\/Historia.mp4\">\n\t<\/video>\n\t\t<div class=\"text-container\">\n\t\t<h1>HISTORIE<\/h1>\n\t\t<p>Historien til v\u00e5rt firma dekker nesten 20 \u00e5rs drift!<\/p>\n\t\t\t\t\t<a href=\"#\" class=\"scroll-down\">\n\t\t\t\t<img decoding=\"async\" src=\"https:\/\/teknomet.pl\/wp-content\/themes\/teknomet\/assets\/svg\/scroll-down.svg\" alt=\"Scroll down\">\n\t\t\t\t<span>Se detaljer <\/span>\n\t\t\t<\/a>\n\t\t\t<\/div>\n\t\t\t<div class=\"play-container\">\n\t\t\t<a href=\"#\" class=\"play-movie\">\n\t\t\t\t<img decoding=\"async\" src=\"https:\/\/teknomet.pl\/wp-content\/themes\/teknomet\/assets\/svg\/play.svg\" alt=\"Play\">\n\t\t\t\t<span>Se videoen<\/span>\n\t\t\t\t\n\t\t\t<\/a>\n\t\t\t<a href=\"#\" class=\"pause-movie\">\n\t\t\t\t<img decoding=\"async\" src=\"https:\/\/teknomet.pl\/wp-content\/themes\/teknomet\/assets\/svg\/pause.svg\" alt=\"Play\">\n\t\t\t\t\n\t\t\t<\/a>\n\t\t<\/div>\n\t<\/div>\n<div class=\"breadcrumbs\">\n\t<div id=\"crumbs\"><a href=\"https:\/\/teknomet.pl\/no\/\">Hjemmeside<\/a> <span class=\"spacer\">|<\/span> <span class=\"current\">Side<\/span><\/div><\/div>\n\n<div class=\"container\">\n\n\n<ul class=\"wp-block-list\"><li><strong>2003.09<\/strong><br>Kontakt med et skandinavisk firma som selger systemer for pakking av ved<\/li><li><strong>2004.07<\/strong><br>Registrering av firmaet \u201ePol-Drew-kom\u201d Piotr Pilch.<\/li><li><strong>2004.12<\/strong><br>F\u00f8rste eksport av \u00abCombi\u00bb- og \u00abEuro\u00bb-stativer<\/li><li><strong>2005.01<\/strong><br>Oppstart av produksjon i Wis\u0142a Malinka<\/li><li><strong>2006.10<\/strong><br>Utbygging av produksjons- og kontorlokaler etter tidligere snekkeri. Totalt produksjonsomr\u00e5de p\u00e5<br>1 250 m2<\/li><li><strong>2009.01<\/strong><br>Endring av firmaets navn til aksje selskap \u201eTeknomet\u201d Piotr Pilch<\/li><li><strong>2010.12<\/strong><br>Kj\u00f8p av industritomt p\u00e5 30 000 m2 i Golesz\u00f3w n\u00e6r Cieszyn, p\u00e5 omr\u00e5det av den tidligere sementfabrikken, for bygging av en ny produksjonshall<\/li><li><strong>2011.06<\/strong><br>Transformasjon av firmaet til \u201eTeknomet sp\u00f3\u0142ka Sp. z o.o.<\/li><li><strong>2012.11<\/strong><br>\u00c5pning av et nytt anlegg med et samlet areal p\u00e5 3 000 m2. Produksjonshall med sosial- og kontorlokaler<\/li><li><strong>2013.04<\/strong><br>Igangsettelse av anlegg for spraying<\/li><li><strong>2013.12<\/strong><br>Kj\u00f8p av kantpresse, skj\u00e6remaskin for blikk, automatisk b\u00e5ndsag, b\u00f8yemaskin for 3D &#8211; b\u00f8ying av tr\u00e5d, b\u00f8yemaskin for 3D &#8211; b\u00f8ying av r\u00f8r medfinansiert fra EU-midler.<\/li><li><strong>2015.09<\/strong><br>Bygging av hall og lager med et areal p\u00e5 1 400 m2<\/li><li><strong>2016.03<\/strong><br>Igangsettelse av v\u00e5tlakkeringsanlegg<\/li><li><strong>2017.05<\/strong><br>Igangsettelse av emaljeringsverksted<\/li><li><strong>2018.02<\/strong><br>Igangsettelse av en automatisk linje for elektropolering<\/li><li><strong>2018.05<\/strong><br>Kj\u00f8p av et tilleggstomt, firmaets totale areal blir 36 800 m2<\/li><li><strong>2019.01<\/strong><br>Igangsettelse av pulverlakkeringsanlegg med et areal p\u00e5 680 m2 (to uavhengige linjer)<\/li><\/ul>\n\n\n\n<figure class=\"wp-block-gallery has-nested-images columns-default is-cropped wp-block-gallery-1 is-layout-flex wp-block-gallery-is-layout-flex\">\n<figure class=\"wp-block-image size-large\"><img loading=\"lazy\" decoding=\"async\" width=\"1024\" height=\"742\" data-id=\"2987\" src=\"https:\/\/teknomet.pl\/wp-content\/uploads\/2022\/04\/2005-1024x742.jpg\" alt=\"\" class=\"wp-image-2987\" srcset=\"https:\/\/teknomet.pl\/wp-content\/uploads\/2022\/04\/2005-1024x742.jpg 1024w, https:\/\/teknomet.pl\/wp-content\/uploads\/2022\/04\/2005-300x218.jpg 300w, https:\/\/teknomet.pl\/wp-content\/uploads\/2022\/04\/2005-768x557.jpg 768w, https:\/\/teknomet.pl\/wp-content\/uploads\/2022\/04\/2005-1536x1114.jpg 1536w, https:\/\/teknomet.pl\/wp-content\/uploads\/2022\/04\/2005.jpg 1920w\" sizes=\"auto, (max-width: 1024px) 100vw, 1024px\" \/><figcaption>Rok 2005<\/figcaption><\/figure>\n\n\n\n<figure class=\"wp-block-image size-large\"><img loading=\"lazy\" decoding=\"async\" width=\"1024\" height=\"828\" data-id=\"2991\" src=\"https:\/\/teknomet.pl\/wp-content\/uploads\/2022\/04\/2006-1024x828.jpg\" alt=\"\" class=\"wp-image-2991\" srcset=\"https:\/\/teknomet.pl\/wp-content\/uploads\/2022\/04\/2006-1024x828.jpg 1024w, https:\/\/teknomet.pl\/wp-content\/uploads\/2022\/04\/2006-300x243.jpg 300w, https:\/\/teknomet.pl\/wp-content\/uploads\/2022\/04\/2006-768x621.jpg 768w, https:\/\/teknomet.pl\/wp-content\/uploads\/2022\/04\/2006-1536x1242.jpg 1536w, https:\/\/teknomet.pl\/wp-content\/uploads\/2022\/04\/2006.jpg 1920w\" sizes=\"auto, (max-width: 1024px) 100vw, 1024px\" \/><figcaption>Rok 2006<\/figcaption><\/figure>\n<\/figure>\n\n\n\n<figure class=\"wp-block-gallery has-nested-images columns-default is-cropped wp-block-gallery-2 is-layout-flex wp-block-gallery-is-layout-flex\">\n<figure class=\"wp-block-image size-large\"><img loading=\"lazy\" decoding=\"async\" width=\"1024\" height=\"395\" data-id=\"3054\" src=\"https:\/\/teknomet.pl\/wp-content\/uploads\/2022\/04\/2010-3-1024x395.jpg\" alt=\"\" class=\"wp-image-3054\" srcset=\"https:\/\/teknomet.pl\/wp-content\/uploads\/2022\/04\/2010-3-1024x395.jpg 1024w, https:\/\/teknomet.pl\/wp-content\/uploads\/2022\/04\/2010-3-300x116.jpg 300w, https:\/\/teknomet.pl\/wp-content\/uploads\/2022\/04\/2010-3-768x296.jpg 768w, https:\/\/teknomet.pl\/wp-content\/uploads\/2022\/04\/2010-3-1536x592.jpg 1536w, https:\/\/teknomet.pl\/wp-content\/uploads\/2022\/04\/2010-3.jpg 2048w\" sizes=\"auto, (max-width: 1024px) 100vw, 1024px\" \/><figcaption>Rok 2010<\/figcaption><\/figure>\n<\/figure>\n\n\n\n<figure class=\"wp-block-gallery has-nested-images columns-default is-cropped wp-block-gallery-3 is-layout-flex wp-block-gallery-is-layout-flex\">\n<figure class=\"wp-block-image size-large\"><img loading=\"lazy\" decoding=\"async\" width=\"960\" height=\"335\" data-id=\"3059\" src=\"https:\/\/teknomet.pl\/wp-content\/uploads\/2022\/04\/2011-4.jpg\" alt=\"\" class=\"wp-image-3059\" srcset=\"https:\/\/teknomet.pl\/wp-content\/uploads\/2022\/04\/2011-4.jpg 960w, https:\/\/teknomet.pl\/wp-content\/uploads\/2022\/04\/2011-4-300x105.jpg 300w, https:\/\/teknomet.pl\/wp-content\/uploads\/2022\/04\/2011-4-768x268.jpg 768w\" sizes=\"auto, (max-width: 960px) 100vw, 960px\" \/><figcaption>Rok 2011<\/figcaption><\/figure>\n<\/figure>\n\n\n\n<figure class=\"wp-block-gallery has-nested-images columns-default is-cropped wp-block-gallery-4 is-layout-flex wp-block-gallery-is-layout-flex\">\n<figure class=\"wp-block-image size-large\"><img loading=\"lazy\" decoding=\"async\" width=\"1024\" height=\"286\" data-id=\"3063\" src=\"https:\/\/teknomet.pl\/wp-content\/uploads\/2022\/04\/2012-2-1024x286.jpg\" alt=\"\" class=\"wp-image-3063\" srcset=\"https:\/\/teknomet.pl\/wp-content\/uploads\/2022\/04\/2012-2-1024x286.jpg 1024w, https:\/\/teknomet.pl\/wp-content\/uploads\/2022\/04\/2012-2-300x84.jpg 300w, https:\/\/teknomet.pl\/wp-content\/uploads\/2022\/04\/2012-2-768x215.jpg 768w, https:\/\/teknomet.pl\/wp-content\/uploads\/2022\/04\/2012-2-1536x429.jpg 1536w, https:\/\/teknomet.pl\/wp-content\/uploads\/2022\/04\/2012-2.jpg 2048w\" sizes=\"auto, (max-width: 1024px) 100vw, 1024px\" \/><figcaption>Rok 2012<\/figcaption><\/figure>\n<\/figure>\n\n\n\n<figure class=\"wp-block-gallery has-nested-images columns-default is-cropped wp-block-gallery-5 is-layout-flex wp-block-gallery-is-layout-flex\">\n<figure class=\"wp-block-image size-large\"><img loading=\"lazy\" decoding=\"async\" width=\"1024\" height=\"682\" data-id=\"3067\" src=\"https:\/\/teknomet.pl\/wp-content\/uploads\/2022\/04\/Gotowe-2012-2-1024x682.jpg\" alt=\"\" class=\"wp-image-3067\" srcset=\"https:\/\/teknomet.pl\/wp-content\/uploads\/2022\/04\/Gotowe-2012-2-1024x682.jpg 1024w, https:\/\/teknomet.pl\/wp-content\/uploads\/2022\/04\/Gotowe-2012-2-300x200.jpg 300w, https:\/\/teknomet.pl\/wp-content\/uploads\/2022\/04\/Gotowe-2012-2-768x511.jpg 768w, https:\/\/teknomet.pl\/wp-content\/uploads\/2022\/04\/Gotowe-2012-2-1536x1022.jpg 1536w, https:\/\/teknomet.pl\/wp-content\/uploads\/2022\/04\/Gotowe-2012-2.jpg 2048w\" sizes=\"auto, (max-width: 1024px) 100vw, 1024px\" \/><figcaption>Rok 2012<\/figcaption><\/figure>\n<\/figure>\n\n\n\n<figure class=\"wp-block-gallery has-nested-images columns-default is-cropped wp-block-gallery-6 is-layout-flex wp-block-gallery-is-layout-flex\">\n<figure class=\"wp-block-image size-large\"><img loading=\"lazy\" decoding=\"async\" width=\"1024\" height=\"767\" data-id=\"3071\" src=\"https:\/\/teknomet.pl\/wp-content\/uploads\/2022\/04\/Teknomet-produkcja-kooperacja-1-2-1024x767.jpg\" alt=\"\" class=\"wp-image-3071\" srcset=\"https:\/\/teknomet.pl\/wp-content\/uploads\/2022\/04\/Teknomet-produkcja-kooperacja-1-2-1024x767.jpg 1024w, https:\/\/teknomet.pl\/wp-content\/uploads\/2022\/04\/Teknomet-produkcja-kooperacja-1-2-300x225.jpg 300w, https:\/\/teknomet.pl\/wp-content\/uploads\/2022\/04\/Teknomet-produkcja-kooperacja-1-2-768x576.jpg 768w, https:\/\/teknomet.pl\/wp-content\/uploads\/2022\/04\/Teknomet-produkcja-kooperacja-1-2-1536x1151.jpg 1536w, https:\/\/teknomet.pl\/wp-content\/uploads\/2022\/04\/Teknomet-produkcja-kooperacja-1-2.jpg 1920w\" sizes=\"auto, (max-width: 1024px) 100vw, 1024px\" \/><figcaption>Rok 2022<\/figcaption><\/figure>\n<\/figure>\n\n\n\n<p><\/p>\n\n\n\n<p><\/p>\n\n\n\n<p><\/p>\n\n\n\n<p><\/p>\n\n\n\n<p><\/p>\n\n\n\n<p><\/p>\n\n\n<\/div>\n\n<a class=\"button-container\" href=\"https:\/\/teknomet.pl\/no\/zlec-produkcje\/\">\n\t<span data-aos=\"zoom-in\">\u00d8nsker du \u00e5 sp\u00f8rre om prisen eller vil du legge inn en bestilling? Kontakt oss!<\/span>\n<\/a>\n\n\n<p><\/p>\n\n\n\n<p><\/p>\n\n\n<div class=\"icons\">\n\t<h2 class=\"title\" data-aos=\"fade-up\">12 gode grunner til \u00e5 <span>samarbeide med oss<\/span><\/h2>\n\t<div class=\"icons__container\">\n\t\t\t\t\t<article data-aos=\"fade-down\">\n\t\t\t\t<img decoding=\"async\" src=\"https:\/\/teknomet.pl\/wp-content\/uploads\/2021\/12\/01.png\" alt=\"Egen konstruksjonsavdeling\">\n\t\t\t\t<h4>Egen konstruksjonsavdeling<\/h4>\n\t\t\t<\/article>\n\t\t\t\t\t<article data-aos=\"fade-down\">\n\t\t\t\t<img decoding=\"async\" src=\"https:\/\/teknomet.pl\/wp-content\/uploads\/2021\/12\/04.png\" alt=\"Prototyping av produkter\">\n\t\t\t\t<h4>Prototyping av produkter<\/h4>\n\t\t\t<\/article>\n\t\t\t\t\t<article data-aos=\"fade-down\">\n\t\t\t\t<img decoding=\"async\" src=\"https:\/\/teknomet.pl\/wp-content\/uploads\/2021\/12\/05.png\" alt=\"Kompleks produksjon\">\n\t\t\t\t<h4>Kompleks produksjon<\/h4>\n\t\t\t<\/article>\n\t\t\t\t\t<article data-aos=\"fade-down\">\n\t\t\t\t<img decoding=\"async\" src=\"https:\/\/teknomet.pl\/wp-content\/uploads\/2021\/12\/02.png\" alt=\"20 \u00e5rs erfaring\">\n\t\t\t\t<h4>20 \u00e5rs erfaring<\/h4>\n\t\t\t<\/article>\n\t\t\t\t\t<article data-aos=\"fade-down\">\n\t\t\t\t<img decoding=\"async\" src=\"https:\/\/teknomet.pl\/wp-content\/uploads\/2021\/12\/08.png\" alt=\"Sm\u00e5 og store produksjonsserier (fra 1 stykke)\">\n\t\t\t\t<h4>Sm\u00e5 og store produksjonsserier (fra 1 stykke)<\/h4>\n\t\t\t<\/article>\n\t\t\t\t\t<article data-aos=\"fade-down\">\n\t\t\t\t<img decoding=\"async\" src=\"https:\/\/teknomet.pl\/wp-content\/uploads\/2021\/12\/06.png\" alt=\"Nesten 5000m2 av varmisolerte produksjonshaller\">\n\t\t\t\t<h4>Nesten 5000m2 av varmisolerte produksjonshaller<\/h4>\n\t\t\t<\/article>\n\t\t\t\t\t<article data-aos=\"fade-down\">\n\t\t\t\t<img decoding=\"async\" src=\"https:\/\/teknomet.pl\/wp-content\/uploads\/2021\/12\/12.png\" alt=\"Egne lagerhaller\">\n\t\t\t\t<h4>Egne lagerhaller<\/h4>\n\t\t\t<\/article>\n\t\t\t\t\t<article data-aos=\"fade-down\">\n\t\t\t\t<img decoding=\"async\" src=\"https:\/\/teknomet.pl\/wp-content\/uploads\/2021\/12\/03.png\" alt=\"Moderne maskinpark for st\u00e5lbearbeiding\">\n\t\t\t\t<h4>Moderne maskinpark for st\u00e5lbearbeiding<\/h4>\n\t\t\t<\/article>\n\t\t\t\t\t<article data-aos=\"fade-down\">\n\t\t\t\t<img decoding=\"async\" src=\"https:\/\/teknomet.pl\/wp-content\/uploads\/2021\/12\/11.png\" alt=\"Gunstige produksjonspriser\">\n\t\t\t\t<h4>Gunstige produksjonspriser<\/h4>\n\t\t\t<\/article>\n\t\t\t\t\t<article data-aos=\"fade-down\">\n\t\t\t\t<img decoding=\"async\" src=\"https:\/\/teknomet.pl\/wp-content\/uploads\/2021\/12\/10.png\" alt=\"Polsk produksjon\">\n\t\t\t\t<h4>Polsk produksjon<\/h4>\n\t\t\t<\/article>\n\t\t\t\t\t<article data-aos=\"fade-down\">\n\t\t\t\t<img decoding=\"async\" src=\"https:\/\/teknomet.pl\/wp-content\/uploads\/2021\/12\/09.png\" alt=\"135 spesialister som s\u00f8rger for rettidig gjennomf\u00f8ring av hver bestilling\">\n\t\t\t\t<h4>135 spesialister som s\u00f8rger for rettidig gjennomf\u00f8ring av hver bestilling<\/h4>\n\t\t\t<\/article>\n\t\t\t\t\t<article data-aos=\"fade-down\">\n\t\t\t\t<img decoding=\"async\" src=\"https:\/\/teknomet.pl\/wp-content\/uploads\/2021\/12\/07.png\" alt=\"Levering til alle land i Europa og verden\">\n\t\t\t\t<h4>Levering til alle land i Europa og verden<\/h4>\n\t\t\t<\/article>\n\t\t\t<\/div>\n\t\t\t<div class=\"icons-button\">\n\t\t\t\t\t\t\t<a href=\"https:\/\/teknomet.pl\/no\/jakosc\/park-maszynowy\/\" class=\"more\">Kjenn kvaliteten v\u00e5r <\/a>\n\t\t\t\t\t\t\t<a href=\"https:\/\/teknomet.pl\/no\/firma\/rozwoj\/\" class=\"more\">Kjenn firmaet v\u00e5rt<\/a>\n\t\t\t\t\t<\/div>\n\t<\/div>","protected":false},"excerpt":{"rendered":"<p>2003.09Kontakt med et skandinavisk firma som selger systemer for pakking av ved 2004.07Registrering av firmaet \u201ePol-Drew-kom\u201d Piotr Pilch. 2004.12F\u00f8rste eksport av \u00abCombi\u00bb- og \u00abEuro\u00bb-stativer 2005.01Oppstart av produksjon i Wis\u0142a Malinka 2006.10Utbygging av produksjons- og kontorlokaler etter tidligere snekkeri. Totalt produksjonsomr\u00e5de p\u00e51 250 m2 2009.01Endring av firmaets navn til aksje selskap \u201eTeknomet\u201d Piotr Pilch 2010.12Kj\u00f8p av [&hellip;]<\/p>\n","protected":false},"author":1,"featured_media":0,"parent":2752,"menu_order":2,"comment_status":"closed","ping_status":"closed","template":"","meta":{"_acf_changed":false,"_monsterinsights_skip_tracking":false,"_monsterinsights_sitenote_active":false,"_monsterinsights_sitenote_note":"","_monsterinsights_sitenote_category":0,"footnotes":"","_links_to":"","_links_to_target":""},"class_list":["post-2756","page","type-page","status-publish","hentry"],"acf":[],"aioseo_notices":[],"_links":{"self":[{"href":"https:\/\/teknomet.pl\/no\/wp-json\/wp\/v2\/pages\/2756","targetHints":{"allow":["GET"]}}],"collection":[{"href":"https:\/\/teknomet.pl\/no\/wp-json\/wp\/v2\/pages"}],"about":[{"href":"https:\/\/teknomet.pl\/no\/wp-json\/wp\/v2\/types\/page"}],"author":[{"embeddable":true,"href":"https:\/\/teknomet.pl\/no\/wp-json\/wp\/v2\/users\/1"}],"replies":[{"embeddable":true,"href":"https:\/\/teknomet.pl\/no\/wp-json\/wp\/v2\/comments?post=2756"}],"version-history":[{"count":16,"href":"https:\/\/teknomet.pl\/no\/wp-json\/wp\/v2\/pages\/2756\/revisions"}],"predecessor-version":[{"id":3349,"href":"https:\/\/teknomet.pl\/no\/wp-json\/wp\/v2\/pages\/2756\/revisions\/3349"}],"up":[{"embeddable":true,"href":"https:\/\/teknomet.pl\/no\/wp-json\/wp\/v2\/pages\/2752"}],"wp:attachment":[{"href":"https:\/\/teknomet.pl\/no\/wp-json\/wp\/v2\/media?parent=2756"}],"curies":[{"name":"wp","href":"https:\/\/api.w.org\/{rel}","templated":true}]}}