{"id":2740,"date":"2021-12-11T08:33:53","date_gmt":"2021-12-11T08:33:53","guid":{"rendered":"https:\/\/teknomet.pl\/uslugi\/obrobka-stali-plastyczna-ubytkowa-oraz-spawanie\/"},"modified":"2023-09-22T12:12:19","modified_gmt":"2023-09-22T12:12:19","slug":"obrobka-stali-plastyczna-ubytkowa-oraz-spawanie","status":"publish","type":"page","link":"https:\/\/teknomet.pl\/no\/uslugi\/obrobka-stali-plastyczna-ubytkowa-oraz-spawanie\/","title":{"rendered":"ST\u00c5LBEARBEIDING: FORMING, MASKINERING OG SVEISING"},"content":{"rendered":"<div class=\"page-header page-header__big\">\n\t<div class=\"cover\">\n\t\t<img decoding=\"async\" src=\"https:\/\/teknomet.pl\/wp-content\/uploads\/2022\/03\/gietarka-do-rur-2-1920x900.jpg\" alt=\"ST\u00c5LBEARBEIDING: FORMING, MASKINERING OG SVEISING\">\n\t<\/div>\n\t\t<video>\n\t\t<source src=\"https:\/\/teknomet.pl\/wp-content\/uploads\/2022\/03\/Obrobka-Plastyczna.mp4\">\n\t<\/video>\n\t\t<div class=\"text-container\">\n\t\t<h1>ST\u00c5LBEARBEIDING: FORMING, MASKINERING OG SVEISING<\/h1>\n\t\t<p class=\"p1\">Takket v\u00e6re v\u00e5r maskinpark for st\u00e5lbearbeiding kan prosjektparametere beholdes perfekt og det oppn\u00e5s h\u00f8y n\u00f8yaktighet og gjentagelse i produksjonen.<\/p>\n\t\t\t\t\t<a href=\"#\" class=\"scroll-down\">\n\t\t\t\t<img decoding=\"async\" src=\"https:\/\/teknomet.pl\/wp-content\/themes\/teknomet\/assets\/svg\/scroll-down.svg\" alt=\"Scroll down\">\n\t\t\t\t<span>Se detaljer <\/span>\n\t\t\t<\/a>\n\t\t\t<\/div>\n\t\t\t<div class=\"play-container\">\n\t\t\t<a href=\"#\" class=\"play-movie\">\n\t\t\t\t<img decoding=\"async\" src=\"https:\/\/teknomet.pl\/wp-content\/themes\/teknomet\/assets\/svg\/play.svg\" alt=\"Play\">\n\t\t\t\t<span>Se videoen<\/span>\n\t\t\t\t\n\t\t\t<\/a>\n\t\t\t<a href=\"#\" class=\"pause-movie\">\n\t\t\t\t<img decoding=\"async\" src=\"https:\/\/teknomet.pl\/wp-content\/themes\/teknomet\/assets\/svg\/pause.svg\" alt=\"Play\">\n\t\t\t\t\n\t\t\t<\/a>\n\t\t<\/div>\n\t<\/div>\n<div class=\"breadcrumbs\">\n\t<div id=\"crumbs\"><a href=\"https:\/\/teknomet.pl\/no\/\">Hjemmeside<\/a> <span class=\"spacer\">|<\/span> <span class=\"current\">Side<\/span><\/div><\/div>\n\n<div class=\"container\">\n\n\n<h2 class=\"wp-block-heading\" id=\"obrobka-plastyczna-stali\"><strong>Forming av st\u00e5l<\/strong><\/h2>\n\n\n\n<p>Vi driver med forming av st\u00e5l (bearbeiding av plater, profiler, tr\u00e5d og sprinkler) ved \u00e5 bruke presis PHY75 CNC &#8211; kantpresse fra det anerkjente italienske firmaet Vimercati, tre rullers valsemaskin, VARO PTE-3D CNC &#8211; b\u00f8yemaskin for 3D &#8211; b\u00f8ying av tr\u00e5d og Shuz tung CNC 50BR2 &#8211; b\u00f8yemaskin for 3D &#8211; b\u00f8ying av r\u00f8r og profiler som st\u00f8ttes av en tre rullers b\u00f8yemaskin for 2D &#8211; b\u00f8ying.<br><br>Ved bruk av Mille Miglia DS70 \u2013 maskin for innsnevring av r\u00f8r gjennomf\u00f8rer vi etterbehandling av r\u00f8r.<br><br>Vi har 2 hydrauliske presser: en liten 40 tonns presse og en stor 240 tonns produksjonspresse. Vi gjennomf\u00f8rer ogs\u00e5 bestillinger ved bruk av 4 eksentriske presser: fra 25 til 40 tonn.<\/p>\n\n\n\n<figure class=\"wp-block-gallery has-nested-images columns-default is-cropped wp-block-gallery-1 is-layout-flex wp-block-gallery-is-layout-flex\">\n<figure class=\"wp-block-image size-large\"><img loading=\"lazy\" decoding=\"async\" width=\"1024\" height=\"683\" data-id=\"2248\" src=\"http:\/\/teknomet.pl\/wp-content\/uploads\/2022\/04\/gietarka-do-rur-2-1024x683.jpg\" alt=\"\" class=\"wp-image-2248\" srcset=\"https:\/\/teknomet.pl\/wp-content\/uploads\/2022\/04\/gietarka-do-rur-2-1024x683.jpg 1024w, https:\/\/teknomet.pl\/wp-content\/uploads\/2022\/04\/gietarka-do-rur-2-300x200.jpg 300w, https:\/\/teknomet.pl\/wp-content\/uploads\/2022\/04\/gietarka-do-rur-2-768x512.jpg 768w, https:\/\/teknomet.pl\/wp-content\/uploads\/2022\/04\/gietarka-do-rur-2-1536x1024.jpg 1536w, https:\/\/teknomet.pl\/wp-content\/uploads\/2022\/04\/gietarka-do-rur-2.jpg 1920w\" sizes=\"auto, (max-width: 1024px) 100vw, 1024px\" \/><\/figure>\n\n\n\n<figure class=\"wp-block-image size-large\"><img loading=\"lazy\" decoding=\"async\" width=\"1024\" height=\"682\" data-id=\"2244\" src=\"http:\/\/teknomet.pl\/wp-content\/uploads\/2022\/04\/gietarka-do-drutu-1024x682.jpg\" alt=\"\" class=\"wp-image-2244\" srcset=\"https:\/\/teknomet.pl\/wp-content\/uploads\/2022\/04\/gietarka-do-drutu-1024x682.jpg 1024w, https:\/\/teknomet.pl\/wp-content\/uploads\/2022\/04\/gietarka-do-drutu-300x200.jpg 300w, https:\/\/teknomet.pl\/wp-content\/uploads\/2022\/04\/gietarka-do-drutu-768x512.jpg 768w, https:\/\/teknomet.pl\/wp-content\/uploads\/2022\/04\/gietarka-do-drutu-1536x1023.jpg 1536w, https:\/\/teknomet.pl\/wp-content\/uploads\/2022\/04\/gietarka-do-drutu.jpg 1920w\" sizes=\"auto, (max-width: 1024px) 100vw, 1024px\" \/><\/figure>\n\n\n\n<figure class=\"wp-block-image size-large\"><img loading=\"lazy\" decoding=\"async\" width=\"1024\" height=\"683\" data-id=\"2256\" src=\"http:\/\/teknomet.pl\/wp-content\/uploads\/2022\/04\/Prasa-krawedziowa-1024x683.jpg\" alt=\"\" class=\"wp-image-2256\" srcset=\"https:\/\/teknomet.pl\/wp-content\/uploads\/2022\/04\/Prasa-krawedziowa-1024x683.jpg 1024w, https:\/\/teknomet.pl\/wp-content\/uploads\/2022\/04\/Prasa-krawedziowa-300x200.jpg 300w, https:\/\/teknomet.pl\/wp-content\/uploads\/2022\/04\/Prasa-krawedziowa-768x512.jpg 768w, https:\/\/teknomet.pl\/wp-content\/uploads\/2022\/04\/Prasa-krawedziowa-1536x1024.jpg 1536w, https:\/\/teknomet.pl\/wp-content\/uploads\/2022\/04\/Prasa-krawedziowa.jpg 1920w\" sizes=\"auto, (max-width: 1024px) 100vw, 1024px\" \/><\/figure>\n\n\n\n<figure class=\"wp-block-image size-large\"><img loading=\"lazy\" decoding=\"async\" width=\"1024\" height=\"683\" data-id=\"2252\" src=\"http:\/\/teknomet.pl\/wp-content\/uploads\/2022\/04\/gietarka-do-rur-1024x683.jpg\" alt=\"\" class=\"wp-image-2252\" srcset=\"https:\/\/teknomet.pl\/wp-content\/uploads\/2022\/04\/gietarka-do-rur-1024x683.jpg 1024w, https:\/\/teknomet.pl\/wp-content\/uploads\/2022\/04\/gietarka-do-rur-300x200.jpg 300w, https:\/\/teknomet.pl\/wp-content\/uploads\/2022\/04\/gietarka-do-rur-768x512.jpg 768w, https:\/\/teknomet.pl\/wp-content\/uploads\/2022\/04\/gietarka-do-rur-1536x1024.jpg 1536w, https:\/\/teknomet.pl\/wp-content\/uploads\/2022\/04\/gietarka-do-rur.jpg 1920w\" sizes=\"auto, (max-width: 1024px) 100vw, 1024px\" \/><\/figure>\n<\/figure>\n\n\n\n<h2 class=\"wp-block-heading\" id=\"ciecie\"><strong>Skj\u00e6ring<\/strong><\/h2>\n\n\n\n<p>For st\u00e5lskj\u00e6ring bruker vi blant annet CNC- b\u00e5ndsag med automatisk gripeklo fra firmaet Bromar. V\u00e5r maskinpark er ogs\u00e5 utstyrt med beltesager: stor WORKLINE 610.450 DGH og liten EasyCut 275.230DG. Skj\u00e6reprosessen gjennomf\u00f8res ogs\u00e5 p\u00e5 to presise sirkelsager fra MACC. Blikk skj\u00e6res p\u00e5 en presis skj\u00e6remaskin fra Vimercati og p\u00e5 en BODOR P3 6kW laser.<\/p>\n\n\n<div class=\"wp-block-image\">\n<figure class=\"aligncenter size-large\"><img loading=\"lazy\" decoding=\"async\" width=\"1024\" height=\"371\" src=\"https:\/\/teknomet.pl\/wp-content\/uploads\/2023\/09\/IMG_84291-1024x371.jpg\" alt=\"\" class=\"wp-image-3620\" srcset=\"https:\/\/teknomet.pl\/wp-content\/uploads\/2023\/09\/IMG_84291-1024x371.jpg 1024w, https:\/\/teknomet.pl\/wp-content\/uploads\/2023\/09\/IMG_84291-300x109.jpg 300w, https:\/\/teknomet.pl\/wp-content\/uploads\/2023\/09\/IMG_84291-768x278.jpg 768w, https:\/\/teknomet.pl\/wp-content\/uploads\/2023\/09\/IMG_84291-1536x557.jpg 1536w, https:\/\/teknomet.pl\/wp-content\/uploads\/2023\/09\/IMG_84291-2048x742.jpg 2048w\" sizes=\"auto, (max-width: 1024px) 100vw, 1024px\" \/><\/figure>\n<\/div>\n\n\n<figure class=\"wp-block-gallery has-nested-images columns-default is-cropped wp-block-gallery-2 is-layout-flex wp-block-gallery-is-layout-flex\">\n<figure class=\"wp-block-image size-large\"><img loading=\"lazy\" decoding=\"async\" width=\"1024\" height=\"768\" data-id=\"3591\" src=\"https:\/\/teknomet.pl\/wp-content\/uploads\/2023\/09\/IMG_8525-1024x768.jpg\" alt=\"\" class=\"wp-image-3591\" srcset=\"https:\/\/teknomet.pl\/wp-content\/uploads\/2023\/09\/IMG_8525-1024x768.jpg 1024w, https:\/\/teknomet.pl\/wp-content\/uploads\/2023\/09\/IMG_8525-300x225.jpg 300w, https:\/\/teknomet.pl\/wp-content\/uploads\/2023\/09\/IMG_8525-768x576.jpg 768w, https:\/\/teknomet.pl\/wp-content\/uploads\/2023\/09\/IMG_8525-1536x1152.jpg 1536w, https:\/\/teknomet.pl\/wp-content\/uploads\/2023\/09\/IMG_8525-2048x1536.jpg 2048w\" sizes=\"auto, (max-width: 1024px) 100vw, 1024px\" \/><\/figure>\n\n\n\n<figure class=\"wp-block-image size-large\"><img loading=\"lazy\" decoding=\"async\" width=\"1024\" height=\"768\" data-id=\"3587\" src=\"https:\/\/teknomet.pl\/wp-content\/uploads\/2023\/09\/IMG_8487-1024x768.jpg\" alt=\"\" class=\"wp-image-3587\" srcset=\"https:\/\/teknomet.pl\/wp-content\/uploads\/2023\/09\/IMG_8487-1024x768.jpg 1024w, https:\/\/teknomet.pl\/wp-content\/uploads\/2023\/09\/IMG_8487-300x225.jpg 300w, https:\/\/teknomet.pl\/wp-content\/uploads\/2023\/09\/IMG_8487-768x576.jpg 768w, https:\/\/teknomet.pl\/wp-content\/uploads\/2023\/09\/IMG_8487-1536x1152.jpg 1536w, https:\/\/teknomet.pl\/wp-content\/uploads\/2023\/09\/IMG_8487-2048x1536.jpg 2048w\" sizes=\"auto, (max-width: 1024px) 100vw, 1024px\" \/><\/figure>\n\n\n\n<figure class=\"wp-block-image size-large\"><img loading=\"lazy\" decoding=\"async\" width=\"1024\" height=\"768\" data-id=\"3583\" src=\"https:\/\/teknomet.pl\/wp-content\/uploads\/2023\/09\/IMG_8571-1024x768.jpg\" alt=\"\" class=\"wp-image-3583\" srcset=\"https:\/\/teknomet.pl\/wp-content\/uploads\/2023\/09\/IMG_8571-1024x768.jpg 1024w, https:\/\/teknomet.pl\/wp-content\/uploads\/2023\/09\/IMG_8571-300x225.jpg 300w, https:\/\/teknomet.pl\/wp-content\/uploads\/2023\/09\/IMG_8571-768x576.jpg 768w, https:\/\/teknomet.pl\/wp-content\/uploads\/2023\/09\/IMG_8571-1536x1152.jpg 1536w, https:\/\/teknomet.pl\/wp-content\/uploads\/2023\/09\/IMG_8571-2048x1536.jpg 2048w\" sizes=\"auto, (max-width: 1024px) 100vw, 1024px\" \/><\/figure>\n<\/figure>\n\n\n\n<figure class=\"wp-block-gallery has-nested-images columns-default is-cropped wp-block-gallery-3 is-layout-flex wp-block-gallery-is-layout-flex\">\n<figure class=\"wp-block-image size-large\"><img loading=\"lazy\" decoding=\"async\" width=\"1024\" height=\"683\" data-id=\"2261\" src=\"http:\/\/teknomet.pl\/wp-content\/uploads\/2022\/04\/Teknomet-produkcja-kooperacja-20-1024x683-1.jpg\" alt=\"\" class=\"wp-image-2261\" srcset=\"https:\/\/teknomet.pl\/wp-content\/uploads\/2022\/04\/Teknomet-produkcja-kooperacja-20-1024x683-1.jpg 1024w, https:\/\/teknomet.pl\/wp-content\/uploads\/2022\/04\/Teknomet-produkcja-kooperacja-20-1024x683-1-300x200.jpg 300w, https:\/\/teknomet.pl\/wp-content\/uploads\/2022\/04\/Teknomet-produkcja-kooperacja-20-1024x683-1-768x512.jpg 768w\" sizes=\"auto, (max-width: 1024px) 100vw, 1024px\" \/><\/figure>\n\n\n\n<figure class=\"wp-block-image size-large\"><img loading=\"lazy\" decoding=\"async\" width=\"1024\" height=\"682\" data-id=\"2265\" src=\"http:\/\/teknomet.pl\/wp-content\/uploads\/2022\/04\/Teknomet-produkcja-kooperacja-21-1024x682-1.jpg\" alt=\"\" class=\"wp-image-2265\" srcset=\"https:\/\/teknomet.pl\/wp-content\/uploads\/2022\/04\/Teknomet-produkcja-kooperacja-21-1024x682-1.jpg 1024w, https:\/\/teknomet.pl\/wp-content\/uploads\/2022\/04\/Teknomet-produkcja-kooperacja-21-1024x682-1-300x200.jpg 300w, https:\/\/teknomet.pl\/wp-content\/uploads\/2022\/04\/Teknomet-produkcja-kooperacja-21-1024x682-1-768x512.jpg 768w\" sizes=\"auto, (max-width: 1024px) 100vw, 1024px\" \/><\/figure>\n<\/figure>\n\n\n\n<h2 class=\"wp-block-heading\" id=\"obrobka-ubytkowa\"><strong>Maskinering<\/strong><\/h2>\n\n\n\n<p>Maskinering er en sv\u00e6rt presis metode for \u00e5 forme st\u00e5lprodukter. Under denne prosessen bearbeides r\u00e5materialet til et element med en bestemt form og dimensjoner. V\u00e5re maskiner til maskinering og skj\u00e6ring muliggj\u00f8r at prosjektparametere kan beholdes p\u00e5 en perfekt m\u00e5te og det oppn\u00e5s en h\u00f8y n\u00f8yaktighet og gjentakelse i produksjonen.<\/p>\n\n\n\n<p>Maskinering utf\u00f8res ved bruk av konvensjonelle dreiebenker, fresemaskiner og 5 s\u00f8ylebormaskiner. Vi har eget slipeverksted med 5 b\u00e5ndslipemaskiner fra det anerkjente firmaet FEIN Grit, samt et rom for slipende sprengning.&nbsp;<\/p>\n\n\n\n<figure class=\"wp-block-gallery has-nested-images columns-default is-cropped wp-block-gallery-4 is-layout-flex wp-block-gallery-is-layout-flex\">\n<figure class=\"wp-block-image size-large\"><img loading=\"lazy\" decoding=\"async\" width=\"1024\" height=\"682\" data-id=\"2269\" src=\"http:\/\/teknomet.pl\/wp-content\/uploads\/2022\/04\/Teknomet-produkcja-kooperacja-15-1024x682-1.jpg\" alt=\"\" class=\"wp-image-2269\" srcset=\"https:\/\/teknomet.pl\/wp-content\/uploads\/2022\/04\/Teknomet-produkcja-kooperacja-15-1024x682-1.jpg 1024w, https:\/\/teknomet.pl\/wp-content\/uploads\/2022\/04\/Teknomet-produkcja-kooperacja-15-1024x682-1-300x200.jpg 300w, https:\/\/teknomet.pl\/wp-content\/uploads\/2022\/04\/Teknomet-produkcja-kooperacja-15-1024x682-1-768x512.jpg 768w\" sizes=\"auto, (max-width: 1024px) 100vw, 1024px\" \/><\/figure>\n\n\n\n<figure class=\"wp-block-image size-large\"><img loading=\"lazy\" decoding=\"async\" width=\"1024\" height=\"683\" data-id=\"2273\" src=\"http:\/\/teknomet.pl\/wp-content\/uploads\/2022\/04\/Teknomet-produkcja-kooperacja-16-1024x683-1.jpg\" alt=\"\" class=\"wp-image-2273\" srcset=\"https:\/\/teknomet.pl\/wp-content\/uploads\/2022\/04\/Teknomet-produkcja-kooperacja-16-1024x683-1.jpg 1024w, https:\/\/teknomet.pl\/wp-content\/uploads\/2022\/04\/Teknomet-produkcja-kooperacja-16-1024x683-1-300x200.jpg 300w, https:\/\/teknomet.pl\/wp-content\/uploads\/2022\/04\/Teknomet-produkcja-kooperacja-16-1024x683-1-768x512.jpg 768w\" sizes=\"auto, (max-width: 1024px) 100vw, 1024px\" \/><\/figure>\n\n\n\n<figure class=\"wp-block-image size-large\"><img loading=\"lazy\" decoding=\"async\" width=\"1024\" height=\"683\" data-id=\"2277\" src=\"http:\/\/teknomet.pl\/wp-content\/uploads\/2022\/04\/Teknomet-produkcja-kooperacja-18-1024x683-1.jpg\" alt=\"\" class=\"wp-image-2277\" srcset=\"https:\/\/teknomet.pl\/wp-content\/uploads\/2022\/04\/Teknomet-produkcja-kooperacja-18-1024x683-1.jpg 1024w, https:\/\/teknomet.pl\/wp-content\/uploads\/2022\/04\/Teknomet-produkcja-kooperacja-18-1024x683-1-300x200.jpg 300w, https:\/\/teknomet.pl\/wp-content\/uploads\/2022\/04\/Teknomet-produkcja-kooperacja-18-1024x683-1-768x512.jpg 768w\" sizes=\"auto, (max-width: 1024px) 100vw, 1024px\" \/><\/figure>\n<\/figure>\n\n\n\n<h2 class=\"wp-block-heading\" id=\"spawanie-i-zgrzewanie\"><strong>Sveising<\/strong><\/h2>\n\n\n\n<p>Sveising gjennomf\u00f8res i et velutstyrt sveiseverksted med et kompakt avsugssystem fra Nederman. Verkstedet er utstyrt med 6 halvautomatiske MIG\/MAG &#8211; sveisemaskiner fra Fronius, 4 TIG &#8211; sveisemaskiner og et rom med ABB &#8211; sveiserobot.<\/p>\n\n\n\n<figure class=\"wp-block-gallery has-nested-images columns-default is-cropped wp-block-gallery-5 is-layout-flex wp-block-gallery-is-layout-flex\">\n<figure class=\"wp-block-image size-large\"><img loading=\"lazy\" decoding=\"async\" width=\"1024\" height=\"683\" data-id=\"2289\" src=\"http:\/\/teknomet.pl\/wp-content\/uploads\/2022\/04\/Spawanie-i-zgrzewanie-z-robota-spawalniczego-1024x683.jpg\" alt=\"\" class=\"wp-image-2289\" srcset=\"https:\/\/teknomet.pl\/wp-content\/uploads\/2022\/04\/Spawanie-i-zgrzewanie-z-robota-spawalniczego-1024x683.jpg 1024w, https:\/\/teknomet.pl\/wp-content\/uploads\/2022\/04\/Spawanie-i-zgrzewanie-z-robota-spawalniczego-300x200.jpg 300w, https:\/\/teknomet.pl\/wp-content\/uploads\/2022\/04\/Spawanie-i-zgrzewanie-z-robota-spawalniczego-768x512.jpg 768w, https:\/\/teknomet.pl\/wp-content\/uploads\/2022\/04\/Spawanie-i-zgrzewanie-z-robota-spawalniczego-1536x1024.jpg 1536w, https:\/\/teknomet.pl\/wp-content\/uploads\/2022\/04\/Spawanie-i-zgrzewanie-z-robota-spawalniczego.jpg 1920w\" sizes=\"auto, (max-width: 1024px) 100vw, 1024px\" \/><\/figure>\n\n\n\n<figure class=\"wp-block-image size-large\"><img loading=\"lazy\" decoding=\"async\" width=\"1024\" height=\"682\" data-id=\"2285\" src=\"http:\/\/teknomet.pl\/wp-content\/uploads\/2022\/04\/Spawanie-i-zgrzewanie-z-robota-spawalniczego-3-1024x682.jpg\" alt=\"\" class=\"wp-image-2285\" srcset=\"https:\/\/teknomet.pl\/wp-content\/uploads\/2022\/04\/Spawanie-i-zgrzewanie-z-robota-spawalniczego-3-1024x682.jpg 1024w, https:\/\/teknomet.pl\/wp-content\/uploads\/2022\/04\/Spawanie-i-zgrzewanie-z-robota-spawalniczego-3-300x200.jpg 300w, https:\/\/teknomet.pl\/wp-content\/uploads\/2022\/04\/Spawanie-i-zgrzewanie-z-robota-spawalniczego-3-768x512.jpg 768w, https:\/\/teknomet.pl\/wp-content\/uploads\/2022\/04\/Spawanie-i-zgrzewanie-z-robota-spawalniczego-3-1536x1023.jpg 1536w, https:\/\/teknomet.pl\/wp-content\/uploads\/2022\/04\/Spawanie-i-zgrzewanie-z-robota-spawalniczego-3.jpg 1920w\" sizes=\"auto, (max-width: 1024px) 100vw, 1024px\" \/><\/figure>\n\n\n\n<figure class=\"wp-block-image size-large\"><img loading=\"lazy\" decoding=\"async\" width=\"1024\" height=\"683\" data-id=\"2281\" src=\"http:\/\/teknomet.pl\/wp-content\/uploads\/2022\/04\/Spawanie-i-zgrzewanie-z-robota-spawalniczego-2-1024x683.jpg\" alt=\"\" class=\"wp-image-2281\" srcset=\"https:\/\/teknomet.pl\/wp-content\/uploads\/2022\/04\/Spawanie-i-zgrzewanie-z-robota-spawalniczego-2-1024x683.jpg 1024w, https:\/\/teknomet.pl\/wp-content\/uploads\/2022\/04\/Spawanie-i-zgrzewanie-z-robota-spawalniczego-2-300x200.jpg 300w, https:\/\/teknomet.pl\/wp-content\/uploads\/2022\/04\/Spawanie-i-zgrzewanie-z-robota-spawalniczego-2-768x512.jpg 768w, https:\/\/teknomet.pl\/wp-content\/uploads\/2022\/04\/Spawanie-i-zgrzewanie-z-robota-spawalniczego-2-1536x1024.jpg 1536w, https:\/\/teknomet.pl\/wp-content\/uploads\/2022\/04\/Spawanie-i-zgrzewanie-z-robota-spawalniczego-2.jpg 1920w\" sizes=\"auto, (max-width: 1024px) 100vw, 1024px\" \/><\/figure>\n<\/figure>\n\n\n<\/div>\n\n\n<p><\/p>\n\n\n<a class=\"button-container\" href=\"https:\/\/teknomet.pl\/no\/zlec-produkcje\/\">\n\t<span data-aos=\"zoom-in\">\u00d8nsker du \u00e5 sp\u00f8rre om prisen eller vil du legge inn en bestilling? Kontakt oss!<\/span>\n<\/a>\n\n\n<div style=\"height:50px\" aria-hidden=\"true\" class=\"wp-block-spacer\"><\/div>\n\n\n<div class=\"icons\">\n\t<h2 class=\"title\" data-aos=\"fade-up\">12 gode grunner til \u00e5 <span>samarbeide med oss<\/span><\/h2>\n\t<div class=\"icons__container\">\n\t\t\t\t\t<article data-aos=\"fade-down\">\n\t\t\t\t<img decoding=\"async\" src=\"https:\/\/teknomet.pl\/wp-content\/uploads\/2021\/12\/01.png\" alt=\"Egen konstruksjonsavdeling\">\n\t\t\t\t<h4>Egen konstruksjonsavdeling<\/h4>\n\t\t\t<\/article>\n\t\t\t\t\t<article data-aos=\"fade-down\">\n\t\t\t\t<img decoding=\"async\" src=\"https:\/\/teknomet.pl\/wp-content\/uploads\/2021\/12\/04.png\" alt=\"Prototyping av produkter\">\n\t\t\t\t<h4>Prototyping av produkter<\/h4>\n\t\t\t<\/article>\n\t\t\t\t\t<article data-aos=\"fade-down\">\n\t\t\t\t<img decoding=\"async\" src=\"https:\/\/teknomet.pl\/wp-content\/uploads\/2021\/12\/05.png\" alt=\"Kompleks produksjon\">\n\t\t\t\t<h4>Kompleks produksjon<\/h4>\n\t\t\t<\/article>\n\t\t\t\t\t<article data-aos=\"fade-down\">\n\t\t\t\t<img decoding=\"async\" src=\"https:\/\/teknomet.pl\/wp-content\/uploads\/2021\/12\/02.png\" alt=\"20 \u00e5rs erfaring\">\n\t\t\t\t<h4>20 \u00e5rs erfaring<\/h4>\n\t\t\t<\/article>\n\t\t\t\t\t<article data-aos=\"fade-down\">\n\t\t\t\t<img decoding=\"async\" src=\"https:\/\/teknomet.pl\/wp-content\/uploads\/2021\/12\/08.png\" alt=\"Sm\u00e5 og store produksjonsserier (fra 1 stykke)\">\n\t\t\t\t<h4>Sm\u00e5 og store produksjonsserier (fra 1 stykke)<\/h4>\n\t\t\t<\/article>\n\t\t\t\t\t<article data-aos=\"fade-down\">\n\t\t\t\t<img decoding=\"async\" src=\"https:\/\/teknomet.pl\/wp-content\/uploads\/2021\/12\/06.png\" alt=\"Nesten 5000m2 av varmisolerte produksjonshaller\">\n\t\t\t\t<h4>Nesten 5000m2 av varmisolerte produksjonshaller<\/h4>\n\t\t\t<\/article>\n\t\t\t\t\t<article data-aos=\"fade-down\">\n\t\t\t\t<img decoding=\"async\" src=\"https:\/\/teknomet.pl\/wp-content\/uploads\/2021\/12\/12.png\" alt=\"Egne lagerhaller\">\n\t\t\t\t<h4>Egne lagerhaller<\/h4>\n\t\t\t<\/article>\n\t\t\t\t\t<article data-aos=\"fade-down\">\n\t\t\t\t<img decoding=\"async\" src=\"https:\/\/teknomet.pl\/wp-content\/uploads\/2021\/12\/03.png\" alt=\"Moderne maskinpark for st\u00e5lbearbeiding\">\n\t\t\t\t<h4>Moderne maskinpark for st\u00e5lbearbeiding<\/h4>\n\t\t\t<\/article>\n\t\t\t\t\t<article data-aos=\"fade-down\">\n\t\t\t\t<img decoding=\"async\" src=\"https:\/\/teknomet.pl\/wp-content\/uploads\/2021\/12\/11.png\" alt=\"Gunstige produksjonspriser\">\n\t\t\t\t<h4>Gunstige produksjonspriser<\/h4>\n\t\t\t<\/article>\n\t\t\t\t\t<article data-aos=\"fade-down\">\n\t\t\t\t<img decoding=\"async\" src=\"https:\/\/teknomet.pl\/wp-content\/uploads\/2021\/12\/10.png\" alt=\"Polsk produksjon\">\n\t\t\t\t<h4>Polsk produksjon<\/h4>\n\t\t\t<\/article>\n\t\t\t\t\t<article data-aos=\"fade-down\">\n\t\t\t\t<img decoding=\"async\" src=\"https:\/\/teknomet.pl\/wp-content\/uploads\/2021\/12\/09.png\" alt=\"135 spesialister som s\u00f8rger for rettidig gjennomf\u00f8ring av hver bestilling\">\n\t\t\t\t<h4>135 spesialister som s\u00f8rger for rettidig gjennomf\u00f8ring av hver bestilling<\/h4>\n\t\t\t<\/article>\n\t\t\t\t\t<article data-aos=\"fade-down\">\n\t\t\t\t<img decoding=\"async\" src=\"https:\/\/teknomet.pl\/wp-content\/uploads\/2021\/12\/07.png\" alt=\"Levering til alle land i Europa og verden\">\n\t\t\t\t<h4>Levering til alle land i Europa og verden<\/h4>\n\t\t\t<\/article>\n\t\t\t<\/div>\n\t\t\t<div class=\"icons-button\">\n\t\t\t\t\t\t\t<a href=\"https:\/\/teknomet.pl\/no\/jakosc\/park-maszynowy\/\" class=\"more\">Kjenn kvaliteten v\u00e5r <\/a>\n\t\t\t\t\t\t\t<a href=\"https:\/\/teknomet.pl\/no\/firma\/rozwoj\/\" class=\"more\">Kjenn firmaet v\u00e5rt<\/a>\n\t\t\t\t\t<\/div>\n\t<\/div>","protected":false},"excerpt":{"rendered":"<p>Forming av st\u00e5l Vi driver med forming av st\u00e5l (bearbeiding av plater, profiler, tr\u00e5d og sprinkler) ved \u00e5 bruke presis PHY75 CNC &#8211; kantpresse fra det anerkjente italienske firmaet Vimercati, tre rullers valsemaskin, VARO PTE-3D CNC &#8211; b\u00f8yemaskin for 3D &#8211; b\u00f8ying av tr\u00e5d og Shuz tung CNC 50BR2 &#8211; b\u00f8yemaskin for 3D &#8211; b\u00f8ying [&hellip;]<\/p>\n","protected":false},"author":1,"featured_media":0,"parent":2732,"menu_order":6,"comment_status":"closed","ping_status":"closed","template":"","meta":{"_acf_changed":false,"_monsterinsights_skip_tracking":false,"_monsterinsights_sitenote_active":false,"_monsterinsights_sitenote_note":"","_monsterinsights_sitenote_category":0,"footnotes":"","_links_to":"","_links_to_target":""},"class_list":["post-2740","page","type-page","status-publish","hentry"],"acf":[],"aioseo_notices":[],"_links":{"self":[{"href":"https:\/\/teknomet.pl\/no\/wp-json\/wp\/v2\/pages\/2740","targetHints":{"allow":["GET"]}}],"collection":[{"href":"https:\/\/teknomet.pl\/no\/wp-json\/wp\/v2\/pages"}],"about":[{"href":"https:\/\/teknomet.pl\/no\/wp-json\/wp\/v2\/types\/page"}],"author":[{"embeddable":true,"href":"https:\/\/teknomet.pl\/no\/wp-json\/wp\/v2\/users\/1"}],"replies":[{"embeddable":true,"href":"https:\/\/teknomet.pl\/no\/wp-json\/wp\/v2\/comments?post=2740"}],"version-history":[{"count":12,"href":"https:\/\/teknomet.pl\/no\/wp-json\/wp\/v2\/pages\/2740\/revisions"}],"predecessor-version":[{"id":3635,"href":"https:\/\/teknomet.pl\/no\/wp-json\/wp\/v2\/pages\/2740\/revisions\/3635"}],"up":[{"embeddable":true,"href":"https:\/\/teknomet.pl\/no\/wp-json\/wp\/v2\/pages\/2732"}],"wp:attachment":[{"href":"https:\/\/teknomet.pl\/no\/wp-json\/wp\/v2\/media?parent=2740"}],"curies":[{"name":"wp","href":"https:\/\/api.w.org\/{rel}","templated":true}]}}