{"id":2736,"date":"2021-12-11T08:32:51","date_gmt":"2021-12-11T08:32:51","guid":{"rendered":"https:\/\/teknomet.pl\/uslugi\/elektropolerowanie-stali-nierdzewnej\/"},"modified":"2022-05-09T07:45:35","modified_gmt":"2022-05-09T07:45:35","slug":"elektropolerowanie-stali-nierdzewnej","status":"publish","type":"page","link":"https:\/\/teknomet.pl\/no\/uslugi\/elektropolerowanie-stali-nierdzewnej\/","title":{"rendered":"ELEKTROPOLERING AV RUSTFRITT ST\u00c5L"},"content":{"rendered":"<div class=\"page-header page-header__big\">\n\t<div class=\"cover\">\n\t\t<img decoding=\"async\" src=\"https:\/\/teknomet.pl\/wp-content\/uploads\/2022\/03\/elektropolerowanie-teknomet-2-1918x900.jpg\" alt=\"ELEKTROPOLERING AV RUSTFRITT ST\u00c5L\">\n\t<\/div>\n\t\t<video>\n\t\t<source src=\"https:\/\/teknomet.pl\/wp-content\/uploads\/2022\/01\/ELEKTROPOLEROWANIE-STALI-NIERDZEWNEJ.mp4\">\n\t<\/video>\n\t\t<div class=\"text-container\">\n\t\t<h1>ELEKTROPOLERING AV RUSTFRITT ST\u00c5L<\/h1>\n\t\t<p>V\u00e5r kunnskap, erfarne arbeidere og teknisk utstyr garanterer en elektropoleringseffekt av h\u00f8y kvalitet.<\/p>\n\t\t\t\t\t<a href=\"#\" class=\"scroll-down\">\n\t\t\t\t<img decoding=\"async\" src=\"https:\/\/teknomet.pl\/wp-content\/themes\/teknomet\/assets\/svg\/scroll-down.svg\" alt=\"Scroll down\">\n\t\t\t\t<span>Se detaljer <\/span>\n\t\t\t<\/a>\n\t\t\t<\/div>\n\t\t\t<div class=\"play-container\">\n\t\t\t<a href=\"#\" class=\"play-movie\">\n\t\t\t\t<img decoding=\"async\" src=\"https:\/\/teknomet.pl\/wp-content\/themes\/teknomet\/assets\/svg\/play.svg\" alt=\"Play\">\n\t\t\t\t<span>Se videoen<\/span>\n\t\t\t\t\n\t\t\t<\/a>\n\t\t\t<a href=\"#\" class=\"pause-movie\">\n\t\t\t\t<img decoding=\"async\" src=\"https:\/\/teknomet.pl\/wp-content\/themes\/teknomet\/assets\/svg\/pause.svg\" alt=\"Play\">\n\t\t\t\t\n\t\t\t<\/a>\n\t\t<\/div>\n\t<\/div>\n<div class=\"breadcrumbs\">\n\t<div id=\"crumbs\"><a href=\"https:\/\/teknomet.pl\/no\/\">Hjemmeside<\/a> <span class=\"spacer\">|<\/span> <span class=\"current\">Side<\/span><\/div><\/div>\n\n<div class=\"container\">\n\n\n<p><strong>Elektropolering<\/strong> er en av de mest avanserte metodene for bearbeiding av st\u00e5loverflater. Ved bruk av elektropolering blir produktets overflate jevn under elektrolyseprosessen.<br>St\u00e5lprodukter behandlet ved elektropolering, har et ekstremt estetisk utseende og er enkle \u00e5 rengj\u00f8re.<\/p>\n\n\n\n<figure class=\"wp-block-gallery has-nested-images columns-default is-cropped wp-block-gallery-1 is-layout-flex wp-block-gallery-is-layout-flex\">\n<figure class=\"wp-block-image size-large\"><img loading=\"lazy\" decoding=\"async\" width=\"1024\" height=\"578\" data-id=\"2197\" src=\"http:\/\/teknomet.pl\/wp-content\/uploads\/2022\/04\/elektropolerowanie-teknomet-2-1024x578.jpg\" alt=\"\" class=\"wp-image-2197\" srcset=\"https:\/\/teknomet.pl\/wp-content\/uploads\/2022\/04\/elektropolerowanie-teknomet-2-1024x578.jpg 1024w, https:\/\/teknomet.pl\/wp-content\/uploads\/2022\/04\/elektropolerowanie-teknomet-2-300x169.jpg 300w, https:\/\/teknomet.pl\/wp-content\/uploads\/2022\/04\/elektropolerowanie-teknomet-2-768x433.jpg 768w, https:\/\/teknomet.pl\/wp-content\/uploads\/2022\/04\/elektropolerowanie-teknomet-2-1536x867.jpg 1536w, https:\/\/teknomet.pl\/wp-content\/uploads\/2022\/04\/elektropolerowanie-teknomet-2.jpg 1918w\" sizes=\"auto, (max-width: 1024px) 100vw, 1024px\" \/><\/figure>\n\n\n\n<figure class=\"wp-block-image size-large\"><img loading=\"lazy\" decoding=\"async\" width=\"1024\" height=\"578\" data-id=\"2201\" src=\"http:\/\/teknomet.pl\/wp-content\/uploads\/2022\/04\/elektropolerowanie-teknomet-3-1024x578.jpg\" alt=\"\" class=\"wp-image-2201\" srcset=\"https:\/\/teknomet.pl\/wp-content\/uploads\/2022\/04\/elektropolerowanie-teknomet-3-1024x578.jpg 1024w, https:\/\/teknomet.pl\/wp-content\/uploads\/2022\/04\/elektropolerowanie-teknomet-3-300x169.jpg 300w, https:\/\/teknomet.pl\/wp-content\/uploads\/2022\/04\/elektropolerowanie-teknomet-3-768x433.jpg 768w, https:\/\/teknomet.pl\/wp-content\/uploads\/2022\/04\/elektropolerowanie-teknomet-3-1536x867.jpg 1536w, https:\/\/teknomet.pl\/wp-content\/uploads\/2022\/04\/elektropolerowanie-teknomet-3.jpg 1917w\" sizes=\"auto, (max-width: 1024px) 100vw, 1024px\" \/><\/figure>\n\n\n\n<figure class=\"wp-block-image size-large\"><img loading=\"lazy\" decoding=\"async\" width=\"1024\" height=\"578\" data-id=\"2205\" src=\"http:\/\/teknomet.pl\/wp-content\/uploads\/2022\/04\/elektropolerowanie-teknomet-1024x578.jpg\" alt=\"\" class=\"wp-image-2205\" srcset=\"https:\/\/teknomet.pl\/wp-content\/uploads\/2022\/04\/elektropolerowanie-teknomet-1024x578.jpg 1024w, https:\/\/teknomet.pl\/wp-content\/uploads\/2022\/04\/elektropolerowanie-teknomet-300x169.jpg 300w, https:\/\/teknomet.pl\/wp-content\/uploads\/2022\/04\/elektropolerowanie-teknomet-768x434.jpg 768w, https:\/\/teknomet.pl\/wp-content\/uploads\/2022\/04\/elektropolerowanie-teknomet-1536x868.jpg 1536w, https:\/\/teknomet.pl\/wp-content\/uploads\/2022\/04\/elektropolerowanie-teknomet.jpg 1919w\" sizes=\"auto, (max-width: 1024px) 100vw, 1024px\" \/><\/figure>\n<\/figure>\n\n\n<\/div>\n\n\n<p><\/p>\n\n\n<a class=\"button-container\" href=\"https:\/\/teknomet.pl\/no\/zlec-produkcje\/\">\n\t<span data-aos=\"zoom-in\">\u00d8nsker du \u00e5 sp\u00f8rre om prisen eller vil du legge inn en bestilling? Kontakt oss!<\/span>\n<\/a>\n\n\n<div style=\"height:50px\" aria-hidden=\"true\" class=\"wp-block-spacer\"><\/div>\n\n\n<div class=\"icons\">\n\t<h2 class=\"title\" data-aos=\"fade-up\">12 gode grunner til \u00e5 <span>samarbeide med oss<\/span><\/h2>\n\t<div class=\"icons__container\">\n\t\t\t\t\t<article data-aos=\"fade-down\">\n\t\t\t\t<img decoding=\"async\" src=\"https:\/\/teknomet.pl\/wp-content\/uploads\/2021\/12\/01.png\" alt=\"Egen konstruksjonsavdeling\">\n\t\t\t\t<h4>Egen konstruksjonsavdeling<\/h4>\n\t\t\t<\/article>\n\t\t\t\t\t<article data-aos=\"fade-down\">\n\t\t\t\t<img decoding=\"async\" src=\"https:\/\/teknomet.pl\/wp-content\/uploads\/2021\/12\/04.png\" alt=\"Prototyping av produkter\">\n\t\t\t\t<h4>Prototyping av produkter<\/h4>\n\t\t\t<\/article>\n\t\t\t\t\t<article data-aos=\"fade-down\">\n\t\t\t\t<img decoding=\"async\" src=\"https:\/\/teknomet.pl\/wp-content\/uploads\/2021\/12\/05.png\" alt=\"Kompleks produksjon\">\n\t\t\t\t<h4>Kompleks produksjon<\/h4>\n\t\t\t<\/article>\n\t\t\t\t\t<article data-aos=\"fade-down\">\n\t\t\t\t<img decoding=\"async\" src=\"https:\/\/teknomet.pl\/wp-content\/uploads\/2021\/12\/02.png\" alt=\"20 \u00e5rs erfaring\">\n\t\t\t\t<h4>20 \u00e5rs erfaring<\/h4>\n\t\t\t<\/article>\n\t\t\t\t\t<article data-aos=\"fade-down\">\n\t\t\t\t<img decoding=\"async\" src=\"https:\/\/teknomet.pl\/wp-content\/uploads\/2021\/12\/08.png\" alt=\"Sm\u00e5 og store produksjonsserier (fra 1 stykke)\">\n\t\t\t\t<h4>Sm\u00e5 og store produksjonsserier (fra 1 stykke)<\/h4>\n\t\t\t<\/article>\n\t\t\t\t\t<article data-aos=\"fade-down\">\n\t\t\t\t<img decoding=\"async\" src=\"https:\/\/teknomet.pl\/wp-content\/uploads\/2021\/12\/06.png\" alt=\"Nesten 5000m2 av varmisolerte produksjonshaller\">\n\t\t\t\t<h4>Nesten 5000m2 av varmisolerte produksjonshaller<\/h4>\n\t\t\t<\/article>\n\t\t\t\t\t<article data-aos=\"fade-down\">\n\t\t\t\t<img decoding=\"async\" src=\"https:\/\/teknomet.pl\/wp-content\/uploads\/2021\/12\/12.png\" alt=\"Egne lagerhaller\">\n\t\t\t\t<h4>Egne lagerhaller<\/h4>\n\t\t\t<\/article>\n\t\t\t\t\t<article data-aos=\"fade-down\">\n\t\t\t\t<img decoding=\"async\" src=\"https:\/\/teknomet.pl\/wp-content\/uploads\/2021\/12\/03.png\" alt=\"Moderne maskinpark for st\u00e5lbearbeiding\">\n\t\t\t\t<h4>Moderne maskinpark for st\u00e5lbearbeiding<\/h4>\n\t\t\t<\/article>\n\t\t\t\t\t<article data-aos=\"fade-down\">\n\t\t\t\t<img decoding=\"async\" src=\"https:\/\/teknomet.pl\/wp-content\/uploads\/2021\/12\/11.png\" alt=\"Gunstige produksjonspriser\">\n\t\t\t\t<h4>Gunstige produksjonspriser<\/h4>\n\t\t\t<\/article>\n\t\t\t\t\t<article data-aos=\"fade-down\">\n\t\t\t\t<img decoding=\"async\" src=\"https:\/\/teknomet.pl\/wp-content\/uploads\/2021\/12\/10.png\" alt=\"Polsk produksjon\">\n\t\t\t\t<h4>Polsk produksjon<\/h4>\n\t\t\t<\/article>\n\t\t\t\t\t<article data-aos=\"fade-down\">\n\t\t\t\t<img decoding=\"async\" src=\"https:\/\/teknomet.pl\/wp-content\/uploads\/2021\/12\/09.png\" alt=\"135 spesialister som s\u00f8rger for rettidig gjennomf\u00f8ring av hver bestilling\">\n\t\t\t\t<h4>135 spesialister som s\u00f8rger for rettidig gjennomf\u00f8ring av hver bestilling<\/h4>\n\t\t\t<\/article>\n\t\t\t\t\t<article data-aos=\"fade-down\">\n\t\t\t\t<img decoding=\"async\" src=\"https:\/\/teknomet.pl\/wp-content\/uploads\/2021\/12\/07.png\" alt=\"Levering til alle land i Europa og verden\">\n\t\t\t\t<h4>Levering til alle land i Europa og verden<\/h4>\n\t\t\t<\/article>\n\t\t\t<\/div>\n\t\t\t<div class=\"icons-button\">\n\t\t\t\t\t\t\t<a href=\"https:\/\/teknomet.pl\/no\/jakosc\/park-maszynowy\/\" class=\"more\">Kjenn kvaliteten v\u00e5r <\/a>\n\t\t\t\t\t\t\t<a href=\"https:\/\/teknomet.pl\/no\/firma\/rozwoj\/\" class=\"more\">Kjenn firmaet v\u00e5rt<\/a>\n\t\t\t\t\t<\/div>\n\t<\/div>","protected":false},"excerpt":{"rendered":"<p>Elektropolering er en av de mest avanserte metodene for bearbeiding av st\u00e5loverflater. Ved bruk av elektropolering blir produktets overflate jevn under elektrolyseprosessen.St\u00e5lprodukter behandlet ved elektropolering, har et ekstremt estetisk utseende og er enkle \u00e5 rengj\u00f8re.<\/p>\n","protected":false},"author":1,"featured_media":0,"parent":2732,"menu_order":2,"comment_status":"closed","ping_status":"closed","template":"","meta":{"_acf_changed":false,"_monsterinsights_skip_tracking":false,"_monsterinsights_sitenote_active":false,"_monsterinsights_sitenote_note":"","_monsterinsights_sitenote_category":0,"footnotes":"","_links_to":"","_links_to_target":""},"class_list":["post-2736","page","type-page","status-publish","hentry"],"acf":[],"aioseo_notices":[],"_links":{"self":[{"href":"https:\/\/teknomet.pl\/no\/wp-json\/wp\/v2\/pages\/2736","targetHints":{"allow":["GET"]}}],"collection":[{"href":"https:\/\/teknomet.pl\/no\/wp-json\/wp\/v2\/pages"}],"about":[{"href":"https:\/\/teknomet.pl\/no\/wp-json\/wp\/v2\/types\/page"}],"author":[{"embeddable":true,"href":"https:\/\/teknomet.pl\/no\/wp-json\/wp\/v2\/users\/1"}],"replies":[{"embeddable":true,"href":"https:\/\/teknomet.pl\/no\/wp-json\/wp\/v2\/comments?post=2736"}],"version-history":[{"count":2,"href":"https:\/\/teknomet.pl\/no\/wp-json\/wp\/v2\/pages\/2736\/revisions"}],"predecessor-version":[{"id":3285,"href":"https:\/\/teknomet.pl\/no\/wp-json\/wp\/v2\/pages\/2736\/revisions\/3285"}],"up":[{"embeddable":true,"href":"https:\/\/teknomet.pl\/no\/wp-json\/wp\/v2\/pages\/2732"}],"wp:attachment":[{"href":"https:\/\/teknomet.pl\/no\/wp-json\/wp\/v2\/media?parent=2736"}],"curies":[{"name":"wp","href":"https:\/\/api.w.org\/{rel}","templated":true}]}}