{"id":2734,"date":"2021-12-11T08:32:36","date_gmt":"2021-12-11T08:32:36","guid":{"rendered":"https:\/\/teknomet.pl\/uslugi\/prototypowanie-produkcja-prototypow\/"},"modified":"2022-08-11T11:15:39","modified_gmt":"2022-08-11T11:15:39","slug":"prototypowanie-produkcja-prototypow","status":"publish","type":"page","link":"https:\/\/teknomet.pl\/no\/uslugi\/prototypowanie-produkcja-prototypow\/","title":{"rendered":"PROTOTYPING"},"content":{"rendered":"<div class=\"page-header page-header__big\">\n\t<div class=\"cover\">\n\t\t<img decoding=\"async\" src=\"https:\/\/teknomet.pl\/wp-content\/uploads\/2022\/01\/Screenshot-2022-01-11-at-10.40.53.png\" alt=\"PROTOTYPING\">\n\t<\/div>\n\t\t<video>\n\t\t<source src=\"https:\/\/teknomet.pl\/wp-content\/uploads\/2022\/01\/Prototypowanie-1.mp4\">\n\t<\/video>\n\t\t<div class=\"text-container\">\n\t\t<h1>PROTOTYPING<\/h1>\n\t\t<p>produksjon av prototyper<\/p>\n\t\t\t\t\t<a href=\"#\" class=\"scroll-down\">\n\t\t\t\t<img decoding=\"async\" src=\"https:\/\/teknomet.pl\/wp-content\/themes\/teknomet\/assets\/svg\/scroll-down.svg\" alt=\"Scroll down\">\n\t\t\t\t<span>Se detaljer <\/span>\n\t\t\t<\/a>\n\t\t\t<\/div>\n\t\t\t<div class=\"play-container\">\n\t\t\t<a href=\"#\" class=\"play-movie\">\n\t\t\t\t<img decoding=\"async\" src=\"https:\/\/teknomet.pl\/wp-content\/themes\/teknomet\/assets\/svg\/play.svg\" alt=\"Play\">\n\t\t\t\t<span>Se videoen<\/span>\n\t\t\t\t\n\t\t\t<\/a>\n\t\t\t<a href=\"#\" class=\"pause-movie\">\n\t\t\t\t<img decoding=\"async\" src=\"https:\/\/teknomet.pl\/wp-content\/themes\/teknomet\/assets\/svg\/pause.svg\" alt=\"Play\">\n\t\t\t\t\n\t\t\t<\/a>\n\t\t<\/div>\n\t<\/div>\n<div class=\"breadcrumbs\">\n\t<div id=\"crumbs\"><a href=\"https:\/\/teknomet.pl\/no\/\">Hjemmeside<\/a> <span class=\"spacer\">|<\/span> <span class=\"current\">Side<\/span><\/div><\/div>\n\n<div class=\"container\">\n\n\n<h2 class=\"has-black-color has-text-color has-medium-font-size wp-block-heading\" id=\"tworzymy-produkty-wzorcowe-ktore-staja-sie-baza-do-uruchomienia-produkcji-seryjnej-prototyp-umozliwia-przetestowanie-wlasciwosci-i-funkcji-ktore-powinien-posiadac-produkt-finalny-oraz-wyeliminowanie-potencjalnych-wad-i-niedociagniec\">Vi lager varepr\u00f8ver som blir grunnlaget for \u00e5 starte en serieproduksjon. En prototype gir mulighet til \u00e5 teste egenskaper og funksjon som sluttproduktet skal ha, og eliminere potensielle defekter og mangler. &nbsp;<\/h2>\n\n\n\n<figure class=\"wp-block-gallery has-nested-images columns-default is-cropped wp-block-gallery-1 is-layout-flex wp-block-gallery-is-layout-flex\">\n<figure class=\"wp-block-image size-large\"><img loading=\"lazy\" decoding=\"async\" width=\"1024\" height=\"683\" data-id=\"2471\" src=\"https:\/\/teknomet.pl\/wp-content\/uploads\/2022\/04\/gietarka-do-rur-3-1024x683.jpg\" alt=\"\" class=\"wp-image-2471\" srcset=\"https:\/\/teknomet.pl\/wp-content\/uploads\/2022\/04\/gietarka-do-rur-3-1024x683.jpg 1024w, https:\/\/teknomet.pl\/wp-content\/uploads\/2022\/04\/gietarka-do-rur-3-300x200.jpg 300w, https:\/\/teknomet.pl\/wp-content\/uploads\/2022\/04\/gietarka-do-rur-3-768x512.jpg 768w, https:\/\/teknomet.pl\/wp-content\/uploads\/2022\/04\/gietarka-do-rur-3-1536x1024.jpg 1536w, https:\/\/teknomet.pl\/wp-content\/uploads\/2022\/04\/gietarka-do-rur-3.jpg 1920w\" sizes=\"auto, (max-width: 1024px) 100vw, 1024px\" \/><\/figure>\n\n\n\n<figure class=\"wp-block-image size-large\"><img loading=\"lazy\" decoding=\"async\" width=\"1024\" height=\"683\" data-id=\"2180\" src=\"http:\/\/teknomet.pl\/wp-content\/uploads\/2022\/04\/Teknomet-produkcja-kooperacja-11-1024x683.jpg\" alt=\"\" class=\"wp-image-2180\" srcset=\"https:\/\/teknomet.pl\/wp-content\/uploads\/2022\/04\/Teknomet-produkcja-kooperacja-11-1024x683.jpg 1024w, https:\/\/teknomet.pl\/wp-content\/uploads\/2022\/04\/Teknomet-produkcja-kooperacja-11-300x200.jpg 300w, https:\/\/teknomet.pl\/wp-content\/uploads\/2022\/04\/Teknomet-produkcja-kooperacja-11-768x512.jpg 768w, https:\/\/teknomet.pl\/wp-content\/uploads\/2022\/04\/Teknomet-produkcja-kooperacja-11-1536x1024.jpg 1536w, https:\/\/teknomet.pl\/wp-content\/uploads\/2022\/04\/Teknomet-produkcja-kooperacja-11.jpg 1920w\" sizes=\"auto, (max-width: 1024px) 100vw, 1024px\" \/><\/figure>\n\n\n\n<figure class=\"wp-block-image size-large\"><img loading=\"lazy\" decoding=\"async\" width=\"1024\" height=\"683\" data-id=\"2184\" src=\"http:\/\/teknomet.pl\/wp-content\/uploads\/2022\/04\/Teknomet-produkcja-kooperacja-12-1024x683.jpg\" alt=\"\" class=\"wp-image-2184\" srcset=\"https:\/\/teknomet.pl\/wp-content\/uploads\/2022\/04\/Teknomet-produkcja-kooperacja-12-1024x683.jpg 1024w, https:\/\/teknomet.pl\/wp-content\/uploads\/2022\/04\/Teknomet-produkcja-kooperacja-12-300x200.jpg 300w, https:\/\/teknomet.pl\/wp-content\/uploads\/2022\/04\/Teknomet-produkcja-kooperacja-12-768x512.jpg 768w, https:\/\/teknomet.pl\/wp-content\/uploads\/2022\/04\/Teknomet-produkcja-kooperacja-12-1536x1024.jpg 1536w, https:\/\/teknomet.pl\/wp-content\/uploads\/2022\/04\/Teknomet-produkcja-kooperacja-12.jpg 1920w\" sizes=\"auto, (max-width: 1024px) 100vw, 1024px\" \/><\/figure>\n\n\n\n<figure class=\"wp-block-image size-large\"><img loading=\"lazy\" decoding=\"async\" width=\"1024\" height=\"683\" data-id=\"2188\" src=\"http:\/\/teknomet.pl\/wp-content\/uploads\/2022\/04\/Teknomet-produkcja-kooperacja-58-1024x683.jpg\" alt=\"\" class=\"wp-image-2188\" srcset=\"https:\/\/teknomet.pl\/wp-content\/uploads\/2022\/04\/Teknomet-produkcja-kooperacja-58-1024x683.jpg 1024w, https:\/\/teknomet.pl\/wp-content\/uploads\/2022\/04\/Teknomet-produkcja-kooperacja-58-300x200.jpg 300w, https:\/\/teknomet.pl\/wp-content\/uploads\/2022\/04\/Teknomet-produkcja-kooperacja-58-768x512.jpg 768w, https:\/\/teknomet.pl\/wp-content\/uploads\/2022\/04\/Teknomet-produkcja-kooperacja-58-1536x1024.jpg 1536w, https:\/\/teknomet.pl\/wp-content\/uploads\/2022\/04\/Teknomet-produkcja-kooperacja-58.jpg 1920w\" sizes=\"auto, (max-width: 1024px) 100vw, 1024px\" \/><\/figure>\n\n\n\n<figure class=\"wp-block-image size-large\"><img loading=\"lazy\" decoding=\"async\" width=\"1024\" height=\"683\" data-id=\"2192\" src=\"http:\/\/teknomet.pl\/wp-content\/uploads\/2022\/04\/Teknomet-produkcja-kooperacja-75-1024x683.jpg\" alt=\"\" class=\"wp-image-2192\" srcset=\"https:\/\/teknomet.pl\/wp-content\/uploads\/2022\/04\/Teknomet-produkcja-kooperacja-75-1024x683.jpg 1024w, https:\/\/teknomet.pl\/wp-content\/uploads\/2022\/04\/Teknomet-produkcja-kooperacja-75-300x200.jpg 300w, https:\/\/teknomet.pl\/wp-content\/uploads\/2022\/04\/Teknomet-produkcja-kooperacja-75-768x512.jpg 768w, https:\/\/teknomet.pl\/wp-content\/uploads\/2022\/04\/Teknomet-produkcja-kooperacja-75-1536x1024.jpg 1536w, https:\/\/teknomet.pl\/wp-content\/uploads\/2022\/04\/Teknomet-produkcja-kooperacja-75.jpg 1920w\" sizes=\"auto, (max-width: 1024px) 100vw, 1024px\" \/><\/figure>\n<\/figure>\n\n\n\n<p><\/p>\n\n\n<\/div>\n\n<a class=\"button-container\" href=\"https:\/\/teknomet.pl\/no\/zlec-produkcje\/\">\n\t<span data-aos=\"zoom-in\">\u00d8nsker du \u00e5 sp\u00f8rre om prisen eller vil du legge inn en bestilling? Kontakt oss!<\/span>\n<\/a>\n\n\n<div style=\"height:50px\" aria-hidden=\"true\" class=\"wp-block-spacer\"><\/div>\n\n\n<div class=\"icons\">\n\t<h2 class=\"title\" data-aos=\"fade-up\">12 gode grunner til \u00e5 <span>samarbeide med oss<\/span><\/h2>\n\t<div class=\"icons__container\">\n\t\t\t\t\t<article data-aos=\"fade-down\">\n\t\t\t\t<img decoding=\"async\" src=\"https:\/\/teknomet.pl\/wp-content\/uploads\/2021\/12\/01.png\" alt=\"Egen konstruksjonsavdeling\">\n\t\t\t\t<h4>Egen konstruksjonsavdeling<\/h4>\n\t\t\t<\/article>\n\t\t\t\t\t<article data-aos=\"fade-down\">\n\t\t\t\t<img decoding=\"async\" src=\"https:\/\/teknomet.pl\/wp-content\/uploads\/2021\/12\/04.png\" alt=\"Prototyping av produkter\">\n\t\t\t\t<h4>Prototyping av produkter<\/h4>\n\t\t\t<\/article>\n\t\t\t\t\t<article data-aos=\"fade-down\">\n\t\t\t\t<img decoding=\"async\" src=\"https:\/\/teknomet.pl\/wp-content\/uploads\/2021\/12\/05.png\" alt=\"Kompleks produksjon\">\n\t\t\t\t<h4>Kompleks produksjon<\/h4>\n\t\t\t<\/article>\n\t\t\t\t\t<article data-aos=\"fade-down\">\n\t\t\t\t<img decoding=\"async\" src=\"https:\/\/teknomet.pl\/wp-content\/uploads\/2021\/12\/02.png\" alt=\"20 \u00e5rs erfaring\">\n\t\t\t\t<h4>20 \u00e5rs erfaring<\/h4>\n\t\t\t<\/article>\n\t\t\t\t\t<article data-aos=\"fade-down\">\n\t\t\t\t<img decoding=\"async\" src=\"https:\/\/teknomet.pl\/wp-content\/uploads\/2021\/12\/08.png\" alt=\"Sm\u00e5 og store produksjonsserier (fra 1 stykke)\">\n\t\t\t\t<h4>Sm\u00e5 og store produksjonsserier (fra 1 stykke)<\/h4>\n\t\t\t<\/article>\n\t\t\t\t\t<article data-aos=\"fade-down\">\n\t\t\t\t<img decoding=\"async\" src=\"https:\/\/teknomet.pl\/wp-content\/uploads\/2021\/12\/06.png\" alt=\"Nesten 5000m2 av varmisolerte produksjonshaller\">\n\t\t\t\t<h4>Nesten 5000m2 av varmisolerte produksjonshaller<\/h4>\n\t\t\t<\/article>\n\t\t\t\t\t<article data-aos=\"fade-down\">\n\t\t\t\t<img decoding=\"async\" src=\"https:\/\/teknomet.pl\/wp-content\/uploads\/2021\/12\/12.png\" alt=\"Egne lagerhaller\">\n\t\t\t\t<h4>Egne lagerhaller<\/h4>\n\t\t\t<\/article>\n\t\t\t\t\t<article data-aos=\"fade-down\">\n\t\t\t\t<img decoding=\"async\" src=\"https:\/\/teknomet.pl\/wp-content\/uploads\/2021\/12\/03.png\" alt=\"Moderne maskinpark for st\u00e5lbearbeiding\">\n\t\t\t\t<h4>Moderne maskinpark for st\u00e5lbearbeiding<\/h4>\n\t\t\t<\/article>\n\t\t\t\t\t<article data-aos=\"fade-down\">\n\t\t\t\t<img decoding=\"async\" src=\"https:\/\/teknomet.pl\/wp-content\/uploads\/2021\/12\/11.png\" alt=\"Gunstige produksjonspriser\">\n\t\t\t\t<h4>Gunstige produksjonspriser<\/h4>\n\t\t\t<\/article>\n\t\t\t\t\t<article data-aos=\"fade-down\">\n\t\t\t\t<img decoding=\"async\" src=\"https:\/\/teknomet.pl\/wp-content\/uploads\/2021\/12\/10.png\" alt=\"Polsk produksjon\">\n\t\t\t\t<h4>Polsk produksjon<\/h4>\n\t\t\t<\/article>\n\t\t\t\t\t<article data-aos=\"fade-down\">\n\t\t\t\t<img decoding=\"async\" src=\"https:\/\/teknomet.pl\/wp-content\/uploads\/2021\/12\/09.png\" alt=\"135 spesialister som s\u00f8rger for rettidig gjennomf\u00f8ring av hver bestilling\">\n\t\t\t\t<h4>135 spesialister som s\u00f8rger for rettidig gjennomf\u00f8ring av hver bestilling<\/h4>\n\t\t\t<\/article>\n\t\t\t\t\t<article data-aos=\"fade-down\">\n\t\t\t\t<img decoding=\"async\" src=\"https:\/\/teknomet.pl\/wp-content\/uploads\/2021\/12\/07.png\" alt=\"Levering til alle land i Europa og verden\">\n\t\t\t\t<h4>Levering til alle land i Europa og verden<\/h4>\n\t\t\t<\/article>\n\t\t\t<\/div>\n\t\t\t<div class=\"icons-button\">\n\t\t\t\t\t\t\t<a href=\"https:\/\/teknomet.pl\/no\/jakosc\/park-maszynowy\/\" class=\"more\">Kjenn kvaliteten v\u00e5r <\/a>\n\t\t\t\t\t\t\t<a href=\"https:\/\/teknomet.pl\/no\/firma\/rozwoj\/\" class=\"more\">Kjenn firmaet v\u00e5rt<\/a>\n\t\t\t\t\t<\/div>\n\t<\/div>","protected":false},"excerpt":{"rendered":"<p>Vi lager varepr\u00f8ver som blir grunnlaget for \u00e5 starte en serieproduksjon. En prototype gir mulighet til \u00e5 teste egenskaper og funksjon som sluttproduktet skal ha, og eliminere potensielle defekter og mangler. &nbsp;<\/p>\n","protected":false},"author":1,"featured_media":0,"parent":2732,"menu_order":1,"comment_status":"closed","ping_status":"closed","template":"","meta":{"_acf_changed":false,"_monsterinsights_skip_tracking":false,"_monsterinsights_sitenote_active":false,"_monsterinsights_sitenote_note":"","_monsterinsights_sitenote_category":0,"footnotes":"","_links_to":"","_links_to_target":""},"class_list":["post-2734","page","type-page","status-publish","hentry"],"acf":[],"aioseo_notices":[],"_links":{"self":[{"href":"https:\/\/teknomet.pl\/no\/wp-json\/wp\/v2\/pages\/2734","targetHints":{"allow":["GET"]}}],"collection":[{"href":"https:\/\/teknomet.pl\/no\/wp-json\/wp\/v2\/pages"}],"about":[{"href":"https:\/\/teknomet.pl\/no\/wp-json\/wp\/v2\/types\/page"}],"author":[{"embeddable":true,"href":"https:\/\/teknomet.pl\/no\/wp-json\/wp\/v2\/users\/1"}],"replies":[{"embeddable":true,"href":"https:\/\/teknomet.pl\/no\/wp-json\/wp\/v2\/comments?post=2734"}],"version-history":[{"count":3,"href":"https:\/\/teknomet.pl\/no\/wp-json\/wp\/v2\/pages\/2734\/revisions"}],"predecessor-version":[{"id":3438,"href":"https:\/\/teknomet.pl\/no\/wp-json\/wp\/v2\/pages\/2734\/revisions\/3438"}],"up":[{"embeddable":true,"href":"https:\/\/teknomet.pl\/no\/wp-json\/wp\/v2\/pages\/2732"}],"wp:attachment":[{"href":"https:\/\/teknomet.pl\/no\/wp-json\/wp\/v2\/media?parent=2734"}],"curies":[{"name":"wp","href":"https:\/\/api.w.org\/{rel}","templated":true}]}}