{"id":2732,"date":"2021-12-01T10:40:09","date_gmt":"2021-12-01T10:40:09","guid":{"rendered":"https:\/\/teknomet.pl\/uslugi\/"},"modified":"2022-08-11T15:03:56","modified_gmt":"2022-08-11T15:03:56","slug":"uslugi","status":"publish","type":"page","link":"https:\/\/teknomet.pl\/no\/uslugi\/","title":{"rendered":"TJENESTER"},"content":{"rendered":"<div class=\"page-header page-header__big\">\n\t<div class=\"cover\">\n\t\t<img decoding=\"async\" src=\"https:\/\/teknomet.pl\/wp-content\/uploads\/2021\/12\/teknomet.jpg\" alt=\"TJENESTER\">\n\t<\/div>\n\t\t<div class=\"text-container\">\n\t\t<h1>TJENESTER<\/h1>\n\t\t<p class=\"p1\">Vi tilbyr et bredt spekter av tjenester levert av fagl\u00e6rte og spesialiserte arbeidere med mange \u00e5rs erfaring.<\/p>\n\t\t\t\t\t<a href=\"#\" class=\"scroll-down\">\n\t\t\t\t<img decoding=\"async\" src=\"https:\/\/teknomet.pl\/wp-content\/themes\/teknomet\/assets\/svg\/scroll-down.svg\" alt=\"Scroll down\">\n\t\t\t\t<span>Se detaljer <\/span>\n\t\t\t<\/a>\n\t\t\t<\/div>\n\t<\/div>\n<div class=\"breadcrumbs\">\n\t<div id=\"crumbs\"><a href=\"https:\/\/teknomet.pl\/no\/\">Hjemmeside<\/a> <span class=\"spacer\">|<\/span> <span class=\"current\">Side<\/span><\/div><\/div>\n\n<div class=\"container\">\n\n\n<h2 class=\"has-black-color has-text-color has-medium-font-size wp-block-heading\" id=\"zapewniamy-sprawne-i-szybkie-realizacje-stosujemy-materialy-od-najlepszych-swiatowych-producentow\">Vi sikrer rask og effektiv gjennomf\u00f8ring av en bestilling. Vi bruker materialer fra verdens beste produsenter.<\/h2>\n\n\n\n<p>V\u00e5rt tilbud omfatter tjenester som utnytter moderne teknologier. Vi tilbyr ogs\u00e5 tjenester som vi utf\u00f8rer ved \u00e5 bruke upopul\u00e6re teknologiske linjer som i tillegg er unike p\u00e5 det lokale markedet, for eksempel: automatisk linje for elektropolering, emaljeringsverksted og moderne pulverlakkeringsanlegg. Alle tjenester gjennomf\u00f8res ved bruk av maskinene og utstyret vi har i v\u00e5rt eget produksjonsanlegg. Takket v\u00e6re det kan vi kontrollere alle stadiene av tjenestelevering.<\/p>\n\n\n\n<p>Vi tilbyr f\u00f8lgende tjenester:<\/p>\n\n\n<\/div>\n\n<div class=\"products\">\n\t\t\t<a href=\"https:\/\/teknomet.pl\/no\/uslugi\/obrobka-stali-plastyczna-ubytkowa-oraz-spawanie\/\">\n\t\t\t<img decoding=\"async\" src=\"https:\/\/teknomet.pl\/wp-content\/uploads\/2022\/03\/Teknomet-produkcja-kooperacja-21.jpg\" alt=\"ST\u00c5LBEARBEIDING: FORMING, MASKINERING OG SVEISING\">\n\t\t\t<h2>ST\u00c5LBEARBEIDING: FORMING, MASKINERING OG SVEISING<\/h2>\n\t\t<\/a>\n\t\t\t<a href=\"https:\/\/teknomet.pl\/no\/uslugi\/prototypowanie-produkcja-prototypow\/\">\n\t\t\t<img decoding=\"async\" src=\"https:\/\/teknomet.pl\/wp-content\/uploads\/2022\/01\/Screenshot-2022-01-11-at-10.40.53.png\" alt=\"PROTOTYPING\">\n\t\t\t<h2>PROTOTYPING<\/h2>\n\t\t<\/a>\n\t\t\t<a href=\"https:\/\/teknomet.pl\/no\/uslugi\/elektropolerowanie-stali-nierdzewnej\/\">\n\t\t\t<img decoding=\"async\" src=\"https:\/\/teknomet.pl\/wp-content\/uploads\/2022\/01\/Screenshot-2022-01-11-at-10.43.22.png\" alt=\"ELEKTROPOLERING AV RUSTFRITT ST\u00c5L\">\n\t\t\t<h2>ELEKTROPOLERING AV RUSTFRITT ST\u00c5L<\/h2>\n\t\t<\/a>\n\t\t\t<a href=\"https:\/\/teknomet.pl\/no\/uslugi\/nakladanie-powlok-2\/\">\n\t\t\t<img decoding=\"async\" src=\"https:\/\/teknomet.pl\/wp-content\/uploads\/2022\/01\/Screenshot-2022-01-11-at-10.45.23.png\" alt=\"OVERFLATEBEHANDLING\">\n\t\t\t<h2>OVERFLATEBEHANDLING<\/h2>\n\t\t<\/a>\n\t<\/div>\n\n\n<a class=\"button-container\" href=\"https:\/\/teknomet.pl\/no\/zlec-produkcje\/\">\n\t<span data-aos=\"zoom-in\">\u00d8nsker du \u00e5 sp\u00f8rre om prisen eller vil du legge inn en bestilling? Kontakt oss!<\/span>\n<\/a>\n\n\n<div style=\"height:50px\" aria-hidden=\"true\" class=\"wp-block-spacer\"><\/div>\n\n\n<div class=\"icons\">\n\t<h2 class=\"title\" data-aos=\"fade-up\">12 gode grunner til \u00e5 <span>samarbeide med oss<\/span><\/h2>\n\t<div class=\"icons__container\">\n\t\t\t\t\t<article data-aos=\"fade-down\">\n\t\t\t\t<img decoding=\"async\" src=\"https:\/\/teknomet.pl\/wp-content\/uploads\/2021\/12\/01.png\" alt=\"Egen konstruksjonsavdeling\">\n\t\t\t\t<h4>Egen konstruksjonsavdeling<\/h4>\n\t\t\t<\/article>\n\t\t\t\t\t<article data-aos=\"fade-down\">\n\t\t\t\t<img decoding=\"async\" src=\"https:\/\/teknomet.pl\/wp-content\/uploads\/2021\/12\/04.png\" alt=\"Prototyping av produkter\">\n\t\t\t\t<h4>Prototyping av produkter<\/h4>\n\t\t\t<\/article>\n\t\t\t\t\t<article data-aos=\"fade-down\">\n\t\t\t\t<img decoding=\"async\" src=\"https:\/\/teknomet.pl\/wp-content\/uploads\/2021\/12\/05.png\" alt=\"Kompleks produksjon\">\n\t\t\t\t<h4>Kompleks produksjon<\/h4>\n\t\t\t<\/article>\n\t\t\t\t\t<article data-aos=\"fade-down\">\n\t\t\t\t<img decoding=\"async\" src=\"https:\/\/teknomet.pl\/wp-content\/uploads\/2021\/12\/02.png\" alt=\"20 \u00e5rs erfaring\">\n\t\t\t\t<h4>20 \u00e5rs erfaring<\/h4>\n\t\t\t<\/article>\n\t\t\t\t\t<article data-aos=\"fade-down\">\n\t\t\t\t<img decoding=\"async\" src=\"https:\/\/teknomet.pl\/wp-content\/uploads\/2021\/12\/08.png\" alt=\"Sm\u00e5 og store produksjonsserier (fra 1 stykke)\">\n\t\t\t\t<h4>Sm\u00e5 og store produksjonsserier (fra 1 stykke)<\/h4>\n\t\t\t<\/article>\n\t\t\t\t\t<article data-aos=\"fade-down\">\n\t\t\t\t<img decoding=\"async\" src=\"https:\/\/teknomet.pl\/wp-content\/uploads\/2021\/12\/06.png\" alt=\"Nesten 5000m2 av varmisolerte produksjonshaller\">\n\t\t\t\t<h4>Nesten 5000m2 av varmisolerte produksjonshaller<\/h4>\n\t\t\t<\/article>\n\t\t\t\t\t<article data-aos=\"fade-down\">\n\t\t\t\t<img decoding=\"async\" src=\"https:\/\/teknomet.pl\/wp-content\/uploads\/2021\/12\/12.png\" alt=\"Egne lagerhaller\">\n\t\t\t\t<h4>Egne lagerhaller<\/h4>\n\t\t\t<\/article>\n\t\t\t\t\t<article data-aos=\"fade-down\">\n\t\t\t\t<img decoding=\"async\" src=\"https:\/\/teknomet.pl\/wp-content\/uploads\/2021\/12\/03.png\" alt=\"Moderne maskinpark for st\u00e5lbearbeiding\">\n\t\t\t\t<h4>Moderne maskinpark for st\u00e5lbearbeiding<\/h4>\n\t\t\t<\/article>\n\t\t\t\t\t<article data-aos=\"fade-down\">\n\t\t\t\t<img decoding=\"async\" src=\"https:\/\/teknomet.pl\/wp-content\/uploads\/2021\/12\/11.png\" alt=\"Gunstige produksjonspriser\">\n\t\t\t\t<h4>Gunstige produksjonspriser<\/h4>\n\t\t\t<\/article>\n\t\t\t\t\t<article data-aos=\"fade-down\">\n\t\t\t\t<img decoding=\"async\" src=\"https:\/\/teknomet.pl\/wp-content\/uploads\/2021\/12\/10.png\" alt=\"Polsk produksjon\">\n\t\t\t\t<h4>Polsk produksjon<\/h4>\n\t\t\t<\/article>\n\t\t\t\t\t<article data-aos=\"fade-down\">\n\t\t\t\t<img decoding=\"async\" src=\"https:\/\/teknomet.pl\/wp-content\/uploads\/2021\/12\/09.png\" alt=\"135 spesialister som s\u00f8rger for rettidig gjennomf\u00f8ring av hver bestilling\">\n\t\t\t\t<h4>135 spesialister som s\u00f8rger for rettidig gjennomf\u00f8ring av hver bestilling<\/h4>\n\t\t\t<\/article>\n\t\t\t\t\t<article data-aos=\"fade-down\">\n\t\t\t\t<img decoding=\"async\" src=\"https:\/\/teknomet.pl\/wp-content\/uploads\/2021\/12\/07.png\" alt=\"Levering til alle land i Europa og verden\">\n\t\t\t\t<h4>Levering til alle land i Europa og verden<\/h4>\n\t\t\t<\/article>\n\t\t\t<\/div>\n\t\t\t<div class=\"icons-button\">\n\t\t\t\t\t\t\t<a href=\"https:\/\/teknomet.pl\/no\/jakosc\/park-maszynowy\/\" class=\"more\">Kjenn kvaliteten v\u00e5r <\/a>\n\t\t\t\t\t\t\t<a href=\"https:\/\/teknomet.pl\/no\/firma\/rozwoj\/\" class=\"more\">Kjenn firmaet v\u00e5rt<\/a>\n\t\t\t\t\t<\/div>\n\t<\/div>","protected":false},"excerpt":{"rendered":"<p>Vi sikrer rask og effektiv gjennomf\u00f8ring av en bestilling. Vi bruker materialer fra verdens beste produsenter. V\u00e5rt tilbud omfatter tjenester som utnytter moderne teknologier. Vi tilbyr ogs\u00e5 tjenester som vi utf\u00f8rer ved \u00e5 bruke upopul\u00e6re teknologiske linjer som i tillegg er unike p\u00e5 det lokale markedet, for eksempel: automatisk linje for elektropolering, emaljeringsverksted og moderne [&hellip;]<\/p>\n","protected":false},"author":1,"featured_media":0,"parent":0,"menu_order":5,"comment_status":"closed","ping_status":"closed","template":"","meta":{"_acf_changed":false,"_monsterinsights_skip_tracking":false,"_monsterinsights_sitenote_active":false,"_monsterinsights_sitenote_note":"","_monsterinsights_sitenote_category":0,"footnotes":"","_links_to":"","_links_to_target":""},"class_list":["post-2732","page","type-page","status-publish","hentry"],"acf":[],"aioseo_notices":[],"_links":{"self":[{"href":"https:\/\/teknomet.pl\/no\/wp-json\/wp\/v2\/pages\/2732","targetHints":{"allow":["GET"]}}],"collection":[{"href":"https:\/\/teknomet.pl\/no\/wp-json\/wp\/v2\/pages"}],"about":[{"href":"https:\/\/teknomet.pl\/no\/wp-json\/wp\/v2\/types\/page"}],"author":[{"embeddable":true,"href":"https:\/\/teknomet.pl\/no\/wp-json\/wp\/v2\/users\/1"}],"replies":[{"embeddable":true,"href":"https:\/\/teknomet.pl\/no\/wp-json\/wp\/v2\/comments?post=2732"}],"version-history":[{"count":5,"href":"https:\/\/teknomet.pl\/no\/wp-json\/wp\/v2\/pages\/2732\/revisions"}],"predecessor-version":[{"id":3456,"href":"https:\/\/teknomet.pl\/no\/wp-json\/wp\/v2\/pages\/2732\/revisions\/3456"}],"wp:attachment":[{"href":"https:\/\/teknomet.pl\/no\/wp-json\/wp\/v2\/media?parent=2732"}],"curies":[{"name":"wp","href":"https:\/\/api.w.org\/{rel}","templated":true}]}}