{"id":2730,"date":"2021-12-11T08:35:45","date_gmt":"2021-12-11T08:35:45","guid":{"rendered":"https:\/\/teknomet.pl\/konstrukcje-stalowe\/konstrukcje-na-zamowienie\/"},"modified":"2022-05-09T07:44:32","modified_gmt":"2022-05-09T07:44:32","slug":"konstrukcje-na-zamowienie","status":"publish","type":"page","link":"https:\/\/teknomet.pl\/no\/konstrukcje-stalowe\/konstrukcje-na-zamowienie\/","title":{"rendered":"KONSTRUKSJONER P\u00c5 BESTILLING"},"content":{"rendered":"<div class=\"page-header page-header__big\">\n\t<div class=\"cover\">\n\t\t<img decoding=\"async\" src=\"https:\/\/teknomet.pl\/wp-content\/uploads\/2021\/12\/teknomet.jpg\" alt=\"KONSTRUKSJONER P\u00c5 BESTILLING\">\n\t<\/div>\n\t\t<div class=\"text-container\">\n\t\t<h1>KONSTRUKSJONER P\u00c5 BESTILLING<\/h1>\n\t\t<p class=\"p1\">Vi produserer st\u00e5lkonstruksjoner etter kundens individuelle id\u00e9er. Vi gjennomf\u00f8rer uvanlige og unike prosjekter.<\/p>\n\t\t\t\t\t<a href=\"#\" class=\"scroll-down\">\n\t\t\t\t<img decoding=\"async\" src=\"https:\/\/teknomet.pl\/wp-content\/themes\/teknomet\/assets\/svg\/scroll-down.svg\" alt=\"Scroll down\">\n\t\t\t\t<span>Se detaljer <\/span>\n\t\t\t<\/a>\n\t\t\t<\/div>\n\t<\/div>\n<div class=\"breadcrumbs\">\n\t<div id=\"crumbs\"><a href=\"https:\/\/teknomet.pl\/no\/\">Hjemmeside<\/a> <span class=\"spacer\">|<\/span> <span class=\"current\">Side<\/span><\/div><\/div>\n\n<div class=\"container\">\n\n\n<h2 class=\"has-black-color has-text-color has-medium-font-size wp-block-heading\" id=\"bazujemy-na-zaawansowanych-technologiach-i-nowoczesnym-parku-maszynowym-a-takze-dobrej-jakosci-surowcach-i-wykwalifikowanej-kadrze\">Vi baserer p\u00e5 avansert teknologi og moderne maskinpark, samt god kvalitet p\u00e5 r\u00e5varer og kvalifiserte arbeidere. <\/h2>\n\n\n\n<p>Vi har egen konstruksjonsavdeling. All produksjon foreg\u00e5r i v\u00e5rt produksjonsanlegg i Polen.<\/p>\n\n\n\n<figure class=\"wp-block-gallery has-nested-images columns-default is-cropped wp-block-gallery-1 is-layout-flex wp-block-gallery-is-layout-flex\">\n<figure class=\"wp-block-image size-large\"><img loading=\"lazy\" decoding=\"async\" width=\"1024\" height=\"768\" data-id=\"2166\" src=\"http:\/\/teknomet.pl\/wp-content\/uploads\/2022\/04\/photo_2022-02-03_15-38-19-1-1024x768.jpg\" alt=\"\" class=\"wp-image-2166\" srcset=\"https:\/\/teknomet.pl\/wp-content\/uploads\/2022\/04\/photo_2022-02-03_15-38-19-1-1024x768.jpg 1024w, https:\/\/teknomet.pl\/wp-content\/uploads\/2022\/04\/photo_2022-02-03_15-38-19-1-300x225.jpg 300w, https:\/\/teknomet.pl\/wp-content\/uploads\/2022\/04\/photo_2022-02-03_15-38-19-1-768x576.jpg 768w, https:\/\/teknomet.pl\/wp-content\/uploads\/2022\/04\/photo_2022-02-03_15-38-19-1.jpg 1280w\" sizes=\"auto, (max-width: 1024px) 100vw, 1024px\" \/><\/figure>\n\n\n\n<figure class=\"wp-block-image size-large\"><img loading=\"lazy\" decoding=\"async\" width=\"1024\" height=\"768\" data-id=\"2170\" src=\"http:\/\/teknomet.pl\/wp-content\/uploads\/2022\/04\/photo_2022-02-03_15-38-26-1-1-1024x768.jpg\" alt=\"\" class=\"wp-image-2170\" srcset=\"https:\/\/teknomet.pl\/wp-content\/uploads\/2022\/04\/photo_2022-02-03_15-38-26-1-1-1024x768.jpg 1024w, https:\/\/teknomet.pl\/wp-content\/uploads\/2022\/04\/photo_2022-02-03_15-38-26-1-1-300x225.jpg 300w, https:\/\/teknomet.pl\/wp-content\/uploads\/2022\/04\/photo_2022-02-03_15-38-26-1-1-768x576.jpg 768w, https:\/\/teknomet.pl\/wp-content\/uploads\/2022\/04\/photo_2022-02-03_15-38-26-1-1.jpg 1280w\" sizes=\"auto, (max-width: 1024px) 100vw, 1024px\" \/><\/figure>\n<\/figure>\n\n\n\n<p>St\u00e5lkomponenter produsert av oss, fungerer godt i private hjem, offentlige bygninger s\u00e5 vel som i n\u00e6ringsbygg.<\/p>\n\n\n\n<p>St\u00e5lproduktene er lette og holdbare, og samtidig har de enest\u00e5ende estetiske egenskaper. V\u00e5re produkter passer b\u00e5de til moderne og tradisjonelle bygninger. Vi samarbeider med distribut\u00f8rer, grossister, import\u00f8rer, butikkjeder og individuelle investorer. Produkter vi lager, er basert p\u00e5 unike prosjekter og kan markeres med kundens varemerke.<\/p>\n\n\n\n<p>Sjekk hva vi kan produsere til deg:<\/p>\n\n\n\n<ul class=\"wp-block-list\"><li>Rekkverk<\/li><li>Trapper<\/li><li>Bygges\u00f8yler<\/li><li>Byggebjelker<\/li><li>Gitre<\/li><\/ul>\n\n\n\n<figure class=\"wp-block-gallery has-nested-images columns-default is-cropped wp-block-gallery-2 is-layout-flex wp-block-gallery-is-layout-flex\">\n<figure class=\"wp-block-image size-large\"><img loading=\"lazy\" decoding=\"async\" width=\"768\" height=\"512\" data-id=\"2162\" src=\"http:\/\/teknomet.pl\/wp-content\/uploads\/2022\/04\/photo_2022-02-03_15-37-59-2-edited.jpg\" alt=\"\" class=\"wp-image-2162\" srcset=\"https:\/\/teknomet.pl\/wp-content\/uploads\/2022\/04\/photo_2022-02-03_15-37-59-2-edited.jpg 768w, https:\/\/teknomet.pl\/wp-content\/uploads\/2022\/04\/photo_2022-02-03_15-37-59-2-edited-300x200.jpg 300w\" sizes=\"auto, (max-width: 768px) 100vw, 768px\" \/><\/figure>\n<\/figure>\n\n\n<\/div>\n\n\n<div style=\"height:50px\" aria-hidden=\"true\" class=\"wp-block-spacer\"><\/div>\n\n\n<a class=\"button-container\" href=\"https:\/\/teknomet.pl\/no\/zlec-produkcje\/\">\n\t<span data-aos=\"zoom-in\">\u00d8nsker du \u00e5 sp\u00f8rre om prisen eller vil du legge inn en bestilling? Kontakt oss!<\/span>\n<\/a>\n\n\n<div style=\"height:50px\" aria-hidden=\"true\" class=\"wp-block-spacer\"><\/div>\n\n\n<div class=\"icons\">\n\t<h2 class=\"title\" data-aos=\"fade-up\">12 gode grunner til \u00e5 <span>samarbeide med oss<\/span><\/h2>\n\t<div class=\"icons__container\">\n\t\t\t\t\t<article data-aos=\"fade-down\">\n\t\t\t\t<img decoding=\"async\" src=\"https:\/\/teknomet.pl\/wp-content\/uploads\/2021\/12\/01.png\" alt=\"Egen konstruksjonsavdeling\">\n\t\t\t\t<h4>Egen konstruksjonsavdeling<\/h4>\n\t\t\t<\/article>\n\t\t\t\t\t<article data-aos=\"fade-down\">\n\t\t\t\t<img decoding=\"async\" src=\"https:\/\/teknomet.pl\/wp-content\/uploads\/2021\/12\/04.png\" alt=\"Prototyping av produkter\">\n\t\t\t\t<h4>Prototyping av produkter<\/h4>\n\t\t\t<\/article>\n\t\t\t\t\t<article data-aos=\"fade-down\">\n\t\t\t\t<img decoding=\"async\" src=\"https:\/\/teknomet.pl\/wp-content\/uploads\/2021\/12\/05.png\" alt=\"Kompleks produksjon\">\n\t\t\t\t<h4>Kompleks produksjon<\/h4>\n\t\t\t<\/article>\n\t\t\t\t\t<article data-aos=\"fade-down\">\n\t\t\t\t<img decoding=\"async\" src=\"https:\/\/teknomet.pl\/wp-content\/uploads\/2021\/12\/02.png\" alt=\"20 \u00e5rs erfaring\">\n\t\t\t\t<h4>20 \u00e5rs erfaring<\/h4>\n\t\t\t<\/article>\n\t\t\t\t\t<article data-aos=\"fade-down\">\n\t\t\t\t<img decoding=\"async\" src=\"https:\/\/teknomet.pl\/wp-content\/uploads\/2021\/12\/08.png\" alt=\"Sm\u00e5 og store produksjonsserier (fra 1 stykke)\">\n\t\t\t\t<h4>Sm\u00e5 og store produksjonsserier (fra 1 stykke)<\/h4>\n\t\t\t<\/article>\n\t\t\t\t\t<article data-aos=\"fade-down\">\n\t\t\t\t<img decoding=\"async\" src=\"https:\/\/teknomet.pl\/wp-content\/uploads\/2021\/12\/06.png\" alt=\"Nesten 5000m2 av varmisolerte produksjonshaller\">\n\t\t\t\t<h4>Nesten 5000m2 av varmisolerte produksjonshaller<\/h4>\n\t\t\t<\/article>\n\t\t\t\t\t<article data-aos=\"fade-down\">\n\t\t\t\t<img decoding=\"async\" src=\"https:\/\/teknomet.pl\/wp-content\/uploads\/2021\/12\/12.png\" alt=\"Egne lagerhaller\">\n\t\t\t\t<h4>Egne lagerhaller<\/h4>\n\t\t\t<\/article>\n\t\t\t\t\t<article data-aos=\"fade-down\">\n\t\t\t\t<img decoding=\"async\" src=\"https:\/\/teknomet.pl\/wp-content\/uploads\/2021\/12\/03.png\" alt=\"Moderne maskinpark for st\u00e5lbearbeiding\">\n\t\t\t\t<h4>Moderne maskinpark for st\u00e5lbearbeiding<\/h4>\n\t\t\t<\/article>\n\t\t\t\t\t<article data-aos=\"fade-down\">\n\t\t\t\t<img decoding=\"async\" src=\"https:\/\/teknomet.pl\/wp-content\/uploads\/2021\/12\/11.png\" alt=\"Gunstige produksjonspriser\">\n\t\t\t\t<h4>Gunstige produksjonspriser<\/h4>\n\t\t\t<\/article>\n\t\t\t\t\t<article data-aos=\"fade-down\">\n\t\t\t\t<img decoding=\"async\" src=\"https:\/\/teknomet.pl\/wp-content\/uploads\/2021\/12\/10.png\" alt=\"Polsk produksjon\">\n\t\t\t\t<h4>Polsk produksjon<\/h4>\n\t\t\t<\/article>\n\t\t\t\t\t<article data-aos=\"fade-down\">\n\t\t\t\t<img decoding=\"async\" src=\"https:\/\/teknomet.pl\/wp-content\/uploads\/2021\/12\/09.png\" alt=\"135 spesialister som s\u00f8rger for rettidig gjennomf\u00f8ring av hver bestilling\">\n\t\t\t\t<h4>135 spesialister som s\u00f8rger for rettidig gjennomf\u00f8ring av hver bestilling<\/h4>\n\t\t\t<\/article>\n\t\t\t\t\t<article data-aos=\"fade-down\">\n\t\t\t\t<img decoding=\"async\" src=\"https:\/\/teknomet.pl\/wp-content\/uploads\/2021\/12\/07.png\" alt=\"Levering til alle land i Europa og verden\">\n\t\t\t\t<h4>Levering til alle land i Europa og verden<\/h4>\n\t\t\t<\/article>\n\t\t\t<\/div>\n\t\t\t<div class=\"icons-button\">\n\t\t\t\t\t\t\t<a href=\"https:\/\/teknomet.pl\/no\/jakosc\/park-maszynowy\/\" class=\"more\">Kjenn kvaliteten v\u00e5r <\/a>\n\t\t\t\t\t\t\t<a href=\"https:\/\/teknomet.pl\/no\/firma\/rozwoj\/\" class=\"more\">Kjenn firmaet v\u00e5rt<\/a>\n\t\t\t\t\t<\/div>\n\t<\/div>","protected":false},"excerpt":{"rendered":"<p>Vi baserer p\u00e5 avansert teknologi og moderne maskinpark, samt god kvalitet p\u00e5 r\u00e5varer og kvalifiserte arbeidere. Vi har egen konstruksjonsavdeling. All produksjon foreg\u00e5r i v\u00e5rt produksjonsanlegg i Polen. St\u00e5lkomponenter produsert av oss, fungerer godt i private hjem, offentlige bygninger s\u00e5 vel som i n\u00e6ringsbygg. St\u00e5lproduktene er lette og holdbare, og samtidig har de enest\u00e5ende estetiske [&hellip;]<\/p>\n","protected":false},"author":1,"featured_media":0,"parent":2726,"menu_order":3,"comment_status":"closed","ping_status":"closed","template":"","meta":{"_acf_changed":false,"_monsterinsights_skip_tracking":false,"_monsterinsights_sitenote_active":false,"_monsterinsights_sitenote_note":"","_monsterinsights_sitenote_category":0,"footnotes":"","_links_to":"","_links_to_target":""},"class_list":["post-2730","page","type-page","status-publish","hentry"],"acf":[],"aioseo_notices":[],"_links":{"self":[{"href":"https:\/\/teknomet.pl\/no\/wp-json\/wp\/v2\/pages\/2730","targetHints":{"allow":["GET"]}}],"collection":[{"href":"https:\/\/teknomet.pl\/no\/wp-json\/wp\/v2\/pages"}],"about":[{"href":"https:\/\/teknomet.pl\/no\/wp-json\/wp\/v2\/types\/page"}],"author":[{"embeddable":true,"href":"https:\/\/teknomet.pl\/no\/wp-json\/wp\/v2\/users\/1"}],"replies":[{"embeddable":true,"href":"https:\/\/teknomet.pl\/no\/wp-json\/wp\/v2\/comments?post=2730"}],"version-history":[{"count":2,"href":"https:\/\/teknomet.pl\/no\/wp-json\/wp\/v2\/pages\/2730\/revisions"}],"predecessor-version":[{"id":3275,"href":"https:\/\/teknomet.pl\/no\/wp-json\/wp\/v2\/pages\/2730\/revisions\/3275"}],"up":[{"embeddable":true,"href":"https:\/\/teknomet.pl\/no\/wp-json\/wp\/v2\/pages\/2726"}],"wp:attachment":[{"href":"https:\/\/teknomet.pl\/no\/wp-json\/wp\/v2\/media?parent=2730"}],"curies":[{"name":"wp","href":"https:\/\/api.w.org\/{rel}","templated":true}]}}