{"id":2728,"date":"2021-12-11T08:35:15","date_gmt":"2021-12-11T08:35:15","guid":{"rendered":"https:\/\/teknomet.pl\/konstrukcje-stalowe\/konstrukcje-hal\/"},"modified":"2022-05-09T07:44:08","modified_gmt":"2022-05-09T07:44:08","slug":"konstrukcje-hal","status":"publish","type":"page","link":"https:\/\/teknomet.pl\/no\/konstrukcje-stalowe\/konstrukcje-hal\/","title":{"rendered":"HALLKONSTRUKSJONER"},"content":{"rendered":"<div class=\"page-header page-header__big\">\n\t<div class=\"cover\">\n\t\t<img decoding=\"async\" src=\"https:\/\/teknomet.pl\/wp-content\/uploads\/2022\/01\/Screenshot-2022-01-10-at-12.22.22.png\" alt=\"HALLKONSTRUKSJONER\">\n\t<\/div>\n\t\t<div class=\"text-container\">\n\t\t<h1>HALLKONSTRUKSJONER<\/h1>\n\t\t<p class=\"p1\">Vi produserer st\u00e5lkonstruksjoner i form av lager-, produksjonshaller og kommersielle haller<\/p>\n\t\t\t\t\t<a href=\"#\" class=\"scroll-down\">\n\t\t\t\t<img decoding=\"async\" src=\"https:\/\/teknomet.pl\/wp-content\/themes\/teknomet\/assets\/svg\/scroll-down.svg\" alt=\"Scroll down\">\n\t\t\t\t<span>Se detaljer <\/span>\n\t\t\t<\/a>\n\t\t\t<\/div>\n\t<\/div>\n<div class=\"breadcrumbs\">\n\t<div id=\"crumbs\"><a href=\"https:\/\/teknomet.pl\/no\/\">Hjemmeside<\/a> <span class=\"spacer\">|<\/span> <span class=\"current\">Side<\/span><\/div><\/div>\n\n<div class=\"container\">\n\n\n<h2 class=\"has-black-color has-text-color has-medium-font-size wp-block-heading\" id=\"nasze-konstrukcje-hal-cechuja-sie-lekkoscia-trwaloscia-oraz-duza-wytrzymaloscia-dobrej-jakosci-surowce-wykorzystywane-do-produkcji-zaawansowane-technologie-nowoczesny-park-maszynowy-oraz-fachowa-kadra-konstruktorow-i-pracownikow-produkcyjnych-gwarantuja-wysoka-jakosc\">V\u00e5re hallkonstruksjoner er preget av letthet, holdbarhet og h\u00f8y slitestyrke. R\u00e5varer av god kvalitet som brukes i produksjonen, avansert teknologi, moderne maskinpark og fagl\u00e6rt team av konstrukt\u00f8rer og produksjonsarbeidere garanterer en h\u00f8y kvalitet.<\/h2>\n\n\n\n<p>Hvorfor er det godt \u00e5 bygge en hall med st\u00e5lkonstruksjon?<\/p>\n\n\n\n<ul class=\"wp-block-list\"><li>ubegrensede muligheter av \u00e5 prosjektere og lage konstruksjoner<\/li><li>lavere kostnader sammenlignet med tradisjonelle mur- eller trekonstruksjoner<\/li><\/ul>\n\n\n\n<figure class=\"wp-block-gallery has-nested-images columns-default is-cropped wp-block-gallery-1 is-layout-flex wp-block-gallery-is-layout-flex\">\n<figure class=\"wp-block-image size-large\"><img loading=\"lazy\" decoding=\"async\" width=\"1024\" height=\"768\" data-id=\"2137\" src=\"https:\/\/teknomet.pl\/wp-content\/uploads\/2022\/04\/photo_2019-08-08_13-18-33-1024x768.jpg\" alt=\"\" class=\"wp-image-2137\" srcset=\"https:\/\/teknomet.pl\/wp-content\/uploads\/2022\/04\/photo_2019-08-08_13-18-33-1024x768.jpg 1024w, https:\/\/teknomet.pl\/wp-content\/uploads\/2022\/04\/photo_2019-08-08_13-18-33-300x225.jpg 300w, https:\/\/teknomet.pl\/wp-content\/uploads\/2022\/04\/photo_2019-08-08_13-18-33-768x576.jpg 768w, https:\/\/teknomet.pl\/wp-content\/uploads\/2022\/04\/photo_2019-08-08_13-18-33.jpg 1280w\" sizes=\"auto, (max-width: 1024px) 100vw, 1024px\" \/><\/figure>\n\n\n\n<figure class=\"wp-block-image size-large\"><img loading=\"lazy\" decoding=\"async\" width=\"1024\" height=\"768\" data-id=\"2141\" src=\"https:\/\/teknomet.pl\/wp-content\/uploads\/2022\/04\/photo_2020-12-31_11-10-07-1024x768.jpg\" alt=\"\" class=\"wp-image-2141\" srcset=\"https:\/\/teknomet.pl\/wp-content\/uploads\/2022\/04\/photo_2020-12-31_11-10-07-1024x768.jpg 1024w, https:\/\/teknomet.pl\/wp-content\/uploads\/2022\/04\/photo_2020-12-31_11-10-07-300x225.jpg 300w, https:\/\/teknomet.pl\/wp-content\/uploads\/2022\/04\/photo_2020-12-31_11-10-07-768x576.jpg 768w, https:\/\/teknomet.pl\/wp-content\/uploads\/2022\/04\/photo_2020-12-31_11-10-07.jpg 1280w\" sizes=\"auto, (max-width: 1024px) 100vw, 1024px\" \/><\/figure>\n\n\n\n<figure class=\"wp-block-image size-large\"><img loading=\"lazy\" decoding=\"async\" width=\"1024\" height=\"768\" data-id=\"2145\" src=\"https:\/\/teknomet.pl\/wp-content\/uploads\/2022\/04\/photo_2021-03-12_14-50-08-1024x768.jpg\" alt=\"\" class=\"wp-image-2145\" srcset=\"https:\/\/teknomet.pl\/wp-content\/uploads\/2022\/04\/photo_2021-03-12_14-50-08-1024x768.jpg 1024w, https:\/\/teknomet.pl\/wp-content\/uploads\/2022\/04\/photo_2021-03-12_14-50-08-300x225.jpg 300w, https:\/\/teknomet.pl\/wp-content\/uploads\/2022\/04\/photo_2021-03-12_14-50-08-768x576.jpg 768w, https:\/\/teknomet.pl\/wp-content\/uploads\/2022\/04\/photo_2021-03-12_14-50-08.jpg 1280w\" sizes=\"auto, (max-width: 1024px) 100vw, 1024px\" \/><\/figure>\n\n\n\n<figure class=\"wp-block-image size-large\"><img loading=\"lazy\" decoding=\"async\" width=\"1024\" height=\"768\" data-id=\"2149\" src=\"https:\/\/teknomet.pl\/wp-content\/uploads\/2022\/04\/photo_2021-04-10_08-10-26-1024x768.jpg\" alt=\"\" class=\"wp-image-2149\" srcset=\"https:\/\/teknomet.pl\/wp-content\/uploads\/2022\/04\/photo_2021-04-10_08-10-26-1024x768.jpg 1024w, https:\/\/teknomet.pl\/wp-content\/uploads\/2022\/04\/photo_2021-04-10_08-10-26-300x225.jpg 300w, https:\/\/teknomet.pl\/wp-content\/uploads\/2022\/04\/photo_2021-04-10_08-10-26-768x576.jpg 768w, https:\/\/teknomet.pl\/wp-content\/uploads\/2022\/04\/photo_2021-04-10_08-10-26.jpg 1280w\" sizes=\"auto, (max-width: 1024px) 100vw, 1024px\" \/><\/figure>\n\n\n\n<figure class=\"wp-block-image size-large\"><img loading=\"lazy\" decoding=\"async\" width=\"1024\" height=\"721\" data-id=\"2153\" src=\"https:\/\/teknomet.pl\/wp-content\/uploads\/2022\/04\/photo_2022-02-03_15-38-30-1024x721.jpg\" alt=\"\" class=\"wp-image-2153\" srcset=\"https:\/\/teknomet.pl\/wp-content\/uploads\/2022\/04\/photo_2022-02-03_15-38-30-1024x721.jpg 1024w, https:\/\/teknomet.pl\/wp-content\/uploads\/2022\/04\/photo_2022-02-03_15-38-30-300x211.jpg 300w, https:\/\/teknomet.pl\/wp-content\/uploads\/2022\/04\/photo_2022-02-03_15-38-30-768x541.jpg 768w, https:\/\/teknomet.pl\/wp-content\/uploads\/2022\/04\/photo_2022-02-03_15-38-30.jpg 1280w\" sizes=\"auto, (max-width: 1024px) 100vw, 1024px\" \/><\/figure>\n<\/figure>\n\n\n<\/div>\n\n\n<p><\/p>\n\n\n<a class=\"button-container\" href=\"https:\/\/teknomet.pl\/no\/zlec-produkcje\/\">\n\t<span data-aos=\"zoom-in\">\u00d8nsker du \u00e5 sp\u00f8rre om prisen eller vil du legge inn en bestilling p\u00e5 en hallkonstruksjon i st\u00e5l? Kontakt oss!<\/span>\n<\/a>\n\n\n<div style=\"height:50px\" aria-hidden=\"true\" class=\"wp-block-spacer\"><\/div>\n\n\n<div class=\"icons\">\n\t<h2 class=\"title\" data-aos=\"fade-up\">12 gode grunner til \u00e5 <span>samarbeide med oss<\/span><\/h2>\n\t<div class=\"icons__container\">\n\t\t\t\t\t<article data-aos=\"fade-down\">\n\t\t\t\t<img decoding=\"async\" src=\"https:\/\/teknomet.pl\/wp-content\/uploads\/2021\/12\/01.png\" alt=\"Egen konstruksjonsavdeling\">\n\t\t\t\t<h4>Egen konstruksjonsavdeling<\/h4>\n\t\t\t<\/article>\n\t\t\t\t\t<article data-aos=\"fade-down\">\n\t\t\t\t<img decoding=\"async\" src=\"https:\/\/teknomet.pl\/wp-content\/uploads\/2021\/12\/04.png\" alt=\"Prototyping av produkter\">\n\t\t\t\t<h4>Prototyping av produkter<\/h4>\n\t\t\t<\/article>\n\t\t\t\t\t<article data-aos=\"fade-down\">\n\t\t\t\t<img decoding=\"async\" src=\"https:\/\/teknomet.pl\/wp-content\/uploads\/2021\/12\/05.png\" alt=\"Kompleks produksjon\">\n\t\t\t\t<h4>Kompleks produksjon<\/h4>\n\t\t\t<\/article>\n\t\t\t\t\t<article data-aos=\"fade-down\">\n\t\t\t\t<img decoding=\"async\" src=\"https:\/\/teknomet.pl\/wp-content\/uploads\/2021\/12\/02.png\" alt=\"20 \u00e5rs erfaring\">\n\t\t\t\t<h4>20 \u00e5rs erfaring<\/h4>\n\t\t\t<\/article>\n\t\t\t\t\t<article data-aos=\"fade-down\">\n\t\t\t\t<img decoding=\"async\" src=\"https:\/\/teknomet.pl\/wp-content\/uploads\/2021\/12\/08.png\" alt=\"Sm\u00e5 og store produksjonsserier (fra 1 stykke)\">\n\t\t\t\t<h4>Sm\u00e5 og store produksjonsserier (fra 1 stykke)<\/h4>\n\t\t\t<\/article>\n\t\t\t\t\t<article data-aos=\"fade-down\">\n\t\t\t\t<img decoding=\"async\" src=\"https:\/\/teknomet.pl\/wp-content\/uploads\/2021\/12\/06.png\" alt=\"Nesten 5000m2 av varmisolerte produksjonshaller\">\n\t\t\t\t<h4>Nesten 5000m2 av varmisolerte produksjonshaller<\/h4>\n\t\t\t<\/article>\n\t\t\t\t\t<article data-aos=\"fade-down\">\n\t\t\t\t<img decoding=\"async\" src=\"https:\/\/teknomet.pl\/wp-content\/uploads\/2021\/12\/12.png\" alt=\"Egne lagerhaller\">\n\t\t\t\t<h4>Egne lagerhaller<\/h4>\n\t\t\t<\/article>\n\t\t\t\t\t<article data-aos=\"fade-down\">\n\t\t\t\t<img decoding=\"async\" src=\"https:\/\/teknomet.pl\/wp-content\/uploads\/2021\/12\/03.png\" alt=\"Moderne maskinpark for st\u00e5lbearbeiding\">\n\t\t\t\t<h4>Moderne maskinpark for st\u00e5lbearbeiding<\/h4>\n\t\t\t<\/article>\n\t\t\t\t\t<article data-aos=\"fade-down\">\n\t\t\t\t<img decoding=\"async\" src=\"https:\/\/teknomet.pl\/wp-content\/uploads\/2021\/12\/11.png\" alt=\"Gunstige produksjonspriser\">\n\t\t\t\t<h4>Gunstige produksjonspriser<\/h4>\n\t\t\t<\/article>\n\t\t\t\t\t<article data-aos=\"fade-down\">\n\t\t\t\t<img decoding=\"async\" src=\"https:\/\/teknomet.pl\/wp-content\/uploads\/2021\/12\/10.png\" alt=\"Polsk produksjon\">\n\t\t\t\t<h4>Polsk produksjon<\/h4>\n\t\t\t<\/article>\n\t\t\t\t\t<article data-aos=\"fade-down\">\n\t\t\t\t<img decoding=\"async\" src=\"https:\/\/teknomet.pl\/wp-content\/uploads\/2021\/12\/09.png\" alt=\"135 spesialister som s\u00f8rger for rettidig gjennomf\u00f8ring av hver bestilling\">\n\t\t\t\t<h4>135 spesialister som s\u00f8rger for rettidig gjennomf\u00f8ring av hver bestilling<\/h4>\n\t\t\t<\/article>\n\t\t\t\t\t<article data-aos=\"fade-down\">\n\t\t\t\t<img decoding=\"async\" src=\"https:\/\/teknomet.pl\/wp-content\/uploads\/2021\/12\/07.png\" alt=\"Levering til alle land i Europa og verden\">\n\t\t\t\t<h4>Levering til alle land i Europa og verden<\/h4>\n\t\t\t<\/article>\n\t\t\t<\/div>\n\t\t\t<div class=\"icons-button\">\n\t\t\t\t\t\t\t<a href=\"https:\/\/teknomet.pl\/no\/jakosc\/park-maszynowy\/\" class=\"more\">Kjenn kvaliteten v\u00e5r <\/a>\n\t\t\t\t\t\t\t<a href=\"https:\/\/teknomet.pl\/no\/firma\/rozwoj\/\" class=\"more\">Kjenn firmaet v\u00e5rt<\/a>\n\t\t\t\t\t<\/div>\n\t<\/div>","protected":false},"excerpt":{"rendered":"<p>V\u00e5re hallkonstruksjoner er preget av letthet, holdbarhet og h\u00f8y slitestyrke. R\u00e5varer av god kvalitet som brukes i produksjonen, avansert teknologi, moderne maskinpark og fagl\u00e6rt team av konstrukt\u00f8rer og produksjonsarbeidere garanterer en h\u00f8y kvalitet. Hvorfor er det godt \u00e5 bygge en hall med st\u00e5lkonstruksjon? ubegrensede muligheter av \u00e5 prosjektere og lage konstruksjoner lavere kostnader sammenlignet med [&hellip;]<\/p>\n","protected":false},"author":1,"featured_media":0,"parent":2726,"menu_order":1,"comment_status":"closed","ping_status":"closed","template":"","meta":{"_acf_changed":false,"_monsterinsights_skip_tracking":false,"_monsterinsights_sitenote_active":false,"_monsterinsights_sitenote_note":"","_monsterinsights_sitenote_category":0,"footnotes":"","_links_to":"","_links_to_target":""},"class_list":["post-2728","page","type-page","status-publish","hentry"],"acf":[],"aioseo_notices":[],"_links":{"self":[{"href":"https:\/\/teknomet.pl\/no\/wp-json\/wp\/v2\/pages\/2728","targetHints":{"allow":["GET"]}}],"collection":[{"href":"https:\/\/teknomet.pl\/no\/wp-json\/wp\/v2\/pages"}],"about":[{"href":"https:\/\/teknomet.pl\/no\/wp-json\/wp\/v2\/types\/page"}],"author":[{"embeddable":true,"href":"https:\/\/teknomet.pl\/no\/wp-json\/wp\/v2\/users\/1"}],"replies":[{"embeddable":true,"href":"https:\/\/teknomet.pl\/no\/wp-json\/wp\/v2\/comments?post=2728"}],"version-history":[{"count":2,"href":"https:\/\/teknomet.pl\/no\/wp-json\/wp\/v2\/pages\/2728\/revisions"}],"predecessor-version":[{"id":3272,"href":"https:\/\/teknomet.pl\/no\/wp-json\/wp\/v2\/pages\/2728\/revisions\/3272"}],"up":[{"embeddable":true,"href":"https:\/\/teknomet.pl\/no\/wp-json\/wp\/v2\/pages\/2726"}],"wp:attachment":[{"href":"https:\/\/teknomet.pl\/no\/wp-json\/wp\/v2\/media?parent=2728"}],"curies":[{"name":"wp","href":"https:\/\/api.w.org\/{rel}","templated":true}]}}