{"id":2722,"date":"2021-12-05T09:41:30","date_gmt":"2021-12-05T09:41:30","guid":{"rendered":"https:\/\/teknomet.pl\/produkty-uzytkowe\/systemy-pakowania-drewna\/"},"modified":"2022-05-09T07:42:46","modified_gmt":"2022-05-09T07:42:46","slug":"systemy-pakowania-drewna","status":"publish","type":"page","link":"https:\/\/teknomet.pl\/no\/produkty-uzytkowe\/systemy-pakowania-drewna\/","title":{"rendered":"PAKNINGSSYSTEMER FOR VED"},"content":{"rendered":"<div class=\"page-header page-header__big\">\n\t<div class=\"cover\">\n\t\t<img decoding=\"async\" src=\"https:\/\/teknomet.pl\/wp-content\/uploads\/2022\/01\/Systemy-pakowania-drewna-1920x900.jpg\" alt=\"PAKNINGSSYSTEMER FOR VED\">\n\t<\/div>\n\t\t<div class=\"text-container\">\n\t\t<h1>PAKNINGSSYSTEMER FOR VED<\/h1>\n\t\t<p>Vi tilbyr et optimalt pakningssystem som gj\u00f8r det enkelt \u00e5 transportere og oppbevare ved. Det er brukervennlig og muliggj\u00f8r \u00e5 spare tid.<\/p>\n\t\t\t\t\t<a href=\"#\" class=\"scroll-down\">\n\t\t\t\t<img decoding=\"async\" src=\"https:\/\/teknomet.pl\/wp-content\/themes\/teknomet\/assets\/svg\/scroll-down.svg\" alt=\"Scroll down\">\n\t\t\t\t<span>Se detaljer <\/span>\n\t\t\t<\/a>\n\t\t\t<\/div>\n\t<\/div>\n<div class=\"breadcrumbs\">\n\t<div id=\"crumbs\"><a href=\"https:\/\/teknomet.pl\/no\/\">Hjemmeside<\/a> <span class=\"spacer\">|<\/span> <span class=\"current\">Side<\/span><\/div><\/div>\n\n<div class=\"container\">\n\n\n<h2 class=\"has-black-color has-text-color has-medium-font-size wp-block-heading\" id=\"produkujemy-stalowe-systemy-pakowania-drewna-statywy-do-workow-oraz-nakladki-na-widly-jestesmy-takze-jedynym-dystrybutorem-oryginalnych-workow-do-drewna-opalowego-norweskiej-firmy-espegard-as-worki-tej-firmy-wyroznia-wysoka-odpornosc-na-promieniowanie-uv\">Vi produserer st\u00e5lkonstruksjoner til \u00e5 pakke ved (stativer for sekker og l\u00f8ftekroker for h\u00f8ygaffel). Vi er ogs\u00e5 den eneste distribut\u00f8ren av de originale vedsekkene fra det norske firmaet Espegard AS. Disse vedsekkene er sv\u00e6rt motstandsdyktige mot UV-str\u00e5ling.<\/h2>\n\n\n\n<p>V\u00e5re produkter utmerker seg med:<\/p>\n\n\n\n<ul class=\"wp-block-list\"><li>solid utf\u00f8relse<\/li><li>holdbarhet (tykke profiltverrsnitt)<\/li><li>utf\u00f8relse etter kundens prosjekt<\/li><li>sm\u00e5 og store produksjonspartier<\/li><li>varmgalvaniserte pallestativer<\/li><\/ul>\n\n\n\n<p>V\u00e5rt tilbud inkluderer:<\/p>\n\n\n\n<ul class=\"wp-block-list\"><li>sekkstativer<\/li><li>sekker<\/li><li>l\u00f8ftekroker for h\u00f8ygaffel<\/li><\/ul>\n\n\n\n<div class=\"gallery\">\n\t<div class=\"container\">\n\t\t<div class=\"row\">\n\t\t\t\t\t\t\t<div class=\"col-12 col-md-6 col-lg-4\">\n\t\t\t\t\t\t\t\t\t\t<a data-fancybox=\"gal\" href=\"https:\/\/teknomet.pl\/wp-content\/uploads\/2022\/02\/img_0295_mod.jpg\">\n\t\t\t\t\t\t<img decoding=\"async\" src=\"https:\/\/teknomet.pl\/wp-content\/uploads\/2022\/02\/img_0295_mod.jpg\" alt=\"PAKNINGSSYSTEMER FOR VED\">\n\t\t\t\t\t<\/a>\n\t\t\t\t<\/div>\n\t\t\t\t\t\t\t<div class=\"col-12 col-md-6 col-lg-4\">\n\t\t\t\t\t\t\t\t\t\t<a data-fancybox=\"gal\" href=\"https:\/\/teknomet.pl\/wp-content\/uploads\/2022\/02\/img_0285_mod.jpg\">\n\t\t\t\t\t\t<img decoding=\"async\" src=\"https:\/\/teknomet.pl\/wp-content\/uploads\/2022\/02\/img_0285_mod.jpg\" alt=\"PAKNINGSSYSTEMER FOR VED\">\n\t\t\t\t\t<\/a>\n\t\t\t\t<\/div>\n\t\t\t\t\t\t\t<div class=\"col-12 col-md-6 col-lg-4\">\n\t\t\t\t\t\t\t\t\t\t<a data-fancybox=\"gal\" href=\"https:\/\/teknomet.pl\/wp-content\/uploads\/2022\/02\/statyw_kombi_001.jpg\">\n\t\t\t\t\t\t<img decoding=\"async\" src=\"https:\/\/teknomet.pl\/wp-content\/uploads\/2022\/02\/statyw_kombi_001.jpg\" alt=\"PAKNINGSSYSTEMER FOR VED\">\n\t\t\t\t\t<\/a>\n\t\t\t\t<\/div>\n\t\t\t\t\t\t\t<div class=\"col-12 col-md-6 col-lg-4\">\n\t\t\t\t\t\t\t\t\t\t<a data-fancybox=\"gal\" href=\"https:\/\/teknomet.pl\/wp-content\/uploads\/2022\/02\/statyw_kombi_008.jpg\">\n\t\t\t\t\t\t<img decoding=\"async\" src=\"https:\/\/teknomet.pl\/wp-content\/uploads\/2022\/02\/statyw_kombi_008.jpg\" alt=\"PAKNINGSSYSTEMER FOR VED\">\n\t\t\t\t\t<\/a>\n\t\t\t\t<\/div>\n\t\t\t\t\t\t\t<div class=\"col-12 col-md-6 col-lg-4\">\n\t\t\t\t\t\t\t\t\t\t<a data-fancybox=\"gal\" href=\"https:\/\/teknomet.pl\/wp-content\/uploads\/2022\/02\/statyw_kombi_011.jpg\">\n\t\t\t\t\t\t<img decoding=\"async\" src=\"https:\/\/teknomet.pl\/wp-content\/uploads\/2022\/02\/statyw_kombi_011.jpg\" alt=\"PAKNINGSSYSTEMER FOR VED\">\n\t\t\t\t\t<\/a>\n\t\t\t\t<\/div>\n\t\t\t\t\t<\/div>\n\t<\/div>\n<\/div>\n\n<\/div>\n\n<a class=\"button-container\" href=\"https:\/\/teknomet.pl\/no\/zlec-produkcje\/\">\n\t<span data-aos=\"zoom-in\">\u00d8nsker du \u00e5 bestille pakningssystemer for ved? Kontakt oss!<\/span>\n<\/a>\n\n\n<div style=\"height:50px\" aria-hidden=\"true\" class=\"wp-block-spacer\"><\/div>\n\n\n<div class=\"icons\">\n\t<h2 class=\"title\" data-aos=\"fade-up\">12 gode grunner til \u00e5 <span>samarbeide med oss<\/span><\/h2>\n\t<div class=\"icons__container\">\n\t\t\t\t\t<article data-aos=\"fade-down\">\n\t\t\t\t<img decoding=\"async\" src=\"https:\/\/teknomet.pl\/wp-content\/uploads\/2021\/12\/01.png\" alt=\"Egen konstruksjonsavdeling\">\n\t\t\t\t<h4>Egen konstruksjonsavdeling<\/h4>\n\t\t\t<\/article>\n\t\t\t\t\t<article data-aos=\"fade-down\">\n\t\t\t\t<img decoding=\"async\" src=\"https:\/\/teknomet.pl\/wp-content\/uploads\/2021\/12\/04.png\" alt=\"Prototyping av produkter\">\n\t\t\t\t<h4>Prototyping av produkter<\/h4>\n\t\t\t<\/article>\n\t\t\t\t\t<article data-aos=\"fade-down\">\n\t\t\t\t<img decoding=\"async\" src=\"https:\/\/teknomet.pl\/wp-content\/uploads\/2021\/12\/05.png\" alt=\"Kompleks produksjon\">\n\t\t\t\t<h4>Kompleks produksjon<\/h4>\n\t\t\t<\/article>\n\t\t\t\t\t<article data-aos=\"fade-down\">\n\t\t\t\t<img decoding=\"async\" src=\"https:\/\/teknomet.pl\/wp-content\/uploads\/2021\/12\/02.png\" alt=\"20 \u00e5rs erfaring\">\n\t\t\t\t<h4>20 \u00e5rs erfaring<\/h4>\n\t\t\t<\/article>\n\t\t\t\t\t<article data-aos=\"fade-down\">\n\t\t\t\t<img decoding=\"async\" src=\"https:\/\/teknomet.pl\/wp-content\/uploads\/2021\/12\/08.png\" alt=\"Sm\u00e5 og store produksjonsserier (fra 1 stykke)\">\n\t\t\t\t<h4>Sm\u00e5 og store produksjonsserier (fra 1 stykke)<\/h4>\n\t\t\t<\/article>\n\t\t\t\t\t<article data-aos=\"fade-down\">\n\t\t\t\t<img decoding=\"async\" src=\"https:\/\/teknomet.pl\/wp-content\/uploads\/2021\/12\/06.png\" alt=\"Nesten 5000m2 av varmisolerte produksjonshaller\">\n\t\t\t\t<h4>Nesten 5000m2 av varmisolerte produksjonshaller<\/h4>\n\t\t\t<\/article>\n\t\t\t\t\t<article data-aos=\"fade-down\">\n\t\t\t\t<img decoding=\"async\" src=\"https:\/\/teknomet.pl\/wp-content\/uploads\/2021\/12\/12.png\" alt=\"Egne lagerhaller\">\n\t\t\t\t<h4>Egne lagerhaller<\/h4>\n\t\t\t<\/article>\n\t\t\t\t\t<article data-aos=\"fade-down\">\n\t\t\t\t<img decoding=\"async\" src=\"https:\/\/teknomet.pl\/wp-content\/uploads\/2021\/12\/03.png\" alt=\"Moderne maskinpark for st\u00e5lbearbeiding\">\n\t\t\t\t<h4>Moderne maskinpark for st\u00e5lbearbeiding<\/h4>\n\t\t\t<\/article>\n\t\t\t\t\t<article data-aos=\"fade-down\">\n\t\t\t\t<img decoding=\"async\" src=\"https:\/\/teknomet.pl\/wp-content\/uploads\/2021\/12\/11.png\" alt=\"Gunstige produksjonspriser\">\n\t\t\t\t<h4>Gunstige produksjonspriser<\/h4>\n\t\t\t<\/article>\n\t\t\t\t\t<article data-aos=\"fade-down\">\n\t\t\t\t<img decoding=\"async\" src=\"https:\/\/teknomet.pl\/wp-content\/uploads\/2021\/12\/10.png\" alt=\"Polsk produksjon\">\n\t\t\t\t<h4>Polsk produksjon<\/h4>\n\t\t\t<\/article>\n\t\t\t\t\t<article data-aos=\"fade-down\">\n\t\t\t\t<img decoding=\"async\" src=\"https:\/\/teknomet.pl\/wp-content\/uploads\/2021\/12\/09.png\" alt=\"135 spesialister som s\u00f8rger for rettidig gjennomf\u00f8ring av hver bestilling\">\n\t\t\t\t<h4>135 spesialister som s\u00f8rger for rettidig gjennomf\u00f8ring av hver bestilling<\/h4>\n\t\t\t<\/article>\n\t\t\t\t\t<article data-aos=\"fade-down\">\n\t\t\t\t<img decoding=\"async\" src=\"https:\/\/teknomet.pl\/wp-content\/uploads\/2021\/12\/07.png\" alt=\"Levering til alle land i Europa og verden\">\n\t\t\t\t<h4>Levering til alle land i Europa og verden<\/h4>\n\t\t\t<\/article>\n\t\t\t<\/div>\n\t\t\t<div class=\"icons-button\">\n\t\t\t\t\t\t\t<a href=\"https:\/\/teknomet.pl\/no\/jakosc\/park-maszynowy\/\" class=\"more\">Kjenn kvaliteten v\u00e5r <\/a>\n\t\t\t\t\t\t\t<a href=\"https:\/\/teknomet.pl\/no\/firma\/rozwoj\/\" class=\"more\">Kjenn firmaet v\u00e5rt<\/a>\n\t\t\t\t\t<\/div>\n\t<\/div>","protected":false},"excerpt":{"rendered":"<p>Vi produserer st\u00e5lkonstruksjoner til \u00e5 pakke ved (stativer for sekker og l\u00f8ftekroker for h\u00f8ygaffel). Vi er ogs\u00e5 den eneste distribut\u00f8ren av de originale vedsekkene fra det norske firmaet Espegard AS. Disse vedsekkene er sv\u00e6rt motstandsdyktige mot UV-str\u00e5ling. V\u00e5re produkter utmerker seg med: solid utf\u00f8relse holdbarhet (tykke profiltverrsnitt) utf\u00f8relse etter kundens prosjekt sm\u00e5 og store produksjonspartier [&hellip;]<\/p>\n","protected":false},"author":1,"featured_media":0,"parent":2713,"menu_order":0,"comment_status":"closed","ping_status":"closed","template":"","meta":{"_acf_changed":false,"_monsterinsights_skip_tracking":false,"_monsterinsights_sitenote_active":false,"_monsterinsights_sitenote_note":"","_monsterinsights_sitenote_category":0,"footnotes":"","_links_to":"","_links_to_target":""},"class_list":["post-2722","page","type-page","status-publish","hentry"],"acf":[],"aioseo_notices":[],"_links":{"self":[{"href":"https:\/\/teknomet.pl\/no\/wp-json\/wp\/v2\/pages\/2722","targetHints":{"allow":["GET"]}}],"collection":[{"href":"https:\/\/teknomet.pl\/no\/wp-json\/wp\/v2\/pages"}],"about":[{"href":"https:\/\/teknomet.pl\/no\/wp-json\/wp\/v2\/types\/page"}],"author":[{"embeddable":true,"href":"https:\/\/teknomet.pl\/no\/wp-json\/wp\/v2\/users\/1"}],"replies":[{"embeddable":true,"href":"https:\/\/teknomet.pl\/no\/wp-json\/wp\/v2\/comments?post=2722"}],"version-history":[{"count":2,"href":"https:\/\/teknomet.pl\/no\/wp-json\/wp\/v2\/pages\/2722\/revisions"}],"predecessor-version":[{"id":3264,"href":"https:\/\/teknomet.pl\/no\/wp-json\/wp\/v2\/pages\/2722\/revisions\/3264"}],"up":[{"embeddable":true,"href":"https:\/\/teknomet.pl\/no\/wp-json\/wp\/v2\/pages\/2713"}],"wp:attachment":[{"href":"https:\/\/teknomet.pl\/no\/wp-json\/wp\/v2\/media?parent=2722"}],"curies":[{"name":"wp","href":"https:\/\/api.w.org\/{rel}","templated":true}]}}