{"id":2720,"date":"2021-12-05T09:41:16","date_gmt":"2021-12-05T09:41:16","guid":{"rendered":"https:\/\/teknomet.pl\/produkty-uzytkowe\/mala-architektura-i-meble-ogrodowe\/"},"modified":"2022-05-09T07:41:53","modified_gmt":"2022-05-09T07:41:53","slug":"mala-architektura-i-meble-ogrodowe","status":"publish","type":"page","link":"https:\/\/teknomet.pl\/no\/produkty-uzytkowe\/mala-architektura-i-meble-ogrodowe\/","title":{"rendered":"LITEN ARKITEKTUR OG HAGEM\u00d8BLER"},"content":{"rendered":"<div class=\"page-header page-header__big\">\n\t<div class=\"cover\">\n\t\t<img decoding=\"async\" src=\"https:\/\/teknomet.pl\/wp-content\/uploads\/2022\/02\/IMG_1603.jpg\" alt=\"LITEN ARKITEKTUR OG HAGEM\u00d8BLER\">\n\t<\/div>\n\t\t<div class=\"text-container\">\n\t\t<h1>LITEN ARKITEKTUR OG HAGEM\u00d8BLER<\/h1>\n\t\t<p>Vi produserer hagem\u00f8bler og elementer av liten arkitektur for hager og parker.<\/p>\n\t\t\t\t\t<a href=\"#\" class=\"scroll-down\">\n\t\t\t\t<img decoding=\"async\" src=\"https:\/\/teknomet.pl\/wp-content\/themes\/teknomet\/assets\/svg\/scroll-down.svg\" alt=\"Scroll down\">\n\t\t\t\t<span>Se detaljer <\/span>\n\t\t\t<\/a>\n\t\t\t<\/div>\n\t<\/div>\n<div class=\"breadcrumbs\">\n\t<div id=\"crumbs\"><a href=\"https:\/\/teknomet.pl\/no\/\">Hjemmeside<\/a> <span class=\"spacer\">|<\/span> <span class=\"current\">Side<\/span><\/div><\/div>\n\n<div class=\"container\">\n\n\n<h2 class=\"has-black-color has-text-color has-medium-font-size wp-block-heading\" id=\"nasze-produkty-cechuje-solidnosc-wykonania-i-trwalosc-grube-przekroje-profili-niewatpliwa-ich-zaleta-jest-elegancki-design-oraz-funkcjonalnosc-laczymy-elementy-stalowe-i-drewniane-w-nowoczesny-sposob-uzyskujac-spektakularne-efekty-nasze-produkty-wykonujemy-wedlug-projektow-indywidualnych-klienta-realizujemy-male-i-duze-serie-produkcyjne\">V\u00e5re produkter er solide og holdbare. Deres ubestridelige fordel er en elegant design og funksjonalitet. Vi kombinerer komponenter i st\u00e5l og tre p\u00e5 en moderne m\u00e5te og oppn\u00e5r spektakul\u00e6re resultater. Vi lager produkter etter prosjektene til individuelle kunder. Vi gjennomf\u00f8rer sm\u00e5 og store produksjonsserier.<\/h2>\n\n\n\n<p>Vi produserer st\u00e5lprodukter for distribut\u00f8rer og firmaer som leverer hagem\u00f8bler og elementer av liten arkitektur til myndigheter i byer og kommuner, samt for individuelle investorer. Vi tilbyr mulighet til \u00e5 markere produkter med kundens varemerke.<\/p>\n\n\n\n<p>Se hva vi kan produsere til deg:<\/p>\n\n\n\n<ul class=\"wp-block-list\"><li>Blomsterbed<\/li><li>Benk og krakk<\/li><li>Avfallbeholder<\/li><li>Sm\u00e5 og store bord&nbsp;<\/li><li>Metallkanter, rammer<\/li><li>Stoler<\/li><li>Sykkelstativer<\/li><li>Offentlige griller<\/li><li>Dekorative elementer<\/li><li>Andre produkter<\/li><\/ul>\n\n\n<\/div>\n\n\n<div class=\"gallery\">\n\t<div class=\"container\">\n\t\t<div class=\"row\">\n\t\t\t\t\t\t\t<div class=\"col-12 col-md-6 col-lg-4\">\n\t\t\t\t\t\t\t\t\t\t<a data-fancybox=\"gal\" href=\"https:\/\/teknomet.pl\/wp-content\/uploads\/2022\/02\/IMG_1601.jpg\">\n\t\t\t\t\t\t<img decoding=\"async\" src=\"https:\/\/teknomet.pl\/wp-content\/uploads\/2022\/02\/IMG_1601.jpg\" alt=\"LITEN ARKITEKTUR OG HAGEM\u00d8BLER\">\n\t\t\t\t\t<\/a>\n\t\t\t\t<\/div>\n\t\t\t\t\t\t\t<div class=\"col-12 col-md-6 col-lg-4\">\n\t\t\t\t\t\t\t\t\t\t<a data-fancybox=\"gal\" href=\"https:\/\/teknomet.pl\/wp-content\/uploads\/2022\/02\/IMG_1602.jpg\">\n\t\t\t\t\t\t<img decoding=\"async\" src=\"https:\/\/teknomet.pl\/wp-content\/uploads\/2022\/02\/IMG_1602.jpg\" alt=\"LITEN ARKITEKTUR OG HAGEM\u00d8BLER\">\n\t\t\t\t\t<\/a>\n\t\t\t\t<\/div>\n\t\t\t\t\t\t\t<div class=\"col-12 col-md-6 col-lg-4\">\n\t\t\t\t\t\t\t\t\t\t<a data-fancybox=\"gal\" href=\"https:\/\/teknomet.pl\/wp-content\/uploads\/2022\/02\/IMG_1603.jpg\">\n\t\t\t\t\t\t<img decoding=\"async\" src=\"https:\/\/teknomet.pl\/wp-content\/uploads\/2022\/02\/IMG_1603.jpg\" alt=\"LITEN ARKITEKTUR OG HAGEM\u00d8BLER\">\n\t\t\t\t\t<\/a>\n\t\t\t\t<\/div>\n\t\t\t\t\t\t\t<div class=\"col-12 col-md-6 col-lg-4\">\n\t\t\t\t\t\t\t\t\t\t<a data-fancybox=\"gal\" href=\"https:\/\/teknomet.pl\/wp-content\/uploads\/2022\/02\/IMG_1606.jpg\">\n\t\t\t\t\t\t<img decoding=\"async\" src=\"https:\/\/teknomet.pl\/wp-content\/uploads\/2022\/02\/IMG_1606.jpg\" alt=\"LITEN ARKITEKTUR OG HAGEM\u00d8BLER\">\n\t\t\t\t\t<\/a>\n\t\t\t\t<\/div>\n\t\t\t\t\t\t\t<div class=\"col-12 col-md-6 col-lg-4\">\n\t\t\t\t\t\t\t\t\t\t<a data-fancybox=\"gal\" href=\"https:\/\/teknomet.pl\/wp-content\/uploads\/2022\/02\/IMG_1624-rotated.jpg\">\n\t\t\t\t\t\t<img decoding=\"async\" src=\"https:\/\/teknomet.pl\/wp-content\/uploads\/2022\/02\/IMG_1624-rotated.jpg\" alt=\"LITEN ARKITEKTUR OG HAGEM\u00d8BLER\">\n\t\t\t\t\t<\/a>\n\t\t\t\t<\/div>\n\t\t\t\t\t\t\t<div class=\"col-12 col-md-6 col-lg-4\">\n\t\t\t\t\t\t\t\t\t\t<a data-fancybox=\"gal\" href=\"https:\/\/teknomet.pl\/wp-content\/uploads\/2022\/02\/IMG_1631.jpg\">\n\t\t\t\t\t\t<img decoding=\"async\" src=\"https:\/\/teknomet.pl\/wp-content\/uploads\/2022\/02\/IMG_1631.jpg\" alt=\"LITEN ARKITEKTUR OG HAGEM\u00d8BLER\">\n\t\t\t\t\t<\/a>\n\t\t\t\t<\/div>\n\t\t\t\t\t\t\t<div class=\"col-12 col-md-6 col-lg-4\">\n\t\t\t\t\t\t\t\t\t\t<a data-fancybox=\"gal\" href=\"https:\/\/teknomet.pl\/wp-content\/uploads\/2022\/02\/IMG_2327.jpg\">\n\t\t\t\t\t\t<img decoding=\"async\" src=\"https:\/\/teknomet.pl\/wp-content\/uploads\/2022\/02\/IMG_2327.jpg\" alt=\"LITEN ARKITEKTUR OG HAGEM\u00d8BLER\">\n\t\t\t\t\t<\/a>\n\t\t\t\t<\/div>\n\t\t\t\t\t\t\t<div class=\"col-12 col-md-6 col-lg-4\">\n\t\t\t\t\t\t\t\t\t\t<a data-fancybox=\"gal\" href=\"https:\/\/teknomet.pl\/wp-content\/uploads\/2022\/02\/IMG_2328.jpg\">\n\t\t\t\t\t\t<img decoding=\"async\" src=\"https:\/\/teknomet.pl\/wp-content\/uploads\/2022\/02\/IMG_2328.jpg\" alt=\"LITEN ARKITEKTUR OG HAGEM\u00d8BLER\">\n\t\t\t\t\t<\/a>\n\t\t\t\t<\/div>\n\t\t\t\t\t\t\t<div class=\"col-12 col-md-6 col-lg-4\">\n\t\t\t\t\t\t\t\t\t\t<a data-fancybox=\"gal\" href=\"https:\/\/teknomet.pl\/wp-content\/uploads\/2022\/02\/IMG_2331.jpg\">\n\t\t\t\t\t\t<img decoding=\"async\" src=\"https:\/\/teknomet.pl\/wp-content\/uploads\/2022\/02\/IMG_2331.jpg\" alt=\"LITEN ARKITEKTUR OG HAGEM\u00d8BLER\">\n\t\t\t\t\t<\/a>\n\t\t\t\t<\/div>\n\t\t\t\t\t\t\t<div class=\"col-12 col-md-6 col-lg-4\">\n\t\t\t\t\t\t\t\t\t\t<a data-fancybox=\"gal\" href=\"https:\/\/teknomet.pl\/wp-content\/uploads\/2022\/02\/IMG_2700-1024x768.jpg\">\n\t\t\t\t\t\t<img decoding=\"async\" src=\"https:\/\/teknomet.pl\/wp-content\/uploads\/2022\/02\/IMG_2700.jpg\" alt=\"LITEN ARKITEKTUR OG HAGEM\u00d8BLER\">\n\t\t\t\t\t<\/a>\n\t\t\t\t<\/div>\n\t\t\t\t\t\t\t<div class=\"col-12 col-md-6 col-lg-4\">\n\t\t\t\t\t\t\t\t\t\t<a data-fancybox=\"gal\" href=\"https:\/\/teknomet.pl\/wp-content\/uploads\/2022\/02\/IMG_2702-1024x768.jpg\">\n\t\t\t\t\t\t<img decoding=\"async\" src=\"https:\/\/teknomet.pl\/wp-content\/uploads\/2022\/02\/IMG_2702.jpg\" alt=\"LITEN ARKITEKTUR OG HAGEM\u00d8BLER\">\n\t\t\t\t\t<\/a>\n\t\t\t\t<\/div>\n\t\t\t\t\t\t\t<div class=\"col-12 col-md-6 col-lg-4\">\n\t\t\t\t\t\t\t\t\t\t<a data-fancybox=\"gal\" href=\"https:\/\/teknomet.pl\/wp-content\/uploads\/2022\/02\/IMG_2705-1024x768.jpg\">\n\t\t\t\t\t\t<img decoding=\"async\" src=\"https:\/\/teknomet.pl\/wp-content\/uploads\/2022\/02\/IMG_2705.jpg\" alt=\"LITEN ARKITEKTUR OG HAGEM\u00d8BLER\">\n\t\t\t\t\t<\/a>\n\t\t\t\t<\/div>\n\t\t\t\t\t\t\t<div class=\"col-12 col-md-6 col-lg-4\">\n\t\t\t\t\t\t\t\t\t\t<a data-fancybox=\"gal\" href=\"https:\/\/teknomet.pl\/wp-content\/uploads\/2022\/02\/IMG_2706-1-1024x768.jpg\">\n\t\t\t\t\t\t<img decoding=\"async\" src=\"https:\/\/teknomet.pl\/wp-content\/uploads\/2022\/02\/IMG_2706-1.jpg\" alt=\"LITEN ARKITEKTUR OG HAGEM\u00d8BLER\">\n\t\t\t\t\t<\/a>\n\t\t\t\t<\/div>\n\t\t\t\t\t\t\t<div class=\"col-12 col-md-6 col-lg-4\">\n\t\t\t\t\t\t\t\t\t\t<a data-fancybox=\"gal\" href=\"https:\/\/teknomet.pl\/wp-content\/uploads\/2022\/02\/skylt-i-planteringslada0264-1024x724.jpg\">\n\t\t\t\t\t\t<img decoding=\"async\" src=\"https:\/\/teknomet.pl\/wp-content\/uploads\/2022\/02\/skylt-i-planteringslada0264.jpg\" alt=\"LITEN ARKITEKTUR OG HAGEM\u00d8BLER\">\n\t\t\t\t\t<\/a>\n\t\t\t\t<\/div>\n\t\t\t\t\t\t\t<div class=\"col-12 col-md-6 col-lg-4\">\n\t\t\t\t\t\t\t\t\t\t<a data-fancybox=\"gal\" href=\"https:\/\/teknomet.pl\/wp-content\/uploads\/2022\/02\/DSC_5051_-1-scaled.jpg\">\n\t\t\t\t\t\t<img decoding=\"async\" src=\"https:\/\/teknomet.pl\/wp-content\/uploads\/2022\/02\/DSC_5051_-1-scaled.jpg\" alt=\"LITEN ARKITEKTUR OG HAGEM\u00d8BLER\">\n\t\t\t\t\t<\/a>\n\t\t\t\t<\/div>\n\t\t\t\t\t\t\t<div class=\"col-12 col-md-6 col-lg-4\">\n\t\t\t\t\t\t\t\t\t\t<a data-fancybox=\"gal\" href=\"https:\/\/teknomet.pl\/wp-content\/uploads\/2022\/02\/DSC_5054_-scaled.jpg\">\n\t\t\t\t\t\t<img decoding=\"async\" src=\"https:\/\/teknomet.pl\/wp-content\/uploads\/2022\/02\/DSC_5054_-scaled.jpg\" alt=\"LITEN ARKITEKTUR OG HAGEM\u00d8BLER\">\n\t\t\t\t\t<\/a>\n\t\t\t\t<\/div>\n\t\t\t\t\t\t\t<div class=\"col-12 col-md-6 col-lg-4\">\n\t\t\t\t\t\t\t\t\t\t<a data-fancybox=\"gal\" href=\"https:\/\/teknomet.pl\/wp-content\/uploads\/2022\/02\/DSC_8752_c-scaled.jpg\">\n\t\t\t\t\t\t<img decoding=\"async\" src=\"https:\/\/teknomet.pl\/wp-content\/uploads\/2022\/02\/DSC_8752_c-scaled.jpg\" alt=\"LITEN ARKITEKTUR OG HAGEM\u00d8BLER\">\n\t\t\t\t\t<\/a>\n\t\t\t\t<\/div>\n\t\t\t\t\t\t\t<div class=\"col-12 col-md-6 col-lg-4\">\n\t\t\t\t\t\t\t\t\t\t<a data-fancybox=\"gal\" href=\"https:\/\/teknomet.pl\/wp-content\/uploads\/2022\/02\/DSC_8776_c-scaled.jpg\">\n\t\t\t\t\t\t<img decoding=\"async\" src=\"https:\/\/teknomet.pl\/wp-content\/uploads\/2022\/02\/DSC_8776_c-scaled.jpg\" alt=\"LITEN ARKITEKTUR OG HAGEM\u00d8BLER\">\n\t\t\t\t\t<\/a>\n\t\t\t\t<\/div>\n\t\t\t\t\t\t\t<div class=\"col-12 col-md-6 col-lg-4\">\n\t\t\t\t\t\t\t\t\t\t<a data-fancybox=\"gal\" href=\"https:\/\/teknomet.pl\/wp-content\/uploads\/2022\/02\/DSC_8772_c-scaled.jpg\">\n\t\t\t\t\t\t<img decoding=\"async\" src=\"https:\/\/teknomet.pl\/wp-content\/uploads\/2022\/02\/DSC_8772_c-scaled.jpg\" alt=\"LITEN ARKITEKTUR OG HAGEM\u00d8BLER\">\n\t\t\t\t\t<\/a>\n\t\t\t\t<\/div>\n\t\t\t\t\t\t\t<div class=\"col-12 col-md-6 col-lg-4\">\n\t\t\t\t\t\t\t\t\t\t<a data-fancybox=\"gal\" href=\"https:\/\/teknomet.pl\/wp-content\/uploads\/2022\/02\/DSC_8766_c-scaled.jpg\">\n\t\t\t\t\t\t<img decoding=\"async\" src=\"https:\/\/teknomet.pl\/wp-content\/uploads\/2022\/02\/DSC_8766_c-scaled.jpg\" alt=\"LITEN ARKITEKTUR OG HAGEM\u00d8BLER\">\n\t\t\t\t\t<\/a>\n\t\t\t\t<\/div>\n\t\t\t\t\t\t\t<div class=\"col-12 col-md-6 col-lg-4\">\n\t\t\t\t\t\t\t\t\t\t<a data-fancybox=\"gal\" href=\"https:\/\/teknomet.pl\/wp-content\/uploads\/2022\/02\/DSC_8764_c-scaled.jpg\">\n\t\t\t\t\t\t<img decoding=\"async\" src=\"https:\/\/teknomet.pl\/wp-content\/uploads\/2022\/02\/DSC_8764_c-scaled.jpg\" alt=\"LITEN ARKITEKTUR OG HAGEM\u00d8BLER\">\n\t\t\t\t\t<\/a>\n\t\t\t\t<\/div>\n\t\t\t\t\t\t\t<div class=\"col-12 col-md-6 col-lg-4\">\n\t\t\t\t\t\t\t\t\t\t<a data-fancybox=\"gal\" href=\"https:\/\/teknomet.pl\/wp-content\/uploads\/2022\/02\/DSC_8750_c-scaled.jpg\">\n\t\t\t\t\t\t<img decoding=\"async\" src=\"https:\/\/teknomet.pl\/wp-content\/uploads\/2022\/02\/DSC_8750_c-scaled.jpg\" alt=\"LITEN ARKITEKTUR OG HAGEM\u00d8BLER\">\n\t\t\t\t\t<\/a>\n\t\t\t\t<\/div>\n\t\t\t\t\t\t\t<div class=\"col-12 col-md-6 col-lg-4\">\n\t\t\t\t\t\t\t\t\t\t<a data-fancybox=\"gal\" href=\"https:\/\/teknomet.pl\/wp-content\/uploads\/2022\/02\/DSC_8254_c-scaled.jpg\">\n\t\t\t\t\t\t<img decoding=\"async\" src=\"https:\/\/teknomet.pl\/wp-content\/uploads\/2022\/02\/DSC_8254_c-scaled.jpg\" alt=\"LITEN ARKITEKTUR OG HAGEM\u00d8BLER\">\n\t\t\t\t\t<\/a>\n\t\t\t\t<\/div>\n\t\t\t\t\t\t\t<div class=\"col-12 col-md-6 col-lg-4\">\n\t\t\t\t\t\t\t\t\t\t<a data-fancybox=\"gal\" href=\"https:\/\/teknomet.pl\/wp-content\/uploads\/2022\/02\/DSC_8295_c-scaled.jpg\">\n\t\t\t\t\t\t<img decoding=\"async\" src=\"https:\/\/teknomet.pl\/wp-content\/uploads\/2022\/02\/DSC_8295_c-scaled.jpg\" alt=\"LITEN ARKITEKTUR OG HAGEM\u00d8BLER\">\n\t\t\t\t\t<\/a>\n\t\t\t\t<\/div>\n\t\t\t\t\t\t\t<div class=\"col-12 col-md-6 col-lg-4\">\n\t\t\t\t\t\t\t\t\t\t<a data-fancybox=\"gal\" href=\"https:\/\/teknomet.pl\/wp-content\/uploads\/2022\/02\/DSC_8282_c-scaled.jpg\">\n\t\t\t\t\t\t<img decoding=\"async\" src=\"https:\/\/teknomet.pl\/wp-content\/uploads\/2022\/02\/DSC_8282_c-scaled.jpg\" alt=\"LITEN ARKITEKTUR OG HAGEM\u00d8BLER\">\n\t\t\t\t\t<\/a>\n\t\t\t\t<\/div>\n\t\t\t\t\t\t\t<div class=\"col-12 col-md-6 col-lg-4\">\n\t\t\t\t\t\t\t\t\t\t<a data-fancybox=\"gal\" href=\"https:\/\/teknomet.pl\/wp-content\/uploads\/2022\/02\/DSC_8268_c-scaled.jpg\">\n\t\t\t\t\t\t<img decoding=\"async\" src=\"https:\/\/teknomet.pl\/wp-content\/uploads\/2022\/02\/DSC_8268_c-scaled.jpg\" alt=\"LITEN ARKITEKTUR OG HAGEM\u00d8BLER\">\n\t\t\t\t\t<\/a>\n\t\t\t\t<\/div>\n\t\t\t\t\t\t\t<div class=\"col-12 col-md-6 col-lg-4\">\n\t\t\t\t\t\t\t\t\t\t<a data-fancybox=\"gal\" href=\"https:\/\/teknomet.pl\/wp-content\/uploads\/2022\/02\/DSC_8237_-scaled.jpg\">\n\t\t\t\t\t\t<img decoding=\"async\" src=\"https:\/\/teknomet.pl\/wp-content\/uploads\/2022\/02\/DSC_8237_-scaled.jpg\" alt=\"LITEN ARKITEKTUR OG HAGEM\u00d8BLER\">\n\t\t\t\t\t<\/a>\n\t\t\t\t<\/div>\n\t\t\t\t\t\t\t<div class=\"col-12 col-md-6 col-lg-4\">\n\t\t\t\t\t\t\t\t\t\t<a data-fancybox=\"gal\" href=\"https:\/\/teknomet.pl\/wp-content\/uploads\/2022\/02\/DSC_8243_-scaled.jpg\">\n\t\t\t\t\t\t<img decoding=\"async\" src=\"https:\/\/teknomet.pl\/wp-content\/uploads\/2022\/02\/DSC_8243_-scaled.jpg\" alt=\"LITEN ARKITEKTUR OG HAGEM\u00d8BLER\">\n\t\t\t\t\t<\/a>\n\t\t\t\t<\/div>\n\t\t\t\t\t\t\t<div class=\"col-12 col-md-6 col-lg-4\">\n\t\t\t\t\t\t\t\t\t\t<a data-fancybox=\"gal\" href=\"https:\/\/teknomet.pl\/wp-content\/uploads\/2022\/02\/DSC_7551_-scaled.jpg\">\n\t\t\t\t\t\t<img decoding=\"async\" src=\"https:\/\/teknomet.pl\/wp-content\/uploads\/2022\/02\/DSC_7551_-scaled.jpg\" alt=\"LITEN ARKITEKTUR OG HAGEM\u00d8BLER\">\n\t\t\t\t\t<\/a>\n\t\t\t\t<\/div>\n\t\t\t\t\t\t\t<div class=\"col-12 col-md-6 col-lg-4\">\n\t\t\t\t\t\t\t\t\t\t<a data-fancybox=\"gal\" href=\"https:\/\/teknomet.pl\/wp-content\/uploads\/2022\/02\/DSC_7548_-scaled.jpg\">\n\t\t\t\t\t\t<img decoding=\"async\" src=\"https:\/\/teknomet.pl\/wp-content\/uploads\/2022\/02\/DSC_7548_-scaled.jpg\" alt=\"LITEN ARKITEKTUR OG HAGEM\u00d8BLER\">\n\t\t\t\t\t<\/a>\n\t\t\t\t<\/div>\n\t\t\t\t\t\t\t<div class=\"col-12 col-md-6 col-lg-4\">\n\t\t\t\t\t\t\t\t\t\t<a data-fancybox=\"gal\" href=\"https:\/\/teknomet.pl\/wp-content\/uploads\/2022\/02\/DSC_7534_-scaled.jpg\">\n\t\t\t\t\t\t<img decoding=\"async\" src=\"https:\/\/teknomet.pl\/wp-content\/uploads\/2022\/02\/DSC_7534_-scaled.jpg\" alt=\"LITEN ARKITEKTUR OG HAGEM\u00d8BLER\">\n\t\t\t\t\t<\/a>\n\t\t\t\t<\/div>\n\t\t\t\t\t\t\t<div class=\"col-12 col-md-6 col-lg-4\">\n\t\t\t\t\t\t\t\t\t\t<a data-fancybox=\"gal\" href=\"https:\/\/teknomet.pl\/wp-content\/uploads\/2022\/02\/DSC_7453_-scaled.jpg\">\n\t\t\t\t\t\t<img decoding=\"async\" src=\"https:\/\/teknomet.pl\/wp-content\/uploads\/2022\/02\/DSC_7453_-scaled.jpg\" alt=\"LITEN ARKITEKTUR OG HAGEM\u00d8BLER\">\n\t\t\t\t\t<\/a>\n\t\t\t\t<\/div>\n\t\t\t\t\t\t\t<div class=\"col-12 col-md-6 col-lg-4\">\n\t\t\t\t\t\t\t\t\t\t<a data-fancybox=\"gal\" href=\"https:\/\/teknomet.pl\/wp-content\/uploads\/2022\/02\/DSC_7515_-scaled.jpg\">\n\t\t\t\t\t\t<img decoding=\"async\" src=\"https:\/\/teknomet.pl\/wp-content\/uploads\/2022\/02\/DSC_7515_-scaled.jpg\" alt=\"LITEN ARKITEKTUR OG HAGEM\u00d8BLER\">\n\t\t\t\t\t<\/a>\n\t\t\t\t<\/div>\n\t\t\t\t\t\t\t<div class=\"col-12 col-md-6 col-lg-4\">\n\t\t\t\t\t\t\t\t\t\t<a data-fancybox=\"gal\" href=\"https:\/\/teknomet.pl\/wp-content\/uploads\/2022\/02\/DSC_5278-scaled.jpg\">\n\t\t\t\t\t\t<img decoding=\"async\" src=\"https:\/\/teknomet.pl\/wp-content\/uploads\/2022\/02\/DSC_5278-scaled.jpg\" alt=\"LITEN ARKITEKTUR OG HAGEM\u00d8BLER\">\n\t\t\t\t\t<\/a>\n\t\t\t\t<\/div>\n\t\t\t\t\t\t\t<div class=\"col-12 col-md-6 col-lg-4\">\n\t\t\t\t\t\t\t\t\t\t<a data-fancybox=\"gal\" href=\"https:\/\/teknomet.pl\/wp-content\/uploads\/2022\/02\/DSC_5283-scaled.jpg\">\n\t\t\t\t\t\t<img decoding=\"async\" src=\"https:\/\/teknomet.pl\/wp-content\/uploads\/2022\/02\/DSC_5283-scaled.jpg\" alt=\"LITEN ARKITEKTUR OG HAGEM\u00d8BLER\">\n\t\t\t\t\t<\/a>\n\t\t\t\t<\/div>\n\t\t\t\t\t\t\t<div class=\"col-12 col-md-6 col-lg-4\">\n\t\t\t\t\t\t\t\t\t\t<a data-fancybox=\"gal\" href=\"https:\/\/teknomet.pl\/wp-content\/uploads\/2022\/02\/DSC_5279-scaled.jpg\">\n\t\t\t\t\t\t<img decoding=\"async\" src=\"https:\/\/teknomet.pl\/wp-content\/uploads\/2022\/02\/DSC_5279-scaled.jpg\" alt=\"LITEN ARKITEKTUR OG HAGEM\u00d8BLER\">\n\t\t\t\t\t<\/a>\n\t\t\t\t<\/div>\n\t\t\t\t\t\t\t<div class=\"col-12 col-md-6 col-lg-4\">\n\t\t\t\t\t\t\t\t\t\t<a data-fancybox=\"gal\" href=\"https:\/\/teknomet.pl\/wp-content\/uploads\/2022\/02\/DSC_5091_-scaled.jpg\">\n\t\t\t\t\t\t<img decoding=\"async\" src=\"https:\/\/teknomet.pl\/wp-content\/uploads\/2022\/02\/DSC_5091_-scaled.jpg\" alt=\"LITEN ARKITEKTUR OG HAGEM\u00d8BLER\">\n\t\t\t\t\t<\/a>\n\t\t\t\t<\/div>\n\t\t\t\t\t\t\t<div class=\"col-12 col-md-6 col-lg-4\">\n\t\t\t\t\t\t\t\t\t\t<a data-fancybox=\"gal\" href=\"https:\/\/teknomet.pl\/wp-content\/uploads\/2022\/01\/Ma\u02c6a-architektura-1024x681.jpg\">\n\t\t\t\t\t\t<img decoding=\"async\" src=\"https:\/\/teknomet.pl\/wp-content\/uploads\/2022\/01\/Ma\u02c6a-architektura-scaled.jpg\" alt=\"LITEN ARKITEKTUR OG HAGEM\u00d8BLER\">\n\t\t\t\t\t<\/a>\n\t\t\t\t<\/div>\n\t\t\t\t\t\t\t<div class=\"col-12 col-md-6 col-lg-4\">\n\t\t\t\t\t\t\t\t\t\t<a data-fancybox=\"gal\" href=\"https:\/\/teknomet.pl\/wp-content\/uploads\/2022\/02\/DSC_5078_-scaled.jpg\">\n\t\t\t\t\t\t<img decoding=\"async\" src=\"https:\/\/teknomet.pl\/wp-content\/uploads\/2022\/02\/DSC_5078_-scaled.jpg\" alt=\"LITEN ARKITEKTUR OG HAGEM\u00d8BLER\">\n\t\t\t\t\t<\/a>\n\t\t\t\t<\/div>\n\t\t\t\t\t\t\t<div class=\"col-12 col-md-6 col-lg-4\">\n\t\t\t\t\t\t\t\t\t\t<a data-fancybox=\"gal\" href=\"https:\/\/teknomet.pl\/wp-content\/uploads\/2022\/02\/DSC_7412_-scaled.jpg\">\n\t\t\t\t\t\t<img decoding=\"async\" src=\"https:\/\/teknomet.pl\/wp-content\/uploads\/2022\/02\/DSC_7412_-scaled.jpg\" alt=\"LITEN ARKITEKTUR OG HAGEM\u00d8BLER\">\n\t\t\t\t\t<\/a>\n\t\t\t\t<\/div>\n\t\t\t\t\t\t\t<div class=\"col-12 col-md-6 col-lg-4\">\n\t\t\t\t\t\t\t\t\t\t<a data-fancybox=\"gal\" href=\"https:\/\/teknomet.pl\/wp-content\/uploads\/2022\/02\/DSC_7402_-scaled.jpg\">\n\t\t\t\t\t\t<img decoding=\"async\" src=\"https:\/\/teknomet.pl\/wp-content\/uploads\/2022\/02\/DSC_7402_-scaled.jpg\" alt=\"LITEN ARKITEKTUR OG HAGEM\u00d8BLER\">\n\t\t\t\t\t<\/a>\n\t\t\t\t<\/div>\n\t\t\t\t\t\t\t<div class=\"col-12 col-md-6 col-lg-4\">\n\t\t\t\t\t\t\t\t\t\t<a data-fancybox=\"gal\" href=\"https:\/\/teknomet.pl\/wp-content\/uploads\/2022\/02\/DSC_7379_-scaled.jpg\">\n\t\t\t\t\t\t<img decoding=\"async\" src=\"https:\/\/teknomet.pl\/wp-content\/uploads\/2022\/02\/DSC_7379_-scaled.jpg\" alt=\"LITEN ARKITEKTUR OG HAGEM\u00d8BLER\">\n\t\t\t\t\t<\/a>\n\t\t\t\t<\/div>\n\t\t\t\t\t\t\t<div class=\"col-12 col-md-6 col-lg-4\">\n\t\t\t\t\t\t\t\t\t\t<a data-fancybox=\"gal\" href=\"https:\/\/teknomet.pl\/wp-content\/uploads\/2022\/02\/DSC_7539_-scaled.jpg\">\n\t\t\t\t\t\t<img decoding=\"async\" src=\"https:\/\/teknomet.pl\/wp-content\/uploads\/2022\/02\/DSC_7539_-scaled.jpg\" alt=\"LITEN ARKITEKTUR OG HAGEM\u00d8BLER\">\n\t\t\t\t\t<\/a>\n\t\t\t\t<\/div>\n\t\t\t\t\t\t\t<div class=\"col-12 col-md-6 col-lg-4\">\n\t\t\t\t\t\t\t\t\t\t<a data-fancybox=\"gal\" href=\"https:\/\/teknomet.pl\/wp-content\/uploads\/2022\/02\/DSC_8789_c-scaled.jpg\">\n\t\t\t\t\t\t<img decoding=\"async\" src=\"https:\/\/teknomet.pl\/wp-content\/uploads\/2022\/02\/DSC_8789_c-scaled.jpg\" alt=\"LITEN ARKITEKTUR OG HAGEM\u00d8BLER\">\n\t\t\t\t\t<\/a>\n\t\t\t\t<\/div>\n\t\t\t\t\t\t\t<div class=\"col-12 col-md-6 col-lg-4\">\n\t\t\t\t\t\t\t\t\t\t<a data-fancybox=\"gal\" href=\"https:\/\/teknomet.pl\/wp-content\/uploads\/2022\/02\/DSC_8782_-scaled.jpg\">\n\t\t\t\t\t\t<img decoding=\"async\" src=\"https:\/\/teknomet.pl\/wp-content\/uploads\/2022\/02\/DSC_8782_-scaled.jpg\" alt=\"LITEN ARKITEKTUR OG HAGEM\u00d8BLER\">\n\t\t\t\t\t<\/a>\n\t\t\t\t<\/div>\n\t\t\t\t\t\t\t<div class=\"col-12 col-md-6 col-lg-4\">\n\t\t\t\t\t\t\t\t\t\t<a data-fancybox=\"gal\" href=\"https:\/\/teknomet.pl\/wp-content\/uploads\/2022\/02\/DSC_8784_-scaled.jpg\">\n\t\t\t\t\t\t<img decoding=\"async\" src=\"https:\/\/teknomet.pl\/wp-content\/uploads\/2022\/02\/DSC_8784_-scaled.jpg\" alt=\"LITEN ARKITEKTUR OG HAGEM\u00d8BLER\">\n\t\t\t\t\t<\/a>\n\t\t\t\t<\/div>\n\t\t\t\t\t\t\t<div class=\"col-12 col-md-6 col-lg-4\">\n\t\t\t\t\t\t\t\t\t\t<a data-fancybox=\"gal\" href=\"https:\/\/teknomet.pl\/wp-content\/uploads\/2022\/02\/DSC_8786_c-scaled.jpg\">\n\t\t\t\t\t\t<img decoding=\"async\" src=\"https:\/\/teknomet.pl\/wp-content\/uploads\/2022\/02\/DSC_8786_c-scaled.jpg\" alt=\"LITEN ARKITEKTUR OG HAGEM\u00d8BLER\">\n\t\t\t\t\t<\/a>\n\t\t\t\t<\/div>\n\t\t\t\t\t<\/div>\n\t<\/div>\n<\/div>\n\n<a class=\"button-container\" href=\"https:\/\/teknomet.pl\/no\/zlec-produkcje\/\">\n\t<span data-aos=\"zoom-in\">\u00d8nsker du \u00e5 bestille hagem\u00f8bler eller elementer av liten arkitektur? Ta kontakt!<\/span>\n<\/a>\n\n\n<div style=\"height:100px\" aria-hidden=\"true\" class=\"wp-block-spacer\"><\/div>\n\n\n<div class=\"icons\">\n\t<h2 class=\"title\" data-aos=\"fade-up\">12 gode grunner til \u00e5 <span>samarbeide med oss<\/span><\/h2>\n\t<div class=\"icons__container\">\n\t\t\t\t\t<article data-aos=\"fade-down\">\n\t\t\t\t<img decoding=\"async\" src=\"https:\/\/teknomet.pl\/wp-content\/uploads\/2021\/12\/01.png\" alt=\"Egen konstruksjonsavdeling\">\n\t\t\t\t<h4>Egen konstruksjonsavdeling<\/h4>\n\t\t\t<\/article>\n\t\t\t\t\t<article data-aos=\"fade-down\">\n\t\t\t\t<img decoding=\"async\" src=\"https:\/\/teknomet.pl\/wp-content\/uploads\/2021\/12\/04.png\" alt=\"Prototyping av produkter\">\n\t\t\t\t<h4>Prototyping av produkter<\/h4>\n\t\t\t<\/article>\n\t\t\t\t\t<article data-aos=\"fade-down\">\n\t\t\t\t<img decoding=\"async\" src=\"https:\/\/teknomet.pl\/wp-content\/uploads\/2021\/12\/05.png\" alt=\"Kompleks produksjon\">\n\t\t\t\t<h4>Kompleks produksjon<\/h4>\n\t\t\t<\/article>\n\t\t\t\t\t<article data-aos=\"fade-down\">\n\t\t\t\t<img decoding=\"async\" src=\"https:\/\/teknomet.pl\/wp-content\/uploads\/2021\/12\/02.png\" alt=\"20 \u00e5rs erfaring\">\n\t\t\t\t<h4>20 \u00e5rs erfaring<\/h4>\n\t\t\t<\/article>\n\t\t\t\t\t<article data-aos=\"fade-down\">\n\t\t\t\t<img decoding=\"async\" src=\"https:\/\/teknomet.pl\/wp-content\/uploads\/2021\/12\/08.png\" alt=\"Sm\u00e5 og store produksjonsserier (fra 1 stykke)\">\n\t\t\t\t<h4>Sm\u00e5 og store produksjonsserier (fra 1 stykke)<\/h4>\n\t\t\t<\/article>\n\t\t\t\t\t<article data-aos=\"fade-down\">\n\t\t\t\t<img decoding=\"async\" src=\"https:\/\/teknomet.pl\/wp-content\/uploads\/2021\/12\/06.png\" alt=\"Nesten 5000m2 av varmisolerte produksjonshaller\">\n\t\t\t\t<h4>Nesten 5000m2 av varmisolerte produksjonshaller<\/h4>\n\t\t\t<\/article>\n\t\t\t\t\t<article data-aos=\"fade-down\">\n\t\t\t\t<img decoding=\"async\" src=\"https:\/\/teknomet.pl\/wp-content\/uploads\/2021\/12\/12.png\" alt=\"Egne lagerhaller\">\n\t\t\t\t<h4>Egne lagerhaller<\/h4>\n\t\t\t<\/article>\n\t\t\t\t\t<article data-aos=\"fade-down\">\n\t\t\t\t<img decoding=\"async\" src=\"https:\/\/teknomet.pl\/wp-content\/uploads\/2021\/12\/03.png\" alt=\"Moderne maskinpark for st\u00e5lbearbeiding\">\n\t\t\t\t<h4>Moderne maskinpark for st\u00e5lbearbeiding<\/h4>\n\t\t\t<\/article>\n\t\t\t\t\t<article data-aos=\"fade-down\">\n\t\t\t\t<img decoding=\"async\" src=\"https:\/\/teknomet.pl\/wp-content\/uploads\/2021\/12\/11.png\" alt=\"Gunstige produksjonspriser\">\n\t\t\t\t<h4>Gunstige produksjonspriser<\/h4>\n\t\t\t<\/article>\n\t\t\t\t\t<article data-aos=\"fade-down\">\n\t\t\t\t<img decoding=\"async\" src=\"https:\/\/teknomet.pl\/wp-content\/uploads\/2021\/12\/10.png\" alt=\"Polsk produksjon\">\n\t\t\t\t<h4>Polsk produksjon<\/h4>\n\t\t\t<\/article>\n\t\t\t\t\t<article data-aos=\"fade-down\">\n\t\t\t\t<img decoding=\"async\" src=\"https:\/\/teknomet.pl\/wp-content\/uploads\/2021\/12\/09.png\" alt=\"135 spesialister som s\u00f8rger for rettidig gjennomf\u00f8ring av hver bestilling\">\n\t\t\t\t<h4>135 spesialister som s\u00f8rger for rettidig gjennomf\u00f8ring av hver bestilling<\/h4>\n\t\t\t<\/article>\n\t\t\t\t\t<article data-aos=\"fade-down\">\n\t\t\t\t<img decoding=\"async\" src=\"https:\/\/teknomet.pl\/wp-content\/uploads\/2021\/12\/07.png\" alt=\"Levering til alle land i Europa og verden\">\n\t\t\t\t<h4>Levering til alle land i Europa og verden<\/h4>\n\t\t\t<\/article>\n\t\t\t<\/div>\n\t\t\t<div class=\"icons-button\">\n\t\t\t\t\t\t\t<a href=\"https:\/\/teknomet.pl\/no\/jakosc\/park-maszynowy\/\" class=\"more\">Kjenn kvaliteten v\u00e5r <\/a>\n\t\t\t\t\t\t\t<a href=\"https:\/\/teknomet.pl\/no\/firma\/rozwoj\/\" class=\"more\">Kjenn firmaet v\u00e5rt<\/a>\n\t\t\t\t\t<\/div>\n\t<\/div>","protected":false},"excerpt":{"rendered":"<p>V\u00e5re produkter er solide og holdbare. Deres ubestridelige fordel er en elegant design og funksjonalitet. Vi kombinerer komponenter i st\u00e5l og tre p\u00e5 en moderne m\u00e5te og oppn\u00e5r spektakul\u00e6re resultater. Vi lager produkter etter prosjektene til individuelle kunder. Vi gjennomf\u00f8rer sm\u00e5 og store produksjonsserier. Vi produserer st\u00e5lprodukter for distribut\u00f8rer og firmaer som leverer hagem\u00f8bler og [&hellip;]<\/p>\n","protected":false},"author":1,"featured_media":0,"parent":2713,"menu_order":0,"comment_status":"closed","ping_status":"closed","template":"","meta":{"_acf_changed":false,"_monsterinsights_skip_tracking":false,"_monsterinsights_sitenote_active":false,"_monsterinsights_sitenote_note":"","_monsterinsights_sitenote_category":0,"footnotes":"","_links_to":"","_links_to_target":""},"class_list":["post-2720","page","type-page","status-publish","hentry"],"acf":[],"aioseo_notices":[],"_links":{"self":[{"href":"https:\/\/teknomet.pl\/no\/wp-json\/wp\/v2\/pages\/2720","targetHints":{"allow":["GET"]}}],"collection":[{"href":"https:\/\/teknomet.pl\/no\/wp-json\/wp\/v2\/pages"}],"about":[{"href":"https:\/\/teknomet.pl\/no\/wp-json\/wp\/v2\/types\/page"}],"author":[{"embeddable":true,"href":"https:\/\/teknomet.pl\/no\/wp-json\/wp\/v2\/users\/1"}],"replies":[{"embeddable":true,"href":"https:\/\/teknomet.pl\/no\/wp-json\/wp\/v2\/comments?post=2720"}],"version-history":[{"count":3,"href":"https:\/\/teknomet.pl\/no\/wp-json\/wp\/v2\/pages\/2720\/revisions"}],"predecessor-version":[{"id":3344,"href":"https:\/\/teknomet.pl\/no\/wp-json\/wp\/v2\/pages\/2720\/revisions\/3344"}],"up":[{"embeddable":true,"href":"https:\/\/teknomet.pl\/no\/wp-json\/wp\/v2\/pages\/2713"}],"wp:attachment":[{"href":"https:\/\/teknomet.pl\/no\/wp-json\/wp\/v2\/media?parent=2720"}],"curies":[{"name":"wp","href":"https:\/\/api.w.org\/{rel}","templated":true}]}}