{"id":2715,"date":"2021-12-05T09:40:54","date_gmt":"2021-12-05T09:40:54","guid":{"rendered":"https:\/\/teknomet.pl\/produkty-uzytkowe\/grille-paleniska-i-akcesoria\/"},"modified":"2022-05-09T07:40:43","modified_gmt":"2022-05-09T07:40:43","slug":"grille-paleniska-i-akcesoria","status":"publish","type":"page","link":"https:\/\/teknomet.pl\/no\/produkty-uzytkowe\/grille-paleniska-i-akcesoria\/","title":{"rendered":"UTEPEISER\/B\u00c5LPANNER\/FYRFAT OG GRILLTILBEH\u00d8R"},"content":{"rendered":"<div class=\"page-header page-header__big\">\n\t<div class=\"cover\">\n\t\t<img decoding=\"async\" src=\"https:\/\/teknomet.pl\/wp-content\/uploads\/2021\/12\/g1-1920x900.jpg\" alt=\"UTEPEISER\/B\u00c5LPANNER\/FYRFAT OG GRILLTILBEH\u00d8R \">\n\t<\/div>\n\t\t<video>\n\t\t<source src=\"https:\/\/teknomet.pl\/wp-content\/uploads\/2022\/01\/Grille-i-paleniska-i-akcesoria.mp4\">\n\t<\/video>\n\t\t<div class=\"text-container\">\n\t\t<h1>UTEPEISER\/B\u00c5LPANNER\/FYRFAT OG GRILLTILBEH\u00d8R <\/h1>\n\t\t<p class=\"p1\">Vi produserer utepeiser, b\u00e5lpanner, fyrfat og grilltilbeh\u00f8r som har gledet grillelskere siden mange \u00e5r.<\/p>\n\t\t\t\t\t<a href=\"#\" class=\"scroll-down\">\n\t\t\t\t<img decoding=\"async\" src=\"https:\/\/teknomet.pl\/wp-content\/themes\/teknomet\/assets\/svg\/scroll-down.svg\" alt=\"Scroll down\">\n\t\t\t\t<span>Se detaljer <\/span>\n\t\t\t<\/a>\n\t\t\t<\/div>\n\t\t\t<div class=\"play-container\">\n\t\t\t<a href=\"#\" class=\"play-movie\">\n\t\t\t\t<img decoding=\"async\" src=\"https:\/\/teknomet.pl\/wp-content\/themes\/teknomet\/assets\/svg\/play.svg\" alt=\"Play\">\n\t\t\t\t<span>Se videoen<\/span>\n\t\t\t\t\n\t\t\t<\/a>\n\t\t\t<a href=\"#\" class=\"pause-movie\">\n\t\t\t\t<img decoding=\"async\" src=\"https:\/\/teknomet.pl\/wp-content\/themes\/teknomet\/assets\/svg\/pause.svg\" alt=\"Play\">\n\t\t\t\t\n\t\t\t<\/a>\n\t\t<\/div>\n\t<\/div>\n<div class=\"breadcrumbs\">\n\t<div id=\"crumbs\"><a href=\"https:\/\/teknomet.pl\/no\/\">Hjemmeside<\/a> <span class=\"spacer\">|<\/span> <span class=\"current\">Side<\/span><\/div><\/div>\n\n\n<div class=\"wp-block-group container\"><div class=\"wp-block-group__inner-container is-layout-flow wp-block-group-is-layout-flow\">\n<h2 class=\"small has-black-color has-text-color has-medium-font-size wp-block-heading\" id=\"nasze-produkty-sa-funkcjonalne-i-tworza-niepowtarzalny-klimat-cechuje-je-solidne-wykonanie-unikalny-design-trwalosc-misa-paleniska-z-grubej-blachy-emaliowanej-wykonujemy-grille-paleniska-i-akcesoria-do-grillowania-wedlug-indywidualnych-projektow-dzieki-czemu-kazda-seria-produktowa-jest-niepowtarzalna-realizujemy-male-i-duze-serie-produkcyjne\">V\u00e5re produkter er funksjonelle og skaper et enest\u00e5ende klima. De er preget av en solid utf\u00f8relse, unik design og holdbarhet (gryte er laget av tykk og emaljert st\u00e5lplatte). Vi produserer utepeiser, b\u00e5lpanner, fyrfat og grilltilbeh\u00f8r etter individuelle prosjekter. Takket v\u00e6re det er hver produktserie unik. Vi gjennomf\u00f8rer sm\u00e5 og store produksjonsserier.<\/h2>\n\n\n\n<p><\/p>\n\n\n\n<div class=\"wp-block-image\"><figure class=\"aligncenter size-full\"><img loading=\"lazy\" decoding=\"async\" width=\"640\" height=\"426\" src=\"http:\/\/teknomet.pl\/wp-content\/uploads\/2021\/12\/p3.jpg\" alt=\"\" class=\"wp-image-306\" srcset=\"https:\/\/teknomet.pl\/wp-content\/uploads\/2021\/12\/p3.jpg 640w, https:\/\/teknomet.pl\/wp-content\/uploads\/2021\/12\/p3-300x200.jpg 300w\" sizes=\"auto, (max-width: 640px) 100vw, 640px\" \/><\/figure><\/div>\n\n\n\n<p>Vi produserer st\u00e5lprodukter etter unike prosjekter for distribut\u00f8rer, grossister, import\u00f8rer, butikkjeder, individuelle kunder, osv. Vi tilbyr mulighet til \u00e5 markere produkter med kundens varemerke.<\/p>\n\n\n\n<div class=\"wp-block-columns is-layout-flex wp-container-core-columns-is-layout-9d6595d7 wp-block-columns-is-layout-flex\">\n<div class=\"wp-block-column is-layout-flow wp-block-column-is-layout-flow\">\n<figure class=\"wp-block-image size-full\"><img decoding=\"async\" src=\"http:\/\/teknomet.pl\/wp-content\/uploads\/2022\/02\/DSC_5067_-1.jpg\" alt=\"\" class=\"wp-image-1372\"\/><\/figure>\n<\/div>\n\n\n\n<div class=\"wp-block-column is-layout-flow wp-block-column-is-layout-flow\">\n<figure class=\"wp-block-image size-large\"><img loading=\"lazy\" decoding=\"async\" width=\"683\" height=\"1024\" src=\"http:\/\/teknomet.pl\/wp-content\/uploads\/2022\/02\/DSC_5038_-1-683x1024.jpg\" alt=\"\" class=\"wp-image-1366\" srcset=\"https:\/\/teknomet.pl\/wp-content\/uploads\/2022\/02\/DSC_5038_-1-683x1024.jpg 683w, https:\/\/teknomet.pl\/wp-content\/uploads\/2022\/02\/DSC_5038_-1-200x300.jpg 200w, https:\/\/teknomet.pl\/wp-content\/uploads\/2022\/02\/DSC_5038_-1-768x1152.jpg 768w, https:\/\/teknomet.pl\/wp-content\/uploads\/2022\/02\/DSC_5038_-1-1024x1536.jpg 1024w, https:\/\/teknomet.pl\/wp-content\/uploads\/2022\/02\/DSC_5038_-1-1365x2048.jpg 1365w, https:\/\/teknomet.pl\/wp-content\/uploads\/2022\/02\/DSC_5038_-1-300x450.jpg 300w, https:\/\/teknomet.pl\/wp-content\/uploads\/2022\/02\/DSC_5038_-1-scaled.jpg 1707w\" sizes=\"auto, (max-width: 683px) 100vw, 683px\" \/><\/figure>\n<\/div>\n<\/div>\n\n\n\n<p><strong>Takket v\u00e6re den utmerkede<\/strong> kvaliteten og n\u00f8ye utf\u00f8relsen er utepeisene produsert av oss, kj\u00f8pt f\u00f8rst og fremst p\u00e5 det krevende nordiske markedet.<\/p>\n\n\n\n<div class=\"wp-block-image\"><figure class=\"aligncenter size-full\"><img loading=\"lazy\" decoding=\"async\" width=\"820\" height=\"532\" src=\"http:\/\/teknomet.pl\/wp-content\/uploads\/2021\/12\/g2.jpg\" alt=\"\" class=\"wp-image-322\" srcset=\"https:\/\/teknomet.pl\/wp-content\/uploads\/2021\/12\/g2.jpg 820w, https:\/\/teknomet.pl\/wp-content\/uploads\/2021\/12\/g2-300x195.jpg 300w, https:\/\/teknomet.pl\/wp-content\/uploads\/2021\/12\/g2-768x498.jpg 768w\" sizes=\"auto, (max-width: 820px) 100vw, 820px\" \/><\/figure><\/div>\n\n\n\n<p>V\u00e5rt tilbud av tilbeh\u00f8r for utepeiser, b\u00e5lpanner og fyrfat produsert av oss, inkluderer bl.a.:<\/p>\n\n\n\n<ul class=\"wp-block-list\"><li>lokker<\/li><li>gnistfangere<\/li><li>gryter<\/li><li>sidebord<\/li><li>kjeler<\/li><li>popcorngryter<\/li><li>steikepanner, osv.<\/li><\/ul>\n<\/div><\/div>\n\n\n<a class=\"button-container\" href=\"https:\/\/teknomet.pl\/no\/jakosc\/proces-produkcji\/\">\n\t<span data-aos=\"zoom-in\">\u00d8nsker du \u00e5 bestille utepeiser, b\u00e5lpanner, fyrfat og grilltilbeh\u00f8r? Kontakt oss!<\/span>\n<\/a>\n\n\n<div style=\"height:50px\" aria-hidden=\"true\" class=\"wp-block-spacer\"><\/div>\n\n\n<div class=\"icons\">\n\t<h2 class=\"title\" data-aos=\"fade-up\">12 gode grunner til \u00e5 <span>samarbeide med oss<\/span><\/h2>\n\t<div class=\"icons__container\">\n\t\t\t\t\t<article data-aos=\"fade-down\">\n\t\t\t\t<img decoding=\"async\" src=\"https:\/\/teknomet.pl\/wp-content\/uploads\/2021\/12\/01.png\" alt=\"Egen konstruksjonsavdeling\">\n\t\t\t\t<h4>Egen konstruksjonsavdeling<\/h4>\n\t\t\t<\/article>\n\t\t\t\t\t<article data-aos=\"fade-down\">\n\t\t\t\t<img decoding=\"async\" src=\"https:\/\/teknomet.pl\/wp-content\/uploads\/2021\/12\/04.png\" alt=\"Prototyping av produkter\">\n\t\t\t\t<h4>Prototyping av produkter<\/h4>\n\t\t\t<\/article>\n\t\t\t\t\t<article data-aos=\"fade-down\">\n\t\t\t\t<img decoding=\"async\" src=\"https:\/\/teknomet.pl\/wp-content\/uploads\/2021\/12\/05.png\" alt=\"Kompleks produksjon\">\n\t\t\t\t<h4>Kompleks produksjon<\/h4>\n\t\t\t<\/article>\n\t\t\t\t\t<article data-aos=\"fade-down\">\n\t\t\t\t<img decoding=\"async\" src=\"https:\/\/teknomet.pl\/wp-content\/uploads\/2021\/12\/02.png\" alt=\"20 \u00e5rs erfaring\">\n\t\t\t\t<h4>20 \u00e5rs erfaring<\/h4>\n\t\t\t<\/article>\n\t\t\t\t\t<article data-aos=\"fade-down\">\n\t\t\t\t<img decoding=\"async\" src=\"https:\/\/teknomet.pl\/wp-content\/uploads\/2021\/12\/08.png\" alt=\"Sm\u00e5 og store produksjonsserier (fra 1 stykke)\">\n\t\t\t\t<h4>Sm\u00e5 og store produksjonsserier (fra 1 stykke)<\/h4>\n\t\t\t<\/article>\n\t\t\t\t\t<article data-aos=\"fade-down\">\n\t\t\t\t<img decoding=\"async\" src=\"https:\/\/teknomet.pl\/wp-content\/uploads\/2021\/12\/06.png\" alt=\"Nesten 5000m2 av varmisolerte produksjonshaller\">\n\t\t\t\t<h4>Nesten 5000m2 av varmisolerte produksjonshaller<\/h4>\n\t\t\t<\/article>\n\t\t\t\t\t<article data-aos=\"fade-down\">\n\t\t\t\t<img decoding=\"async\" src=\"https:\/\/teknomet.pl\/wp-content\/uploads\/2021\/12\/12.png\" alt=\"Egne lagerhaller\">\n\t\t\t\t<h4>Egne lagerhaller<\/h4>\n\t\t\t<\/article>\n\t\t\t\t\t<article data-aos=\"fade-down\">\n\t\t\t\t<img decoding=\"async\" src=\"https:\/\/teknomet.pl\/wp-content\/uploads\/2021\/12\/03.png\" alt=\"Moderne maskinpark for st\u00e5lbearbeiding\">\n\t\t\t\t<h4>Moderne maskinpark for st\u00e5lbearbeiding<\/h4>\n\t\t\t<\/article>\n\t\t\t\t\t<article data-aos=\"fade-down\">\n\t\t\t\t<img decoding=\"async\" src=\"https:\/\/teknomet.pl\/wp-content\/uploads\/2021\/12\/11.png\" alt=\"Gunstige produksjonspriser\">\n\t\t\t\t<h4>Gunstige produksjonspriser<\/h4>\n\t\t\t<\/article>\n\t\t\t\t\t<article data-aos=\"fade-down\">\n\t\t\t\t<img decoding=\"async\" src=\"https:\/\/teknomet.pl\/wp-content\/uploads\/2021\/12\/10.png\" alt=\"Polsk produksjon\">\n\t\t\t\t<h4>Polsk produksjon<\/h4>\n\t\t\t<\/article>\n\t\t\t\t\t<article data-aos=\"fade-down\">\n\t\t\t\t<img decoding=\"async\" src=\"https:\/\/teknomet.pl\/wp-content\/uploads\/2021\/12\/09.png\" alt=\"135 spesialister som s\u00f8rger for rettidig gjennomf\u00f8ring av hver bestilling\">\n\t\t\t\t<h4>135 spesialister som s\u00f8rger for rettidig gjennomf\u00f8ring av hver bestilling<\/h4>\n\t\t\t<\/article>\n\t\t\t\t\t<article data-aos=\"fade-down\">\n\t\t\t\t<img decoding=\"async\" src=\"https:\/\/teknomet.pl\/wp-content\/uploads\/2021\/12\/07.png\" alt=\"Levering til alle land i Europa og verden\">\n\t\t\t\t<h4>Levering til alle land i Europa og verden<\/h4>\n\t\t\t<\/article>\n\t\t\t<\/div>\n\t\t\t<div class=\"icons-button\">\n\t\t\t\t\t\t\t<a href=\"https:\/\/teknomet.pl\/no\/jakosc\/park-maszynowy\/\" class=\"more\">Kjenn kvaliteten v\u00e5r <\/a>\n\t\t\t\t\t\t\t<a href=\"https:\/\/teknomet.pl\/no\/firma\/rozwoj\/\" class=\"more\">Kjenn firmaet v\u00e5rt<\/a>\n\t\t\t\t\t<\/div>\n\t<\/div>","protected":false},"excerpt":{"rendered":"<p>V\u00e5re produkter er funksjonelle og skaper et enest\u00e5ende klima. De er preget av en solid utf\u00f8relse, unik design og holdbarhet (gryte er laget av tykk og emaljert st\u00e5lplatte). Vi produserer utepeiser, b\u00e5lpanner, fyrfat og grilltilbeh\u00f8r etter individuelle prosjekter. Takket v\u00e6re det er hver produktserie unik. Vi gjennomf\u00f8rer sm\u00e5 og store produksjonsserier. Vi produserer st\u00e5lprodukter etter [&hellip;]<\/p>\n","protected":false},"author":1,"featured_media":0,"parent":2713,"menu_order":0,"comment_status":"closed","ping_status":"closed","template":"","meta":{"_acf_changed":false,"_monsterinsights_skip_tracking":false,"_monsterinsights_sitenote_active":false,"_monsterinsights_sitenote_note":"","_monsterinsights_sitenote_category":0,"footnotes":"","_links_to":"","_links_to_target":""},"class_list":["post-2715","page","type-page","status-publish","hentry"],"acf":[],"aioseo_notices":[],"_links":{"self":[{"href":"https:\/\/teknomet.pl\/no\/wp-json\/wp\/v2\/pages\/2715","targetHints":{"allow":["GET"]}}],"collection":[{"href":"https:\/\/teknomet.pl\/no\/wp-json\/wp\/v2\/pages"}],"about":[{"href":"https:\/\/teknomet.pl\/no\/wp-json\/wp\/v2\/types\/page"}],"author":[{"embeddable":true,"href":"https:\/\/teknomet.pl\/no\/wp-json\/wp\/v2\/users\/1"}],"replies":[{"embeddable":true,"href":"https:\/\/teknomet.pl\/no\/wp-json\/wp\/v2\/comments?post=2715"}],"version-history":[{"count":3,"href":"https:\/\/teknomet.pl\/no\/wp-json\/wp\/v2\/pages\/2715\/revisions"}],"predecessor-version":[{"id":3258,"href":"https:\/\/teknomet.pl\/no\/wp-json\/wp\/v2\/pages\/2715\/revisions\/3258"}],"up":[{"embeddable":true,"href":"https:\/\/teknomet.pl\/no\/wp-json\/wp\/v2\/pages\/2713"}],"wp:attachment":[{"href":"https:\/\/teknomet.pl\/no\/wp-json\/wp\/v2\/media?parent=2715"}],"curies":[{"name":"wp","href":"https:\/\/api.w.org\/{rel}","templated":true}]}}