{"id":2761,"date":"2021-12-01T10:40:48","date_gmt":"2021-12-01T10:40:48","guid":{"rendered":"https:\/\/teknomet.pl\/kontakt\/"},"modified":"2024-09-11T09:13:04","modified_gmt":"2024-09-11T09:13:04","slug":"kontakt","status":"publish","type":"page","link":"https:\/\/teknomet.pl\/de\/kontakt\/","title":{"rendered":"Kontakt"},"content":{"rendered":"<div class=\"page-header page-header__small\" data-parallax=\"scroll\" data-image-src=\"https:\/\/teknomet.pl\/wp-content\/uploads\/2021\/12\/teknomet.jpg\">\n\t<h1>Kontakt<\/h1>\n<\/div>\n<div class=\"breadcrumbs\">\n\t<div id=\"crumbs\"><a href=\"https:\/\/teknomet.pl\/de\/\">Startseite<\/a> <span class=\"spacer\">|<\/span> <span class=\"current\">Seite<\/span><\/div><\/div>\n\n\n<div class=\"wp-block-group contact-column\"><div class=\"wp-block-group__inner-container is-layout-flow wp-block-group-is-layout-flow\">\n<div class=\"wp-block-columns is-layout-flex wp-container-core-columns-is-layout-9d6595d7 wp-block-columns-is-layout-flex\">\n<div class=\"wp-block-column is-layout-flow wp-block-column-is-layout-flow\">\n<p>Kontakt<\/p>\n\n\n\n<p><a href=\"tel:+48338555333\">+48 338 555 333<\/a><\/p>\n<\/div>\n\n\n\n<div class=\"wp-block-column is-layout-flow wp-block-column-is-layout-flow\">\n<p>Email<\/p>\n\n\n\n<p id=\"email\"><a href=\"mailto:biuro@teknomet.pl\">biuro@teknomet.pl<\/a><\/p>\n<\/div>\n<\/div>\n<\/div><\/div>\n\n\n\n<h2 class=\"wp-block-heading has-text-align-center\" id=\"siedziba\">Hauptquartier<\/h2>\n\n\n\n<p class=\"has-text-align-center\">TEKNOMET Sp. z o.o.<br>Zak\u0142adowa 6, 43-440 Golesz\u00f3w<br>tel: <meta charset=\"utf-8\"><a href=\"tel:+48338555333\">+48 338 555 333<\/a><br>NIP: 675-143-63-27, KRS: 0000362356<\/p>\n\n\n\n<p class=\"has-text-align-center\">Registrierungsbeh\u00f6rde:<br>Bezirksgericht in Bielsko-Bia\u0142a, VIII Handelskammer des Landesgerichtsregisters<br>Grundkapital: 4.505.000 PLN<\/p>\n\n\n<div class=\"contact-form-container parallax-window\" data-parallax=\"scroll\" data-image-src=\"https:\/\/teknomet.pl\/wp-content\/uploads\/2022\/01\/contact-bg.jpg\">\n\t<div class=\"container\">\n\t\t<div class=\"row\">\n\t\t\t<div class=\"col-12\">\n\t\t\t\t<h2>Zum Kontaktformular <\/h2>\n\t\t\t<\/div>\n\t\t\t<div class=\"col-12\">\n\t\t\t\t\n<div class=\"wpcf7 no-js\" id=\"wpcf7-f2967-o1\" lang=\"pl-PL\" dir=\"ltr\" data-wpcf7-id=\"2967\">\n<div class=\"screen-reader-response\"><p role=\"status\" aria-live=\"polite\" aria-atomic=\"true\"><\/p> <ul><\/ul><\/div>\n<form action=\"\/de\/wp-json\/wp\/v2\/pages\/2761#wpcf7-f2967-o1\" method=\"post\" class=\"wpcf7-form init\" aria-label=\"Formularz kontaktowy\" novalidate=\"novalidate\" data-status=\"init\">\n<fieldset class=\"hidden-fields-container\"><input type=\"hidden\" name=\"_wpcf7\" value=\"2967\" \/><input type=\"hidden\" name=\"_wpcf7_version\" value=\"6.1.1\" \/><input type=\"hidden\" name=\"_wpcf7_locale\" value=\"pl_PL\" \/><input type=\"hidden\" name=\"_wpcf7_unit_tag\" value=\"wpcf7-f2967-o1\" \/><input type=\"hidden\" name=\"_wpcf7_container_post\" value=\"0\" \/><input type=\"hidden\" name=\"_wpcf7_posted_data_hash\" value=\"\" \/><input type=\"hidden\" name=\"_wpcf7_recaptcha_response\" value=\"\" \/>\n<\/fieldset>\n<div class=\"form-container\">\n\t<div class=\"half\">\n\t\t<p><label>Vorname und Name*<\/label><span class=\"wpcf7-form-control-wrap\" data-name=\"your-name\"><input size=\"40\" maxlength=\"400\" class=\"wpcf7-form-control wpcf7-text wpcf7-validates-as-required\" aria-required=\"true\" aria-invalid=\"false\" value=\"\" type=\"text\" name=\"your-name\" \/><\/span><label>E-mail Addresse*<\/label><span class=\"wpcf7-form-control-wrap\" data-name=\"your-email\"><input size=\"40\" maxlength=\"400\" class=\"wpcf7-form-control wpcf7-email wpcf7-validates-as-required wpcf7-text wpcf7-validates-as-email\" aria-required=\"true\" aria-invalid=\"false\" value=\"\" type=\"email\" name=\"your-email\" \/><\/span><label>Thema<\/label><span class=\"wpcf7-form-control-wrap\" data-name=\"your-subject\"><input size=\"40\" maxlength=\"400\" class=\"wpcf7-form-control wpcf7-text wpcf7-validates-as-required\" aria-required=\"true\" aria-invalid=\"false\" value=\"\" type=\"text\" name=\"your-subject\" \/><\/span>\n\t\t<\/p>\n\t<\/div>\n\t<div class=\"half\">\n\t\t<p><label>Inhalt der Nachricht*<\/label><span class=\"wpcf7-form-control-wrap\" data-name=\"your-message\"><textarea cols=\"40\" rows=\"10\" maxlength=\"2000\" class=\"wpcf7-form-control wpcf7-textarea\" aria-invalid=\"false\" name=\"your-message\"><\/textarea><\/span>\n\t\t<\/p>\n\t<\/div>\n<\/div>\n<p><label class=\"acceptance-wrapper\"><span class=\"wpcf7-form-control-wrap\" data-name=\"acceptance\"><span class=\"wpcf7-form-control wpcf7-acceptance\"><span class=\"wpcf7-list-item\"><input type=\"checkbox\" name=\"acceptance\" value=\"1\" aria-invalid=\"false\" \/><\/span><\/span><\/span>Ich stimme der Verarbeitung und Weitergabe der oben genannten personenbezogenen Daten an Teknomet zum Zwecke des Direktmarketings gem\u00e4\u00df Art. 172 des Gesetzes vom 16. Juli 2004 Telekommunikationsgesetz zu, insbesondere der Zusendung von Gesch\u00e4ftsinformationen per E-Mail und Telefon. <\/label>\n<\/p>\n<div class=\"required-info\">\n\t<p>* &#8211; Pflichtfelder\n\t<\/p>\n<\/div>\n<p><input class=\"wpcf7-form-control wpcf7-submit has-spinner\" type=\"submit\" value=\"Senden Sie das Formular\" \/>\n<\/p><div class=\"wpcf7-response-output\" aria-hidden=\"true\"><\/div>\n<\/form>\n<\/div>\n\t\t\t<\/div>\n\t\t<\/div>\n\t<\/div>\n<\/div>\n\n\n<script>\ndocument.addEventListener( 'wpcf7mailsent', function( event ) {\n  location = '\/de\/kontakt\/dziekujemy\/';\n}, false );\n<\/script>\n\n\n\t<div class=\"team\">\n\t\t<div class=\"container\">\n\t\t\t<div class=\"row\">\n\t\t\t\t<div class=\"col-12\">\n\t\t\t\t\t<h2>Direkter Kontakt <\/h2>\n\t\t\t\t<\/div>\n\t\t\t<\/div>\n\t\t\t<div class=\"row justify-content-center\">\n\t\t\t\t\t\t\t\t\t<div class=\"col-12 col-sm-6 col-lg-4 col-xl-3\">\n\t\t\t\t\t\t\t\t\t\t\t\t\t<h3>CEO<\/h3>\n\t\t\t\t\t\t\t\t\t\t\t\t\t\t\t\t\t\t\t<img decoding=\"async\" src=\"https:\/\/teknomet.pl\/wp-content\/uploads\/2024\/09\/Piotr-Pilch-2-scaled.jpg\" alt=\"Piotr Pilch\">\n\t\t\t\t\t\t\t\t\t\t\t\t<div class=\"team-wrapper\">\n\t\t\t\t\t\t\t\t\t\t\t\t\t\t\t<h4>Piotr Pilch<\/h4>\n\t\t\t\t\t\t\t\t\t\t\t\t\t\t<div class=\"lang\">\n\t\t\t\t\t\t\t\t\t\t\t\t\t\t\t\n\t\t\t\t\t\t\t\t\t\t\t\t\t\t\t\t\t<img decoding=\"async\" src=\"https:\/\/teknomet.pl\/wp-content\/themes\/teknomet\/assets\/images\/lang\/pl.png\" alt=\"\">\n\t\t\t\t\t\t\t\t\t\t\t\t\t\t\t\t\t<img decoding=\"async\" src=\"https:\/\/teknomet.pl\/wp-content\/themes\/teknomet\/assets\/images\/lang\/no.png\" alt=\"\">\n\t\t\t\t\t\t\t\t\t\t\t\t\t\t\t\t\t<img decoding=\"async\" src=\"https:\/\/teknomet.pl\/wp-content\/themes\/teknomet\/assets\/images\/lang\/de.png\" alt=\"\">\n\t\t\t\t\t\t\t\t\t\t\t\t\t\t\t\t\n\t\t\t\t\t\t\t\t\t\t\t\t\t\t<\/div>\n\t\t\t\t\t\t\t<div class=\"team-wrapper-contact\">\n\t\t\t\t\t\t\t\t\t\t\t\t\t\t\t\t\t\t\t\t\t\t\t\t\t\t\t\t\t\t\t\t\t<a href=\"mailto:biuro@teknomet.pl\"><span>biuro@teknomet.pl<\/span><\/a>\n\t\t\t\t\t\t\t\t\t\t\t\t\t\t\t<\/div>\n\t\t\t\t\t\t<\/div>\n\t\t\t\t\t<\/div>\n\t\t\t\t\t\t\t\t\t<div class=\"col-12 col-sm-6 col-lg-4 col-xl-3\">\n\t\t\t\t\t\t\t\t\t\t\t\t\t<h3>COO<\/h3>\n\t\t\t\t\t\t\t\t\t\t\t\t\t\t\t\t\t\t\t<img decoding=\"async\" src=\"https:\/\/teknomet.pl\/wp-content\/uploads\/2024\/09\/Daniel-Czyz-scaled.jpg\" alt=\"Daniel Czy\u017c\">\n\t\t\t\t\t\t\t\t\t\t\t\t<div class=\"team-wrapper\">\n\t\t\t\t\t\t\t\t\t\t\t\t\t\t\t<h4>Daniel Czy\u017c<\/h4>\n\t\t\t\t\t\t\t\t\t\t\t\t\t\t<div class=\"lang\">\n\t\t\t\t\t\t\t\t\t\t\t\t\t\t\t\n\t\t\t\t\t\t\t\t\t\t\t\t\t\t\t\t\t<img decoding=\"async\" src=\"https:\/\/teknomet.pl\/wp-content\/themes\/teknomet\/assets\/images\/lang\/pl.png\" alt=\"\">\n\t\t\t\t\t\t\t\t\t\t\t\t\t\t\t\t\t<img decoding=\"async\" src=\"https:\/\/teknomet.pl\/wp-content\/themes\/teknomet\/assets\/images\/lang\/en.png\" alt=\"\">\n\t\t\t\t\t\t\t\t\t\t\t\t\t\t\t\t\t<img decoding=\"async\" src=\"https:\/\/teknomet.pl\/wp-content\/themes\/teknomet\/assets\/images\/lang\/no.png\" alt=\"\">\n\t\t\t\t\t\t\t\t\t\t\t\t\t\t\t\t\n\t\t\t\t\t\t\t\t\t\t\t\t\t\t<\/div>\n\t\t\t\t\t\t\t<div class=\"team-wrapper-contact\">\n\t\t\t\t\t\t\t\t\t\t\t\t\t\t\t\t\t\t\t\t\t\t\t\t\t<a href=\"tel:0048604079901\"><span>+48 604 079 901<\/span><\/a>\n\t\t\t\t\t\t\t\t\t\t\t\t\t\t\t\t\t\t\t\t\t\t\t\t\t<a href=\"mailto:daniel.czyz@teknomet.pl\"><span>daniel.czyz@teknomet.pl<\/span><\/a>\n\t\t\t\t\t\t\t\t\t\t\t\t\t\t\t<\/div>\n\t\t\t\t\t\t<\/div>\n\t\t\t\t\t<\/div>\n\t\t\t\t\t\t\t\t\t<div class=\"col-12 col-sm-6 col-lg-4 col-xl-3\">\n\t\t\t\t\t\t\t\t\t\t\t\t\t<h3>Produktionsdirektor<\/h3>\n\t\t\t\t\t\t\t\t\t\t\t\t\t\t\t\t\t\t\t<img decoding=\"async\" src=\"https:\/\/teknomet.pl\/wp-content\/uploads\/2024\/09\/Tymoteusz-Pilch.jpg\" alt=\"Tymoteusz Pilch\">\n\t\t\t\t\t\t\t\t\t\t\t\t<div class=\"team-wrapper\">\n\t\t\t\t\t\t\t\t\t\t\t\t\t\t\t<h4>Tymoteusz Pilch<\/h4>\n\t\t\t\t\t\t\t\t\t\t\t\t\t\t<div class=\"lang\">\n\t\t\t\t\t\t\t\t\t\t\t\t\t\t\t\n\t\t\t\t\t\t\t\t\t\t\t\t\t\t\t\t\t<img decoding=\"async\" src=\"https:\/\/teknomet.pl\/wp-content\/themes\/teknomet\/assets\/images\/lang\/pl.png\" alt=\"\">\n\t\t\t\t\t\t\t\t\t\t\t\t\t\t\t\t\t<img decoding=\"async\" src=\"https:\/\/teknomet.pl\/wp-content\/themes\/teknomet\/assets\/images\/lang\/en.png\" alt=\"\">\n\t\t\t\t\t\t\t\t\t\t\t\t\t\t\t\t\n\t\t\t\t\t\t\t\t\t\t\t\t\t\t<\/div>\n\t\t\t\t\t\t\t<div class=\"team-wrapper-contact\">\n\t\t\t\t\t\t\t\t\t\t\t\t\t\t\t\t\t\t\t\t\t\t\t\t\t<a href=\"tel:0048880760685\"><span>+48 880 760 685<\/span><\/a>\n\t\t\t\t\t\t\t\t\t\t\t\t\t\t\t\t\t\t\t\t\t\t\t\t\t<a href=\"mailto:tymoteusz.pilch@teknomet.pl\"><span>tymoteusz.pilch@teknomet.pl<\/span><\/a>\n\t\t\t\t\t\t\t\t\t\t\t\t\t\t\t<\/div>\n\t\t\t\t\t\t<\/div>\n\t\t\t\t\t<\/div>\n\t\t\t\t\t\t\t\t\t<div class=\"col-12 col-sm-6 col-lg-4 col-xl-3\">\n\t\t\t\t\t\t\t\t\t\t\t\t\t<h3>Finanzen<\/h3>\n\t\t\t\t\t\t\t\t\t\t\t\t\t\t\t\t\t\t\t<img decoding=\"async\" src=\"https:\/\/teknomet.pl\/wp-content\/uploads\/2022\/03\/Roman-Szalbot-scaled.jpg\" alt=\"Roman Szalbot\">\n\t\t\t\t\t\t\t\t\t\t\t\t<div class=\"team-wrapper\">\n\t\t\t\t\t\t\t\t\t\t\t\t\t\t\t<h4>Roman Szalbot<\/h4>\n\t\t\t\t\t\t\t\t\t\t\t\t\t\t<div class=\"lang\">\n\t\t\t\t\t\t\t\t\t\t\t\t\t\t\t\n\t\t\t\t\t\t\t\t\t\t\t\t\t\t\t\t\t<img decoding=\"async\" src=\"https:\/\/teknomet.pl\/wp-content\/themes\/teknomet\/assets\/images\/lang\/pl.png\" alt=\"\">\n\t\t\t\t\t\t\t\t\t\t\t\t\t\t\t\t\t<img decoding=\"async\" src=\"https:\/\/teknomet.pl\/wp-content\/themes\/teknomet\/assets\/images\/lang\/no.png\" alt=\"\">\n\t\t\t\t\t\t\t\t\t\t\t\t\t\t\t\t\n\t\t\t\t\t\t\t\t\t\t\t\t\t\t<\/div>\n\t\t\t\t\t\t\t<div class=\"team-wrapper-contact\">\n\t\t\t\t\t\t\t\t\t\t\t\t\t\t\t\t\t<a href=\"tel:0048338555333wew3\"><span>+48 338 555 333  wew. 3<\/span><\/a>\n\t\t\t\t\t\t\t\t\t\t\t\t\t\t\t\t\t\t\t\t\t\t\t\t\t<a href=\"tel:0048607445085\"><span>+48 607 445 085<\/span><\/a>\n\t\t\t\t\t\t\t\t\t\t\t\t\t\t\t\t\t\t\t\t\t\t\t\t\t<a href=\"mailto:roman.szalbot@teknomet.pl\"><span>roman.szalbot@teknomet.pl<\/span><\/a>\n\t\t\t\t\t\t\t\t\t\t\t\t\t\t\t<\/div>\n\t\t\t\t\t\t<\/div>\n\t\t\t\t\t<\/div>\n\t\t\t\t\t\t\t\t\t<div class=\"col-12 col-sm-6 col-lg-4 col-xl-3\">\n\t\t\t\t\t\t\t\t\t\t\t\t\t<h3>Verwaltung<\/h3>\n\t\t\t\t\t\t\t\t\t\t\t\t\t\t\t\t\t\t\t<img decoding=\"async\" src=\"https:\/\/teknomet.pl\/wp-content\/uploads\/2022\/03\/Monika-Cichy-scaled.jpg\" alt=\"Monika Cichy\">\n\t\t\t\t\t\t\t\t\t\t\t\t<div class=\"team-wrapper\">\n\t\t\t\t\t\t\t\t\t\t\t\t\t\t\t<h4>Monika Cichy<\/h4>\n\t\t\t\t\t\t\t\t\t\t\t\t\t\t<div class=\"lang\">\n\t\t\t\t\t\t\t\t\t\t\t\t\t\t\t\n\t\t\t\t\t\t\t\t\t\t\t\t\t\t\t\t\t<img decoding=\"async\" src=\"https:\/\/teknomet.pl\/wp-content\/themes\/teknomet\/assets\/images\/lang\/pl.png\" alt=\"\">\n\t\t\t\t\t\t\t\t\t\t\t\t\t\t\t\t\n\t\t\t\t\t\t\t\t\t\t\t\t\t\t<\/div>\n\t\t\t\t\t\t\t<div class=\"team-wrapper-contact\">\n\t\t\t\t\t\t\t\t\t\t\t\t\t\t\t\t\t<a href=\"tel:0048338555333\"><span>+48 338 555 333<\/span><\/a>\n\t\t\t\t\t\t\t\t\t\t\t\t\t\t\t\t\t\t\t\t\t\t\t\t\t\t\t\t\t\t\t\t\t<a href=\"mailto:monika.cichy@teknomet.pl\"><span>monika.cichy@teknomet.pl<\/span><\/a>\n\t\t\t\t\t\t\t\t\t\t\t\t\t\t\t<\/div>\n\t\t\t\t\t\t<\/div>\n\t\t\t\t\t<\/div>\n\t\t\t\t\t\t\t\t\t<div class=\"col-12 col-sm-6 col-lg-4 col-xl-3\">\n\t\t\t\t\t\t\t\t\t\t\t\t\t<h3>Einkauf<\/h3>\n\t\t\t\t\t\t\t\t\t\t\t\t\t\t\t\t\t\t\t<img decoding=\"async\" src=\"https:\/\/teknomet.pl\/wp-content\/uploads\/2022\/10\/11-e1666017863890.jpg\" alt=\"Magdalena Szotek\">\n\t\t\t\t\t\t\t\t\t\t\t\t<div class=\"team-wrapper\">\n\t\t\t\t\t\t\t\t\t\t\t\t\t\t\t<h4>Magdalena Szotek<\/h4>\n\t\t\t\t\t\t\t\t\t\t\t\t\t\t<div class=\"lang\">\n\t\t\t\t\t\t\t\t\t\t\t\t\t\t\t\n\t\t\t\t\t\t\t\t\t\t\t\t\t\t\t\t\t<img decoding=\"async\" src=\"https:\/\/teknomet.pl\/wp-content\/themes\/teknomet\/assets\/images\/lang\/pl.png\" alt=\"\">\n\t\t\t\t\t\t\t\t\t\t\t\t\t\t\t\t\n\t\t\t\t\t\t\t\t\t\t\t\t\t\t<\/div>\n\t\t\t\t\t\t\t<div class=\"team-wrapper-contact\">\n\t\t\t\t\t\t\t\t\t\t\t\t\t\t\t\t\t<a href=\"tel:0048338555333wew6\"><span>+48 338 555 333  wew. 6<\/span><\/a>\n\t\t\t\t\t\t\t\t\t\t\t\t\t\t\t\t\t\t\t\t\t\t\t\t\t<a href=\"tel:0048602565005\"><span>+48 602 565 005<\/span><\/a>\n\t\t\t\t\t\t\t\t\t\t\t\t\t\t\t\t\t\t\t\t\t\t\t\t\t<a href=\"mailto:magdalena.szotek@teknomet.pl\"><span>magdalena.szotek@teknomet.pl<\/span><\/a>\n\t\t\t\t\t\t\t\t\t\t\t\t\t\t\t<\/div>\n\t\t\t\t\t\t<\/div>\n\t\t\t\t\t<\/div>\n\t\t\t\t\t\t\t\t\t<div class=\"col-12 col-sm-6 col-lg-4 col-xl-3\">\n\t\t\t\t\t\t\t\t\t\t\t\t\t<h3>Logistik<\/h3>\n\t\t\t\t\t\t\t\t\t\t\t\t\t\t\t\t\t\t\t<img decoding=\"async\" src=\"https:\/\/teknomet.pl\/wp-content\/uploads\/2022\/03\/Dawid-Pilch-scaled.jpg\" alt=\"Dawid Pilch\">\n\t\t\t\t\t\t\t\t\t\t\t\t<div class=\"team-wrapper\">\n\t\t\t\t\t\t\t\t\t\t\t\t\t\t\t<h4>Dawid Pilch<\/h4>\n\t\t\t\t\t\t\t\t\t\t\t\t\t\t<div class=\"lang\">\n\t\t\t\t\t\t\t\t\t\t\t\t\t\t\t\n\t\t\t\t\t\t\t\t\t\t\t\t\t\t\t\t\t<img decoding=\"async\" src=\"https:\/\/teknomet.pl\/wp-content\/themes\/teknomet\/assets\/images\/lang\/pl.png\" alt=\"\">\n\t\t\t\t\t\t\t\t\t\t\t\t\t\t\t\t\t<img decoding=\"async\" src=\"https:\/\/teknomet.pl\/wp-content\/themes\/teknomet\/assets\/images\/lang\/en.png\" alt=\"\">\n\t\t\t\t\t\t\t\t\t\t\t\t\t\t\t\t\t<img decoding=\"async\" src=\"https:\/\/teknomet.pl\/wp-content\/themes\/teknomet\/assets\/images\/lang\/no.png\" alt=\"\">\n\t\t\t\t\t\t\t\t\t\t\t\t\t\t\t\t\n\t\t\t\t\t\t\t\t\t\t\t\t\t\t<\/div>\n\t\t\t\t\t\t\t<div class=\"team-wrapper-contact\">\n\t\t\t\t\t\t\t\t\t\t\t\t\t\t\t\t\t<a href=\"tel:0048338555333wew6\"><span>+48 338 555 333  wew. 6<\/span><\/a>\n\t\t\t\t\t\t\t\t\t\t\t\t\t\t\t\t\t\t\t\t\t\t\t\t\t<a href=\"tel:0048608685970\"><span>+48 608 685 970<\/span><\/a>\n\t\t\t\t\t\t\t\t\t\t\t\t\t\t\t\t\t\t\t\t\t\t\t\t\t<a href=\"mailto:dawid.pilch@teknomet.pl\"><span>dawid.pilch@teknomet.pl<\/span><\/a>\n\t\t\t\t\t\t\t\t\t\t\t\t\t\t\t<\/div>\n\t\t\t\t\t\t<\/div>\n\t\t\t\t\t<\/div>\n\t\t\t\t\t\t\t\t\t<div class=\"col-12 col-sm-6 col-lg-4 col-xl-3\">\n\t\t\t\t\t\t\t\t\t\t\t\t\t\t\t\t\t\t<div class=\"team-wrapper\">\n\t\t\t\t\t\t\t\t\t\t\t\t\t\t<div class=\"lang\">\n\t\t\t\t\t\t\t\t\t\t\t\t\t\t<\/div>\n\t\t\t\t\t\t\t<div class=\"team-wrapper-contact\">\n\t\t\t\t\t\t\t\t\t\t\t\t\t\t\t\t\t\t\t\t\t\t\t\t\t\t\t\t\t\t\t<\/div>\n\t\t\t\t\t\t<\/div>\n\t\t\t\t\t<\/div>\n\t\t\t\t\t\t\t\t\t<div class=\"col-12 col-sm-6 col-lg-4 col-xl-3\">\n\t\t\t\t\t\t\t\t\t\t\t\t\t<h3>Technische Abteilung &#8211; Leiter <\/h3>\n\t\t\t\t\t\t\t\t\t\t\t\t\t\t\t\t\t\t\t<img decoding=\"async\" src=\"https:\/\/teknomet.pl\/wp-content\/uploads\/2022\/03\/Stanislaw-Czyz-scaled.jpg\" alt=\"Stanis\u0142aw Czy\u017c\">\n\t\t\t\t\t\t\t\t\t\t\t\t<div class=\"team-wrapper\">\n\t\t\t\t\t\t\t\t\t\t\t\t\t\t\t<h4>Stanis\u0142aw Czy\u017c<\/h4>\n\t\t\t\t\t\t\t\t\t\t\t\t\t\t<div class=\"lang\">\n\t\t\t\t\t\t\t\t\t\t\t\t\t\t\t\n\t\t\t\t\t\t\t\t\t\t\t\t\t\t\t\t\t<img decoding=\"async\" src=\"https:\/\/teknomet.pl\/wp-content\/themes\/teknomet\/assets\/images\/lang\/pl.png\" alt=\"\">\n\t\t\t\t\t\t\t\t\t\t\t\t\t\t\t\t\t<img decoding=\"async\" src=\"https:\/\/teknomet.pl\/wp-content\/themes\/teknomet\/assets\/images\/lang\/en.png\" alt=\"\">\n\t\t\t\t\t\t\t\t\t\t\t\t\t\t\t\t\n\t\t\t\t\t\t\t\t\t\t\t\t\t\t<\/div>\n\t\t\t\t\t\t\t<div class=\"team-wrapper-contact\">\n\t\t\t\t\t\t\t\t\t\t\t\t\t\t\t\t\t\t\t\t\t\t\t\t\t<a href=\"tel:0048608060830\"><span>+48 608 060 830<\/span><\/a>\n\t\t\t\t\t\t\t\t\t\t\t\t\t\t\t\t\t\t\t\t\t\t\t\t\t<a href=\"mailto:stanislaw.czyz@teknomet.pl\"><span>stanislaw.czyz@teknomet.pl<\/span><\/a>\n\t\t\t\t\t\t\t\t\t\t\t\t\t\t\t<\/div>\n\t\t\t\t\t\t<\/div>\n\t\t\t\t\t<\/div>\n\t\t\t\t\t\t\t\t\t<div class=\"col-12 col-sm-6 col-lg-4 col-xl-3\">\n\t\t\t\t\t\t\t\t\t\t\t\t\t<h3>Technische Abteilung &#8211; Konstrukteure<\/h3>\n\t\t\t\t\t\t\t\t\t\t\t\t\t\t\t\t\t\t\t<img decoding=\"async\" src=\"https:\/\/teknomet.pl\/wp-content\/uploads\/2022\/03\/Piotr-Brzyzek-scaled.jpg\" alt=\"Piotr Brzy\u017cek\">\n\t\t\t\t\t\t\t\t\t\t\t\t<div class=\"team-wrapper\">\n\t\t\t\t\t\t\t\t\t\t\t\t\t\t\t<h4>Piotr Brzy\u017cek<\/h4>\n\t\t\t\t\t\t\t\t\t\t\t\t\t\t<div class=\"lang\">\n\t\t\t\t\t\t\t\t\t\t\t\t\t\t\t\n\t\t\t\t\t\t\t\t\t\t\t\t\t\t\t\t\t<img decoding=\"async\" src=\"https:\/\/teknomet.pl\/wp-content\/themes\/teknomet\/assets\/images\/lang\/pl.png\" alt=\"\">\n\t\t\t\t\t\t\t\t\t\t\t\t\t\t\t\t\t<img decoding=\"async\" src=\"https:\/\/teknomet.pl\/wp-content\/themes\/teknomet\/assets\/images\/lang\/de.png\" alt=\"\">\n\t\t\t\t\t\t\t\t\t\t\t\t\t\t\t\t\n\t\t\t\t\t\t\t\t\t\t\t\t\t\t<\/div>\n\t\t\t\t\t\t\t<div class=\"team-wrapper-contact\">\n\t\t\t\t\t\t\t\t\t\t\t\t\t\t\t\t\t\t\t\t\t\t\t\t\t<a href=\"tel:0048604229129\"><span>+48 604 229 129<\/span><\/a>\n\t\t\t\t\t\t\t\t\t\t\t\t\t\t\t\t\t\t\t\t\t\t\t\t\t<a href=\"mailto:piotr.brzyzek@teknomet.pl\"><span>piotr.brzyzek@teknomet.pl<\/span><\/a>\n\t\t\t\t\t\t\t\t\t\t\t\t\t\t\t<\/div>\n\t\t\t\t\t\t<\/div>\n\t\t\t\t\t<\/div>\n\t\t\t\t\t\t\t\t\t<div class=\"col-12 col-sm-6 col-lg-4 col-xl-3\">\n\t\t\t\t\t\t\t\t\t\t\t\t\t<h3>Key Account Manager &#8211; Norge<\/h3>\n\t\t\t\t\t\t\t\t\t\t\t\t\t\t\t\t\t\t\t<img decoding=\"async\" src=\"https:\/\/teknomet.pl\/wp-content\/uploads\/2024\/09\/IMG_8350.jpg\" alt=\"Lars Kyllevik\">\n\t\t\t\t\t\t\t\t\t\t\t\t<div class=\"team-wrapper\">\n\t\t\t\t\t\t\t\t\t\t\t\t\t\t\t<h4>Lars Kyllevik<\/h4>\n\t\t\t\t\t\t\t\t\t\t\t\t\t\t<div class=\"lang\">\n\t\t\t\t\t\t\t\t\t\t\t\t\t\t\t\n\t\t\t\t\t\t\t\t\t\t\t\t\t\t\t\t\t<img decoding=\"async\" src=\"https:\/\/teknomet.pl\/wp-content\/themes\/teknomet\/assets\/images\/lang\/en.png\" alt=\"\">\n\t\t\t\t\t\t\t\t\t\t\t\t\t\t\t\t\t<img decoding=\"async\" src=\"https:\/\/teknomet.pl\/wp-content\/themes\/teknomet\/assets\/images\/lang\/no.png\" alt=\"\">\n\t\t\t\t\t\t\t\t\t\t\t\t\t\t\t\t\n\t\t\t\t\t\t\t\t\t\t\t\t\t\t<\/div>\n\t\t\t\t\t\t\t<div class=\"team-wrapper-contact\">\n\t\t\t\t\t\t\t\t\t\t\t\t\t\t\t\t\t\t\t\t\t\t\t\t\t<a href=\"tel:004791314300\"><span>+47 913 14 300<\/span><\/a>\n\t\t\t\t\t\t\t\t\t\t\t\t\t\t\t\t\t\t\t\t\t\t\t\t\t<a href=\"mailto:lars@teknomet.pl\"><span>lars@teknomet.pl<\/span><\/a>\n\t\t\t\t\t\t\t\t\t\t\t\t\t\t\t<\/div>\n\t\t\t\t\t\t<\/div>\n\t\t\t\t\t<\/div>\n\t\t\t\t\t\t\t\t\t<div class=\"col-12 col-sm-6 col-lg-4 col-xl-3\">\n\t\t\t\t\t\t\t\t\t\t\t\t\t\t\t\t\t\t<div class=\"team-wrapper\">\n\t\t\t\t\t\t\t\t\t\t\t\t\t\t<div class=\"lang\">\n\t\t\t\t\t\t\t\t\t\t\t\t\t\t<\/div>\n\t\t\t\t\t\t\t<div class=\"team-wrapper-contact\">\n\t\t\t\t\t\t\t\t\t\t\t\t\t\t\t\t\t\t\t\t\t\t\t\t\t\t\t\t\t\t\t<\/div>\n\t\t\t\t\t\t<\/div>\n\t\t\t\t\t<\/div>\n\t\t\t\t\t\t\t<\/div>\n\t\t<\/div>\n\t<\/div>\n\n\n\n<h2 class=\"wp-block-heading has-text-align-center\" id=\"jak-dojechac\">Wie komme ich dazu?<\/h2>\n\n\n\n<iframe src=\"https:\/\/www.google.com\/maps\/embed?pb=!1m18!1m12!1m3!1d41259.31647326572!2d18.69995618053022!3d49.73513444652729!2m3!1f0!2f0!3f0!3m2!1i1024!2i768!4f13.1!3m3!1m2!1s0x47140354d6726f29%3A0x16b99d5af4702321!2sZak%C5%82adowa%206%2C%2043-440%20Golesz%C3%B3w!5e0!3m2!1spl!2spl!4v1641379933903!5m2!1spl!2spl\" style=\"border:0; margin:0\" allowfullscreen=\"\" loading=\"lazy\" width=\"100%\" height=\"700\"><\/iframe>\n","protected":false},"excerpt":{"rendered":"<p>Kontakt +48 338 555 333 Email biuro@teknomet.pl Hauptquartier TEKNOMET Sp. z o.o.Zak\u0142adowa 6, 43-440 Golesz\u00f3wtel: +48 338 555 333NIP: 675-143-63-27, KRS: 0000362356 Registrierungsbeh\u00f6rde:Bezirksgericht in Bielsko-Bia\u0142a, VIII Handelskammer des LandesgerichtsregistersGrundkapital: 4.505.000 PLN Wie komme ich dazu?<\/p>\n","protected":false},"author":1,"featured_media":0,"parent":0,"menu_order":8,"comment_status":"closed","ping_status":"closed","template":"","meta":{"_acf_changed":false,"_monsterinsights_skip_tracking":false,"_monsterinsights_sitenote_active":false,"_monsterinsights_sitenote_note":"","_monsterinsights_sitenote_category":0,"footnotes":"","_links_to":"","_links_to_target":""},"class_list":["post-2761","page","type-page","status-publish","hentry"],"acf":[],"aioseo_notices":[],"_links":{"self":[{"href":"https:\/\/teknomet.pl\/de\/wp-json\/wp\/v2\/pages\/2761","targetHints":{"allow":["GET"]}}],"collection":[{"href":"https:\/\/teknomet.pl\/de\/wp-json\/wp\/v2\/pages"}],"about":[{"href":"https:\/\/teknomet.pl\/de\/wp-json\/wp\/v2\/types\/page"}],"author":[{"embeddable":true,"href":"https:\/\/teknomet.pl\/de\/wp-json\/wp\/v2\/users\/1"}],"replies":[{"embeddable":true,"href":"https:\/\/teknomet.pl\/de\/wp-json\/wp\/v2\/comments?post=2761"}],"version-history":[{"count":16,"href":"https:\/\/teknomet.pl\/de\/wp-json\/wp\/v2\/pages\/2761\/revisions"}],"predecessor-version":[{"id":3952,"href":"https:\/\/teknomet.pl\/de\/wp-json\/wp\/v2\/pages\/2761\/revisions\/3952"}],"wp:attachment":[{"href":"https:\/\/teknomet.pl\/de\/wp-json\/wp\/v2\/media?parent=2761"}],"curies":[{"name":"wp","href":"https:\/\/api.w.org\/{rel}","templated":true}]}}