{"id":2755,"date":"2021-12-11T08:29:08","date_gmt":"2021-12-11T08:29:08","guid":{"rendered":"https:\/\/teknomet.pl\/firma\/historia\/"},"modified":"2025-01-21T12:19:41","modified_gmt":"2025-01-21T12:19:41","slug":"historia","status":"publish","type":"page","link":"https:\/\/teknomet.pl\/de\/firma\/historia\/","title":{"rendered":"GESCHICHTE"},"content":{"rendered":"<div class=\"page-header page-header__big\">\n\t<div class=\"cover\">\n\t\t<img decoding=\"async\" src=\"https:\/\/teknomet.pl\/wp-content\/uploads\/2022\/03\/Teknomet-produkcja-kooperacja-2-1920x900.jpg\" alt=\"GESCHICHTE\">\n\t<\/div>\n\t\t<video>\n\t\t<source src=\"https:\/\/teknomet.pl\/wp-content\/uploads\/2022\/01\/Historia.mp4\">\n\t<\/video>\n\t\t<div class=\"text-container\">\n\t\t<h1>GESCHICHTE<\/h1>\n\t\t<p>Die Geschichte unseres Unternehmens umfasst fast 20 Jahre T\u00e4tigkeit!<\/p>\n\t\t\t\t\t<a href=\"#\" class=\"scroll-down\">\n\t\t\t\t<img decoding=\"async\" src=\"https:\/\/teknomet.pl\/wp-content\/themes\/teknomet\/assets\/svg\/scroll-down.svg\" alt=\"Scroll down\">\n\t\t\t\t<span>Siehe Einzelheiten<\/span>\n\t\t\t<\/a>\n\t\t\t<\/div>\n\t\t\t<div class=\"play-container\">\n\t\t\t<a href=\"#\" class=\"play-movie\">\n\t\t\t\t<img decoding=\"async\" src=\"https:\/\/teknomet.pl\/wp-content\/themes\/teknomet\/assets\/svg\/play.svg\" alt=\"Play\">\n\t\t\t\t<span>Schau das Video!<\/span>\n\t\t\t\t\n\t\t\t<\/a>\n\t\t\t<a href=\"#\" class=\"pause-movie\">\n\t\t\t\t<img decoding=\"async\" src=\"https:\/\/teknomet.pl\/wp-content\/themes\/teknomet\/assets\/svg\/pause.svg\" alt=\"Play\">\n\t\t\t\t\n\t\t\t<\/a>\n\t\t<\/div>\n\t<\/div>\n<div class=\"breadcrumbs\">\n\t<div id=\"crumbs\"><a href=\"https:\/\/teknomet.pl\/de\/\">Startseite<\/a> <span class=\"spacer\">|<\/span> <span class=\"current\">Seite<\/span><\/div><\/div>\n\n<div class=\"container\">\n\n\n<ul class=\"wp-block-list\">\n<li><strong>2003.09 <\/strong><br>Kontaktaufnahme mit einem skandinavischen Unternehmen, das Systeme zum Verpacken von Brennholz vertreibt<br><br><\/li>\n\n\n\n<li><strong>2004.07 <\/strong><br>Registrierung der Firma &#8222;Pol-Drew-Kom&#8220; Piotr Pilch.<br><br><\/li>\n\n\n\n<li><strong>2004.12 <\/strong><br>Erster Export von &#8222;Kombi&#8220;- und &#8222;Euro&#8220; &#8211; Taschentr\u00e4ger<br><br><\/li>\n\n\n\n<li><strong>2005.01 <\/strong><br>Produktionsstart in Wis\u0142a Malinka<br><br><\/li>\n\n\n\n<li><strong>2006.10 <\/strong><br>Erweiterung der Produktions- und B\u00fcror\u00e4ume nach der ehemaligen Tischlerei. Die Gesamtproduktionsfl\u00e4che betr\u00e4gt 1.250 m<br><br><\/li>\n\n\n\n<li><strong>2009.01 <\/strong><br>\u00c4nderung des Firmennamens f\u00fcr &#8222;Teknomet&#8220; Piotr Pilch<br><br><\/li>\n\n\n\n<li><strong>2010.12 <\/strong><br>Kauf eines 30.000 m2 gro\u00dfen Industriegrundst\u00fccks in Golesz\u00f3w bei Cieszyn auf dem Gel\u00e4nde des ehemaligen Zementwerks f\u00fcr den Bau einer neuen Produktionshalle<br><br><\/li>\n\n\n\n<li><strong>2011.06 <\/strong><br>Umwandlung des Unternehmens ins &#8222;Teknomet GmbH&#8220;<br><br><\/li>\n\n\n\n<li><strong>2012.11<\/strong> <br>Er\u00f6ffnung einer neuen Anlage mit einer Gesamtfl\u00e4che von 3.000 m2. Produktionshalle mit Sozial- und B\u00fcroeinrichtungen<br><br><\/li>\n\n\n\n<li><strong>2013.04 <\/strong><br>Inbetriebnahme der Spr\u00fchlackiererei<br><br><\/li>\n\n\n\n<li><strong>2013.12 <\/strong><br>Anschaffung einer Kantenpresse, eines Blechschneiders, einer automatischen Bands\u00e4ge, einer 3D-Drahtbiegemaschine und einer 3D-Rohrbiegemaschine, kofinanziert von der Europ\u00e4ischen Union<br><br><\/li>\n\n\n\n<li><strong>2015.09 <\/strong><br>Erweiterung der Halle und des Lagers mit einer Fl\u00e4che von 1.400 m2<br><br><\/li>\n\n\n\n<li><strong>2016.03 <\/strong><br>Inbetriebnahme einer Nasslackiererei<br><br><\/li>\n\n\n\n<li><strong>2017.05<\/strong><br>Inbetriebnahme einer Pulver-Emaillieranlage<br><br><\/li>\n\n\n\n<li><strong>2018.02 <\/strong><br>Inbetriebnahme einer automatischen Elektropolierlinie<br><br><\/li>\n\n\n\n<li><strong>2018.05 <\/strong><br>Ein zus\u00e4tzliches Grundst\u00fcck von 6800 m2 wurde erworben<br><br><\/li>\n\n\n\n<li><strong>2019.01 <\/strong><br>Inbetriebnahme einer Pulverlackiererei mit einer Fl\u00e4che von 680 m2 (zwei unabh\u00e4ngige Linien)<br><br><\/li>\n<\/ul>\n\n\n\n<figure class=\"wp-block-gallery has-nested-images columns-default is-cropped wp-block-gallery-1 is-layout-flex wp-block-gallery-is-layout-flex\">\n<figure class=\"wp-block-image size-large\"><img loading=\"lazy\" decoding=\"async\" width=\"1024\" height=\"742\" data-id=\"3131\" src=\"https:\/\/teknomet.pl\/wp-content\/uploads\/2022\/04\/2005-1-1024x742.jpg\" alt=\"\" class=\"wp-image-3131\" srcset=\"https:\/\/teknomet.pl\/wp-content\/uploads\/2022\/04\/2005-1-1024x742.jpg 1024w, https:\/\/teknomet.pl\/wp-content\/uploads\/2022\/04\/2005-1-300x218.jpg 300w, https:\/\/teknomet.pl\/wp-content\/uploads\/2022\/04\/2005-1-768x557.jpg 768w, https:\/\/teknomet.pl\/wp-content\/uploads\/2022\/04\/2005-1-1536x1114.jpg 1536w, https:\/\/teknomet.pl\/wp-content\/uploads\/2022\/04\/2005-1.jpg 1920w\" sizes=\"auto, (max-width: 1024px) 100vw, 1024px\" \/><figcaption class=\"wp-element-caption\">2005<\/figcaption><\/figure>\n\n\n\n<figure class=\"wp-block-image size-large\"><img loading=\"lazy\" decoding=\"async\" width=\"1024\" height=\"828\" data-id=\"3135\" src=\"https:\/\/teknomet.pl\/wp-content\/uploads\/2022\/04\/2006-1-1024x828.jpg\" alt=\"\" class=\"wp-image-3135\" srcset=\"https:\/\/teknomet.pl\/wp-content\/uploads\/2022\/04\/2006-1-1024x828.jpg 1024w, https:\/\/teknomet.pl\/wp-content\/uploads\/2022\/04\/2006-1-300x243.jpg 300w, https:\/\/teknomet.pl\/wp-content\/uploads\/2022\/04\/2006-1-768x621.jpg 768w, https:\/\/teknomet.pl\/wp-content\/uploads\/2022\/04\/2006-1-1536x1242.jpg 1536w, https:\/\/teknomet.pl\/wp-content\/uploads\/2022\/04\/2006-1.jpg 1920w\" sizes=\"auto, (max-width: 1024px) 100vw, 1024px\" \/><figcaption class=\"wp-element-caption\">2006<\/figcaption><\/figure>\n<\/figure>\n\n\n\n<figure class=\"wp-block-gallery has-nested-images columns-default is-cropped wp-block-gallery-2 is-layout-flex wp-block-gallery-is-layout-flex\">\n<figure class=\"wp-block-image size-large\"><img loading=\"lazy\" decoding=\"async\" width=\"1024\" height=\"395\" data-id=\"3165\" src=\"https:\/\/teknomet.pl\/wp-content\/uploads\/2022\/04\/2010-5-1024x395.jpg\" alt=\"\" class=\"wp-image-3165\" srcset=\"https:\/\/teknomet.pl\/wp-content\/uploads\/2022\/04\/2010-5-1024x395.jpg 1024w, https:\/\/teknomet.pl\/wp-content\/uploads\/2022\/04\/2010-5-300x116.jpg 300w, https:\/\/teknomet.pl\/wp-content\/uploads\/2022\/04\/2010-5-768x296.jpg 768w, https:\/\/teknomet.pl\/wp-content\/uploads\/2022\/04\/2010-5-1536x592.jpg 1536w, https:\/\/teknomet.pl\/wp-content\/uploads\/2022\/04\/2010-5.jpg 2048w\" sizes=\"auto, (max-width: 1024px) 100vw, 1024px\" \/><figcaption class=\"wp-element-caption\">2010<\/figcaption><\/figure>\n<\/figure>\n\n\n\n<figure class=\"wp-block-gallery has-nested-images columns-default is-cropped wp-block-gallery-3 is-layout-flex wp-block-gallery-is-layout-flex\">\n<figure class=\"wp-block-image size-large\"><img loading=\"lazy\" decoding=\"async\" width=\"960\" height=\"335\" data-id=\"3170\" src=\"https:\/\/teknomet.pl\/wp-content\/uploads\/2022\/04\/2011-6.jpg\" alt=\"\" class=\"wp-image-3170\" srcset=\"https:\/\/teknomet.pl\/wp-content\/uploads\/2022\/04\/2011-6.jpg 960w, https:\/\/teknomet.pl\/wp-content\/uploads\/2022\/04\/2011-6-300x105.jpg 300w, https:\/\/teknomet.pl\/wp-content\/uploads\/2022\/04\/2011-6-768x268.jpg 768w\" sizes=\"auto, (max-width: 960px) 100vw, 960px\" \/><figcaption class=\"wp-element-caption\">2011<\/figcaption><\/figure>\n<\/figure>\n\n\n\n<figure class=\"wp-block-gallery has-nested-images columns-default is-cropped wp-block-gallery-4 is-layout-flex wp-block-gallery-is-layout-flex\">\n<figure class=\"wp-block-image size-large\"><img loading=\"lazy\" decoding=\"async\" width=\"1024\" height=\"286\" data-id=\"3179\" src=\"https:\/\/teknomet.pl\/wp-content\/uploads\/2022\/04\/2012-4-1024x286.jpg\" alt=\"\" class=\"wp-image-3179\" srcset=\"https:\/\/teknomet.pl\/wp-content\/uploads\/2022\/04\/2012-4-1024x286.jpg 1024w, https:\/\/teknomet.pl\/wp-content\/uploads\/2022\/04\/2012-4-300x84.jpg 300w, https:\/\/teknomet.pl\/wp-content\/uploads\/2022\/04\/2012-4-768x215.jpg 768w, https:\/\/teknomet.pl\/wp-content\/uploads\/2022\/04\/2012-4-1536x429.jpg 1536w, https:\/\/teknomet.pl\/wp-content\/uploads\/2022\/04\/2012-4.jpg 2048w\" sizes=\"auto, (max-width: 1024px) 100vw, 1024px\" \/><figcaption class=\"wp-element-caption\">2012<\/figcaption><\/figure>\n<\/figure>\n\n\n\n<figure class=\"wp-block-gallery has-nested-images columns-default is-cropped wp-block-gallery-5 is-layout-flex wp-block-gallery-is-layout-flex\">\n<figure class=\"wp-block-image size-large\"><img loading=\"lazy\" decoding=\"async\" width=\"1024\" height=\"682\" data-id=\"3186\" src=\"https:\/\/teknomet.pl\/wp-content\/uploads\/2022\/04\/Gotowe-2012-4-1024x682.jpg\" alt=\"\" class=\"wp-image-3186\" srcset=\"https:\/\/teknomet.pl\/wp-content\/uploads\/2022\/04\/Gotowe-2012-4-1024x682.jpg 1024w, https:\/\/teknomet.pl\/wp-content\/uploads\/2022\/04\/Gotowe-2012-4-300x200.jpg 300w, https:\/\/teknomet.pl\/wp-content\/uploads\/2022\/04\/Gotowe-2012-4-768x511.jpg 768w, https:\/\/teknomet.pl\/wp-content\/uploads\/2022\/04\/Gotowe-2012-4-1536x1022.jpg 1536w, https:\/\/teknomet.pl\/wp-content\/uploads\/2022\/04\/Gotowe-2012-4.jpg 2048w\" sizes=\"auto, (max-width: 1024px) 100vw, 1024px\" \/><figcaption class=\"wp-element-caption\">2012<\/figcaption><\/figure>\n<\/figure>\n\n\n\n<figure class=\"wp-block-gallery has-nested-images columns-default is-cropped wp-block-gallery-6 is-layout-flex wp-block-gallery-is-layout-flex\">\n<figure class=\"wp-block-image size-large\"><img loading=\"lazy\" decoding=\"async\" width=\"1024\" height=\"767\" data-id=\"3192\" src=\"https:\/\/teknomet.pl\/wp-content\/uploads\/2022\/04\/Teknomet-produkcja-kooperacja-1-4-1024x767.jpg\" alt=\"\" class=\"wp-image-3192\" srcset=\"https:\/\/teknomet.pl\/wp-content\/uploads\/2022\/04\/Teknomet-produkcja-kooperacja-1-4-1024x767.jpg 1024w, https:\/\/teknomet.pl\/wp-content\/uploads\/2022\/04\/Teknomet-produkcja-kooperacja-1-4-300x225.jpg 300w, https:\/\/teknomet.pl\/wp-content\/uploads\/2022\/04\/Teknomet-produkcja-kooperacja-1-4-768x576.jpg 768w, https:\/\/teknomet.pl\/wp-content\/uploads\/2022\/04\/Teknomet-produkcja-kooperacja-1-4-1536x1151.jpg 1536w, https:\/\/teknomet.pl\/wp-content\/uploads\/2022\/04\/Teknomet-produkcja-kooperacja-1-4.jpg 1920w\" sizes=\"auto, (max-width: 1024px) 100vw, 1024px\" \/><figcaption class=\"wp-element-caption\">2022<\/figcaption><\/figure>\n<\/figure>\n\n\n<\/div>\n\n\n<div style=\"height:141px\" aria-hidden=\"true\" class=\"wp-block-spacer\"><\/div>\n\n\n<div class=\"icons\">\n\t<h2 class=\"title\" data-aos=\"fade-up\">12 Gr\u00fcnde, warum es lohnt sich <span>mit uns zusammenarbeiten<\/span><\/h2>\n\t<div class=\"icons__container\">\n\t\t\t\t\t<article data-aos=\"fade-down\">\n\t\t\t\t<img decoding=\"async\" src=\"https:\/\/teknomet.pl\/wp-content\/uploads\/2021\/12\/01.png\" alt=\"Eigene Bauabteilung \">\n\t\t\t\t<h4>Eigene Bauabteilung <\/h4>\n\t\t\t<\/article>\n\t\t\t\t\t<article data-aos=\"fade-down\">\n\t\t\t\t<img decoding=\"async\" src=\"https:\/\/teknomet.pl\/wp-content\/uploads\/2021\/12\/04.png\" alt=\"Produkt-Prototype\">\n\t\t\t\t<h4>Produkt-Prototype<\/h4>\n\t\t\t<\/article>\n\t\t\t\t\t<article data-aos=\"fade-down\">\n\t\t\t\t<img decoding=\"async\" src=\"https:\/\/teknomet.pl\/wp-content\/uploads\/2021\/12\/05.png\" alt=\"Komplette Fertigung \">\n\t\t\t\t<h4>Komplette Fertigung <\/h4>\n\t\t\t<\/article>\n\t\t\t\t\t<article data-aos=\"fade-down\">\n\t\t\t\t<img decoding=\"async\" src=\"https:\/\/teknomet.pl\/wp-content\/uploads\/2021\/12\/02.png\" alt=\"20 Jahre Erfahrung \">\n\t\t\t\t<h4>20 Jahre Erfahrung <\/h4>\n\t\t\t<\/article>\n\t\t\t\t\t<article data-aos=\"fade-down\">\n\t\t\t\t<img decoding=\"async\" src=\"https:\/\/teknomet.pl\/wp-content\/uploads\/2021\/12\/08.png\" alt=\"Kleine und gro\u00dfe Produktionschargen (ab 1 St\u00fcck)\">\n\t\t\t\t<h4>Kleine und gro\u00dfe Produktionschargen (ab 1 St\u00fcck)<\/h4>\n\t\t\t<\/article>\n\t\t\t\t\t<article data-aos=\"fade-down\">\n\t\t\t\t<img decoding=\"async\" src=\"https:\/\/teknomet.pl\/wp-content\/uploads\/2021\/12\/06.png\" alt=\"Fast 5000 m2 isolierte Produktionshallen \">\n\t\t\t\t<h4>Fast 5000 m2 isolierte Produktionshallen <\/h4>\n\t\t\t<\/article>\n\t\t\t\t\t<article data-aos=\"fade-down\">\n\t\t\t\t<img decoding=\"async\" src=\"https:\/\/teknomet.pl\/wp-content\/uploads\/2021\/12\/12.png\" alt=\"Eigene Lagerfl\u00e4che \">\n\t\t\t\t<h4>Eigene Lagerfl\u00e4che <\/h4>\n\t\t\t<\/article>\n\t\t\t\t\t<article data-aos=\"fade-down\">\n\t\t\t\t<img decoding=\"async\" src=\"https:\/\/teknomet.pl\/wp-content\/uploads\/2021\/12\/03.png\" alt=\"Moderner Maschinenpark f\u00fcr die Stahlverarbeitung \">\n\t\t\t\t<h4>Moderner Maschinenpark f\u00fcr die Stahlverarbeitung <\/h4>\n\t\t\t<\/article>\n\t\t\t\t\t<article data-aos=\"fade-down\">\n\t\t\t\t<img decoding=\"async\" src=\"https:\/\/teknomet.pl\/wp-content\/uploads\/2021\/12\/11.png\" alt=\"G\u00fcnstige Produktionspreise \">\n\t\t\t\t<h4>G\u00fcnstige Produktionspreise <\/h4>\n\t\t\t<\/article>\n\t\t\t\t\t<article data-aos=\"fade-down\">\n\t\t\t\t<img decoding=\"async\" src=\"https:\/\/teknomet.pl\/wp-content\/uploads\/2021\/12\/10.png\" alt=\"Produktion in Polen\">\n\t\t\t\t<h4>Produktion in Polen<\/h4>\n\t\t\t<\/article>\n\t\t\t\t\t<article data-aos=\"fade-down\">\n\t\t\t\t<img decoding=\"async\" src=\"https:\/\/teknomet.pl\/wp-content\/uploads\/2021\/12\/09.png\" alt=\"135 Fachleute, die sich um die rechtzeitige \">\n\t\t\t\t<h4>135 Fachleute, die sich um die rechtzeitige <\/h4>\n\t\t\t<\/article>\n\t\t\t\t\t<article data-aos=\"fade-down\">\n\t\t\t\t<img decoding=\"async\" src=\"https:\/\/teknomet.pl\/wp-content\/uploads\/2021\/12\/07.png\" alt=\"Auftragsausf\u00fchrung k\u00fcmmern\">\n\t\t\t\t<h4>Auftragsausf\u00fchrung k\u00fcmmern<\/h4>\n\t\t\t<\/article>\n\t\t\t<\/div>\n\t\t\t<div class=\"icons-button\">\n\t\t\t\t\t\t\t<a href=\"https:\/\/teknomet.pl\/de\/jakosc\/park-maszynowy\/\" class=\"more\">Lassen Sie sich unsere Qualit\u00e4t kennenzulernen. <\/a>\n\t\t\t\t\t\t\t<a href=\"https:\/\/teknomet.pl\/de\/firma\/rozwoj\/\" class=\"more\">Lassen Sie sich unser Unternehmen kennenzulernen.<\/a>\n\t\t\t\t\t<\/div>\n\t<\/div>","protected":false},"excerpt":{"rendered":"","protected":false},"author":1,"featured_media":0,"parent":2751,"menu_order":2,"comment_status":"closed","ping_status":"closed","template":"","meta":{"_acf_changed":false,"_monsterinsights_skip_tracking":false,"_monsterinsights_sitenote_active":false,"_monsterinsights_sitenote_note":"","_monsterinsights_sitenote_category":0,"footnotes":"","_links_to":"","_links_to_target":""},"class_list":["post-2755","page","type-page","status-publish","hentry"],"acf":[],"aioseo_notices":[],"_links":{"self":[{"href":"https:\/\/teknomet.pl\/de\/wp-json\/wp\/v2\/pages\/2755","targetHints":{"allow":["GET"]}}],"collection":[{"href":"https:\/\/teknomet.pl\/de\/wp-json\/wp\/v2\/pages"}],"about":[{"href":"https:\/\/teknomet.pl\/de\/wp-json\/wp\/v2\/types\/page"}],"author":[{"embeddable":true,"href":"https:\/\/teknomet.pl\/de\/wp-json\/wp\/v2\/users\/1"}],"replies":[{"embeddable":true,"href":"https:\/\/teknomet.pl\/de\/wp-json\/wp\/v2\/comments?post=2755"}],"version-history":[{"count":10,"href":"https:\/\/teknomet.pl\/de\/wp-json\/wp\/v2\/pages\/2755\/revisions"}],"predecessor-version":[{"id":4372,"href":"https:\/\/teknomet.pl\/de\/wp-json\/wp\/v2\/pages\/2755\/revisions\/4372"}],"up":[{"embeddable":true,"href":"https:\/\/teknomet.pl\/de\/wp-json\/wp\/v2\/pages\/2751"}],"wp:attachment":[{"href":"https:\/\/teknomet.pl\/de\/wp-json\/wp\/v2\/media?parent=2755"}],"curies":[{"name":"wp","href":"https:\/\/api.w.org\/{rel}","templated":true}]}}