{"id":2749,"date":"2021-12-11T08:31:38","date_gmt":"2021-12-11T08:31:38","guid":{"rendered":"https:\/\/teknomet.pl\/jakosc\/technologia\/"},"modified":"2022-05-09T07:56:37","modified_gmt":"2022-05-09T07:56:37","slug":"technologia","status":"publish","type":"page","link":"https:\/\/teknomet.pl\/de\/jakosc\/technologia\/","title":{"rendered":"TECHNOLOGIE"},"content":{"rendered":"<div class=\"page-header page-header__big\">\n\t<div class=\"cover\">\n\t\t<img decoding=\"async\" src=\"https:\/\/teknomet.pl\/wp-content\/uploads\/2022\/01\/TEchnologia.jpg\" alt=\"TECHNOLOGIE\">\n\t<\/div>\n\t\t<video>\n\t\t<source src=\"https:\/\/teknomet.pl\/wp-content\/uploads\/2022\/03\/Proces-Produkcji.mp4\">\n\t<\/video>\n\t\t<div class=\"text-container\">\n\t\t<h1>TECHNOLOGIE<\/h1>\n\t\t<p><span style=\"font-weight: 400\">Der gesamte Produktionsprozess wird in unserem Werk in Polen durchgef\u00fchrt.<\/span><\/p>\n\t\t\t\t\t<a href=\"#\" class=\"scroll-down\">\n\t\t\t\t<img decoding=\"async\" src=\"https:\/\/teknomet.pl\/wp-content\/themes\/teknomet\/assets\/svg\/scroll-down.svg\" alt=\"Scroll down\">\n\t\t\t\t<span>Siehe Einzelheiten<\/span>\n\t\t\t<\/a>\n\t\t\t<\/div>\n\t\t\t<div class=\"play-container\">\n\t\t\t<a href=\"#\" class=\"play-movie\">\n\t\t\t\t<img decoding=\"async\" src=\"https:\/\/teknomet.pl\/wp-content\/themes\/teknomet\/assets\/svg\/play.svg\" alt=\"Play\">\n\t\t\t\t<span>Schau das Video!<\/span>\n\t\t\t\t\n\t\t\t<\/a>\n\t\t\t<a href=\"#\" class=\"pause-movie\">\n\t\t\t\t<img decoding=\"async\" src=\"https:\/\/teknomet.pl\/wp-content\/themes\/teknomet\/assets\/svg\/pause.svg\" alt=\"Play\">\n\t\t\t\t\n\t\t\t<\/a>\n\t\t<\/div>\n\t<\/div>\n<div class=\"breadcrumbs\">\n\t<div id=\"crumbs\"><a href=\"https:\/\/teknomet.pl\/de\/\">Startseite<\/a> <span class=\"spacer\">|<\/span> <span class=\"current\">Seite<\/span><\/div><\/div>\n\n<div class=\"container\">\n\n\n<h2 class=\"has-black-color has-text-color has-medium-font-size wp-block-heading\" id=\"caly-proces-produkcyjny-jest-prowadzony-w-naszym-zakladzie-zlokalizowanym-w-polsce-waznym-elementem-naszego-procesu-produkcyjnego-sa-unikalne-technologie-i-urzadzenia-np-emaliernia-lub-linia-do-elektropolerowania-dzieki-czemu-mozemy-oferowac-produkty-i-uslugi-w-bardzo-szerokim-zakresie-w-tym-takie-ktore-sa-nietypowe-skomplikowane-i-unikatowe-na-rynku\">Der gesamte Produktionsprozess wird in unserem Werk in Polen durchgef\u00fchrt. Ein wichtiges Element unseres Produktionsprozesses sind einzigartige Technologien und Ger\u00e4te (z. B. eine Emaillieranlage oder eine Elektropolierlinie), dank derer wir Produkte und Dienstleistungen in einer sehr breiten Palette anbieten k\u00f6nnen, einschlie\u00dflich solcher, die ungew\u00f6hnlich, komplex und einzigartig auf dem Markt sind.<\/h2>\n\n\n\n<figure class=\"wp-block-gallery has-nested-images columns-default is-cropped wp-block-gallery-1 is-layout-flex wp-block-gallery-is-layout-flex\">\n<figure class=\"wp-block-image size-large\"><img loading=\"lazy\" decoding=\"async\" width=\"1024\" height=\"683\" data-id=\"2410\" src=\"http:\/\/teknomet.pl\/wp-content\/uploads\/2022\/04\/automatyczny-magazyn-pionowego-skladowania-2-1024x683.jpg\" alt=\"\" class=\"wp-image-2410\" srcset=\"https:\/\/teknomet.pl\/wp-content\/uploads\/2022\/04\/automatyczny-magazyn-pionowego-skladowania-2-1024x683.jpg 1024w, https:\/\/teknomet.pl\/wp-content\/uploads\/2022\/04\/automatyczny-magazyn-pionowego-skladowania-2-300x200.jpg 300w, https:\/\/teknomet.pl\/wp-content\/uploads\/2022\/04\/automatyczny-magazyn-pionowego-skladowania-2-768x512.jpg 768w, https:\/\/teknomet.pl\/wp-content\/uploads\/2022\/04\/automatyczny-magazyn-pionowego-skladowania-2-1536x1024.jpg 1536w, https:\/\/teknomet.pl\/wp-content\/uploads\/2022\/04\/automatyczny-magazyn-pionowego-skladowania-2.jpg 1920w\" sizes=\"auto, (max-width: 1024px) 100vw, 1024px\" \/><\/figure>\n\n\n\n<figure class=\"wp-block-image size-large\"><img loading=\"lazy\" decoding=\"async\" width=\"1024\" height=\"683\" data-id=\"2414\" src=\"http:\/\/teknomet.pl\/wp-content\/uploads\/2022\/04\/P1011623-1-1024x683.jpg\" alt=\"\" class=\"wp-image-2414\" srcset=\"https:\/\/teknomet.pl\/wp-content\/uploads\/2022\/04\/P1011623-1-1024x683.jpg 1024w, https:\/\/teknomet.pl\/wp-content\/uploads\/2022\/04\/P1011623-1-300x200.jpg 300w, https:\/\/teknomet.pl\/wp-content\/uploads\/2022\/04\/P1011623-1-768x512.jpg 768w, https:\/\/teknomet.pl\/wp-content\/uploads\/2022\/04\/P1011623-1-1536x1024.jpg 1536w, https:\/\/teknomet.pl\/wp-content\/uploads\/2022\/04\/P1011623-1.jpg 1920w\" sizes=\"auto, (max-width: 1024px) 100vw, 1024px\" \/><\/figure>\n\n\n\n<figure class=\"wp-block-image size-large\"><img loading=\"lazy\" decoding=\"async\" width=\"1024\" height=\"682\" data-id=\"2418\" src=\"http:\/\/teknomet.pl\/wp-content\/uploads\/2022\/04\/Spawanie-i-zgrzewanie-z-robota-spawalniczego-3-2-1024x682.jpg\" alt=\"\" class=\"wp-image-2418\" srcset=\"https:\/\/teknomet.pl\/wp-content\/uploads\/2022\/04\/Spawanie-i-zgrzewanie-z-robota-spawalniczego-3-2-1024x682.jpg 1024w, https:\/\/teknomet.pl\/wp-content\/uploads\/2022\/04\/Spawanie-i-zgrzewanie-z-robota-spawalniczego-3-2-300x200.jpg 300w, https:\/\/teknomet.pl\/wp-content\/uploads\/2022\/04\/Spawanie-i-zgrzewanie-z-robota-spawalniczego-3-2-768x512.jpg 768w, https:\/\/teknomet.pl\/wp-content\/uploads\/2022\/04\/Spawanie-i-zgrzewanie-z-robota-spawalniczego-3-2-1536x1023.jpg 1536w, https:\/\/teknomet.pl\/wp-content\/uploads\/2022\/04\/Spawanie-i-zgrzewanie-z-robota-spawalniczego-3-2.jpg 1920w\" sizes=\"auto, (max-width: 1024px) 100vw, 1024px\" \/><\/figure>\n<\/figure>\n\n\n\n<p>Viele Produktionsschritte sind automatisiert, was gr\u00f6\u00dfere Produktionsm\u00f6glichkeiten bietet und den Produktionsprozess beschleunigt.<\/p>\n\n\n\n<figure class=\"wp-block-gallery has-nested-images columns-default is-cropped wp-block-gallery-2 is-layout-flex wp-block-gallery-is-layout-flex\">\n<figure class=\"wp-block-image size-large\"><img loading=\"lazy\" decoding=\"async\" width=\"1024\" height=\"576\" data-id=\"2422\" src=\"http:\/\/teknomet.pl\/wp-content\/uploads\/2022\/04\/teknomet-technologia-1024x576.jpg\" alt=\"\" class=\"wp-image-2422\" srcset=\"https:\/\/teknomet.pl\/wp-content\/uploads\/2022\/04\/teknomet-technologia-1024x576.jpg 1024w, https:\/\/teknomet.pl\/wp-content\/uploads\/2022\/04\/teknomet-technologia-300x169.jpg 300w, https:\/\/teknomet.pl\/wp-content\/uploads\/2022\/04\/teknomet-technologia-768x432.jpg 768w, https:\/\/teknomet.pl\/wp-content\/uploads\/2022\/04\/teknomet-technologia-1536x864.jpg 1536w, https:\/\/teknomet.pl\/wp-content\/uploads\/2022\/04\/teknomet-technologia.jpg 1913w\" sizes=\"auto, (max-width: 1024px) 100vw, 1024px\" \/><\/figure>\n<\/figure>\n\n\n\n<p>Wir verf\u00fcgen \u00fcber eine spezialisierte Konstruktionsabteilung und eine umfangreiche Prototypen-Abteilung, die perfekt mit modernen Ger\u00e4ten ausgestattet ist.<\/p>\n\n\n\n<p><\/p>\n\n\n\n<figure class=\"wp-block-gallery has-nested-images columns-default is-cropped wp-block-gallery-3 is-layout-flex wp-block-gallery-is-layout-flex\">\n<figure class=\"wp-block-image size-large\"><img loading=\"lazy\" decoding=\"async\" width=\"1024\" height=\"683\" data-id=\"2430\" src=\"http:\/\/teknomet.pl\/wp-content\/uploads\/2022\/04\/Teknomet-produkcja-kooperacja-58-2-1024x683.jpg\" alt=\"\" class=\"wp-image-2430\" srcset=\"https:\/\/teknomet.pl\/wp-content\/uploads\/2022\/04\/Teknomet-produkcja-kooperacja-58-2-1024x683.jpg 1024w, https:\/\/teknomet.pl\/wp-content\/uploads\/2022\/04\/Teknomet-produkcja-kooperacja-58-2-300x200.jpg 300w, https:\/\/teknomet.pl\/wp-content\/uploads\/2022\/04\/Teknomet-produkcja-kooperacja-58-2-768x512.jpg 768w, https:\/\/teknomet.pl\/wp-content\/uploads\/2022\/04\/Teknomet-produkcja-kooperacja-58-2-1536x1024.jpg 1536w, https:\/\/teknomet.pl\/wp-content\/uploads\/2022\/04\/Teknomet-produkcja-kooperacja-58-2.jpg 1920w\" sizes=\"auto, (max-width: 1024px) 100vw, 1024px\" \/><\/figure>\n\n\n\n<figure class=\"wp-block-image size-large\"><img loading=\"lazy\" decoding=\"async\" width=\"1024\" height=\"683\" data-id=\"2426\" src=\"http:\/\/teknomet.pl\/wp-content\/uploads\/2022\/04\/Teknomet-produkcja-kooperacja-11-2-1024x683.jpg\" alt=\"\" class=\"wp-image-2426\" srcset=\"https:\/\/teknomet.pl\/wp-content\/uploads\/2022\/04\/Teknomet-produkcja-kooperacja-11-2-1024x683.jpg 1024w, https:\/\/teknomet.pl\/wp-content\/uploads\/2022\/04\/Teknomet-produkcja-kooperacja-11-2-300x200.jpg 300w, https:\/\/teknomet.pl\/wp-content\/uploads\/2022\/04\/Teknomet-produkcja-kooperacja-11-2-768x512.jpg 768w, https:\/\/teknomet.pl\/wp-content\/uploads\/2022\/04\/Teknomet-produkcja-kooperacja-11-2-1536x1024.jpg 1536w, https:\/\/teknomet.pl\/wp-content\/uploads\/2022\/04\/Teknomet-produkcja-kooperacja-11-2.jpg 1920w\" sizes=\"auto, (max-width: 1024px) 100vw, 1024px\" \/><\/figure>\n<\/figure>\n\n\n<\/div>\n\n<a class=\"button-container\" href=\"https:\/\/teknomet.pl\/de\/kontakt\/\">\n\t<span data-aos=\"zoom-in\">Fordern Sie ein Angebot an oder geben Sie eine Bestellung auf!<\/span>\n<\/a>\n\n\n<div style=\"height:50px\" aria-hidden=\"true\" class=\"wp-block-spacer\"><\/div>\n\n\n<div class=\"icons\">\n\t<h2 class=\"title\" data-aos=\"fade-up\">12 Gr\u00fcnde, warum es lohnt sich <span>mit uns zusammenarbeiten<\/span><\/h2>\n\t<div class=\"icons__container\">\n\t\t\t\t\t<article data-aos=\"fade-down\">\n\t\t\t\t<img decoding=\"async\" src=\"https:\/\/teknomet.pl\/wp-content\/uploads\/2021\/12\/01.png\" alt=\"Eigene Bauabteilung \">\n\t\t\t\t<h4>Eigene Bauabteilung <\/h4>\n\t\t\t<\/article>\n\t\t\t\t\t<article data-aos=\"fade-down\">\n\t\t\t\t<img decoding=\"async\" src=\"https:\/\/teknomet.pl\/wp-content\/uploads\/2021\/12\/04.png\" alt=\"Produkt-Prototype\">\n\t\t\t\t<h4>Produkt-Prototype<\/h4>\n\t\t\t<\/article>\n\t\t\t\t\t<article data-aos=\"fade-down\">\n\t\t\t\t<img decoding=\"async\" src=\"https:\/\/teknomet.pl\/wp-content\/uploads\/2021\/12\/05.png\" alt=\"Komplette Fertigung \">\n\t\t\t\t<h4>Komplette Fertigung <\/h4>\n\t\t\t<\/article>\n\t\t\t\t\t<article data-aos=\"fade-down\">\n\t\t\t\t<img decoding=\"async\" src=\"https:\/\/teknomet.pl\/wp-content\/uploads\/2021\/12\/02.png\" alt=\"20 Jahre Erfahrung \">\n\t\t\t\t<h4>20 Jahre Erfahrung <\/h4>\n\t\t\t<\/article>\n\t\t\t\t\t<article data-aos=\"fade-down\">\n\t\t\t\t<img decoding=\"async\" src=\"https:\/\/teknomet.pl\/wp-content\/uploads\/2021\/12\/08.png\" alt=\"Kleine und gro\u00dfe Produktionschargen (ab 1 St\u00fcck)\">\n\t\t\t\t<h4>Kleine und gro\u00dfe Produktionschargen (ab 1 St\u00fcck)<\/h4>\n\t\t\t<\/article>\n\t\t\t\t\t<article data-aos=\"fade-down\">\n\t\t\t\t<img decoding=\"async\" src=\"https:\/\/teknomet.pl\/wp-content\/uploads\/2021\/12\/06.png\" alt=\"Fast 5000 m2 isolierte Produktionshallen \">\n\t\t\t\t<h4>Fast 5000 m2 isolierte Produktionshallen <\/h4>\n\t\t\t<\/article>\n\t\t\t\t\t<article data-aos=\"fade-down\">\n\t\t\t\t<img decoding=\"async\" src=\"https:\/\/teknomet.pl\/wp-content\/uploads\/2021\/12\/12.png\" alt=\"Eigene Lagerfl\u00e4che \">\n\t\t\t\t<h4>Eigene Lagerfl\u00e4che <\/h4>\n\t\t\t<\/article>\n\t\t\t\t\t<article data-aos=\"fade-down\">\n\t\t\t\t<img decoding=\"async\" src=\"https:\/\/teknomet.pl\/wp-content\/uploads\/2021\/12\/03.png\" alt=\"Moderner Maschinenpark f\u00fcr die Stahlverarbeitung \">\n\t\t\t\t<h4>Moderner Maschinenpark f\u00fcr die Stahlverarbeitung <\/h4>\n\t\t\t<\/article>\n\t\t\t\t\t<article data-aos=\"fade-down\">\n\t\t\t\t<img decoding=\"async\" src=\"https:\/\/teknomet.pl\/wp-content\/uploads\/2021\/12\/11.png\" alt=\"G\u00fcnstige Produktionspreise \">\n\t\t\t\t<h4>G\u00fcnstige Produktionspreise <\/h4>\n\t\t\t<\/article>\n\t\t\t\t\t<article data-aos=\"fade-down\">\n\t\t\t\t<img decoding=\"async\" src=\"https:\/\/teknomet.pl\/wp-content\/uploads\/2021\/12\/10.png\" alt=\"Produktion in Polen\">\n\t\t\t\t<h4>Produktion in Polen<\/h4>\n\t\t\t<\/article>\n\t\t\t\t\t<article data-aos=\"fade-down\">\n\t\t\t\t<img decoding=\"async\" src=\"https:\/\/teknomet.pl\/wp-content\/uploads\/2021\/12\/09.png\" alt=\"135 Fachleute, die sich um die rechtzeitige \">\n\t\t\t\t<h4>135 Fachleute, die sich um die rechtzeitige <\/h4>\n\t\t\t<\/article>\n\t\t\t\t\t<article data-aos=\"fade-down\">\n\t\t\t\t<img decoding=\"async\" src=\"https:\/\/teknomet.pl\/wp-content\/uploads\/2021\/12\/07.png\" alt=\"Auftragsausf\u00fchrung k\u00fcmmern\">\n\t\t\t\t<h4>Auftragsausf\u00fchrung k\u00fcmmern<\/h4>\n\t\t\t<\/article>\n\t\t\t<\/div>\n\t\t\t<div class=\"icons-button\">\n\t\t\t\t\t\t\t<a href=\"https:\/\/teknomet.pl\/de\/jakosc\/park-maszynowy\/\" class=\"more\">Lassen Sie sich unsere Qualit\u00e4t kennenzulernen. <\/a>\n\t\t\t\t\t\t\t<a href=\"https:\/\/teknomet.pl\/de\/firma\/rozwoj\/\" class=\"more\">Lassen Sie sich unser Unternehmen kennenzulernen.<\/a>\n\t\t\t\t\t<\/div>\n\t<\/div>","protected":false},"excerpt":{"rendered":"<p>Der gesamte Produktionsprozess wird in unserem Werk in Polen durchgef\u00fchrt. Ein wichtiges Element unseres Produktionsprozesses sind einzigartige Technologien und Ger\u00e4te (z. B. eine Emaillieranlage oder eine Elektropolierlinie), dank derer wir Produkte und Dienstleistungen in einer sehr breiten Palette anbieten k\u00f6nnen, einschlie\u00dflich solcher, die ungew\u00f6hnlich, komplex und einzigartig auf dem Markt sind. Viele Produktionsschritte sind automatisiert, [&hellip;]<\/p>\n","protected":false},"author":1,"featured_media":0,"parent":2741,"menu_order":4,"comment_status":"closed","ping_status":"closed","template":"","meta":{"_acf_changed":false,"_monsterinsights_skip_tracking":false,"_monsterinsights_sitenote_active":false,"_monsterinsights_sitenote_note":"","_monsterinsights_sitenote_category":0,"footnotes":"","_links_to":"","_links_to_target":""},"class_list":["post-2749","page","type-page","status-publish","hentry"],"acf":[],"aioseo_notices":[],"_links":{"self":[{"href":"https:\/\/teknomet.pl\/de\/wp-json\/wp\/v2\/pages\/2749","targetHints":{"allow":["GET"]}}],"collection":[{"href":"https:\/\/teknomet.pl\/de\/wp-json\/wp\/v2\/pages"}],"about":[{"href":"https:\/\/teknomet.pl\/de\/wp-json\/wp\/v2\/types\/page"}],"author":[{"embeddable":true,"href":"https:\/\/teknomet.pl\/de\/wp-json\/wp\/v2\/users\/1"}],"replies":[{"embeddable":true,"href":"https:\/\/teknomet.pl\/de\/wp-json\/wp\/v2\/comments?post=2749"}],"version-history":[{"count":2,"href":"https:\/\/teknomet.pl\/de\/wp-json\/wp\/v2\/pages\/2749\/revisions"}],"predecessor-version":[{"id":2938,"href":"https:\/\/teknomet.pl\/de\/wp-json\/wp\/v2\/pages\/2749\/revisions\/2938"}],"up":[{"embeddable":true,"href":"https:\/\/teknomet.pl\/de\/wp-json\/wp\/v2\/pages\/2741"}],"wp:attachment":[{"href":"https:\/\/teknomet.pl\/de\/wp-json\/wp\/v2\/media?parent=2749"}],"curies":[{"name":"wp","href":"https:\/\/api.w.org\/{rel}","templated":true}]}}