{"id":2739,"date":"2021-12-11T08:33:53","date_gmt":"2021-12-11T08:33:53","guid":{"rendered":"https:\/\/teknomet.pl\/uslugi\/obrobka-stali-plastyczna-ubytkowa-oraz-spawanie\/"},"modified":"2023-09-22T12:14:05","modified_gmt":"2023-09-22T12:14:05","slug":"obrobka-stali-plastyczna-ubytkowa-oraz-spawanie","status":"publish","type":"page","link":"https:\/\/teknomet.pl\/de\/uslugi\/obrobka-stali-plastyczna-ubytkowa-oraz-spawanie\/","title":{"rendered":"STAHLVERARBEITUNG UND SCHWEISSEN"},"content":{"rendered":"<div class=\"page-header page-header__big\">\n\t<div class=\"cover\">\n\t\t<img decoding=\"async\" src=\"https:\/\/teknomet.pl\/wp-content\/uploads\/2022\/03\/gietarka-do-rur-2-1920x900.jpg\" alt=\"STAHLVERARBEITUNG UND SCHWEISSEN \">\n\t<\/div>\n\t\t<video>\n\t\t<source src=\"https:\/\/teknomet.pl\/wp-content\/uploads\/2022\/03\/Obrobka-Plastyczna.mp4\">\n\t<\/video>\n\t\t<div class=\"text-container\">\n\t\t<h1>STAHLVERARBEITUNG UND SCHWEISSEN <\/h1>\n\t\t<p class=\"p1\">Unser Maschinenpark f\u00fcr die Stahlverarbeitung erm\u00f6glicht die perfekte Aufrechterhaltung der Projektparameter mit hoher Genauigkeit und Wiederholung der Produktion<\/p>\n\t\t\t\t\t<a href=\"#\" class=\"scroll-down\">\n\t\t\t\t<img decoding=\"async\" src=\"https:\/\/teknomet.pl\/wp-content\/themes\/teknomet\/assets\/svg\/scroll-down.svg\" alt=\"Scroll down\">\n\t\t\t\t<span>Siehe Einzelheiten<\/span>\n\t\t\t<\/a>\n\t\t\t<\/div>\n\t\t\t<div class=\"play-container\">\n\t\t\t<a href=\"#\" class=\"play-movie\">\n\t\t\t\t<img decoding=\"async\" src=\"https:\/\/teknomet.pl\/wp-content\/themes\/teknomet\/assets\/svg\/play.svg\" alt=\"Play\">\n\t\t\t\t<span>Schau das Video!<\/span>\n\t\t\t\t\n\t\t\t<\/a>\n\t\t\t<a href=\"#\" class=\"pause-movie\">\n\t\t\t\t<img decoding=\"async\" src=\"https:\/\/teknomet.pl\/wp-content\/themes\/teknomet\/assets\/svg\/pause.svg\" alt=\"Play\">\n\t\t\t\t\n\t\t\t<\/a>\n\t\t<\/div>\n\t<\/div>\n<div class=\"breadcrumbs\">\n\t<div id=\"crumbs\"><a href=\"https:\/\/teknomet.pl\/de\/\">Startseite<\/a> <span class=\"spacer\">|<\/span> <span class=\"current\">Seite<\/span><\/div><\/div>\n\n<div class=\"container\">\n\n\n<h2 class=\"wp-block-heading\" id=\"obrobka-plastyczna-stali\"><strong>Stahlverarbeitung<\/strong><\/h2>\n\n\n\n<p>Wir besch\u00e4ftigen uns mit der Verarbeitung von Stahl (Bearbeitung von Blechen, Profilen, Dr\u00e4hten und Stangen), f\u00fcr die wir eine pr\u00e4zise Kantenpresse der renommierten italienischen Firma Vimercati PHY75 CNC, ein Dreiwalzwerk, einen 3D-Drahtbieger: VARO PTE-3D CNC, einen 3D-Bieger f\u00fcr Rohre und Profile Shuz Tung CNC 50BR2 mit Unterst\u00fctzung eines 2D-Dreirollenbiegers verwenden.<br><br>Wir verarbeiten Rohrenden auf dem Mille Miglia DS70 Rohrreduziervorrichtung.<br><br>Wir haben 2 hydraulische Pressen: eine kleine 40-Tonnen-Presse und eine gro\u00dfe 240-Tonnen-Portalpresse. Wir produzieren auch Auftr\u00e4ge mit unseren 4 Exzenterpressen: von 25 bis 40 Tonnen.<\/p>\n\n\n\n<figure class=\"wp-block-gallery has-nested-images columns-default is-cropped wp-block-gallery-1 is-layout-flex wp-block-gallery-is-layout-flex\">\n<figure class=\"wp-block-image size-large\"><img loading=\"lazy\" decoding=\"async\" width=\"1024\" height=\"683\" data-id=\"2248\" src=\"http:\/\/teknomet.pl\/wp-content\/uploads\/2022\/04\/gietarka-do-rur-2-1024x683.jpg\" alt=\"\" class=\"wp-image-2248\" srcset=\"https:\/\/teknomet.pl\/wp-content\/uploads\/2022\/04\/gietarka-do-rur-2-1024x683.jpg 1024w, https:\/\/teknomet.pl\/wp-content\/uploads\/2022\/04\/gietarka-do-rur-2-300x200.jpg 300w, https:\/\/teknomet.pl\/wp-content\/uploads\/2022\/04\/gietarka-do-rur-2-768x512.jpg 768w, https:\/\/teknomet.pl\/wp-content\/uploads\/2022\/04\/gietarka-do-rur-2-1536x1024.jpg 1536w, https:\/\/teknomet.pl\/wp-content\/uploads\/2022\/04\/gietarka-do-rur-2.jpg 1920w\" sizes=\"auto, (max-width: 1024px) 100vw, 1024px\" \/><\/figure>\n\n\n\n<figure class=\"wp-block-image size-large\"><img loading=\"lazy\" decoding=\"async\" width=\"1024\" height=\"682\" data-id=\"2244\" src=\"http:\/\/teknomet.pl\/wp-content\/uploads\/2022\/04\/gietarka-do-drutu-1024x682.jpg\" alt=\"\" class=\"wp-image-2244\" srcset=\"https:\/\/teknomet.pl\/wp-content\/uploads\/2022\/04\/gietarka-do-drutu-1024x682.jpg 1024w, https:\/\/teknomet.pl\/wp-content\/uploads\/2022\/04\/gietarka-do-drutu-300x200.jpg 300w, https:\/\/teknomet.pl\/wp-content\/uploads\/2022\/04\/gietarka-do-drutu-768x512.jpg 768w, https:\/\/teknomet.pl\/wp-content\/uploads\/2022\/04\/gietarka-do-drutu-1536x1023.jpg 1536w, https:\/\/teknomet.pl\/wp-content\/uploads\/2022\/04\/gietarka-do-drutu.jpg 1920w\" sizes=\"auto, (max-width: 1024px) 100vw, 1024px\" \/><\/figure>\n\n\n\n<figure class=\"wp-block-image size-large\"><img loading=\"lazy\" decoding=\"async\" width=\"1024\" height=\"683\" data-id=\"2256\" src=\"http:\/\/teknomet.pl\/wp-content\/uploads\/2022\/04\/Prasa-krawedziowa-1024x683.jpg\" alt=\"\" class=\"wp-image-2256\" srcset=\"https:\/\/teknomet.pl\/wp-content\/uploads\/2022\/04\/Prasa-krawedziowa-1024x683.jpg 1024w, https:\/\/teknomet.pl\/wp-content\/uploads\/2022\/04\/Prasa-krawedziowa-300x200.jpg 300w, https:\/\/teknomet.pl\/wp-content\/uploads\/2022\/04\/Prasa-krawedziowa-768x512.jpg 768w, https:\/\/teknomet.pl\/wp-content\/uploads\/2022\/04\/Prasa-krawedziowa-1536x1024.jpg 1536w, https:\/\/teknomet.pl\/wp-content\/uploads\/2022\/04\/Prasa-krawedziowa.jpg 1920w\" sizes=\"auto, (max-width: 1024px) 100vw, 1024px\" \/><\/figure>\n\n\n\n<figure class=\"wp-block-image size-large\"><img loading=\"lazy\" decoding=\"async\" width=\"1024\" height=\"683\" data-id=\"2252\" src=\"http:\/\/teknomet.pl\/wp-content\/uploads\/2022\/04\/gietarka-do-rur-1024x683.jpg\" alt=\"\" class=\"wp-image-2252\" srcset=\"https:\/\/teknomet.pl\/wp-content\/uploads\/2022\/04\/gietarka-do-rur-1024x683.jpg 1024w, https:\/\/teknomet.pl\/wp-content\/uploads\/2022\/04\/gietarka-do-rur-300x200.jpg 300w, https:\/\/teknomet.pl\/wp-content\/uploads\/2022\/04\/gietarka-do-rur-768x512.jpg 768w, https:\/\/teknomet.pl\/wp-content\/uploads\/2022\/04\/gietarka-do-rur-1536x1024.jpg 1536w, https:\/\/teknomet.pl\/wp-content\/uploads\/2022\/04\/gietarka-do-rur.jpg 1920w\" sizes=\"auto, (max-width: 1024px) 100vw, 1024px\" \/><\/figure>\n<\/figure>\n\n\n\n<h2 class=\"wp-block-heading\" id=\"ciecie\"><strong>Schneiden<\/strong><\/h2>\n\n\n\n<p>Zum Schneiden von Stahl verwenden wir unter anderem eine CNC-Bands\u00e4ge mit Bromar Automatikanleger. Zu unserem Maschinenpark geh\u00f6ren auch Bands\u00e4gen: WORKLINE 610.450 DGH (gro\u00dfe) und EasyCut 275.230DG (kleine). Wir f\u00fchren den Schneidprozess auch auf zwei MACC-Pr\u00e4zisionskreiss\u00e4gen durch. Wir schneiden die Bleche auf einer Vimercati pr\u00e4zisen Guillotine und auf einem BODOR P3 6kW Laser.<\/p>\n\n\n<div class=\"wp-block-image\">\n<figure class=\"aligncenter size-large\"><img loading=\"lazy\" decoding=\"async\" width=\"1024\" height=\"371\" src=\"https:\/\/teknomet.pl\/wp-content\/uploads\/2023\/09\/IMG_84291-1024x371.jpg\" alt=\"\" class=\"wp-image-3619\" srcset=\"https:\/\/teknomet.pl\/wp-content\/uploads\/2023\/09\/IMG_84291-1024x371.jpg 1024w, https:\/\/teknomet.pl\/wp-content\/uploads\/2023\/09\/IMG_84291-300x109.jpg 300w, https:\/\/teknomet.pl\/wp-content\/uploads\/2023\/09\/IMG_84291-768x278.jpg 768w, https:\/\/teknomet.pl\/wp-content\/uploads\/2023\/09\/IMG_84291-1536x557.jpg 1536w, https:\/\/teknomet.pl\/wp-content\/uploads\/2023\/09\/IMG_84291-2048x742.jpg 2048w\" sizes=\"auto, (max-width: 1024px) 100vw, 1024px\" \/><\/figure>\n<\/div>\n\n\n<figure class=\"wp-block-gallery has-nested-images columns-default is-cropped wp-block-gallery-2 is-layout-flex wp-block-gallery-is-layout-flex\">\n<figure class=\"wp-block-image size-large\"><img loading=\"lazy\" decoding=\"async\" width=\"1024\" height=\"768\" data-id=\"3591\" src=\"https:\/\/teknomet.pl\/wp-content\/uploads\/2023\/09\/IMG_8525-1024x768.jpg\" alt=\"\" class=\"wp-image-3591\" srcset=\"https:\/\/teknomet.pl\/wp-content\/uploads\/2023\/09\/IMG_8525-1024x768.jpg 1024w, https:\/\/teknomet.pl\/wp-content\/uploads\/2023\/09\/IMG_8525-300x225.jpg 300w, https:\/\/teknomet.pl\/wp-content\/uploads\/2023\/09\/IMG_8525-768x576.jpg 768w, https:\/\/teknomet.pl\/wp-content\/uploads\/2023\/09\/IMG_8525-1536x1152.jpg 1536w, https:\/\/teknomet.pl\/wp-content\/uploads\/2023\/09\/IMG_8525-2048x1536.jpg 2048w\" sizes=\"auto, (max-width: 1024px) 100vw, 1024px\" \/><\/figure>\n\n\n\n<figure class=\"wp-block-image size-large\"><img loading=\"lazy\" decoding=\"async\" width=\"1024\" height=\"768\" data-id=\"3587\" src=\"https:\/\/teknomet.pl\/wp-content\/uploads\/2023\/09\/IMG_8487-1024x768.jpg\" alt=\"\" class=\"wp-image-3587\" srcset=\"https:\/\/teknomet.pl\/wp-content\/uploads\/2023\/09\/IMG_8487-1024x768.jpg 1024w, https:\/\/teknomet.pl\/wp-content\/uploads\/2023\/09\/IMG_8487-300x225.jpg 300w, https:\/\/teknomet.pl\/wp-content\/uploads\/2023\/09\/IMG_8487-768x576.jpg 768w, https:\/\/teknomet.pl\/wp-content\/uploads\/2023\/09\/IMG_8487-1536x1152.jpg 1536w, https:\/\/teknomet.pl\/wp-content\/uploads\/2023\/09\/IMG_8487-2048x1536.jpg 2048w\" sizes=\"auto, (max-width: 1024px) 100vw, 1024px\" \/><\/figure>\n\n\n\n<figure class=\"wp-block-image size-large\"><img loading=\"lazy\" decoding=\"async\" width=\"1024\" height=\"768\" data-id=\"3583\" src=\"https:\/\/teknomet.pl\/wp-content\/uploads\/2023\/09\/IMG_8571-1024x768.jpg\" alt=\"\" class=\"wp-image-3583\" srcset=\"https:\/\/teknomet.pl\/wp-content\/uploads\/2023\/09\/IMG_8571-1024x768.jpg 1024w, https:\/\/teknomet.pl\/wp-content\/uploads\/2023\/09\/IMG_8571-300x225.jpg 300w, https:\/\/teknomet.pl\/wp-content\/uploads\/2023\/09\/IMG_8571-768x576.jpg 768w, https:\/\/teknomet.pl\/wp-content\/uploads\/2023\/09\/IMG_8571-1536x1152.jpg 1536w, https:\/\/teknomet.pl\/wp-content\/uploads\/2023\/09\/IMG_8571-2048x1536.jpg 2048w\" sizes=\"auto, (max-width: 1024px) 100vw, 1024px\" \/><\/figure>\n<\/figure>\n\n\n\n<figure class=\"wp-block-gallery has-nested-images columns-default is-cropped wp-block-gallery-3 is-layout-flex wp-block-gallery-is-layout-flex\">\n<figure class=\"wp-block-image size-large\"><img loading=\"lazy\" decoding=\"async\" width=\"1024\" height=\"683\" data-id=\"2261\" src=\"http:\/\/teknomet.pl\/wp-content\/uploads\/2022\/04\/Teknomet-produkcja-kooperacja-20-1024x683-1.jpg\" alt=\"\" class=\"wp-image-2261\" srcset=\"https:\/\/teknomet.pl\/wp-content\/uploads\/2022\/04\/Teknomet-produkcja-kooperacja-20-1024x683-1.jpg 1024w, https:\/\/teknomet.pl\/wp-content\/uploads\/2022\/04\/Teknomet-produkcja-kooperacja-20-1024x683-1-300x200.jpg 300w, https:\/\/teknomet.pl\/wp-content\/uploads\/2022\/04\/Teknomet-produkcja-kooperacja-20-1024x683-1-768x512.jpg 768w\" sizes=\"auto, (max-width: 1024px) 100vw, 1024px\" \/><\/figure>\n\n\n\n<figure class=\"wp-block-image size-large\"><img loading=\"lazy\" decoding=\"async\" width=\"1024\" height=\"682\" data-id=\"2265\" src=\"http:\/\/teknomet.pl\/wp-content\/uploads\/2022\/04\/Teknomet-produkcja-kooperacja-21-1024x682-1.jpg\" alt=\"\" class=\"wp-image-2265\" srcset=\"https:\/\/teknomet.pl\/wp-content\/uploads\/2022\/04\/Teknomet-produkcja-kooperacja-21-1024x682-1.jpg 1024w, https:\/\/teknomet.pl\/wp-content\/uploads\/2022\/04\/Teknomet-produkcja-kooperacja-21-1024x682-1-300x200.jpg 300w, https:\/\/teknomet.pl\/wp-content\/uploads\/2022\/04\/Teknomet-produkcja-kooperacja-21-1024x682-1-768x512.jpg 768w\" sizes=\"auto, (max-width: 1024px) 100vw, 1024px\" \/><\/figure>\n<\/figure>\n\n\n\n<h2 class=\"wp-block-heading\" id=\"obrobka-ubytkowa\"><strong>Abtragende Bearbeitung<\/strong><\/h2>\n\n\n\n<p>Die Materialentfernung durch abtragende Bearbeitung ist eine sehr pr\u00e4zise Methode zur Formgebung von Stahlprodukten, bei der das Rohmaterial in ein Element einer bestimmten Form und Abmessungen umgewandelt wird. Unser Maschinenpark f\u00fcr die Bearbeitung erm\u00f6glicht die perfekte Erhaltung der Projektparameter mit hoher Genauigkeit und Wiederholung der Produktion.<br><br>Wir f\u00fchren die abtragende Bearbeitung mit dem Einsatz von konventionellen Drehmaschinen, Fr\u00e4smaschinen und 5-S\u00e4ulen-Bohrern durch. Wir verf\u00fcgen \u00fcber eine eigene Schleiferei mit 5 Bandschleifmaschinen der renommierten Firma FEIN Grit sowie einen Strahlraum.<\/p>\n\n\n\n<figure class=\"wp-block-gallery has-nested-images columns-default is-cropped wp-block-gallery-4 is-layout-flex wp-block-gallery-is-layout-flex\">\n<figure class=\"wp-block-image size-large\"><img loading=\"lazy\" decoding=\"async\" width=\"1024\" height=\"682\" data-id=\"2269\" src=\"http:\/\/teknomet.pl\/wp-content\/uploads\/2022\/04\/Teknomet-produkcja-kooperacja-15-1024x682-1.jpg\" alt=\"\" class=\"wp-image-2269\" srcset=\"https:\/\/teknomet.pl\/wp-content\/uploads\/2022\/04\/Teknomet-produkcja-kooperacja-15-1024x682-1.jpg 1024w, https:\/\/teknomet.pl\/wp-content\/uploads\/2022\/04\/Teknomet-produkcja-kooperacja-15-1024x682-1-300x200.jpg 300w, https:\/\/teknomet.pl\/wp-content\/uploads\/2022\/04\/Teknomet-produkcja-kooperacja-15-1024x682-1-768x512.jpg 768w\" sizes=\"auto, (max-width: 1024px) 100vw, 1024px\" \/><\/figure>\n\n\n\n<figure class=\"wp-block-image size-large\"><img loading=\"lazy\" decoding=\"async\" width=\"1024\" height=\"683\" data-id=\"2273\" src=\"http:\/\/teknomet.pl\/wp-content\/uploads\/2022\/04\/Teknomet-produkcja-kooperacja-16-1024x683-1.jpg\" alt=\"\" class=\"wp-image-2273\" srcset=\"https:\/\/teknomet.pl\/wp-content\/uploads\/2022\/04\/Teknomet-produkcja-kooperacja-16-1024x683-1.jpg 1024w, https:\/\/teknomet.pl\/wp-content\/uploads\/2022\/04\/Teknomet-produkcja-kooperacja-16-1024x683-1-300x200.jpg 300w, https:\/\/teknomet.pl\/wp-content\/uploads\/2022\/04\/Teknomet-produkcja-kooperacja-16-1024x683-1-768x512.jpg 768w\" sizes=\"auto, (max-width: 1024px) 100vw, 1024px\" \/><\/figure>\n\n\n\n<figure class=\"wp-block-image size-large\"><img loading=\"lazy\" decoding=\"async\" width=\"1024\" height=\"683\" data-id=\"2277\" src=\"http:\/\/teknomet.pl\/wp-content\/uploads\/2022\/04\/Teknomet-produkcja-kooperacja-18-1024x683-1.jpg\" alt=\"\" class=\"wp-image-2277\" srcset=\"https:\/\/teknomet.pl\/wp-content\/uploads\/2022\/04\/Teknomet-produkcja-kooperacja-18-1024x683-1.jpg 1024w, https:\/\/teknomet.pl\/wp-content\/uploads\/2022\/04\/Teknomet-produkcja-kooperacja-18-1024x683-1-300x200.jpg 300w, https:\/\/teknomet.pl\/wp-content\/uploads\/2022\/04\/Teknomet-produkcja-kooperacja-18-1024x683-1-768x512.jpg 768w\" sizes=\"auto, (max-width: 1024px) 100vw, 1024px\" \/><\/figure>\n<\/figure>\n\n\n\n<h2 class=\"wp-block-heading\" id=\"spawanie-i-zgrzewanie\"><strong>Schwei\u00dfen und Schmelzschwei\u00dfen<\/strong><\/h2>\n\n\n\n<p>Wir f\u00fchren Schwei\u00dfen und Schmelzschwei\u00dfen in einer gut ausgestatteten Schwei\u00dferei mit einem kompakten Nederman-Absaugsystem durch, das Folgendes umfasst: 6 halbautomatische MIG\/MAG-Schwei\u00dfmaschinen von Fronius, 4 WIG-Schwei\u00dfger\u00e4te und eine Zelle mit einem ABB-Schwei\u00dfroboter.<\/p>\n\n\n\n<p>Schwei\u00dfverfahren f\u00fcr Stahl werden auf 5 ASPA-S\u00e4ulenschwei\u00dfmaschinen und zwei manuellen Schwei\u00dfmaschinen durchgef\u00fchrt.<\/p>\n\n\n\n<figure class=\"wp-block-gallery has-nested-images columns-default is-cropped wp-block-gallery-5 is-layout-flex wp-block-gallery-is-layout-flex\">\n<figure class=\"wp-block-image size-large\"><img loading=\"lazy\" decoding=\"async\" width=\"1024\" height=\"683\" data-id=\"2289\" src=\"http:\/\/teknomet.pl\/wp-content\/uploads\/2022\/04\/Spawanie-i-zgrzewanie-z-robota-spawalniczego-1024x683.jpg\" alt=\"\" class=\"wp-image-2289\" srcset=\"https:\/\/teknomet.pl\/wp-content\/uploads\/2022\/04\/Spawanie-i-zgrzewanie-z-robota-spawalniczego-1024x683.jpg 1024w, https:\/\/teknomet.pl\/wp-content\/uploads\/2022\/04\/Spawanie-i-zgrzewanie-z-robota-spawalniczego-300x200.jpg 300w, https:\/\/teknomet.pl\/wp-content\/uploads\/2022\/04\/Spawanie-i-zgrzewanie-z-robota-spawalniczego-768x512.jpg 768w, https:\/\/teknomet.pl\/wp-content\/uploads\/2022\/04\/Spawanie-i-zgrzewanie-z-robota-spawalniczego-1536x1024.jpg 1536w, https:\/\/teknomet.pl\/wp-content\/uploads\/2022\/04\/Spawanie-i-zgrzewanie-z-robota-spawalniczego.jpg 1920w\" sizes=\"auto, (max-width: 1024px) 100vw, 1024px\" \/><\/figure>\n\n\n\n<figure class=\"wp-block-image size-large\"><img loading=\"lazy\" decoding=\"async\" width=\"1024\" height=\"682\" data-id=\"2285\" src=\"http:\/\/teknomet.pl\/wp-content\/uploads\/2022\/04\/Spawanie-i-zgrzewanie-z-robota-spawalniczego-3-1024x682.jpg\" alt=\"\" class=\"wp-image-2285\" srcset=\"https:\/\/teknomet.pl\/wp-content\/uploads\/2022\/04\/Spawanie-i-zgrzewanie-z-robota-spawalniczego-3-1024x682.jpg 1024w, https:\/\/teknomet.pl\/wp-content\/uploads\/2022\/04\/Spawanie-i-zgrzewanie-z-robota-spawalniczego-3-300x200.jpg 300w, https:\/\/teknomet.pl\/wp-content\/uploads\/2022\/04\/Spawanie-i-zgrzewanie-z-robota-spawalniczego-3-768x512.jpg 768w, https:\/\/teknomet.pl\/wp-content\/uploads\/2022\/04\/Spawanie-i-zgrzewanie-z-robota-spawalniczego-3-1536x1023.jpg 1536w, https:\/\/teknomet.pl\/wp-content\/uploads\/2022\/04\/Spawanie-i-zgrzewanie-z-robota-spawalniczego-3.jpg 1920w\" sizes=\"auto, (max-width: 1024px) 100vw, 1024px\" \/><\/figure>\n\n\n\n<figure class=\"wp-block-image size-large\"><img loading=\"lazy\" decoding=\"async\" width=\"1024\" height=\"683\" data-id=\"2281\" src=\"http:\/\/teknomet.pl\/wp-content\/uploads\/2022\/04\/Spawanie-i-zgrzewanie-z-robota-spawalniczego-2-1024x683.jpg\" alt=\"\" class=\"wp-image-2281\" srcset=\"https:\/\/teknomet.pl\/wp-content\/uploads\/2022\/04\/Spawanie-i-zgrzewanie-z-robota-spawalniczego-2-1024x683.jpg 1024w, https:\/\/teknomet.pl\/wp-content\/uploads\/2022\/04\/Spawanie-i-zgrzewanie-z-robota-spawalniczego-2-300x200.jpg 300w, https:\/\/teknomet.pl\/wp-content\/uploads\/2022\/04\/Spawanie-i-zgrzewanie-z-robota-spawalniczego-2-768x512.jpg 768w, https:\/\/teknomet.pl\/wp-content\/uploads\/2022\/04\/Spawanie-i-zgrzewanie-z-robota-spawalniczego-2-1536x1024.jpg 1536w, https:\/\/teknomet.pl\/wp-content\/uploads\/2022\/04\/Spawanie-i-zgrzewanie-z-robota-spawalniczego-2.jpg 1920w\" sizes=\"auto, (max-width: 1024px) 100vw, 1024px\" \/><\/figure>\n<\/figure>\n\n\n<\/div>\n\n\n<p><\/p>\n\n\n<a class=\"button-container\" href=\"https:\/\/teknomet.pl\/de\/zlec-produkcje\/\">\n\t<span data-aos=\"zoom-in\">M\u00f6chten Sie ein Angebot anfordern oder eine Bestellung aufgeben? Kontaktieren Sie uns!<\/span>\n<\/a>\n\n\n<div style=\"height:50px\" aria-hidden=\"true\" class=\"wp-block-spacer\"><\/div>\n\n\n<div class=\"icons\">\n\t<h2 class=\"title\" data-aos=\"fade-up\">12 Gr\u00fcnde, warum es lohnt sich <span>mit uns zusammenarbeiten<\/span><\/h2>\n\t<div class=\"icons__container\">\n\t\t\t\t\t<article data-aos=\"fade-down\">\n\t\t\t\t<img decoding=\"async\" src=\"https:\/\/teknomet.pl\/wp-content\/uploads\/2021\/12\/01.png\" alt=\"Eigene Bauabteilung \">\n\t\t\t\t<h4>Eigene Bauabteilung <\/h4>\n\t\t\t<\/article>\n\t\t\t\t\t<article data-aos=\"fade-down\">\n\t\t\t\t<img decoding=\"async\" src=\"https:\/\/teknomet.pl\/wp-content\/uploads\/2021\/12\/04.png\" alt=\"Produkt-Prototype\">\n\t\t\t\t<h4>Produkt-Prototype<\/h4>\n\t\t\t<\/article>\n\t\t\t\t\t<article data-aos=\"fade-down\">\n\t\t\t\t<img decoding=\"async\" src=\"https:\/\/teknomet.pl\/wp-content\/uploads\/2021\/12\/05.png\" alt=\"Komplette Fertigung \">\n\t\t\t\t<h4>Komplette Fertigung <\/h4>\n\t\t\t<\/article>\n\t\t\t\t\t<article data-aos=\"fade-down\">\n\t\t\t\t<img decoding=\"async\" src=\"https:\/\/teknomet.pl\/wp-content\/uploads\/2021\/12\/02.png\" alt=\"20 Jahre Erfahrung \">\n\t\t\t\t<h4>20 Jahre Erfahrung <\/h4>\n\t\t\t<\/article>\n\t\t\t\t\t<article data-aos=\"fade-down\">\n\t\t\t\t<img decoding=\"async\" src=\"https:\/\/teknomet.pl\/wp-content\/uploads\/2021\/12\/08.png\" alt=\"Kleine und gro\u00dfe Produktionschargen (ab 1 St\u00fcck)\">\n\t\t\t\t<h4>Kleine und gro\u00dfe Produktionschargen (ab 1 St\u00fcck)<\/h4>\n\t\t\t<\/article>\n\t\t\t\t\t<article data-aos=\"fade-down\">\n\t\t\t\t<img decoding=\"async\" src=\"https:\/\/teknomet.pl\/wp-content\/uploads\/2021\/12\/06.png\" alt=\"Fast 5000 m2 isolierte Produktionshallen \">\n\t\t\t\t<h4>Fast 5000 m2 isolierte Produktionshallen <\/h4>\n\t\t\t<\/article>\n\t\t\t\t\t<article data-aos=\"fade-down\">\n\t\t\t\t<img decoding=\"async\" src=\"https:\/\/teknomet.pl\/wp-content\/uploads\/2021\/12\/12.png\" alt=\"Eigene Lagerfl\u00e4che \">\n\t\t\t\t<h4>Eigene Lagerfl\u00e4che <\/h4>\n\t\t\t<\/article>\n\t\t\t\t\t<article data-aos=\"fade-down\">\n\t\t\t\t<img decoding=\"async\" src=\"https:\/\/teknomet.pl\/wp-content\/uploads\/2021\/12\/03.png\" alt=\"Moderner Maschinenpark f\u00fcr die Stahlverarbeitung \">\n\t\t\t\t<h4>Moderner Maschinenpark f\u00fcr die Stahlverarbeitung <\/h4>\n\t\t\t<\/article>\n\t\t\t\t\t<article data-aos=\"fade-down\">\n\t\t\t\t<img decoding=\"async\" src=\"https:\/\/teknomet.pl\/wp-content\/uploads\/2021\/12\/11.png\" alt=\"G\u00fcnstige Produktionspreise \">\n\t\t\t\t<h4>G\u00fcnstige Produktionspreise <\/h4>\n\t\t\t<\/article>\n\t\t\t\t\t<article data-aos=\"fade-down\">\n\t\t\t\t<img decoding=\"async\" src=\"https:\/\/teknomet.pl\/wp-content\/uploads\/2021\/12\/10.png\" alt=\"Produktion in Polen\">\n\t\t\t\t<h4>Produktion in Polen<\/h4>\n\t\t\t<\/article>\n\t\t\t\t\t<article data-aos=\"fade-down\">\n\t\t\t\t<img decoding=\"async\" src=\"https:\/\/teknomet.pl\/wp-content\/uploads\/2021\/12\/09.png\" alt=\"135 Fachleute, die sich um die rechtzeitige \">\n\t\t\t\t<h4>135 Fachleute, die sich um die rechtzeitige <\/h4>\n\t\t\t<\/article>\n\t\t\t\t\t<article data-aos=\"fade-down\">\n\t\t\t\t<img decoding=\"async\" src=\"https:\/\/teknomet.pl\/wp-content\/uploads\/2021\/12\/07.png\" alt=\"Auftragsausf\u00fchrung k\u00fcmmern\">\n\t\t\t\t<h4>Auftragsausf\u00fchrung k\u00fcmmern<\/h4>\n\t\t\t<\/article>\n\t\t\t<\/div>\n\t\t\t<div class=\"icons-button\">\n\t\t\t\t\t\t\t<a href=\"https:\/\/teknomet.pl\/de\/jakosc\/park-maszynowy\/\" class=\"more\">Lassen Sie sich unsere Qualit\u00e4t kennenzulernen. <\/a>\n\t\t\t\t\t\t\t<a href=\"https:\/\/teknomet.pl\/de\/firma\/rozwoj\/\" class=\"more\">Lassen Sie sich unser Unternehmen kennenzulernen.<\/a>\n\t\t\t\t\t<\/div>\n\t<\/div>","protected":false},"excerpt":{"rendered":"<p>Stahlverarbeitung Wir besch\u00e4ftigen uns mit der Verarbeitung von Stahl (Bearbeitung von Blechen, Profilen, Dr\u00e4hten und Stangen), f\u00fcr die wir eine pr\u00e4zise Kantenpresse der renommierten italienischen Firma Vimercati PHY75 CNC, ein Dreiwalzwerk, einen 3D-Drahtbieger: VARO PTE-3D CNC, einen 3D-Bieger f\u00fcr Rohre und Profile Shuz Tung CNC 50BR2 mit Unterst\u00fctzung eines 2D-Dreirollenbiegers verwenden. Wir verarbeiten Rohrenden auf [&hellip;]<\/p>\n","protected":false},"author":1,"featured_media":0,"parent":2731,"menu_order":6,"comment_status":"closed","ping_status":"closed","template":"","meta":{"_acf_changed":false,"_monsterinsights_skip_tracking":false,"_monsterinsights_sitenote_active":false,"_monsterinsights_sitenote_note":"","_monsterinsights_sitenote_category":0,"footnotes":"","_links_to":"","_links_to_target":""},"class_list":["post-2739","page","type-page","status-publish","hentry"],"acf":[],"aioseo_notices":[],"_links":{"self":[{"href":"https:\/\/teknomet.pl\/de\/wp-json\/wp\/v2\/pages\/2739","targetHints":{"allow":["GET"]}}],"collection":[{"href":"https:\/\/teknomet.pl\/de\/wp-json\/wp\/v2\/pages"}],"about":[{"href":"https:\/\/teknomet.pl\/de\/wp-json\/wp\/v2\/types\/page"}],"author":[{"embeddable":true,"href":"https:\/\/teknomet.pl\/de\/wp-json\/wp\/v2\/users\/1"}],"replies":[{"embeddable":true,"href":"https:\/\/teknomet.pl\/de\/wp-json\/wp\/v2\/comments?post=2739"}],"version-history":[{"count":5,"href":"https:\/\/teknomet.pl\/de\/wp-json\/wp\/v2\/pages\/2739\/revisions"}],"predecessor-version":[{"id":3637,"href":"https:\/\/teknomet.pl\/de\/wp-json\/wp\/v2\/pages\/2739\/revisions\/3637"}],"up":[{"embeddable":true,"href":"https:\/\/teknomet.pl\/de\/wp-json\/wp\/v2\/pages\/2731"}],"wp:attachment":[{"href":"https:\/\/teknomet.pl\/de\/wp-json\/wp\/v2\/media?parent=2739"}],"curies":[{"name":"wp","href":"https:\/\/api.w.org\/{rel}","templated":true}]}}