{"id":2737,"date":"2021-12-11T08:33:07","date_gmt":"2021-12-11T08:33:07","guid":{"rendered":"https:\/\/teknomet.pl\/uslugi\/nakladanie-powlok-2\/"},"modified":"2022-05-09T07:55:06","modified_gmt":"2022-05-09T07:55:06","slug":"nakladanie-powlok-2","status":"publish","type":"page","link":"https:\/\/teknomet.pl\/de\/uslugi\/nakladanie-powlok-2\/","title":{"rendered":"BESCHICHTUNG"},"content":{"rendered":"<div class=\"page-header page-header__big\">\n\t<div class=\"cover\">\n\t\t<img decoding=\"async\" src=\"https:\/\/teknomet.pl\/wp-content\/uploads\/2022\/03\/P1011623-1920x900.jpg\" alt=\"BESCHICHTUNG\">\n\t<\/div>\n\t\t<video>\n\t\t<source src=\"https:\/\/teknomet.pl\/wp-content\/uploads\/2022\/03\/Nakladanie-Powlok.mp4\">\n\t<\/video>\n\t\t<div class=\"text-container\">\n\t\t<h1>BESCHICHTUNG<\/h1>\n\t\t<p>Unser Angebot umfasst die folgenden Arten von Beschichtungsdienstleistungen:<\/p>\n\t\t\t\t\t<a href=\"#\" class=\"scroll-down\">\n\t\t\t\t<img decoding=\"async\" src=\"https:\/\/teknomet.pl\/wp-content\/themes\/teknomet\/assets\/svg\/scroll-down.svg\" alt=\"Scroll down\">\n\t\t\t\t<span>Siehe Einzelheiten<\/span>\n\t\t\t<\/a>\n\t\t\t<\/div>\n\t\t\t<div class=\"play-container\">\n\t\t\t<a href=\"#\" class=\"play-movie\">\n\t\t\t\t<img decoding=\"async\" src=\"https:\/\/teknomet.pl\/wp-content\/themes\/teknomet\/assets\/svg\/play.svg\" alt=\"Play\">\n\t\t\t\t<span>Schau das Video!<\/span>\n\t\t\t\t\n\t\t\t<\/a>\n\t\t\t<a href=\"#\" class=\"pause-movie\">\n\t\t\t\t<img decoding=\"async\" src=\"https:\/\/teknomet.pl\/wp-content\/themes\/teknomet\/assets\/svg\/pause.svg\" alt=\"Play\">\n\t\t\t\t\n\t\t\t<\/a>\n\t\t<\/div>\n\t<\/div>\n<div class=\"breadcrumbs\">\n\t<div id=\"crumbs\"><a href=\"https:\/\/teknomet.pl\/de\/\">Startseite<\/a> <span class=\"spacer\">|<\/span> <span class=\"current\">Seite<\/span><\/div><\/div>\n\n<div class=\"container\">\n\n\n<h2 class=\"has-black-color has-text-color has-big-font-size wp-block-heading\" id=\"w-naszej-ofercie-znajduja-sie-nastepujace-rodzaje-uslugi-nakladania-powlok\">Unser Angebot umfasst die folgenden Arten von Beschichtungsdienstleistungen:<\/h2>\n\n\n\n<h3 class=\"wp-block-heading\" id=\"malowanie-proszkowe\">Pulverbeschichtung<\/h3>\n\n\n\n<p><strong>Die Pulverbeschichtung <\/strong>ist eine sehr beliebte Methode, um eine Stahloberfl\u00e4che mit spezieller Pulverfarbe zu beschichten. Die Endbeschichtung ist extrem glatt und langlebig und hat sehr gute technologische Parameter.<\/p>\n\n\n\n<figure class=\"wp-block-gallery has-nested-images columns-default is-cropped wp-block-gallery-1 is-layout-flex wp-block-gallery-is-layout-flex\">\n<figure class=\"wp-block-image size-large\"><img loading=\"lazy\" decoding=\"async\" width=\"1024\" height=\"683\" data-id=\"2210\" src=\"http:\/\/teknomet.pl\/wp-content\/uploads\/2022\/04\/Teknomet-produkcja-kooperacja-50-1024x683.jpg\" alt=\"\" class=\"wp-image-2210\" srcset=\"https:\/\/teknomet.pl\/wp-content\/uploads\/2022\/04\/Teknomet-produkcja-kooperacja-50-1024x683.jpg 1024w, https:\/\/teknomet.pl\/wp-content\/uploads\/2022\/04\/Teknomet-produkcja-kooperacja-50-300x200.jpg 300w, https:\/\/teknomet.pl\/wp-content\/uploads\/2022\/04\/Teknomet-produkcja-kooperacja-50-768x512.jpg 768w, https:\/\/teknomet.pl\/wp-content\/uploads\/2022\/04\/Teknomet-produkcja-kooperacja-50-1536x1024.jpg 1536w, https:\/\/teknomet.pl\/wp-content\/uploads\/2022\/04\/Teknomet-produkcja-kooperacja-50.jpg 1920w\" sizes=\"auto, (max-width: 1024px) 100vw, 1024px\" \/><\/figure>\n\n\n\n<figure class=\"wp-block-image size-large\"><img loading=\"lazy\" decoding=\"async\" width=\"1024\" height=\"683\" data-id=\"2214\" src=\"http:\/\/teknomet.pl\/wp-content\/uploads\/2022\/04\/Teknomet-produkcja-kooperacja-51-1024x683.jpg\" alt=\"\" class=\"wp-image-2214\" srcset=\"https:\/\/teknomet.pl\/wp-content\/uploads\/2022\/04\/Teknomet-produkcja-kooperacja-51-1024x683.jpg 1024w, https:\/\/teknomet.pl\/wp-content\/uploads\/2022\/04\/Teknomet-produkcja-kooperacja-51-300x200.jpg 300w, https:\/\/teknomet.pl\/wp-content\/uploads\/2022\/04\/Teknomet-produkcja-kooperacja-51-768x512.jpg 768w, https:\/\/teknomet.pl\/wp-content\/uploads\/2022\/04\/Teknomet-produkcja-kooperacja-51-1536x1024.jpg 1536w, https:\/\/teknomet.pl\/wp-content\/uploads\/2022\/04\/Teknomet-produkcja-kooperacja-51.jpg 1920w\" sizes=\"auto, (max-width: 1024px) 100vw, 1024px\" \/><\/figure>\n<\/figure>\n\n\n\n<h3 class=\"wp-block-heading\" id=\"malowanie-farbami-rozpuszczalnikowymi\">Lackieren mit l\u00f6semittelhaltigen Farben<\/h3>\n\n\n\n<p><strong>Das Lackieren mit l\u00f6semittelhaltigen Farben <\/strong>ist eine traditionelle Methode, um Stahlprodukte vor extremen Temperaturen, Feuchtigkeit oder UV-Strahlen zu sch\u00fctzen.<\/p>\n\n\n\n<figure class=\"wp-block-gallery has-nested-images columns-default is-cropped wp-block-gallery-2 is-layout-flex wp-block-gallery-is-layout-flex\">\n<figure class=\"wp-block-image size-large\"><img loading=\"lazy\" decoding=\"async\" width=\"1024\" height=\"683\" data-id=\"2218\" src=\"http:\/\/teknomet.pl\/wp-content\/uploads\/2022\/04\/Teknomet-produkcja-kooperacja-42-1024x683.jpg\" alt=\"\" class=\"wp-image-2218\" srcset=\"https:\/\/teknomet.pl\/wp-content\/uploads\/2022\/04\/Teknomet-produkcja-kooperacja-42-1024x683.jpg 1024w, https:\/\/teknomet.pl\/wp-content\/uploads\/2022\/04\/Teknomet-produkcja-kooperacja-42-300x200.jpg 300w, https:\/\/teknomet.pl\/wp-content\/uploads\/2022\/04\/Teknomet-produkcja-kooperacja-42-768x512.jpg 768w, https:\/\/teknomet.pl\/wp-content\/uploads\/2022\/04\/Teknomet-produkcja-kooperacja-42-1536x1024.jpg 1536w, https:\/\/teknomet.pl\/wp-content\/uploads\/2022\/04\/Teknomet-produkcja-kooperacja-42.jpg 1920w\" sizes=\"auto, (max-width: 1024px) 100vw, 1024px\" \/><\/figure>\n\n\n\n<figure class=\"wp-block-image size-large\"><img loading=\"lazy\" decoding=\"async\" width=\"1024\" height=\"683\" data-id=\"2222\" src=\"http:\/\/teknomet.pl\/wp-content\/uploads\/2022\/04\/Teknomet-produkcja-kooperacja-44-1024x683.jpg\" alt=\"\" class=\"wp-image-2222\" srcset=\"https:\/\/teknomet.pl\/wp-content\/uploads\/2022\/04\/Teknomet-produkcja-kooperacja-44-1024x683.jpg 1024w, https:\/\/teknomet.pl\/wp-content\/uploads\/2022\/04\/Teknomet-produkcja-kooperacja-44-300x200.jpg 300w, https:\/\/teknomet.pl\/wp-content\/uploads\/2022\/04\/Teknomet-produkcja-kooperacja-44-768x512.jpg 768w, https:\/\/teknomet.pl\/wp-content\/uploads\/2022\/04\/Teknomet-produkcja-kooperacja-44-1536x1024.jpg 1536w, https:\/\/teknomet.pl\/wp-content\/uploads\/2022\/04\/Teknomet-produkcja-kooperacja-44.jpg 1920w\" sizes=\"auto, (max-width: 1024px) 100vw, 1024px\" \/><\/figure>\n\n\n\n<figure class=\"wp-block-image size-large\"><img loading=\"lazy\" decoding=\"async\" width=\"1024\" height=\"683\" data-id=\"2226\" src=\"http:\/\/teknomet.pl\/wp-content\/uploads\/2022\/04\/Teknomet-produkcja-kooperacja-45-1024x683.jpg\" alt=\"\" class=\"wp-image-2226\" srcset=\"https:\/\/teknomet.pl\/wp-content\/uploads\/2022\/04\/Teknomet-produkcja-kooperacja-45-1024x683.jpg 1024w, https:\/\/teknomet.pl\/wp-content\/uploads\/2022\/04\/Teknomet-produkcja-kooperacja-45-300x200.jpg 300w, https:\/\/teknomet.pl\/wp-content\/uploads\/2022\/04\/Teknomet-produkcja-kooperacja-45-768x512.jpg 768w, https:\/\/teknomet.pl\/wp-content\/uploads\/2022\/04\/Teknomet-produkcja-kooperacja-45-1536x1024.jpg 1536w, https:\/\/teknomet.pl\/wp-content\/uploads\/2022\/04\/Teknomet-produkcja-kooperacja-45.jpg 1920w\" sizes=\"auto, (max-width: 1024px) 100vw, 1024px\" \/><\/figure>\n<\/figure>\n\n\n\n<h3 class=\"wp-block-heading\" id=\"emaliowanie\">Emaillierung<\/h3>\n\n\n\n<p><strong>Die Stahl Emaillierung <\/strong>Die Stahl Emaillierung erfolgt unter Verwendung eines Emaille Robote, der pulverf\u00f6rmige Keramiken durch elektrostatischen Prozess gleichm\u00e4\u00dfig auftr\u00e4gt, und dann werden die Details in einem Ofen bei einer Temperatur \u00fcber 800\u00b0C gebrannt.&nbsp; Die Emailbeschichtung zeichnet sich durch Langlebigkeit, hohe Abriebfestigkeit und leichte Reinigung aus.<\/p>\n\n\n\n<figure class=\"wp-block-gallery has-nested-images columns-default is-cropped wp-block-gallery-3 is-layout-flex wp-block-gallery-is-layout-flex\">\n<figure class=\"wp-block-image size-large\"><img loading=\"lazy\" decoding=\"async\" width=\"1024\" height=\"683\" data-id=\"2230\" src=\"http:\/\/teknomet.pl\/wp-content\/uploads\/2022\/04\/emaliowanie-2-1024x683.jpg\" alt=\"\" class=\"wp-image-2230\" srcset=\"https:\/\/teknomet.pl\/wp-content\/uploads\/2022\/04\/emaliowanie-2-1024x683.jpg 1024w, https:\/\/teknomet.pl\/wp-content\/uploads\/2022\/04\/emaliowanie-2-300x200.jpg 300w, https:\/\/teknomet.pl\/wp-content\/uploads\/2022\/04\/emaliowanie-2-768x512.jpg 768w, https:\/\/teknomet.pl\/wp-content\/uploads\/2022\/04\/emaliowanie-2-1536x1024.jpg 1536w, https:\/\/teknomet.pl\/wp-content\/uploads\/2022\/04\/emaliowanie-2.jpg 1920w\" sizes=\"auto, (max-width: 1024px) 100vw, 1024px\" \/><\/figure>\n\n\n\n<figure class=\"wp-block-image size-large\"><img loading=\"lazy\" decoding=\"async\" width=\"1024\" height=\"683\" data-id=\"2234\" src=\"http:\/\/teknomet.pl\/wp-content\/uploads\/2022\/04\/Emaliowanie-3-1024x683.jpg\" alt=\"\" class=\"wp-image-2234\" srcset=\"https:\/\/teknomet.pl\/wp-content\/uploads\/2022\/04\/Emaliowanie-3-1024x683.jpg 1024w, https:\/\/teknomet.pl\/wp-content\/uploads\/2022\/04\/Emaliowanie-3-300x200.jpg 300w, https:\/\/teknomet.pl\/wp-content\/uploads\/2022\/04\/Emaliowanie-3-768x512.jpg 768w, https:\/\/teknomet.pl\/wp-content\/uploads\/2022\/04\/Emaliowanie-3-1536x1024.jpg 1536w, https:\/\/teknomet.pl\/wp-content\/uploads\/2022\/04\/Emaliowanie-3.jpg 1920w\" sizes=\"auto, (max-width: 1024px) 100vw, 1024px\" \/><\/figure>\n\n\n\n<figure class=\"wp-block-image size-large\"><img loading=\"lazy\" decoding=\"async\" width=\"1024\" height=\"683\" data-id=\"2239\" src=\"http:\/\/teknomet.pl\/wp-content\/uploads\/2022\/04\/Emaliowanie-1024x683.jpg\" alt=\"\" class=\"wp-image-2239\" srcset=\"https:\/\/teknomet.pl\/wp-content\/uploads\/2022\/04\/Emaliowanie-1024x683.jpg 1024w, https:\/\/teknomet.pl\/wp-content\/uploads\/2022\/04\/Emaliowanie-300x200.jpg 300w, https:\/\/teknomet.pl\/wp-content\/uploads\/2022\/04\/Emaliowanie-768x512.jpg 768w, https:\/\/teknomet.pl\/wp-content\/uploads\/2022\/04\/Emaliowanie-1536x1024.jpg 1536w, https:\/\/teknomet.pl\/wp-content\/uploads\/2022\/04\/Emaliowanie.jpg 1920w\" sizes=\"auto, (max-width: 1024px) 100vw, 1024px\" \/><\/figure>\n<\/figure>\n\n\n\n<p><\/p>\n\n\n<\/div>\n\n<a class=\"button-container\" href=\"https:\/\/teknomet.pl\/de\/zlec-produkcje\/\">\n\t<span data-aos=\"zoom-in\">M\u00f6chten Sie ein Angebot anfordern oder eine Bestellung aufgeben? Kontaktieren Sie uns!<\/span>\n<\/a>\n\n\n<div style=\"height:50px\" aria-hidden=\"true\" class=\"wp-block-spacer\"><\/div>\n\n\n<div class=\"icons\">\n\t<h2 class=\"title\" data-aos=\"fade-up\">12 Gr\u00fcnde, warum es lohnt sich <span>mit uns zusammenarbeiten<\/span><\/h2>\n\t<div class=\"icons__container\">\n\t\t\t\t\t<article data-aos=\"fade-down\">\n\t\t\t\t<img decoding=\"async\" src=\"https:\/\/teknomet.pl\/wp-content\/uploads\/2021\/12\/01.png\" alt=\"Eigene Bauabteilung \">\n\t\t\t\t<h4>Eigene Bauabteilung <\/h4>\n\t\t\t<\/article>\n\t\t\t\t\t<article data-aos=\"fade-down\">\n\t\t\t\t<img decoding=\"async\" src=\"https:\/\/teknomet.pl\/wp-content\/uploads\/2021\/12\/04.png\" alt=\"Produkt-Prototype\">\n\t\t\t\t<h4>Produkt-Prototype<\/h4>\n\t\t\t<\/article>\n\t\t\t\t\t<article data-aos=\"fade-down\">\n\t\t\t\t<img decoding=\"async\" src=\"https:\/\/teknomet.pl\/wp-content\/uploads\/2021\/12\/05.png\" alt=\"Komplette Fertigung \">\n\t\t\t\t<h4>Komplette Fertigung <\/h4>\n\t\t\t<\/article>\n\t\t\t\t\t<article data-aos=\"fade-down\">\n\t\t\t\t<img decoding=\"async\" src=\"https:\/\/teknomet.pl\/wp-content\/uploads\/2021\/12\/02.png\" alt=\"20 Jahre Erfahrung \">\n\t\t\t\t<h4>20 Jahre Erfahrung <\/h4>\n\t\t\t<\/article>\n\t\t\t\t\t<article data-aos=\"fade-down\">\n\t\t\t\t<img decoding=\"async\" src=\"https:\/\/teknomet.pl\/wp-content\/uploads\/2021\/12\/08.png\" alt=\"Kleine und gro\u00dfe Produktionschargen (ab 1 St\u00fcck)\">\n\t\t\t\t<h4>Kleine und gro\u00dfe Produktionschargen (ab 1 St\u00fcck)<\/h4>\n\t\t\t<\/article>\n\t\t\t\t\t<article data-aos=\"fade-down\">\n\t\t\t\t<img decoding=\"async\" src=\"https:\/\/teknomet.pl\/wp-content\/uploads\/2021\/12\/06.png\" alt=\"Fast 5000 m2 isolierte Produktionshallen \">\n\t\t\t\t<h4>Fast 5000 m2 isolierte Produktionshallen <\/h4>\n\t\t\t<\/article>\n\t\t\t\t\t<article data-aos=\"fade-down\">\n\t\t\t\t<img decoding=\"async\" src=\"https:\/\/teknomet.pl\/wp-content\/uploads\/2021\/12\/12.png\" alt=\"Eigene Lagerfl\u00e4che \">\n\t\t\t\t<h4>Eigene Lagerfl\u00e4che <\/h4>\n\t\t\t<\/article>\n\t\t\t\t\t<article data-aos=\"fade-down\">\n\t\t\t\t<img decoding=\"async\" src=\"https:\/\/teknomet.pl\/wp-content\/uploads\/2021\/12\/03.png\" alt=\"Moderner Maschinenpark f\u00fcr die Stahlverarbeitung \">\n\t\t\t\t<h4>Moderner Maschinenpark f\u00fcr die Stahlverarbeitung <\/h4>\n\t\t\t<\/article>\n\t\t\t\t\t<article data-aos=\"fade-down\">\n\t\t\t\t<img decoding=\"async\" src=\"https:\/\/teknomet.pl\/wp-content\/uploads\/2021\/12\/11.png\" alt=\"G\u00fcnstige Produktionspreise \">\n\t\t\t\t<h4>G\u00fcnstige Produktionspreise <\/h4>\n\t\t\t<\/article>\n\t\t\t\t\t<article data-aos=\"fade-down\">\n\t\t\t\t<img decoding=\"async\" src=\"https:\/\/teknomet.pl\/wp-content\/uploads\/2021\/12\/10.png\" alt=\"Produktion in Polen\">\n\t\t\t\t<h4>Produktion in Polen<\/h4>\n\t\t\t<\/article>\n\t\t\t\t\t<article data-aos=\"fade-down\">\n\t\t\t\t<img decoding=\"async\" src=\"https:\/\/teknomet.pl\/wp-content\/uploads\/2021\/12\/09.png\" alt=\"135 Fachleute, die sich um die rechtzeitige \">\n\t\t\t\t<h4>135 Fachleute, die sich um die rechtzeitige <\/h4>\n\t\t\t<\/article>\n\t\t\t\t\t<article data-aos=\"fade-down\">\n\t\t\t\t<img decoding=\"async\" src=\"https:\/\/teknomet.pl\/wp-content\/uploads\/2021\/12\/07.png\" alt=\"Auftragsausf\u00fchrung k\u00fcmmern\">\n\t\t\t\t<h4>Auftragsausf\u00fchrung k\u00fcmmern<\/h4>\n\t\t\t<\/article>\n\t\t\t<\/div>\n\t\t\t<div class=\"icons-button\">\n\t\t\t\t\t\t\t<a href=\"https:\/\/teknomet.pl\/de\/jakosc\/park-maszynowy\/\" class=\"more\">Lassen Sie sich unsere Qualit\u00e4t kennenzulernen. <\/a>\n\t\t\t\t\t\t\t<a href=\"https:\/\/teknomet.pl\/de\/firma\/rozwoj\/\" class=\"more\">Lassen Sie sich unser Unternehmen kennenzulernen.<\/a>\n\t\t\t\t\t<\/div>\n\t<\/div>","protected":false},"excerpt":{"rendered":"<p>Unser Angebot umfasst die folgenden Arten von Beschichtungsdienstleistungen: Pulverbeschichtung Die Pulverbeschichtung ist eine sehr beliebte Methode, um eine Stahloberfl\u00e4che mit spezieller Pulverfarbe zu beschichten. Die Endbeschichtung ist extrem glatt und langlebig und hat sehr gute technologische Parameter. Lackieren mit l\u00f6semittelhaltigen Farben Das Lackieren mit l\u00f6semittelhaltigen Farben ist eine traditionelle Methode, um Stahlprodukte vor extremen Temperaturen, [&hellip;]<\/p>\n","protected":false},"author":1,"featured_media":0,"parent":2731,"menu_order":3,"comment_status":"closed","ping_status":"closed","template":"","meta":{"_acf_changed":false,"_monsterinsights_skip_tracking":false,"_monsterinsights_sitenote_active":false,"_monsterinsights_sitenote_note":"","_monsterinsights_sitenote_category":0,"footnotes":"","_links_to":"","_links_to_target":""},"class_list":["post-2737","page","type-page","status-publish","hentry"],"acf":[],"aioseo_notices":[],"_links":{"self":[{"href":"https:\/\/teknomet.pl\/de\/wp-json\/wp\/v2\/pages\/2737","targetHints":{"allow":["GET"]}}],"collection":[{"href":"https:\/\/teknomet.pl\/de\/wp-json\/wp\/v2\/pages"}],"about":[{"href":"https:\/\/teknomet.pl\/de\/wp-json\/wp\/v2\/types\/page"}],"author":[{"embeddable":true,"href":"https:\/\/teknomet.pl\/de\/wp-json\/wp\/v2\/users\/1"}],"replies":[{"embeddable":true,"href":"https:\/\/teknomet.pl\/de\/wp-json\/wp\/v2\/comments?post=2737"}],"version-history":[{"count":3,"href":"https:\/\/teknomet.pl\/de\/wp-json\/wp\/v2\/pages\/2737\/revisions"}],"predecessor-version":[{"id":3353,"href":"https:\/\/teknomet.pl\/de\/wp-json\/wp\/v2\/pages\/2737\/revisions\/3353"}],"up":[{"embeddable":true,"href":"https:\/\/teknomet.pl\/de\/wp-json\/wp\/v2\/pages\/2731"}],"wp:attachment":[{"href":"https:\/\/teknomet.pl\/de\/wp-json\/wp\/v2\/media?parent=2737"}],"curies":[{"name":"wp","href":"https:\/\/api.w.org\/{rel}","templated":true}]}}