{"id":2735,"date":"2021-12-11T08:32:51","date_gmt":"2021-12-11T08:32:51","guid":{"rendered":"https:\/\/teknomet.pl\/uslugi\/elektropolerowanie-stali-nierdzewnej\/"},"modified":"2022-05-09T07:54:53","modified_gmt":"2022-05-09T07:54:53","slug":"elektropolerowanie-stali-nierdzewnej","status":"publish","type":"page","link":"https:\/\/teknomet.pl\/de\/uslugi\/elektropolerowanie-stali-nierdzewnej\/","title":{"rendered":"ELEKTROPOLIEREN AUS EDELSTAHL"},"content":{"rendered":"<div class=\"page-header page-header__big\">\n\t<div class=\"cover\">\n\t\t<img decoding=\"async\" src=\"https:\/\/teknomet.pl\/wp-content\/uploads\/2022\/03\/elektropolerowanie-teknomet-2-1918x900.jpg\" alt=\"ELEKTROPOLIEREN AUS EDELSTAHL \">\n\t<\/div>\n\t\t<video>\n\t\t<source src=\"https:\/\/teknomet.pl\/wp-content\/uploads\/2022\/01\/ELEKTROPOLEROWANIE-STALI-NIERDZEWNEJ.mp4\">\n\t<\/video>\n\t\t<div class=\"text-container\">\n\t\t<h1>ELEKTROPOLIEREN AUS EDELSTAHL <\/h1>\n\t\t<p>Unser Know-how, erfahrene Mitarbeiter und technische Ausstattung garantieren einen hochwertigen Elektropoliereffekt.<\/p>\n\t\t\t\t\t<a href=\"#\" class=\"scroll-down\">\n\t\t\t\t<img decoding=\"async\" src=\"https:\/\/teknomet.pl\/wp-content\/themes\/teknomet\/assets\/svg\/scroll-down.svg\" alt=\"Scroll down\">\n\t\t\t\t<span>Siehe Einzelheiten<\/span>\n\t\t\t<\/a>\n\t\t\t<\/div>\n\t\t\t<div class=\"play-container\">\n\t\t\t<a href=\"#\" class=\"play-movie\">\n\t\t\t\t<img decoding=\"async\" src=\"https:\/\/teknomet.pl\/wp-content\/themes\/teknomet\/assets\/svg\/play.svg\" alt=\"Play\">\n\t\t\t\t<span>Schau das Video!<\/span>\n\t\t\t\t\n\t\t\t<\/a>\n\t\t\t<a href=\"#\" class=\"pause-movie\">\n\t\t\t\t<img decoding=\"async\" src=\"https:\/\/teknomet.pl\/wp-content\/themes\/teknomet\/assets\/svg\/pause.svg\" alt=\"Play\">\n\t\t\t\t\n\t\t\t<\/a>\n\t\t<\/div>\n\t<\/div>\n<div class=\"breadcrumbs\">\n\t<div id=\"crumbs\"><a href=\"https:\/\/teknomet.pl\/de\/\">Startseite<\/a> <span class=\"spacer\">|<\/span> <span class=\"current\">Seite<\/span><\/div><\/div>\n\n<div class=\"container\">\n\n\n<p><strong>Das Elektropolieren <\/strong>ist eine der fortschrittlichsten Methoden der Oberfl\u00e4chenbehandlung von Stahl. Durch Elektropolieren wird die Oberfl\u00e4che des Produkts w\u00e4hrend des Elektrolyseprozesses gegl\u00e4ttet. Durch Elektropolieren behandelte Stahlprodukte haben ein \u00e4u\u00dferst \u00e4sthetisches Erscheinungsbild und sind leicht zu reinigen.<\/p>\n\n\n\n<figure class=\"wp-block-gallery has-nested-images columns-default is-cropped wp-block-gallery-1 is-layout-flex wp-block-gallery-is-layout-flex\">\n<figure class=\"wp-block-image size-large\"><img loading=\"lazy\" decoding=\"async\" width=\"1024\" height=\"578\" data-id=\"2197\" src=\"http:\/\/teknomet.pl\/wp-content\/uploads\/2022\/04\/elektropolerowanie-teknomet-2-1024x578.jpg\" alt=\"\" class=\"wp-image-2197\" srcset=\"https:\/\/teknomet.pl\/wp-content\/uploads\/2022\/04\/elektropolerowanie-teknomet-2-1024x578.jpg 1024w, https:\/\/teknomet.pl\/wp-content\/uploads\/2022\/04\/elektropolerowanie-teknomet-2-300x169.jpg 300w, https:\/\/teknomet.pl\/wp-content\/uploads\/2022\/04\/elektropolerowanie-teknomet-2-768x433.jpg 768w, https:\/\/teknomet.pl\/wp-content\/uploads\/2022\/04\/elektropolerowanie-teknomet-2-1536x867.jpg 1536w, https:\/\/teknomet.pl\/wp-content\/uploads\/2022\/04\/elektropolerowanie-teknomet-2.jpg 1918w\" sizes=\"auto, (max-width: 1024px) 100vw, 1024px\" \/><\/figure>\n\n\n\n<figure class=\"wp-block-image size-large\"><img loading=\"lazy\" decoding=\"async\" width=\"1024\" height=\"578\" data-id=\"2201\" src=\"http:\/\/teknomet.pl\/wp-content\/uploads\/2022\/04\/elektropolerowanie-teknomet-3-1024x578.jpg\" alt=\"\" class=\"wp-image-2201\" srcset=\"https:\/\/teknomet.pl\/wp-content\/uploads\/2022\/04\/elektropolerowanie-teknomet-3-1024x578.jpg 1024w, https:\/\/teknomet.pl\/wp-content\/uploads\/2022\/04\/elektropolerowanie-teknomet-3-300x169.jpg 300w, https:\/\/teknomet.pl\/wp-content\/uploads\/2022\/04\/elektropolerowanie-teknomet-3-768x433.jpg 768w, https:\/\/teknomet.pl\/wp-content\/uploads\/2022\/04\/elektropolerowanie-teknomet-3-1536x867.jpg 1536w, https:\/\/teknomet.pl\/wp-content\/uploads\/2022\/04\/elektropolerowanie-teknomet-3.jpg 1917w\" sizes=\"auto, (max-width: 1024px) 100vw, 1024px\" \/><\/figure>\n\n\n\n<figure class=\"wp-block-image size-large\"><img loading=\"lazy\" decoding=\"async\" width=\"1024\" height=\"578\" data-id=\"2205\" src=\"http:\/\/teknomet.pl\/wp-content\/uploads\/2022\/04\/elektropolerowanie-teknomet-1024x578.jpg\" alt=\"\" class=\"wp-image-2205\" srcset=\"https:\/\/teknomet.pl\/wp-content\/uploads\/2022\/04\/elektropolerowanie-teknomet-1024x578.jpg 1024w, https:\/\/teknomet.pl\/wp-content\/uploads\/2022\/04\/elektropolerowanie-teknomet-300x169.jpg 300w, https:\/\/teknomet.pl\/wp-content\/uploads\/2022\/04\/elektropolerowanie-teknomet-768x434.jpg 768w, https:\/\/teknomet.pl\/wp-content\/uploads\/2022\/04\/elektropolerowanie-teknomet-1536x868.jpg 1536w, https:\/\/teknomet.pl\/wp-content\/uploads\/2022\/04\/elektropolerowanie-teknomet.jpg 1919w\" sizes=\"auto, (max-width: 1024px) 100vw, 1024px\" \/><\/figure>\n<\/figure>\n\n\n<\/div>\n\n\n<p><\/p>\n\n\n<a class=\"button-container\" href=\"https:\/\/teknomet.pl\/de\/zlec-produkcje\/\">\n\t<span data-aos=\"zoom-in\">M\u00f6chten Sie ein Angebot anfordern oder eine Bestellung aufgeben? Kontaktieren Sie uns!<\/span>\n<\/a>\n\n\n<div style=\"height:50px\" aria-hidden=\"true\" class=\"wp-block-spacer\"><\/div>\n\n\n<div class=\"icons\">\n\t<h2 class=\"title\" data-aos=\"fade-up\">12 Gr\u00fcnde, warum es lohnt sich <span>mit uns zusammenarbeiten<\/span><\/h2>\n\t<div class=\"icons__container\">\n\t\t\t\t\t<article data-aos=\"fade-down\">\n\t\t\t\t<img decoding=\"async\" src=\"https:\/\/teknomet.pl\/wp-content\/uploads\/2021\/12\/01.png\" alt=\"Eigene Bauabteilung \">\n\t\t\t\t<h4>Eigene Bauabteilung <\/h4>\n\t\t\t<\/article>\n\t\t\t\t\t<article data-aos=\"fade-down\">\n\t\t\t\t<img decoding=\"async\" src=\"https:\/\/teknomet.pl\/wp-content\/uploads\/2021\/12\/04.png\" alt=\"Produkt-Prototype\">\n\t\t\t\t<h4>Produkt-Prototype<\/h4>\n\t\t\t<\/article>\n\t\t\t\t\t<article data-aos=\"fade-down\">\n\t\t\t\t<img decoding=\"async\" src=\"https:\/\/teknomet.pl\/wp-content\/uploads\/2021\/12\/05.png\" alt=\"Komplette Fertigung \">\n\t\t\t\t<h4>Komplette Fertigung <\/h4>\n\t\t\t<\/article>\n\t\t\t\t\t<article data-aos=\"fade-down\">\n\t\t\t\t<img decoding=\"async\" src=\"https:\/\/teknomet.pl\/wp-content\/uploads\/2021\/12\/02.png\" alt=\"20 Jahre Erfahrung \">\n\t\t\t\t<h4>20 Jahre Erfahrung <\/h4>\n\t\t\t<\/article>\n\t\t\t\t\t<article data-aos=\"fade-down\">\n\t\t\t\t<img decoding=\"async\" src=\"https:\/\/teknomet.pl\/wp-content\/uploads\/2021\/12\/08.png\" alt=\"Kleine und gro\u00dfe Produktionschargen (ab 1 St\u00fcck)\">\n\t\t\t\t<h4>Kleine und gro\u00dfe Produktionschargen (ab 1 St\u00fcck)<\/h4>\n\t\t\t<\/article>\n\t\t\t\t\t<article data-aos=\"fade-down\">\n\t\t\t\t<img decoding=\"async\" src=\"https:\/\/teknomet.pl\/wp-content\/uploads\/2021\/12\/06.png\" alt=\"Fast 5000 m2 isolierte Produktionshallen \">\n\t\t\t\t<h4>Fast 5000 m2 isolierte Produktionshallen <\/h4>\n\t\t\t<\/article>\n\t\t\t\t\t<article data-aos=\"fade-down\">\n\t\t\t\t<img decoding=\"async\" src=\"https:\/\/teknomet.pl\/wp-content\/uploads\/2021\/12\/12.png\" alt=\"Eigene Lagerfl\u00e4che \">\n\t\t\t\t<h4>Eigene Lagerfl\u00e4che <\/h4>\n\t\t\t<\/article>\n\t\t\t\t\t<article data-aos=\"fade-down\">\n\t\t\t\t<img decoding=\"async\" src=\"https:\/\/teknomet.pl\/wp-content\/uploads\/2021\/12\/03.png\" alt=\"Moderner Maschinenpark f\u00fcr die Stahlverarbeitung \">\n\t\t\t\t<h4>Moderner Maschinenpark f\u00fcr die Stahlverarbeitung <\/h4>\n\t\t\t<\/article>\n\t\t\t\t\t<article data-aos=\"fade-down\">\n\t\t\t\t<img decoding=\"async\" src=\"https:\/\/teknomet.pl\/wp-content\/uploads\/2021\/12\/11.png\" alt=\"G\u00fcnstige Produktionspreise \">\n\t\t\t\t<h4>G\u00fcnstige Produktionspreise <\/h4>\n\t\t\t<\/article>\n\t\t\t\t\t<article data-aos=\"fade-down\">\n\t\t\t\t<img decoding=\"async\" src=\"https:\/\/teknomet.pl\/wp-content\/uploads\/2021\/12\/10.png\" alt=\"Produktion in Polen\">\n\t\t\t\t<h4>Produktion in Polen<\/h4>\n\t\t\t<\/article>\n\t\t\t\t\t<article data-aos=\"fade-down\">\n\t\t\t\t<img decoding=\"async\" src=\"https:\/\/teknomet.pl\/wp-content\/uploads\/2021\/12\/09.png\" alt=\"135 Fachleute, die sich um die rechtzeitige \">\n\t\t\t\t<h4>135 Fachleute, die sich um die rechtzeitige <\/h4>\n\t\t\t<\/article>\n\t\t\t\t\t<article data-aos=\"fade-down\">\n\t\t\t\t<img decoding=\"async\" src=\"https:\/\/teknomet.pl\/wp-content\/uploads\/2021\/12\/07.png\" alt=\"Auftragsausf\u00fchrung k\u00fcmmern\">\n\t\t\t\t<h4>Auftragsausf\u00fchrung k\u00fcmmern<\/h4>\n\t\t\t<\/article>\n\t\t\t<\/div>\n\t\t\t<div class=\"icons-button\">\n\t\t\t\t\t\t\t<a href=\"https:\/\/teknomet.pl\/de\/jakosc\/park-maszynowy\/\" class=\"more\">Lassen Sie sich unsere Qualit\u00e4t kennenzulernen. <\/a>\n\t\t\t\t\t\t\t<a href=\"https:\/\/teknomet.pl\/de\/firma\/rozwoj\/\" class=\"more\">Lassen Sie sich unser Unternehmen kennenzulernen.<\/a>\n\t\t\t\t\t<\/div>\n\t<\/div>","protected":false},"excerpt":{"rendered":"<p>Das Elektropolieren ist eine der fortschrittlichsten Methoden der Oberfl\u00e4chenbehandlung von Stahl. Durch Elektropolieren wird die Oberfl\u00e4che des Produkts w\u00e4hrend des Elektrolyseprozesses gegl\u00e4ttet. Durch Elektropolieren behandelte Stahlprodukte haben ein \u00e4u\u00dferst \u00e4sthetisches Erscheinungsbild und sind leicht zu reinigen.<\/p>\n","protected":false},"author":1,"featured_media":0,"parent":2731,"menu_order":2,"comment_status":"closed","ping_status":"closed","template":"","meta":{"_acf_changed":false,"_monsterinsights_skip_tracking":false,"_monsterinsights_sitenote_active":false,"_monsterinsights_sitenote_note":"","_monsterinsights_sitenote_category":0,"footnotes":"","_links_to":"","_links_to_target":""},"class_list":["post-2735","page","type-page","status-publish","hentry"],"acf":[],"aioseo_notices":[],"_links":{"self":[{"href":"https:\/\/teknomet.pl\/de\/wp-json\/wp\/v2\/pages\/2735","targetHints":{"allow":["GET"]}}],"collection":[{"href":"https:\/\/teknomet.pl\/de\/wp-json\/wp\/v2\/pages"}],"about":[{"href":"https:\/\/teknomet.pl\/de\/wp-json\/wp\/v2\/types\/page"}],"author":[{"embeddable":true,"href":"https:\/\/teknomet.pl\/de\/wp-json\/wp\/v2\/users\/1"}],"replies":[{"embeddable":true,"href":"https:\/\/teknomet.pl\/de\/wp-json\/wp\/v2\/comments?post=2735"}],"version-history":[{"count":2,"href":"https:\/\/teknomet.pl\/de\/wp-json\/wp\/v2\/pages\/2735\/revisions"}],"predecessor-version":[{"id":2912,"href":"https:\/\/teknomet.pl\/de\/wp-json\/wp\/v2\/pages\/2735\/revisions\/2912"}],"up":[{"embeddable":true,"href":"https:\/\/teknomet.pl\/de\/wp-json\/wp\/v2\/pages\/2731"}],"wp:attachment":[{"href":"https:\/\/teknomet.pl\/de\/wp-json\/wp\/v2\/media?parent=2735"}],"curies":[{"name":"wp","href":"https:\/\/api.w.org\/{rel}","templated":true}]}}