{"id":2731,"date":"2021-12-01T10:40:09","date_gmt":"2021-12-01T10:40:09","guid":{"rendered":"https:\/\/teknomet.pl\/uslugi\/"},"modified":"2022-05-09T07:54:15","modified_gmt":"2022-05-09T07:54:15","slug":"uslugi","status":"publish","type":"page","link":"https:\/\/teknomet.pl\/de\/uslugi\/","title":{"rendered":"DIENSTLEISTUNGEN"},"content":{"rendered":"<div class=\"page-header page-header__big\">\n\t<div class=\"cover\">\n\t\t<img decoding=\"async\" src=\"https:\/\/teknomet.pl\/wp-content\/uploads\/2021\/12\/teknomet.jpg\" alt=\"DIENSTLEISTUNGEN\">\n\t<\/div>\n\t\t<div class=\"text-container\">\n\t\t<h1>DIENSTLEISTUNGEN<\/h1>\n\t\t<p class=\"p1\"><span style=\"font-weight: 400\">Wir bieten eine breite Palette von Dienstleistungen an, die von professionellen und spezialisierten Mitarbeitern mit langj\u00e4hriger Erfahrung erbracht werden. <\/span><\/p>\n\t\t\t\t\t<a href=\"#\" class=\"scroll-down\">\n\t\t\t\t<img decoding=\"async\" src=\"https:\/\/teknomet.pl\/wp-content\/themes\/teknomet\/assets\/svg\/scroll-down.svg\" alt=\"Scroll down\">\n\t\t\t\t<span>Siehe Einzelheiten<\/span>\n\t\t\t<\/a>\n\t\t\t<\/div>\n\t<\/div>\n<div class=\"breadcrumbs\">\n\t<div id=\"crumbs\"><a href=\"https:\/\/teknomet.pl\/de\/\">Startseite<\/a> <span class=\"spacer\">|<\/span> <span class=\"current\">Seite<\/span><\/div><\/div>\n\n<div class=\"container\">\n\n\n<h2 class=\"has-black-color has-text-color has-medium-font-size wp-block-heading\" id=\"zapewniamy-sprawne-i-szybkie-realizacje-stosujemy-materialy-od-najlepszych-swiatowych-producentow\">Wir sorgen f\u00fcr effiziente und schnelle Realisierungen. Wir verwenden Materialien von den besten Produzenten der Welt.<\/h2>\n\n\n\n<p>Unser Angebot umfasst Dienstleistungen, die moderne Technologien nutzen. Wir bieten auch Dienstleistungen an, f\u00fcr deren Umsetzung wir auf dem lokalen Markt unpopul\u00e4re und einzigartige technologische Linien verwenden, z. B. eine automatische Elektropolierlinie, eine Emaillierlinie und eine moderne Pulverbeschichtungsanlage. Wir erbringen alle Dienstleistungen mit Maschinen und Ger\u00e4ten, die wir in unserer eigenen Produktionsst\u00e4tte haben. Dadurch k\u00f6nnen wir alle Phasen des Prozesses kontrollieren.<\/p>\n\n\n\n<p>Unser Angebot umfasst folgende Leistungen:<\/p>\n\n\n<\/div>\n\n<div class=\"products\">\n\t\t\t<a href=\"https:\/\/teknomet.pl\/de\/uslugi\/prototypowanie-produkcja-prototypow\/\">\n\t\t\t<img decoding=\"async\" src=\"https:\/\/teknomet.pl\/wp-content\/uploads\/2022\/01\/Screenshot-2022-01-11-at-10.40.53.png\" alt=\"PROTOTYPING\">\n\t\t\t<h2>PROTOTYPING<\/h2>\n\t\t<\/a>\n\t\t\t<a href=\"https:\/\/teknomet.pl\/de\/uslugi\/elektropolerowanie-stali-nierdzewnej\/\">\n\t\t\t<img decoding=\"async\" src=\"https:\/\/teknomet.pl\/wp-content\/uploads\/2022\/01\/Screenshot-2022-01-11-at-10.43.22.png\" alt=\"ELEKTROPOLIEREN AUS EDELSTAHL \">\n\t\t\t<h2>ELEKTROPOLIEREN AUS EDELSTAHL <\/h2>\n\t\t<\/a>\n\t\t\t<a href=\"https:\/\/teknomet.pl\/de\/uslugi\/nakladanie-powlok-2\/\">\n\t\t\t<img decoding=\"async\" src=\"https:\/\/teknomet.pl\/wp-content\/uploads\/2022\/01\/Screenshot-2022-01-11-at-10.45.23.png\" alt=\"BESCHICHTUNG\">\n\t\t\t<h2>BESCHICHTUNG<\/h2>\n\t\t<\/a>\n\t\t\t<a href=\"http:\/\/teknomet.pl\/uslugi\/obrobka-stali-plastyczna-ubytkowa-oraz-spawanie\">\n\t\t\t<img decoding=\"async\" src=\"https:\/\/teknomet.pl\/wp-content\/uploads\/2022\/01\/Screenshot-2022-01-11-at-10.47.06.png\" alt=\"STAHLVERARBEITUNG UND SCHWEISSEN \">\n\t\t\t<h2>STAHLVERARBEITUNG UND SCHWEISSEN <\/h2>\n\t\t<\/a>\n\t<\/div>\n\n\n<a class=\"button-container\" href=\"https:\/\/teknomet.pl\/de\/zlec-produkcje\/\">\n\t<span data-aos=\"zoom-in\">M\u00f6chten Sie ein Angebot anfordern oder eine Bestellung aufgeben? Kontaktieren Sie uns!<\/span>\n<\/a>\n\n\n<div style=\"height:50px\" aria-hidden=\"true\" class=\"wp-block-spacer\"><\/div>\n\n\n<div class=\"icons\">\n\t<h2 class=\"title\" data-aos=\"fade-up\">12 Gr\u00fcnde, warum es lohnt sich <span>mit uns zusammenarbeiten<\/span><\/h2>\n\t<div class=\"icons__container\">\n\t\t\t\t\t<article data-aos=\"fade-down\">\n\t\t\t\t<img decoding=\"async\" src=\"https:\/\/teknomet.pl\/wp-content\/uploads\/2021\/12\/01.png\" alt=\"Eigene Bauabteilung \">\n\t\t\t\t<h4>Eigene Bauabteilung <\/h4>\n\t\t\t<\/article>\n\t\t\t\t\t<article data-aos=\"fade-down\">\n\t\t\t\t<img decoding=\"async\" src=\"https:\/\/teknomet.pl\/wp-content\/uploads\/2021\/12\/04.png\" alt=\"Produkt-Prototype\">\n\t\t\t\t<h4>Produkt-Prototype<\/h4>\n\t\t\t<\/article>\n\t\t\t\t\t<article data-aos=\"fade-down\">\n\t\t\t\t<img decoding=\"async\" src=\"https:\/\/teknomet.pl\/wp-content\/uploads\/2021\/12\/05.png\" alt=\"Komplette Fertigung \">\n\t\t\t\t<h4>Komplette Fertigung <\/h4>\n\t\t\t<\/article>\n\t\t\t\t\t<article data-aos=\"fade-down\">\n\t\t\t\t<img decoding=\"async\" src=\"https:\/\/teknomet.pl\/wp-content\/uploads\/2021\/12\/02.png\" alt=\"20 Jahre Erfahrung \">\n\t\t\t\t<h4>20 Jahre Erfahrung <\/h4>\n\t\t\t<\/article>\n\t\t\t\t\t<article data-aos=\"fade-down\">\n\t\t\t\t<img decoding=\"async\" src=\"https:\/\/teknomet.pl\/wp-content\/uploads\/2021\/12\/08.png\" alt=\"Kleine und gro\u00dfe Produktionschargen (ab 1 St\u00fcck)\">\n\t\t\t\t<h4>Kleine und gro\u00dfe Produktionschargen (ab 1 St\u00fcck)<\/h4>\n\t\t\t<\/article>\n\t\t\t\t\t<article data-aos=\"fade-down\">\n\t\t\t\t<img decoding=\"async\" src=\"https:\/\/teknomet.pl\/wp-content\/uploads\/2021\/12\/06.png\" alt=\"Fast 5000 m2 isolierte Produktionshallen \">\n\t\t\t\t<h4>Fast 5000 m2 isolierte Produktionshallen <\/h4>\n\t\t\t<\/article>\n\t\t\t\t\t<article data-aos=\"fade-down\">\n\t\t\t\t<img decoding=\"async\" src=\"https:\/\/teknomet.pl\/wp-content\/uploads\/2021\/12\/12.png\" alt=\"Eigene Lagerfl\u00e4che \">\n\t\t\t\t<h4>Eigene Lagerfl\u00e4che <\/h4>\n\t\t\t<\/article>\n\t\t\t\t\t<article data-aos=\"fade-down\">\n\t\t\t\t<img decoding=\"async\" src=\"https:\/\/teknomet.pl\/wp-content\/uploads\/2021\/12\/03.png\" alt=\"Moderner Maschinenpark f\u00fcr die Stahlverarbeitung \">\n\t\t\t\t<h4>Moderner Maschinenpark f\u00fcr die Stahlverarbeitung <\/h4>\n\t\t\t<\/article>\n\t\t\t\t\t<article data-aos=\"fade-down\">\n\t\t\t\t<img decoding=\"async\" src=\"https:\/\/teknomet.pl\/wp-content\/uploads\/2021\/12\/11.png\" alt=\"G\u00fcnstige Produktionspreise \">\n\t\t\t\t<h4>G\u00fcnstige Produktionspreise <\/h4>\n\t\t\t<\/article>\n\t\t\t\t\t<article data-aos=\"fade-down\">\n\t\t\t\t<img decoding=\"async\" src=\"https:\/\/teknomet.pl\/wp-content\/uploads\/2021\/12\/10.png\" alt=\"Produktion in Polen\">\n\t\t\t\t<h4>Produktion in Polen<\/h4>\n\t\t\t<\/article>\n\t\t\t\t\t<article data-aos=\"fade-down\">\n\t\t\t\t<img decoding=\"async\" src=\"https:\/\/teknomet.pl\/wp-content\/uploads\/2021\/12\/09.png\" alt=\"135 Fachleute, die sich um die rechtzeitige \">\n\t\t\t\t<h4>135 Fachleute, die sich um die rechtzeitige <\/h4>\n\t\t\t<\/article>\n\t\t\t\t\t<article data-aos=\"fade-down\">\n\t\t\t\t<img decoding=\"async\" src=\"https:\/\/teknomet.pl\/wp-content\/uploads\/2021\/12\/07.png\" alt=\"Auftragsausf\u00fchrung k\u00fcmmern\">\n\t\t\t\t<h4>Auftragsausf\u00fchrung k\u00fcmmern<\/h4>\n\t\t\t<\/article>\n\t\t\t<\/div>\n\t\t\t<div class=\"icons-button\">\n\t\t\t\t\t\t\t<a href=\"https:\/\/teknomet.pl\/de\/jakosc\/park-maszynowy\/\" class=\"more\">Lassen Sie sich unsere Qualit\u00e4t kennenzulernen. <\/a>\n\t\t\t\t\t\t\t<a href=\"https:\/\/teknomet.pl\/de\/firma\/rozwoj\/\" class=\"more\">Lassen Sie sich unser Unternehmen kennenzulernen.<\/a>\n\t\t\t\t\t<\/div>\n\t<\/div>","protected":false},"excerpt":{"rendered":"<p>Wir sorgen f\u00fcr effiziente und schnelle Realisierungen. Wir verwenden Materialien von den besten Produzenten der Welt. Unser Angebot umfasst Dienstleistungen, die moderne Technologien nutzen. Wir bieten auch Dienstleistungen an, f\u00fcr deren Umsetzung wir auf dem lokalen Markt unpopul\u00e4re und einzigartige technologische Linien verwenden, z. B. eine automatische Elektropolierlinie, eine Emaillierlinie und eine moderne Pulverbeschichtungsanlage. Wir [&hellip;]<\/p>\n","protected":false},"author":1,"featured_media":0,"parent":0,"menu_order":5,"comment_status":"closed","ping_status":"closed","template":"","meta":{"_acf_changed":false,"_monsterinsights_skip_tracking":false,"_monsterinsights_sitenote_active":false,"_monsterinsights_sitenote_note":"","_monsterinsights_sitenote_category":0,"footnotes":"","_links_to":"","_links_to_target":""},"class_list":["post-2731","page","type-page","status-publish","hentry"],"acf":[],"aioseo_notices":[],"_links":{"self":[{"href":"https:\/\/teknomet.pl\/de\/wp-json\/wp\/v2\/pages\/2731","targetHints":{"allow":["GET"]}}],"collection":[{"href":"https:\/\/teknomet.pl\/de\/wp-json\/wp\/v2\/pages"}],"about":[{"href":"https:\/\/teknomet.pl\/de\/wp-json\/wp\/v2\/types\/page"}],"author":[{"embeddable":true,"href":"https:\/\/teknomet.pl\/de\/wp-json\/wp\/v2\/users\/1"}],"replies":[{"embeddable":true,"href":"https:\/\/teknomet.pl\/de\/wp-json\/wp\/v2\/comments?post=2731"}],"version-history":[{"count":2,"href":"https:\/\/teknomet.pl\/de\/wp-json\/wp\/v2\/pages\/2731\/revisions"}],"predecessor-version":[{"id":2907,"href":"https:\/\/teknomet.pl\/de\/wp-json\/wp\/v2\/pages\/2731\/revisions\/2907"}],"wp:attachment":[{"href":"https:\/\/teknomet.pl\/de\/wp-json\/wp\/v2\/media?parent=2731"}],"curies":[{"name":"wp","href":"https:\/\/api.w.org\/{rel}","templated":true}]}}