{"id":2729,"date":"2021-12-11T08:35:45","date_gmt":"2021-12-11T08:35:45","guid":{"rendered":"https:\/\/teknomet.pl\/konstrukcje-stalowe\/konstrukcje-na-zamowienie\/"},"modified":"2022-05-09T07:53:51","modified_gmt":"2022-05-09T07:53:51","slug":"konstrukcje-na-zamowienie","status":"publish","type":"page","link":"https:\/\/teknomet.pl\/de\/konstrukcje-stalowe\/konstrukcje-na-zamowienie\/","title":{"rendered":"KUNDENSPEZIFISCHE KONSTRUKTIONEN"},"content":{"rendered":"<div class=\"page-header page-header__big\">\n\t<div class=\"cover\">\n\t\t<img decoding=\"async\" src=\"https:\/\/teknomet.pl\/wp-content\/uploads\/2021\/12\/teknomet.jpg\" alt=\"KUNDENSPEZIFISCHE KONSTRUKTIONEN\">\n\t<\/div>\n\t\t<div class=\"text-container\">\n\t\t<h1>KUNDENSPEZIFISCHE KONSTRUKTIONEN<\/h1>\n\t\t<p class=\"p1\">Wir fertigen Stahlkonstruktionen nach individuellen Kundenvorstellungen. Wir realisieren ungew\u00f6hnliche und einzigartige Projekte.<\/p>\n\t\t\t\t\t<a href=\"#\" class=\"scroll-down\">\n\t\t\t\t<img decoding=\"async\" src=\"https:\/\/teknomet.pl\/wp-content\/themes\/teknomet\/assets\/svg\/scroll-down.svg\" alt=\"Scroll down\">\n\t\t\t\t<span>Siehe Einzelheiten<\/span>\n\t\t\t<\/a>\n\t\t\t<\/div>\n\t<\/div>\n<div class=\"breadcrumbs\">\n\t<div id=\"crumbs\"><a href=\"https:\/\/teknomet.pl\/de\/\">Startseite<\/a> <span class=\"spacer\">|<\/span> <span class=\"current\">Seite<\/span><\/div><\/div>\n\n<div class=\"container\">\n\n\n<h2 class=\"has-black-color has-text-color has-medium-font-size wp-block-heading\" id=\"bazujemy-na-zaawansowanych-technologiach-i-nowoczesnym-parku-maszynowym-a-takze-dobrej-jakosci-surowcach-i-wykwalifikowanej-kadrze\">Wir setzen auf fortschrittliche Technologien und modernen Maschinenpark sowie hochwertige Rohstoffe und qualifiziertes Personal.&nbsp;<\/h2>\n\n\n\n<p>Wir haben eine eigene Konstruktionsabteilung. Die gesamte Produktion erfolgt in unserem Werk in Polen.<\/p>\n\n\n\n<figure class=\"wp-block-gallery has-nested-images columns-default is-cropped wp-block-gallery-1 is-layout-flex wp-block-gallery-is-layout-flex\">\n<figure class=\"wp-block-image size-large\"><img loading=\"lazy\" decoding=\"async\" width=\"1024\" height=\"768\" data-id=\"2166\" src=\"http:\/\/teknomet.pl\/wp-content\/uploads\/2022\/04\/photo_2022-02-03_15-38-19-1-1024x768.jpg\" alt=\"\" class=\"wp-image-2166\" srcset=\"https:\/\/teknomet.pl\/wp-content\/uploads\/2022\/04\/photo_2022-02-03_15-38-19-1-1024x768.jpg 1024w, https:\/\/teknomet.pl\/wp-content\/uploads\/2022\/04\/photo_2022-02-03_15-38-19-1-300x225.jpg 300w, https:\/\/teknomet.pl\/wp-content\/uploads\/2022\/04\/photo_2022-02-03_15-38-19-1-768x576.jpg 768w, https:\/\/teknomet.pl\/wp-content\/uploads\/2022\/04\/photo_2022-02-03_15-38-19-1.jpg 1280w\" sizes=\"auto, (max-width: 1024px) 100vw, 1024px\" \/><\/figure>\n\n\n\n<figure class=\"wp-block-image size-large\"><img loading=\"lazy\" decoding=\"async\" width=\"1024\" height=\"768\" data-id=\"2170\" src=\"http:\/\/teknomet.pl\/wp-content\/uploads\/2022\/04\/photo_2022-02-03_15-38-26-1-1-1024x768.jpg\" alt=\"\" class=\"wp-image-2170\" srcset=\"https:\/\/teknomet.pl\/wp-content\/uploads\/2022\/04\/photo_2022-02-03_15-38-26-1-1-1024x768.jpg 1024w, https:\/\/teknomet.pl\/wp-content\/uploads\/2022\/04\/photo_2022-02-03_15-38-26-1-1-300x225.jpg 300w, https:\/\/teknomet.pl\/wp-content\/uploads\/2022\/04\/photo_2022-02-03_15-38-26-1-1-768x576.jpg 768w, https:\/\/teknomet.pl\/wp-content\/uploads\/2022\/04\/photo_2022-02-03_15-38-26-1-1.jpg 1280w\" sizes=\"auto, (max-width: 1024px) 100vw, 1024px\" \/><\/figure>\n<\/figure>\n\n\n\n<p>Die von uns hergestellten Stahlelemente eignen sich gut f\u00fcr Privath\u00e4user, \u00f6ffentliche Geb\u00e4ude sowie f\u00fcr Gewerbebauten.<\/p>\n\n\n\n<p>Stahlprodukte sind leicht und langlebig und haben gleichzeitig au\u00dfergew\u00f6hnliche \u00e4sthetische Werte. Unsere Produkte passen sowohl zu modernen als auch zu traditionellen Geb\u00e4uden. Wir arbeiten mit Distributoren, Gro\u00dfh\u00e4ndlern, Importeuren, Einzelhandelsketten sowie mit Einzelinvestoren zusammen. Unsere Produkte werden auf der Grundlage einzigartiger Designs hergestellt und mit den Markennamen den Kunden gekennzeichnet.<\/p>\n\n\n\n<p>Sehen Sie, was wir f\u00fcr Sie produzieren k\u00f6nnen:<\/p>\n\n\n\n<ul class=\"wp-block-list\"><li>Gel\u00e4nder<\/li><li>Treppe<\/li><li>Stangen<\/li><li>Balken<\/li><li>Traversen<\/li><\/ul>\n\n\n\n<figure class=\"wp-block-gallery has-nested-images columns-default is-cropped wp-block-gallery-2 is-layout-flex wp-block-gallery-is-layout-flex\">\n<figure class=\"wp-block-image size-large\"><img loading=\"lazy\" decoding=\"async\" width=\"768\" height=\"512\" data-id=\"2162\" src=\"http:\/\/teknomet.pl\/wp-content\/uploads\/2022\/04\/photo_2022-02-03_15-37-59-2-edited.jpg\" alt=\"\" class=\"wp-image-2162\" srcset=\"https:\/\/teknomet.pl\/wp-content\/uploads\/2022\/04\/photo_2022-02-03_15-37-59-2-edited.jpg 768w, https:\/\/teknomet.pl\/wp-content\/uploads\/2022\/04\/photo_2022-02-03_15-37-59-2-edited-300x200.jpg 300w\" sizes=\"auto, (max-width: 768px) 100vw, 768px\" \/><\/figure>\n<\/figure>\n\n\n<\/div>\n\n\n<div style=\"height:50px\" aria-hidden=\"true\" class=\"wp-block-spacer\"><\/div>\n\n\n<a class=\"button-container\" href=\"https:\/\/teknomet.pl\/de\/zlec-produkcje\/\">\n\t<span data-aos=\"zoom-in\">M\u00f6chten Sie ein Angebot anfordern oder eine Bestellung f\u00fcr Stahlhallenkonstruktionen aufgeben? Kontaktieren Sie uns!<\/span>\n<\/a>\n\n\n<div style=\"height:50px\" aria-hidden=\"true\" class=\"wp-block-spacer\"><\/div>\n\n\n<div class=\"icons\">\n\t<h2 class=\"title\" data-aos=\"fade-up\">12 Gr\u00fcnde, warum es lohnt sich <span>mit uns zusammenarbeiten<\/span><\/h2>\n\t<div class=\"icons__container\">\n\t\t\t\t\t<article data-aos=\"fade-down\">\n\t\t\t\t<img decoding=\"async\" src=\"https:\/\/teknomet.pl\/wp-content\/uploads\/2021\/12\/01.png\" alt=\"Eigene Bauabteilung \">\n\t\t\t\t<h4>Eigene Bauabteilung <\/h4>\n\t\t\t<\/article>\n\t\t\t\t\t<article data-aos=\"fade-down\">\n\t\t\t\t<img decoding=\"async\" src=\"https:\/\/teknomet.pl\/wp-content\/uploads\/2021\/12\/04.png\" alt=\"Produkt-Prototype\">\n\t\t\t\t<h4>Produkt-Prototype<\/h4>\n\t\t\t<\/article>\n\t\t\t\t\t<article data-aos=\"fade-down\">\n\t\t\t\t<img decoding=\"async\" src=\"https:\/\/teknomet.pl\/wp-content\/uploads\/2021\/12\/05.png\" alt=\"Komplette Fertigung \">\n\t\t\t\t<h4>Komplette Fertigung <\/h4>\n\t\t\t<\/article>\n\t\t\t\t\t<article data-aos=\"fade-down\">\n\t\t\t\t<img decoding=\"async\" src=\"https:\/\/teknomet.pl\/wp-content\/uploads\/2021\/12\/02.png\" alt=\"20 Jahre Erfahrung \">\n\t\t\t\t<h4>20 Jahre Erfahrung <\/h4>\n\t\t\t<\/article>\n\t\t\t\t\t<article data-aos=\"fade-down\">\n\t\t\t\t<img decoding=\"async\" src=\"https:\/\/teknomet.pl\/wp-content\/uploads\/2021\/12\/08.png\" alt=\"Kleine und gro\u00dfe Produktionschargen (ab 1 St\u00fcck)\">\n\t\t\t\t<h4>Kleine und gro\u00dfe Produktionschargen (ab 1 St\u00fcck)<\/h4>\n\t\t\t<\/article>\n\t\t\t\t\t<article data-aos=\"fade-down\">\n\t\t\t\t<img decoding=\"async\" src=\"https:\/\/teknomet.pl\/wp-content\/uploads\/2021\/12\/06.png\" alt=\"Fast 5000 m2 isolierte Produktionshallen \">\n\t\t\t\t<h4>Fast 5000 m2 isolierte Produktionshallen <\/h4>\n\t\t\t<\/article>\n\t\t\t\t\t<article data-aos=\"fade-down\">\n\t\t\t\t<img decoding=\"async\" src=\"https:\/\/teknomet.pl\/wp-content\/uploads\/2021\/12\/12.png\" alt=\"Eigene Lagerfl\u00e4che \">\n\t\t\t\t<h4>Eigene Lagerfl\u00e4che <\/h4>\n\t\t\t<\/article>\n\t\t\t\t\t<article data-aos=\"fade-down\">\n\t\t\t\t<img decoding=\"async\" src=\"https:\/\/teknomet.pl\/wp-content\/uploads\/2021\/12\/03.png\" alt=\"Moderner Maschinenpark f\u00fcr die Stahlverarbeitung \">\n\t\t\t\t<h4>Moderner Maschinenpark f\u00fcr die Stahlverarbeitung <\/h4>\n\t\t\t<\/article>\n\t\t\t\t\t<article data-aos=\"fade-down\">\n\t\t\t\t<img decoding=\"async\" src=\"https:\/\/teknomet.pl\/wp-content\/uploads\/2021\/12\/11.png\" alt=\"G\u00fcnstige Produktionspreise \">\n\t\t\t\t<h4>G\u00fcnstige Produktionspreise <\/h4>\n\t\t\t<\/article>\n\t\t\t\t\t<article data-aos=\"fade-down\">\n\t\t\t\t<img decoding=\"async\" src=\"https:\/\/teknomet.pl\/wp-content\/uploads\/2021\/12\/10.png\" alt=\"Produktion in Polen\">\n\t\t\t\t<h4>Produktion in Polen<\/h4>\n\t\t\t<\/article>\n\t\t\t\t\t<article data-aos=\"fade-down\">\n\t\t\t\t<img decoding=\"async\" src=\"https:\/\/teknomet.pl\/wp-content\/uploads\/2021\/12\/09.png\" alt=\"135 Fachleute, die sich um die rechtzeitige \">\n\t\t\t\t<h4>135 Fachleute, die sich um die rechtzeitige <\/h4>\n\t\t\t<\/article>\n\t\t\t\t\t<article data-aos=\"fade-down\">\n\t\t\t\t<img decoding=\"async\" src=\"https:\/\/teknomet.pl\/wp-content\/uploads\/2021\/12\/07.png\" alt=\"Auftragsausf\u00fchrung k\u00fcmmern\">\n\t\t\t\t<h4>Auftragsausf\u00fchrung k\u00fcmmern<\/h4>\n\t\t\t<\/article>\n\t\t\t<\/div>\n\t\t\t<div class=\"icons-button\">\n\t\t\t\t\t\t\t<a href=\"https:\/\/teknomet.pl\/de\/jakosc\/park-maszynowy\/\" class=\"more\">Lassen Sie sich unsere Qualit\u00e4t kennenzulernen. <\/a>\n\t\t\t\t\t\t\t<a href=\"https:\/\/teknomet.pl\/de\/firma\/rozwoj\/\" class=\"more\">Lassen Sie sich unser Unternehmen kennenzulernen.<\/a>\n\t\t\t\t\t<\/div>\n\t<\/div>","protected":false},"excerpt":{"rendered":"<p>Wir setzen auf fortschrittliche Technologien und modernen Maschinenpark sowie hochwertige Rohstoffe und qualifiziertes Personal.&nbsp; Wir haben eine eigene Konstruktionsabteilung. Die gesamte Produktion erfolgt in unserem Werk in Polen. Die von uns hergestellten Stahlelemente eignen sich gut f\u00fcr Privath\u00e4user, \u00f6ffentliche Geb\u00e4ude sowie f\u00fcr Gewerbebauten. Stahlprodukte sind leicht und langlebig und haben gleichzeitig au\u00dfergew\u00f6hnliche \u00e4sthetische Werte. Unsere [&hellip;]<\/p>\n","protected":false},"author":1,"featured_media":0,"parent":2725,"menu_order":3,"comment_status":"closed","ping_status":"closed","template":"","meta":{"_acf_changed":false,"_monsterinsights_skip_tracking":false,"_monsterinsights_sitenote_active":false,"_monsterinsights_sitenote_note":"","_monsterinsights_sitenote_category":0,"footnotes":"","_links_to":"","_links_to_target":""},"class_list":["post-2729","page","type-page","status-publish","hentry"],"acf":[],"aioseo_notices":[],"_links":{"self":[{"href":"https:\/\/teknomet.pl\/de\/wp-json\/wp\/v2\/pages\/2729","targetHints":{"allow":["GET"]}}],"collection":[{"href":"https:\/\/teknomet.pl\/de\/wp-json\/wp\/v2\/pages"}],"about":[{"href":"https:\/\/teknomet.pl\/de\/wp-json\/wp\/v2\/types\/page"}],"author":[{"embeddable":true,"href":"https:\/\/teknomet.pl\/de\/wp-json\/wp\/v2\/users\/1"}],"replies":[{"embeddable":true,"href":"https:\/\/teknomet.pl\/de\/wp-json\/wp\/v2\/comments?post=2729"}],"version-history":[{"count":3,"href":"https:\/\/teknomet.pl\/de\/wp-json\/wp\/v2\/pages\/2729\/revisions"}],"predecessor-version":[{"id":3352,"href":"https:\/\/teknomet.pl\/de\/wp-json\/wp\/v2\/pages\/2729\/revisions\/3352"}],"up":[{"embeddable":true,"href":"https:\/\/teknomet.pl\/de\/wp-json\/wp\/v2\/pages\/2725"}],"wp:attachment":[{"href":"https:\/\/teknomet.pl\/de\/wp-json\/wp\/v2\/media?parent=2729"}],"curies":[{"name":"wp","href":"https:\/\/api.w.org\/{rel}","templated":true}]}}