{"id":2723,"date":"2021-12-01T10:39:19","date_gmt":"2021-12-01T10:39:19","guid":{"rendered":"https:\/\/teknomet.pl\/produkcja-na-zamowienie\/"},"modified":"2022-05-09T07:52:43","modified_gmt":"2022-05-09T07:52:43","slug":"produkcja-na-zamowienie","status":"publish","type":"page","link":"https:\/\/teknomet.pl\/de\/produkcja-na-zamowienie\/","title":{"rendered":"PRODUKTION AUF BESTELLUNG"},"content":{"rendered":"<div class=\"page-header page-header__big\">\n\t<div class=\"cover\">\n\t\t<img decoding=\"async\" src=\"https:\/\/teknomet.pl\/wp-content\/uploads\/2022\/03\/Montaz-i-przygotowanie-wysylki-2-1920x900.jpg\" alt=\"PRODUKTION AUF BESTELLUNG\">\n\t<\/div>\n\t\t<video>\n\t\t<source src=\"https:\/\/teknomet.pl\/wp-content\/uploads\/2022\/03\/Proces-Produkcji.mp4\">\n\t<\/video>\n\t\t<div class=\"text-container\">\n\t\t<h1>PRODUKTION AUF BESTELLUNG<\/h1>\n\t\t<p><span style=\"font-weight: 400\">Wir akzeptieren Bestellungen f\u00fcr Stahlprodukte schon ab einem St\u00fcck. Unsere Produktionskapazit\u00e4ten erm\u00f6glichen auch die Produktion von Gro\u00dfserien. <\/span><\/p>\n\t\t\t\t\t<a href=\"#\" class=\"scroll-down\">\n\t\t\t\t<img decoding=\"async\" src=\"https:\/\/teknomet.pl\/wp-content\/themes\/teknomet\/assets\/svg\/scroll-down.svg\" alt=\"Scroll down\">\n\t\t\t\t<span>Siehe Einzelheiten<\/span>\n\t\t\t<\/a>\n\t\t\t<\/div>\n\t\t\t<div class=\"play-container\">\n\t\t\t<a href=\"#\" class=\"play-movie\">\n\t\t\t\t<img decoding=\"async\" src=\"https:\/\/teknomet.pl\/wp-content\/themes\/teknomet\/assets\/svg\/play.svg\" alt=\"Play\">\n\t\t\t\t<span>Schau das Video!<\/span>\n\t\t\t\t\n\t\t\t<\/a>\n\t\t\t<a href=\"#\" class=\"pause-movie\">\n\t\t\t\t<img decoding=\"async\" src=\"https:\/\/teknomet.pl\/wp-content\/themes\/teknomet\/assets\/svg\/pause.svg\" alt=\"Play\">\n\t\t\t\t\n\t\t\t<\/a>\n\t\t<\/div>\n\t<\/div>\n<div class=\"breadcrumbs\">\n\t<div id=\"crumbs\"><a href=\"https:\/\/teknomet.pl\/de\/\">Startseite<\/a> <span class=\"spacer\">|<\/span> <span class=\"current\">Seite<\/span><\/div><\/div>\n\n<div class=\"container\">\n\n\n<h2 class=\"has-black-color has-text-color has-medium-font-size wp-block-heading\" id=\"opracowujemy-i-wdrazamy-wlasne-rozwiazania-bazujac-na-zaawansowanych-technologiach\">Wir entwickeln und implementieren eigene L\u00f6sungen auf Basis fortschrittlicher Technologien.<\/h2>\n\n\n\n<p><strong>Wir akzeptieren Auftr\u00e4ge von 1 St\u00fcck bis zur Gro\u00dfserienfertigung.<\/strong>Die Grundlage der Produktion ist ein Projekt, das in unserer Konstruktionsabteilung erstellt wird. Wir bieten die M\u00f6glichkeit, Prototypen von Produkten herzustellen, bevor die eigentliche Produktion beginnt. Die gesamte Produktion findet in unserem Produktionswerk in Polen statt. Wir liefern unsere Produkte an jeden Ort in Polen und in der Welt. Kunden haben auch die M\u00f6glichkeit, die Produkte in unseren Lagern einzulagern.<\/p>\n\n\n\n<figure class=\"wp-block-gallery has-nested-images columns-default is-cropped wp-block-gallery-1 is-layout-flex wp-block-gallery-is-layout-flex\">\n<figure class=\"wp-block-image size-large\"><img loading=\"lazy\" decoding=\"async\" width=\"1024\" height=\"683\" data-id=\"2472\" src=\"https:\/\/teknomet.pl\/wp-content\/uploads\/2022\/04\/Montaz-i-przygotowanie-wysylki-2-2-1024x683.jpg\" alt=\"\" class=\"wp-image-2472\" srcset=\"https:\/\/teknomet.pl\/wp-content\/uploads\/2022\/04\/Montaz-i-przygotowanie-wysylki-2-2-1024x683.jpg 1024w, https:\/\/teknomet.pl\/wp-content\/uploads\/2022\/04\/Montaz-i-przygotowanie-wysylki-2-2-300x200.jpg 300w, https:\/\/teknomet.pl\/wp-content\/uploads\/2022\/04\/Montaz-i-przygotowanie-wysylki-2-2-768x512.jpg 768w, https:\/\/teknomet.pl\/wp-content\/uploads\/2022\/04\/Montaz-i-przygotowanie-wysylki-2-2-1536x1024.jpg 1536w, https:\/\/teknomet.pl\/wp-content\/uploads\/2022\/04\/Montaz-i-przygotowanie-wysylki-2-2.jpg 1920w\" sizes=\"auto, (max-width: 1024px) 100vw, 1024px\" \/><\/figure>\n<\/figure>\n\n\n\n<p>Wir arbeiten mit Distributoren, Einzelhandelsketten, Importeuren, Gro\u00dfh\u00e4ndlern und Einzelinvestoren zusammen.<\/p>\n\n\n<\/div>\n\n<a class=\"button-container\" href=\"https:\/\/teknomet.pl\/de\/zlec-produkcje\/\">\n\t<span data-aos=\"zoom-in\">Fragen Sie nach einem Angebot oder bestellen Sie jetzt! Kontaktieren Sie uns! <\/span>\n<\/a>\n\n\n<div style=\"height:50px\" aria-hidden=\"true\" class=\"wp-block-spacer\"><\/div>\n\n\n<div class=\"icons\">\n\t<h2 class=\"title\" data-aos=\"fade-up\">12 Gr\u00fcnde, warum es lohnt sich <span>mit uns zusammenarbeiten<\/span><\/h2>\n\t<div class=\"icons__container\">\n\t\t\t\t\t<article data-aos=\"fade-down\">\n\t\t\t\t<img decoding=\"async\" src=\"https:\/\/teknomet.pl\/wp-content\/uploads\/2021\/12\/01.png\" alt=\"Eigene Bauabteilung \">\n\t\t\t\t<h4>Eigene Bauabteilung <\/h4>\n\t\t\t<\/article>\n\t\t\t\t\t<article data-aos=\"fade-down\">\n\t\t\t\t<img decoding=\"async\" src=\"https:\/\/teknomet.pl\/wp-content\/uploads\/2021\/12\/04.png\" alt=\"Produkt-Prototype\">\n\t\t\t\t<h4>Produkt-Prototype<\/h4>\n\t\t\t<\/article>\n\t\t\t\t\t<article data-aos=\"fade-down\">\n\t\t\t\t<img decoding=\"async\" src=\"https:\/\/teknomet.pl\/wp-content\/uploads\/2021\/12\/05.png\" alt=\"Komplette Fertigung \">\n\t\t\t\t<h4>Komplette Fertigung <\/h4>\n\t\t\t<\/article>\n\t\t\t\t\t<article data-aos=\"fade-down\">\n\t\t\t\t<img decoding=\"async\" src=\"https:\/\/teknomet.pl\/wp-content\/uploads\/2021\/12\/02.png\" alt=\"20 Jahre Erfahrung \">\n\t\t\t\t<h4>20 Jahre Erfahrung <\/h4>\n\t\t\t<\/article>\n\t\t\t\t\t<article data-aos=\"fade-down\">\n\t\t\t\t<img decoding=\"async\" src=\"https:\/\/teknomet.pl\/wp-content\/uploads\/2021\/12\/08.png\" alt=\"Kleine und gro\u00dfe Produktionschargen (ab 1 St\u00fcck)\">\n\t\t\t\t<h4>Kleine und gro\u00dfe Produktionschargen (ab 1 St\u00fcck)<\/h4>\n\t\t\t<\/article>\n\t\t\t\t\t<article data-aos=\"fade-down\">\n\t\t\t\t<img decoding=\"async\" src=\"https:\/\/teknomet.pl\/wp-content\/uploads\/2021\/12\/06.png\" alt=\"Fast 5000 m2 isolierte Produktionshallen \">\n\t\t\t\t<h4>Fast 5000 m2 isolierte Produktionshallen <\/h4>\n\t\t\t<\/article>\n\t\t\t\t\t<article data-aos=\"fade-down\">\n\t\t\t\t<img decoding=\"async\" src=\"https:\/\/teknomet.pl\/wp-content\/uploads\/2021\/12\/12.png\" alt=\"Eigene Lagerfl\u00e4che \">\n\t\t\t\t<h4>Eigene Lagerfl\u00e4che <\/h4>\n\t\t\t<\/article>\n\t\t\t\t\t<article data-aos=\"fade-down\">\n\t\t\t\t<img decoding=\"async\" src=\"https:\/\/teknomet.pl\/wp-content\/uploads\/2021\/12\/03.png\" alt=\"Moderner Maschinenpark f\u00fcr die Stahlverarbeitung \">\n\t\t\t\t<h4>Moderner Maschinenpark f\u00fcr die Stahlverarbeitung <\/h4>\n\t\t\t<\/article>\n\t\t\t\t\t<article data-aos=\"fade-down\">\n\t\t\t\t<img decoding=\"async\" src=\"https:\/\/teknomet.pl\/wp-content\/uploads\/2021\/12\/11.png\" alt=\"G\u00fcnstige Produktionspreise \">\n\t\t\t\t<h4>G\u00fcnstige Produktionspreise <\/h4>\n\t\t\t<\/article>\n\t\t\t\t\t<article data-aos=\"fade-down\">\n\t\t\t\t<img decoding=\"async\" src=\"https:\/\/teknomet.pl\/wp-content\/uploads\/2021\/12\/10.png\" alt=\"Produktion in Polen\">\n\t\t\t\t<h4>Produktion in Polen<\/h4>\n\t\t\t<\/article>\n\t\t\t\t\t<article data-aos=\"fade-down\">\n\t\t\t\t<img decoding=\"async\" src=\"https:\/\/teknomet.pl\/wp-content\/uploads\/2021\/12\/09.png\" alt=\"135 Fachleute, die sich um die rechtzeitige \">\n\t\t\t\t<h4>135 Fachleute, die sich um die rechtzeitige <\/h4>\n\t\t\t<\/article>\n\t\t\t\t\t<article data-aos=\"fade-down\">\n\t\t\t\t<img decoding=\"async\" src=\"https:\/\/teknomet.pl\/wp-content\/uploads\/2021\/12\/07.png\" alt=\"Auftragsausf\u00fchrung k\u00fcmmern\">\n\t\t\t\t<h4>Auftragsausf\u00fchrung k\u00fcmmern<\/h4>\n\t\t\t<\/article>\n\t\t\t<\/div>\n\t\t\t<div class=\"icons-button\">\n\t\t\t\t\t\t\t<a href=\"https:\/\/teknomet.pl\/de\/jakosc\/park-maszynowy\/\" class=\"more\">Lassen Sie sich unsere Qualit\u00e4t kennenzulernen. <\/a>\n\t\t\t\t\t\t\t<a href=\"https:\/\/teknomet.pl\/de\/firma\/rozwoj\/\" class=\"more\">Lassen Sie sich unser Unternehmen kennenzulernen.<\/a>\n\t\t\t\t\t<\/div>\n\t<\/div>","protected":false},"excerpt":{"rendered":"<p>Wir entwickeln und implementieren eigene L\u00f6sungen auf Basis fortschrittlicher Technologien. Wir akzeptieren Auftr\u00e4ge von 1 St\u00fcck bis zur Gro\u00dfserienfertigung.Die Grundlage der Produktion ist ein Projekt, das in unserer Konstruktionsabteilung erstellt wird. Wir bieten die M\u00f6glichkeit, Prototypen von Produkten herzustellen, bevor die eigentliche Produktion beginnt. Die gesamte Produktion findet in unserem Produktionswerk in Polen statt. Wir [&hellip;]<\/p>\n","protected":false},"author":1,"featured_media":0,"parent":0,"menu_order":3,"comment_status":"closed","ping_status":"closed","template":"","meta":{"_acf_changed":false,"_monsterinsights_skip_tracking":false,"_monsterinsights_sitenote_active":false,"_monsterinsights_sitenote_note":"","_monsterinsights_sitenote_category":0,"footnotes":"","_links_to":"","_links_to_target":""},"class_list":["post-2723","page","type-page","status-publish","hentry"],"acf":[],"aioseo_notices":[],"_links":{"self":[{"href":"https:\/\/teknomet.pl\/de\/wp-json\/wp\/v2\/pages\/2723","targetHints":{"allow":["GET"]}}],"collection":[{"href":"https:\/\/teknomet.pl\/de\/wp-json\/wp\/v2\/pages"}],"about":[{"href":"https:\/\/teknomet.pl\/de\/wp-json\/wp\/v2\/types\/page"}],"author":[{"embeddable":true,"href":"https:\/\/teknomet.pl\/de\/wp-json\/wp\/v2\/users\/1"}],"replies":[{"embeddable":true,"href":"https:\/\/teknomet.pl\/de\/wp-json\/wp\/v2\/comments?post=2723"}],"version-history":[{"count":2,"href":"https:\/\/teknomet.pl\/de\/wp-json\/wp\/v2\/pages\/2723\/revisions"}],"predecessor-version":[{"id":2896,"href":"https:\/\/teknomet.pl\/de\/wp-json\/wp\/v2\/pages\/2723\/revisions\/2896"}],"wp:attachment":[{"href":"https:\/\/teknomet.pl\/de\/wp-json\/wp\/v2\/media?parent=2723"}],"curies":[{"name":"wp","href":"https:\/\/api.w.org\/{rel}","templated":true}]}}