{"id":2714,"date":"2021-12-05T09:40:54","date_gmt":"2021-12-05T09:40:54","guid":{"rendered":"https:\/\/teknomet.pl\/produkty-uzytkowe\/grille-paleniska-i-akcesoria\/"},"modified":"2022-05-09T07:51:50","modified_gmt":"2022-05-09T07:51:50","slug":"grille-paleniska-i-akcesoria","status":"publish","type":"page","link":"https:\/\/teknomet.pl\/de\/produkty-uzytkowe\/grille-paleniska-i-akcesoria\/","title":{"rendered":"GRILLS \/ KAMINE UND ZUBEH\u00d6R"},"content":{"rendered":"<div class=\"page-header page-header__big\">\n\t<div class=\"cover\">\n\t\t<img decoding=\"async\" src=\"https:\/\/teknomet.pl\/wp-content\/uploads\/2021\/12\/g1-1920x900.jpg\" alt=\"GRILLS \/ KAMINE UND ZUBEH\u00d6R \">\n\t<\/div>\n\t\t<video>\n\t\t<source src=\"https:\/\/teknomet.pl\/wp-content\/uploads\/2022\/01\/Grille-i-paleniska-i-akcesoria.mp4\">\n\t<\/video>\n\t\t<div class=\"text-container\">\n\t\t<h1>GRILLS \/ KAMINE UND ZUBEH\u00d6R <\/h1>\n\t\t<p>Wir stellen Grills, Kamine und Zubeh\u00f6r her, die Grillfans seit Jahren begeistern.<\/p>\n\t\t\t\t\t<a href=\"#\" class=\"scroll-down\">\n\t\t\t\t<img decoding=\"async\" src=\"https:\/\/teknomet.pl\/wp-content\/themes\/teknomet\/assets\/svg\/scroll-down.svg\" alt=\"Scroll down\">\n\t\t\t\t<span>Siehe Einzelheiten<\/span>\n\t\t\t<\/a>\n\t\t\t<\/div>\n\t\t\t<div class=\"play-container\">\n\t\t\t<a href=\"#\" class=\"play-movie\">\n\t\t\t\t<img decoding=\"async\" src=\"https:\/\/teknomet.pl\/wp-content\/themes\/teknomet\/assets\/svg\/play.svg\" alt=\"Play\">\n\t\t\t\t<span>Schau das Video!<\/span>\n\t\t\t\t\n\t\t\t<\/a>\n\t\t\t<a href=\"#\" class=\"pause-movie\">\n\t\t\t\t<img decoding=\"async\" src=\"https:\/\/teknomet.pl\/wp-content\/themes\/teknomet\/assets\/svg\/pause.svg\" alt=\"Play\">\n\t\t\t\t\n\t\t\t<\/a>\n\t\t<\/div>\n\t<\/div>\n<div class=\"breadcrumbs\">\n\t<div id=\"crumbs\"><a href=\"https:\/\/teknomet.pl\/de\/\">Startseite<\/a> <span class=\"spacer\">|<\/span> <span class=\"current\">Seite<\/span><\/div><\/div>\n\n\n<div class=\"wp-block-group container\"><div class=\"wp-block-group__inner-container is-layout-flow wp-block-group-is-layout-flow\">\n<h2 class=\"small has-black-color has-text-color has-medium-font-size wp-block-heading\" id=\"nasze-produkty-sa-funkcjonalne-i-tworza-niepowtarzalny-klimat-cechuje-je-solidne-wykonanie-unikalny-design-trwalosc-misa-paleniska-z-grubej-blachy-emaliowanej-wykonujemy-grille-paleniska-i-akcesoria-do-grillowania-wedlug-indywidualnych-projektow-dzieki-czemu-kazda-seria-produktowa-jest-niepowtarzalna-realizujemy-male-i-duze-serie-produkcyjne\">Unsere Produkte sind funktional und schaffen eine einzigartige Atmosph\u00e4re. Sie zeichnen sich durch solide Verarbeitung, einzigartiges Design, Langlebigkeit (Feuerschale aus dickem Emaille-Blech) aus. <\/h2>\n\n\n\n<p><\/p>\n\n\n\n<div class=\"wp-block-image\"><figure class=\"aligncenter size-full\"><img loading=\"lazy\" decoding=\"async\" width=\"640\" height=\"426\" src=\"http:\/\/teknomet.pl\/wp-content\/uploads\/2021\/12\/p3.jpg\" alt=\"\" class=\"wp-image-306\" srcset=\"https:\/\/teknomet.pl\/wp-content\/uploads\/2021\/12\/p3.jpg 640w, https:\/\/teknomet.pl\/wp-content\/uploads\/2021\/12\/p3-300x200.jpg 300w\" sizes=\"auto, (max-width: 640px) 100vw, 640px\" \/><\/figure><\/div>\n\n\n\n<p>Grills, Kamine und Grillzubeh\u00f6r stellen wir nach individuellen Projekten her, wodurch jede Produktserie einzigartig ist.<\/p>\n\n\n\n<div class=\"wp-block-columns is-layout-flex wp-container-core-columns-is-layout-9d6595d7 wp-block-columns-is-layout-flex\">\n<div class=\"wp-block-column is-layout-flow wp-block-column-is-layout-flow\">\n<figure class=\"wp-block-image size-full\"><img decoding=\"async\" src=\"http:\/\/teknomet.pl\/wp-content\/uploads\/2022\/02\/DSC_5067_-1.jpg\" alt=\"\" class=\"wp-image-1372\"\/><\/figure>\n<\/div>\n\n\n\n<div class=\"wp-block-column is-layout-flow wp-block-column-is-layout-flow\">\n<figure class=\"wp-block-image size-large\"><img loading=\"lazy\" decoding=\"async\" width=\"683\" height=\"1024\" src=\"http:\/\/teknomet.pl\/wp-content\/uploads\/2022\/02\/DSC_5038_-1-683x1024.jpg\" alt=\"\" class=\"wp-image-1366\" srcset=\"https:\/\/teknomet.pl\/wp-content\/uploads\/2022\/02\/DSC_5038_-1-683x1024.jpg 683w, https:\/\/teknomet.pl\/wp-content\/uploads\/2022\/02\/DSC_5038_-1-200x300.jpg 200w, https:\/\/teknomet.pl\/wp-content\/uploads\/2022\/02\/DSC_5038_-1-768x1152.jpg 768w, https:\/\/teknomet.pl\/wp-content\/uploads\/2022\/02\/DSC_5038_-1-1024x1536.jpg 1024w, https:\/\/teknomet.pl\/wp-content\/uploads\/2022\/02\/DSC_5038_-1-1365x2048.jpg 1365w, https:\/\/teknomet.pl\/wp-content\/uploads\/2022\/02\/DSC_5038_-1-300x450.jpg 300w, https:\/\/teknomet.pl\/wp-content\/uploads\/2022\/02\/DSC_5038_-1-scaled.jpg 1707w\" sizes=\"auto, (max-width: 683px) 100vw, 683px\" \/><\/figure>\n<\/div>\n<\/div>\n\n\n\n<p>Dank der au\u00dfergew\u00f6hnlichen Qualit\u00e4t und der sorgf\u00e4ltigen Herstellung finden die von uns hergestellten Grills vor allem auf dem anspruchsvollen skandinavischen Markt Abnehmer.<\/p>\n\n\n\n<div class=\"wp-block-image\"><figure class=\"aligncenter size-full\"><img loading=\"lazy\" decoding=\"async\" width=\"820\" height=\"532\" src=\"http:\/\/teknomet.pl\/wp-content\/uploads\/2021\/12\/g2.jpg\" alt=\"\" class=\"wp-image-322\" srcset=\"https:\/\/teknomet.pl\/wp-content\/uploads\/2021\/12\/g2.jpg 820w, https:\/\/teknomet.pl\/wp-content\/uploads\/2021\/12\/g2-300x195.jpg 300w, https:\/\/teknomet.pl\/wp-content\/uploads\/2021\/12\/g2-768x498.jpg 768w\" sizes=\"auto, (max-width: 820px) 100vw, 820px\" \/><\/figure><\/div>\n\n\n\n<p>Zu den Zubeh\u00f6rteilen, die wir f\u00fcr Grills und Kamine herstellen, geh\u00f6ren:<\/p>\n\n\n\n<ul class=\"wp-block-list\"><li>Geh\u00e4use<\/li><li>Funkenf\u00e4nger<\/li><li>Kessel<\/li><li>Regale<\/li><li>Wasserkocher<\/li><li>Popcorn-Beh\u00e4lter<\/li><li>Pfannen etc.<\/li><\/ul>\n<\/div><\/div>\n\n\n<a class=\"button-container\" href=\"https:\/\/teknomet.pl\/de\/jakosc\/proces-produkcji\/\">\n\t<span data-aos=\"zoom-in\">M\u00f6chten Sie Grills, Kamine und Grillzubeh\u00f6r bestellen? Kontaktieren Sie uns!<\/span>\n<\/a>\n\n\n<div style=\"height:50px\" aria-hidden=\"true\" class=\"wp-block-spacer\"><\/div>\n\n\n<div class=\"icons\">\n\t<h2 class=\"title\" data-aos=\"fade-up\">12 Gr\u00fcnde, warum es lohnt sich <span>mit uns zusammenarbeiten<\/span><\/h2>\n\t<div class=\"icons__container\">\n\t\t\t\t\t<article data-aos=\"fade-down\">\n\t\t\t\t<img decoding=\"async\" src=\"https:\/\/teknomet.pl\/wp-content\/uploads\/2021\/12\/01.png\" alt=\"Eigene Bauabteilung \">\n\t\t\t\t<h4>Eigene Bauabteilung <\/h4>\n\t\t\t<\/article>\n\t\t\t\t\t<article data-aos=\"fade-down\">\n\t\t\t\t<img decoding=\"async\" src=\"https:\/\/teknomet.pl\/wp-content\/uploads\/2021\/12\/04.png\" alt=\"Produkt-Prototype\">\n\t\t\t\t<h4>Produkt-Prototype<\/h4>\n\t\t\t<\/article>\n\t\t\t\t\t<article data-aos=\"fade-down\">\n\t\t\t\t<img decoding=\"async\" src=\"https:\/\/teknomet.pl\/wp-content\/uploads\/2021\/12\/05.png\" alt=\"Komplette Fertigung \">\n\t\t\t\t<h4>Komplette Fertigung <\/h4>\n\t\t\t<\/article>\n\t\t\t\t\t<article data-aos=\"fade-down\">\n\t\t\t\t<img decoding=\"async\" src=\"https:\/\/teknomet.pl\/wp-content\/uploads\/2021\/12\/02.png\" alt=\"20 Jahre Erfahrung \">\n\t\t\t\t<h4>20 Jahre Erfahrung <\/h4>\n\t\t\t<\/article>\n\t\t\t\t\t<article data-aos=\"fade-down\">\n\t\t\t\t<img decoding=\"async\" src=\"https:\/\/teknomet.pl\/wp-content\/uploads\/2021\/12\/08.png\" alt=\"Kleine und gro\u00dfe Produktionschargen (ab 1 St\u00fcck)\">\n\t\t\t\t<h4>Kleine und gro\u00dfe Produktionschargen (ab 1 St\u00fcck)<\/h4>\n\t\t\t<\/article>\n\t\t\t\t\t<article data-aos=\"fade-down\">\n\t\t\t\t<img decoding=\"async\" src=\"https:\/\/teknomet.pl\/wp-content\/uploads\/2021\/12\/06.png\" alt=\"Fast 5000 m2 isolierte Produktionshallen \">\n\t\t\t\t<h4>Fast 5000 m2 isolierte Produktionshallen <\/h4>\n\t\t\t<\/article>\n\t\t\t\t\t<article data-aos=\"fade-down\">\n\t\t\t\t<img decoding=\"async\" src=\"https:\/\/teknomet.pl\/wp-content\/uploads\/2021\/12\/12.png\" alt=\"Eigene Lagerfl\u00e4che \">\n\t\t\t\t<h4>Eigene Lagerfl\u00e4che <\/h4>\n\t\t\t<\/article>\n\t\t\t\t\t<article data-aos=\"fade-down\">\n\t\t\t\t<img decoding=\"async\" src=\"https:\/\/teknomet.pl\/wp-content\/uploads\/2021\/12\/03.png\" alt=\"Moderner Maschinenpark f\u00fcr die Stahlverarbeitung \">\n\t\t\t\t<h4>Moderner Maschinenpark f\u00fcr die Stahlverarbeitung <\/h4>\n\t\t\t<\/article>\n\t\t\t\t\t<article data-aos=\"fade-down\">\n\t\t\t\t<img decoding=\"async\" src=\"https:\/\/teknomet.pl\/wp-content\/uploads\/2021\/12\/11.png\" alt=\"G\u00fcnstige Produktionspreise \">\n\t\t\t\t<h4>G\u00fcnstige Produktionspreise <\/h4>\n\t\t\t<\/article>\n\t\t\t\t\t<article data-aos=\"fade-down\">\n\t\t\t\t<img decoding=\"async\" src=\"https:\/\/teknomet.pl\/wp-content\/uploads\/2021\/12\/10.png\" alt=\"Produktion in Polen\">\n\t\t\t\t<h4>Produktion in Polen<\/h4>\n\t\t\t<\/article>\n\t\t\t\t\t<article data-aos=\"fade-down\">\n\t\t\t\t<img decoding=\"async\" src=\"https:\/\/teknomet.pl\/wp-content\/uploads\/2021\/12\/09.png\" alt=\"135 Fachleute, die sich um die rechtzeitige \">\n\t\t\t\t<h4>135 Fachleute, die sich um die rechtzeitige <\/h4>\n\t\t\t<\/article>\n\t\t\t\t\t<article data-aos=\"fade-down\">\n\t\t\t\t<img decoding=\"async\" src=\"https:\/\/teknomet.pl\/wp-content\/uploads\/2021\/12\/07.png\" alt=\"Auftragsausf\u00fchrung k\u00fcmmern\">\n\t\t\t\t<h4>Auftragsausf\u00fchrung k\u00fcmmern<\/h4>\n\t\t\t<\/article>\n\t\t\t<\/div>\n\t\t\t<div class=\"icons-button\">\n\t\t\t\t\t\t\t<a href=\"https:\/\/teknomet.pl\/de\/jakosc\/park-maszynowy\/\" class=\"more\">Lassen Sie sich unsere Qualit\u00e4t kennenzulernen. <\/a>\n\t\t\t\t\t\t\t<a href=\"https:\/\/teknomet.pl\/de\/firma\/rozwoj\/\" class=\"more\">Lassen Sie sich unser Unternehmen kennenzulernen.<\/a>\n\t\t\t\t\t<\/div>\n\t<\/div>","protected":false},"excerpt":{"rendered":"<p>Unsere Produkte sind funktional und schaffen eine einzigartige Atmosph\u00e4re. Sie zeichnen sich durch solide Verarbeitung, einzigartiges Design, Langlebigkeit (Feuerschale aus dickem Emaille-Blech) aus. Grills, Kamine und Grillzubeh\u00f6r stellen wir nach individuellen Projekten her, wodurch jede Produktserie einzigartig ist. Dank der au\u00dfergew\u00f6hnlichen Qualit\u00e4t und der sorgf\u00e4ltigen Herstellung finden die von uns hergestellten Grills vor allem auf [&hellip;]<\/p>\n","protected":false},"author":1,"featured_media":0,"parent":2712,"menu_order":0,"comment_status":"closed","ping_status":"closed","template":"","meta":{"_acf_changed":false,"_monsterinsights_skip_tracking":false,"_monsterinsights_sitenote_active":false,"_monsterinsights_sitenote_note":"","_monsterinsights_sitenote_category":0,"footnotes":"","_links_to":"","_links_to_target":""},"class_list":["post-2714","page","type-page","status-publish","hentry"],"acf":[],"aioseo_notices":[],"_links":{"self":[{"href":"https:\/\/teknomet.pl\/de\/wp-json\/wp\/v2\/pages\/2714","targetHints":{"allow":["GET"]}}],"collection":[{"href":"https:\/\/teknomet.pl\/de\/wp-json\/wp\/v2\/pages"}],"about":[{"href":"https:\/\/teknomet.pl\/de\/wp-json\/wp\/v2\/types\/page"}],"author":[{"embeddable":true,"href":"https:\/\/teknomet.pl\/de\/wp-json\/wp\/v2\/users\/1"}],"replies":[{"embeddable":true,"href":"https:\/\/teknomet.pl\/de\/wp-json\/wp\/v2\/comments?post=2714"}],"version-history":[{"count":3,"href":"https:\/\/teknomet.pl\/de\/wp-json\/wp\/v2\/pages\/2714\/revisions"}],"predecessor-version":[{"id":2798,"href":"https:\/\/teknomet.pl\/de\/wp-json\/wp\/v2\/pages\/2714\/revisions\/2798"}],"up":[{"embeddable":true,"href":"https:\/\/teknomet.pl\/de\/wp-json\/wp\/v2\/pages\/2712"}],"wp:attachment":[{"href":"https:\/\/teknomet.pl\/de\/wp-json\/wp\/v2\/media?parent=2714"}],"curies":[{"name":"wp","href":"https:\/\/api.w.org\/{rel}","templated":true}]}}